{"id":20241,"date":"2023-11-30T09:58:50","date_gmt":"2023-11-30T08:58:50","guid":{"rendered":"https:\/\/agora.xtec.cat\/ceip-torrojaimiret\/?page_id=20241"},"modified":"2023-11-30T09:58:50","modified_gmt":"2023-11-30T08:58:50","slug":"job-shadowing-a-italia","status":"publish","type":"page","link":"https:\/\/agora.xtec.cat\/ceip-torrojaimiret\/projectes-i-activitats-propies\/6-projecte-erasmus-2022-2027-bisssss\/job-shadowing-a-italia\/","title":{"rendered":"Job Shadowing a It\u00e0lia"},"content":{"rendered":"<p>La setmana del 17 al 21 d\u2019abril, tres mestres de la nostra escola, Jordina, Melania i Inma, van visitar un centre educatiu a Torre del Greco, una ciutat costanera prop de N\u00e0pols, It\u00e0lia. Aquesta visita ha estat una oportunitat \u00fanica per aprendre de primera m\u00e0 com \u00e9s el sistema educatiu a un pa\u00eds proper, per\u00f2 diferent del nostre i compartir idees amb altres professionals de l\u2019educaci\u00f3.<\/p>\n<p>En arribar al centre Comprehensive School \u201cDon Bosco &#8211; F. D\u2019Assisi\u201d, van quedar impressionades per la seva situaci\u00f3 privilegiada, amb vistes al Vesuvi i a l\u2019illa de Capri al mar Mediterrani. Durant la setmana, les mestres han tingut la possibilitat de participar en pr\u00e0ctiques educatives enfocades a l&#8217;\u00fas d&#8217;eines digitals i a la inclusi\u00f3 de tot l&#8217;alumnat, treballant la cohesi\u00f3 d\u2019equip i la pertinen\u00e7a a la comunitat educativa.<\/p>\n<p>Algunes de les activitats que han desenvolupat al centre han estat:<\/p>\n<p>\u00das de Scratch per fomentar la consci\u00e8ncia sobre la import\u00e0ncia del medi ambient.<br \/>\nTaller d\u2019art per elaborar camafeus, joies t\u00edpiques de la zona tallades amb relleu.<br \/>\nTeatre i dramatitzacions com a eina d&#8217;expressi\u00f3.<br \/>\nEines digitals per introduir-se en el llenguatge computacional.<br \/>\nConcert musical amb pianos.<br \/>\nExperimentaci\u00f3 al laboratori amb microscopis.<br \/>\nAula multisensorial per treballar les emocions i la import\u00e0ncia de la comunicaci\u00f3.<br \/>\n\u00das de tauletes i ordinadors per accedir a l\u2019aprenentatge.<br \/>\nPresentacions en altres lleng\u00fces sobre la seva cultura.<\/p>\n<p>Ha estat una experi\u00e8ncia emocionant participar en totes aquestes activitats, ja que tant l\u2019alumnat com el professorat han transm\u00e8s la seva passi\u00f3 per aprendre i ensenyar. A m\u00e9s, han acollit les mestres amb molt\u00edssima amabilitat, fent-les sentir com a casa.<\/p>\n<p>Aquests aprenentatges han estat compartits amb la resta del claustre per veure quines d&#8217;aquestes accions poden ser aplicades al nostre centre.<\/p>\n<p>&nbsp;<\/p>\n<p><a href=\"https:\/\/agora.xtec.cat\/ceip-torrojaimiret\/wp-content\/uploads\/usu1688\/2023\/05\/1682368987552.jpg\"><img loading=\"lazy\" decoding=\"async\" class=\"aligncenter size-full wp-image-19813\" src=\"https:\/\/agora.xtec.cat\/ceip-torrojaimiret\/wp-content\/uploads\/usu1688\/2023\/05\/1682368987552.jpg\" alt=\"\" width=\"768\" height=\"1024\" srcset=\"https:\/\/agora.xtec.cat\/ceip-torrojaimiret\/wp-content\/uploads\/usu1688\/2023\/05\/1682368987552.jpg 768w, https:\/\/agora.xtec.cat\/ceip-torrojaimiret\/wp-content\/uploads\/usu1688\/2023\/05\/1682368987552-225x300.jpg 225w\" sizes=\"auto, (max-width: 768px) 100vw, 768px\" \/><\/a><\/p>\n","protected":false},"excerpt":{"rendered":"<p>La setmana del 17 al 21 d\u2019abril, tres mestres de la nostra escola, Jordina, Melania i Inma, van visitar un centre educatiu a Torre del Greco, una ciutat costanera prop de N\u00e0pols, It\u00e0lia. Aquesta visita ha estat una oportunitat \u00fanica per aprendre de primera m\u00e0 com \u00e9s el sistema educatiu a un pa\u00eds proper, per\u00f2 [&hellip;]<\/p>\n","protected":false},"author":37,"featured_media":0,"parent":20234,"menu_order":11,"comment_status":"closed","ping_status":"closed","template":"page-templates\/side-menu.php","meta":{"_bbp_topic_count":0,"_bbp_reply_count":0,"_bbp_total_topic_count":0,"_bbp_total_reply_count":0,"_bbp_voice_count":0,"_bbp_anonymous_reply_count":0,"_bbp_topic_count_hidden":0,"_bbp_reply_count_hidden":0,"_bbp_forum_subforum_count":0,"site-sidebar-layout":"default","site-content-layout":"","ast-site-content-layout":"","site-content-style":"default","site-sidebar-style":"default","ast-global-header-display":"","ast-banner-title-visibility":"","ast-main-header-display":"","ast-hfb-above-header-display":"","ast-hfb-below-header-display":"","ast-hfb-mobile-header-display":"","site-post-title":"","ast-breadcrumbs-content":"","ast-featured-img":"","footer-sml-layout":"","theme-transparent-header-meta":"","adv-header-id-meta":"","stick-header-meta":"","header-above-stick-meta":"","header-main-stick-meta":"","header-below-stick-meta":"","astra-migrate-meta-layouts":"default","ast-page-background-enabled":"default","ast-page-background-meta":{"desktop":{"background-color":"var(--ast-global-color-4)","background-image":"","background-repeat":"repeat","background-position":"center center","background-size":"auto","background-attachment":"scroll","background-type":"","background-media":"","overlay-type":"","overlay-color":"","overlay-opacity":"","overlay-gradient":""},"tablet":{"background-color":"","background-image":"","background-repeat":"repeat","background-position":"center center","background-size":"auto","background-attachment":"scroll","background-type":"","background-media":"","overlay-type":"","overlay-color":"","overlay-opacity":"","overlay-gradient":""},"mobile":{"background-color":"","background-image":"","background-repeat":"repeat","background-position":"center center","background-size":"auto","background-attachment":"scroll","background-type":"","background-media":"","overlay-type":"","overlay-color":"","overlay-opacity":"","overlay-gradient":""}},"ast-content-background-meta":{"desktop":{"background-color":"var(--ast-global-color-5)","background-image":"","background-repeat":"repeat","background-position":"center center","background-size":"auto","background-attachment":"scroll","background-type":"","background-media":"","overlay-type":"","overlay-color":"","overlay-opacity":"","overlay-gradient":""},"tablet":{"background-color":"var(--ast-global-color-5)","background-image":"","background-repeat":"repeat","background-position":"center center","background-size":"auto","background-attachment":"scroll","background-type":"","background-media":"","overlay-type":"","overlay-color":"","overlay-opacity":"","overlay-gradient":""},"mobile":{"background-color":"var(--ast-global-color-5)","background-image":"","background-repeat":"repeat","background-position":"center center","background-size":"auto","background-attachment":"scroll","background-type":"","background-media":"","overlay-type":"","overlay-color":"","overlay-opacity":"","overlay-gradient":""}},"footnotes":""},"class_list":["post-20241","page","type-page","status-publish","hentry"],"post_mailing_queue_ids":[],"_links":{"self":[{"href":"https:\/\/agora.xtec.cat\/ceip-torrojaimiret\/wp-json\/wp\/v2\/pages\/20241","targetHints":{"allow":["GET"]}}],"collection":[{"href":"https:\/\/agora.xtec.cat\/ceip-torrojaimiret\/wp-json\/wp\/v2\/pages"}],"about":[{"href":"https:\/\/agora.xtec.cat\/ceip-torrojaimiret\/wp-json\/wp\/v2\/types\/page"}],"author":[{"embeddable":true,"href":"https:\/\/agora.xtec.cat\/ceip-torrojaimiret\/wp-json\/wp\/v2\/users\/37"}],"replies":[{"embeddable":true,"href":"https:\/\/agora.xtec.cat\/ceip-torrojaimiret\/wp-json\/wp\/v2\/comments?post=20241"}],"version-history":[{"count":1,"href":"https:\/\/agora.xtec.cat\/ceip-torrojaimiret\/wp-json\/wp\/v2\/pages\/20241\/revisions"}],"predecessor-version":[{"id":20242,"href":"https:\/\/agora.xtec.cat\/ceip-torrojaimiret\/wp-json\/wp\/v2\/pages\/20241\/revisions\/20242"}],"up":[{"embeddable":true,"href":"https:\/\/agora.xtec.cat\/ceip-torrojaimiret\/wp-json\/wp\/v2\/pages\/20234"}],"wp:attachment":[{"href":"https:\/\/agora.xtec.cat\/ceip-torrojaimiret\/wp-json\/wp\/v2\/media?parent=20241"}],"curies":[{"name":"wp","href":"https:\/\/api.w.org\/{rel}","templated":true}]}}