{"id":19054,"date":"2021-11-07T13:03:51","date_gmt":"2021-11-07T12:03:51","guid":{"rendered":"https:\/\/agora.xtec.cat\/ceip-torrojaimiret\/?page_id=19054"},"modified":"2021-11-07T15:01:14","modified_gmt":"2021-11-07T14:01:14","slug":"curs-daprenentatge-de-programacio-amb-scratch","status":"publish","type":"page","link":"https:\/\/agora.xtec.cat\/ceip-torrojaimiret\/projectes-i-activitats-propies\/7-noves-tecnologies-i-robotica-n\/curs-daprenentatge-de-programacio-amb-scratch\/","title":{"rendered":"* Curs de programaci\u00f3 amb Scratch (3.0)"},"content":{"rendered":"<p><a href=\"https:\/\/agora.xtec.cat\/ceip-torrojaimiret\/wp-content\/uploads\/usu1688\/2021\/11\/Scratch-logo-outline.png\"><img loading=\"lazy\" decoding=\"async\" class=\"alignright size-full wp-image-19055\" src=\"https:\/\/agora.xtec.cat\/ceip-torrojaimiret\/wp-content\/uploads\/usu1688\/2021\/11\/Scratch-logo-outline.png\" alt=\"\" width=\"434\" height=\"142\" srcset=\"https:\/\/agora.xtec.cat\/ceip-torrojaimiret\/wp-content\/uploads\/usu1688\/2021\/11\/Scratch-logo-outline.png 434w, https:\/\/agora.xtec.cat\/ceip-torrojaimiret\/wp-content\/uploads\/usu1688\/2021\/11\/Scratch-logo-outline-300x98.png 300w\" sizes=\"auto, (max-width: 434px) 100vw, 434px\" \/><\/a>En aquesta secci\u00f3, podreu aprendre programaci\u00f3 seguint aquest curs de l\u2019Scratch que facilita el Departament d\u2019Ensenyament de la Generalitat, complementant la feina que es faci a l\u2019escola i fins i tot descobrint noves funcions i eines per fer les vostres creacions encara m\u00e9s engrescadores. Animeu-vos a provar-lo perqu\u00e8 est\u00e0 seq\u00fcenciat per a tot els nivells.<\/p>\n<p><a href=\"https:\/\/agora.xtec.cat\/ceip-torrojaimiret\/projectes-i-activitats-propies\/7-noves-tecnologies-i-robotica-n\/curs-daprenentatge-de-programacio-amb-scratch\/modul-1-comenca-lscratch-aventura-scratch-3\/\"><em><strong>M\u00f2dul 1: Comen\u00e7a l&#8217;Scratch aventura!<\/strong><\/em><\/a><\/p>\n<p><a href=\"https:\/\/agora.xtec.cat\/ceip-torrojaimiret\/modul-2-i-si-fem-un-joc-o-dos-scratch-3\/\"><em><strong>M\u00f2dul 2: I si fem un joc? O dos<\/strong><\/em><\/a><\/p>\n<p><a href=\"https:\/\/agora.xtec.cat\/ceip-torrojaimiret\/modul-3-dissenyem-el-nostre-scapescratch-scratch-3-0\/\"><em><strong>M\u00f2dul 3: Dissenyem el nostre ScapeScratch (enigmes i pistes)<\/strong><\/em><\/a><\/p>\n<p><a href=\"https:\/\/agora.xtec.cat\/ceip-torrojaimiret\/modul-4-fem-la-nostra-volta-al-mon-en-etapes-scratch-3-0\/\"><em><strong>M\u00f2dul 4: Fem la nostra volta al m\u00f3n gamificada en etapes<\/strong><\/em><\/a><\/p>\n","protected":false},"excerpt":{"rendered":"<p>En aquesta secci\u00f3, podreu aprendre programaci\u00f3 seguint aquest curs de l\u2019Scratch que facilita el Departament d\u2019Ensenyament de la Generalitat, complementant la feina que es faci a l\u2019escola i fins i tot descobrint noves funcions i eines per fer les vostres creacions encara m\u00e9s engrescadores. Animeu-vos a provar-lo perqu\u00e8 est\u00e0 seq\u00fcenciat per a tot els nivells. [&hellip;]<\/p>\n","protected":false},"author":37,"featured_media":0,"parent":12674,"menu_order":0,"comment_status":"closed","ping_status":"closed","template":"page-templates\/side-menu.php","meta":{"_bbp_topic_count":0,"_bbp_reply_count":0,"_bbp_total_topic_count":0,"_bbp_total_reply_count":0,"_bbp_voice_count":0,"_bbp_anonymous_reply_count":0,"_bbp_topic_count_hidden":0,"_bbp_reply_count_hidden":0,"_bbp_forum_subforum_count":0,"site-sidebar-layout":"default","site-content-layout":"","ast-site-content-layout":"","site-content-style":"default","site-sidebar-style":"default","ast-global-header-display":"","ast-banner-title-visibility":"","ast-main-header-display":"","ast-hfb-above-header-display":"","ast-hfb-below-header-display":"","ast-hfb-mobile-header-display":"","site-post-title":"","ast-breadcrumbs-content":"","ast-featured-img":"","footer-sml-layout":"","theme-transparent-header-meta":"","adv-header-id-meta":"","stick-header-meta":"","header-above-stick-meta":"","header-main-stick-meta":"","header-below-stick-meta":"","astra-migrate-meta-layouts":"default","ast-page-background-enabled":"default","ast-page-background-meta":{"desktop":{"background-color":"var(--ast-global-color-4)","background-image":"","background-repeat":"repeat","background-position":"center center","background-size":"auto","background-attachment":"scroll","background-type":"","background-media":"","overlay-type":"","overlay-color":"","overlay-opacity":"","overlay-gradient":""},"tablet":{"background-color":"","background-image":"","background-repeat":"repeat","background-position":"center center","background-size":"auto","background-attachment":"scroll","background-type":"","background-media":"","overlay-type":"","overlay-color":"","overlay-opacity":"","overlay-gradient":""},"mobile":{"background-color":"","background-image":"","background-repeat":"repeat","background-position":"center center","background-size":"auto","background-attachment":"scroll","background-type":"","background-media":"","overlay-type":"","overlay-color":"","overlay-opacity":"","overlay-gradient":""}},"ast-content-background-meta":{"desktop":{"background-color":"var(--ast-global-color-5)","background-image":"","background-repeat":"repeat","background-position":"center center","background-size":"auto","background-attachment":"scroll","background-type":"","background-media":"","overlay-type":"","overlay-color":"","overlay-opacity":"","overlay-gradient":""},"tablet":{"background-color":"var(--ast-global-color-5)","background-image":"","background-repeat":"repeat","background-position":"center center","background-size":"auto","background-attachment":"scroll","background-type":"","background-media":"","overlay-type":"","overlay-color":"","overlay-opacity":"","overlay-gradient":""},"mobile":{"background-color":"var(--ast-global-color-5)","background-image":"","background-repeat":"repeat","background-position":"center center","background-size":"auto","background-attachment":"scroll","background-type":"","background-media":"","overlay-type":"","overlay-color":"","overlay-opacity":"","overlay-gradient":""}},"footnotes":""},"class_list":["post-19054","page","type-page","status-publish","hentry"],"post_mailing_queue_ids":[],"_links":{"self":[{"href":"https:\/\/agora.xtec.cat\/ceip-torrojaimiret\/wp-json\/wp\/v2\/pages\/19054","targetHints":{"allow":["GET"]}}],"collection":[{"href":"https:\/\/agora.xtec.cat\/ceip-torrojaimiret\/wp-json\/wp\/v2\/pages"}],"about":[{"href":"https:\/\/agora.xtec.cat\/ceip-torrojaimiret\/wp-json\/wp\/v2\/types\/page"}],"author":[{"embeddable":true,"href":"https:\/\/agora.xtec.cat\/ceip-torrojaimiret\/wp-json\/wp\/v2\/users\/37"}],"replies":[{"embeddable":true,"href":"https:\/\/agora.xtec.cat\/ceip-torrojaimiret\/wp-json\/wp\/v2\/comments?post=19054"}],"version-history":[{"count":3,"href":"https:\/\/agora.xtec.cat\/ceip-torrojaimiret\/wp-json\/wp\/v2\/pages\/19054\/revisions"}],"predecessor-version":[{"id":19060,"href":"https:\/\/agora.xtec.cat\/ceip-torrojaimiret\/wp-json\/wp\/v2\/pages\/19054\/revisions\/19060"}],"up":[{"embeddable":true,"href":"https:\/\/agora.xtec.cat\/ceip-torrojaimiret\/wp-json\/wp\/v2\/pages\/12674"}],"wp:attachment":[{"href":"https:\/\/agora.xtec.cat\/ceip-torrojaimiret\/wp-json\/wp\/v2\/media?parent=19054"}],"curies":[{"name":"wp","href":"https:\/\/api.w.org\/{rel}","templated":true}]}}