{"id":1318,"date":"2012-03-28T12:40:46","date_gmt":"2012-03-28T11:40:46","guid":{"rendered":"http:\/\/blocs.xtec.cat\/ceiptorrojaimiret\/?page_id=1318"},"modified":"2019-11-15T11:10:47","modified_gmt":"2019-11-15T10:10:47","slug":"llibres-de-text","status":"publish","type":"page","link":"https:\/\/agora.xtec.cat\/ceip-torrojaimiret\/llibres-de-text\/","title":{"rendered":"Llibres de text curs 2019\/2020"},"content":{"rendered":"<p><a href=\"https:\/\/drive.google.com\/file\/d\/1LSl96--ZKK-iBj2rNxKnbZk7CMa8mIbU\/view?usp=sharing\" target=\"_blank\" rel=\"noopener noreferrer\">LLISTAT LLIBRES I MATERIAL ED. INFANTIL CURS 2019-20<\/a><\/p>\n<p><a href=\"https:\/\/drive.google.com\/file\/d\/15sHTuSMhPERxqAV8IHjYbFwAPIlO03rT\/view?usp=sharing\" target=\"_blank\" rel=\"noopener noreferrer\">LLISTAT LLIBRES I MATERIAL 1r C. INICIAL CURS 2019-20<\/a><\/p>\n<p><a href=\"https:\/\/drive.google.com\/file\/d\/1z8iwdmB94ZlL6J5TeavAeNrKxGLnSihc\/view?usp=sharing\" target=\"_blank\" rel=\"noopener noreferrer\">LLISTAT LLIBRES I MATERIAL 2n C. INICIAL CURS 2019-20<\/a><\/p>\n<p><a href=\"https:\/\/drive.google.com\/file\/d\/1czygsP0v_AT2QMqS6-S-Mv1Phu_sAfX0\/view?usp=sharing\" target=\"_blank\" rel=\"noopener noreferrer\">LLISTAT LLIBRES I MATERIAL 3r C. MITJ\u00c0 CURS 2019-2020<\/a><\/p>\n<p><a href=\"https:\/\/drive.google.com\/file\/d\/1ysOEikHnlSLdePY_Aj6bMg5EvUYwqGBz\/view?usp=sharing\" target=\"_blank\" rel=\"noopener noreferrer\">LLISTAT LLIBRES I MATERIAL 4rt C. MITJ\u00c0 CURS 2019-2020<\/a><\/p>\n<p><a href=\"https:\/\/drive.google.com\/file\/d\/1rugUhIYPK_dRMFqcbIy05ec3OKGANCYi\/view?usp=sharing\" target=\"_blank\" rel=\"noopener noreferrer\">LLISTAT LLIBRES I MATERIAL 5\u00e8 C. SUPERIOR CURS 2019-20<\/a><\/p>\n<p><a href=\"https:\/\/drive.google.com\/file\/d\/1opigMi4qldZOBVbKZKMR35h5bMOl_P_8\/view?usp=sharing\" target=\"_blank\" rel=\"noopener noreferrer\">LLISTAT LLIBRES I MATERIAL 6\u00e8 C. SUPERIOR CURS 2019-20<\/a><\/p>\n","protected":false},"excerpt":{"rendered":"<p>LLISTAT LLIBRES I MATERIAL ED. INFANTIL CURS 2019-20 LLISTAT LLIBRES I MATERIAL 1r C. INICIAL CURS 2019-20 LLISTAT LLIBRES I MATERIAL 2n C. INICIAL CURS 2019-20 LLISTAT LLIBRES I MATERIAL 3r C. MITJ\u00c0 CURS 2019-2020 LLISTAT LLIBRES I MATERIAL 4rt C. MITJ\u00c0 CURS 2019-2020 LLISTAT LLIBRES I MATERIAL 5\u00e8 C. SUPERIOR CURS 2019-20 LLISTAT LLIBRES [&hellip;]<\/p>\n","protected":false},"author":1,"featured_media":0,"parent":0,"menu_order":0,"comment_status":"open","ping_status":"open","template":"","meta":{"_bbp_topic_count":0,"_bbp_reply_count":0,"_bbp_total_topic_count":0,"_bbp_total_reply_count":0,"_bbp_voice_count":0,"_bbp_anonymous_reply_count":0,"_bbp_topic_count_hidden":0,"_bbp_reply_count_hidden":0,"_bbp_forum_subforum_count":0,"site-sidebar-layout":"default","site-content-layout":"","ast-site-content-layout":"","site-content-style":"default","site-sidebar-style":"default","ast-global-header-display":"","ast-banner-title-visibility":"","ast-main-header-display":"","ast-hfb-above-header-display":"","ast-hfb-below-header-display":"","ast-hfb-mobile-header-display":"","site-post-title":"","ast-breadcrumbs-content":"","ast-featured-img":"","footer-sml-layout":"","theme-transparent-header-meta":"","adv-header-id-meta":"","stick-header-meta":"","header-above-stick-meta":"","header-main-stick-meta":"","header-below-stick-meta":"","astra-migrate-meta-layouts":"default","ast-page-background-enabled":"default","ast-page-background-meta":{"desktop":{"background-color":"var(--ast-global-color-4)","background-image":"","background-repeat":"repeat","background-position":"center center","background-size":"auto","background-attachment":"scroll","background-type":"","background-media":"","overlay-type":"","overlay-color":"","overlay-opacity":"","overlay-gradient":""},"tablet":{"background-color":"","background-image":"","background-repeat":"repeat","background-position":"center center","background-size":"auto","background-attachment":"scroll","background-type":"","background-media":"","overlay-type":"","overlay-color":"","overlay-opacity":"","overlay-gradient":""},"mobile":{"background-color":"","background-image":"","background-repeat":"repeat","background-position":"center center","background-size":"auto","background-attachment":"scroll","background-type":"","background-media":"","overlay-type":"","overlay-color":"","overlay-opacity":"","overlay-gradient":""}},"ast-content-background-meta":{"desktop":{"background-color":"var(--ast-global-color-5)","background-image":"","background-repeat":"repeat","background-position":"center center","background-size":"auto","background-attachment":"scroll","background-type":"","background-media":"","overlay-type":"","overlay-color":"","overlay-opacity":"","overlay-gradient":""},"tablet":{"background-color":"var(--ast-global-color-5)","background-image":"","background-repeat":"repeat","background-position":"center center","background-size":"auto","background-attachment":"scroll","background-type":"","background-media":"","overlay-type":"","overlay-color":"","overlay-opacity":"","overlay-gradient":""},"mobile":{"background-color":"var(--ast-global-color-5)","background-image":"","background-repeat":"repeat","background-position":"center center","background-size":"auto","background-attachment":"scroll","background-type":"","background-media":"","overlay-type":"","overlay-color":"","overlay-opacity":"","overlay-gradient":""}},"footnotes":""},"class_list":["post-1318","page","type-page","status-publish","hentry"],"post_mailing_queue_ids":[],"_links":{"self":[{"href":"https:\/\/agora.xtec.cat\/ceip-torrojaimiret\/wp-json\/wp\/v2\/pages\/1318","targetHints":{"allow":["GET"]}}],"collection":[{"href":"https:\/\/agora.xtec.cat\/ceip-torrojaimiret\/wp-json\/wp\/v2\/pages"}],"about":[{"href":"https:\/\/agora.xtec.cat\/ceip-torrojaimiret\/wp-json\/wp\/v2\/types\/page"}],"author":[{"embeddable":true,"href":"https:\/\/agora.xtec.cat\/ceip-torrojaimiret\/wp-json\/wp\/v2\/users\/1"}],"replies":[{"embeddable":true,"href":"https:\/\/agora.xtec.cat\/ceip-torrojaimiret\/wp-json\/wp\/v2\/comments?post=1318"}],"version-history":[{"count":4,"href":"https:\/\/agora.xtec.cat\/ceip-torrojaimiret\/wp-json\/wp\/v2\/pages\/1318\/revisions"}],"predecessor-version":[{"id":11779,"href":"https:\/\/agora.xtec.cat\/ceip-torrojaimiret\/wp-json\/wp\/v2\/pages\/1318\/revisions\/11779"}],"wp:attachment":[{"href":"https:\/\/agora.xtec.cat\/ceip-torrojaimiret\/wp-json\/wp\/v2\/media?parent=1318"}],"curies":[{"name":"wp","href":"https:\/\/api.w.org\/{rel}","templated":true}]}}