{"id":1304,"date":"2012-03-28T12:31:26","date_gmt":"2012-03-28T11:31:26","guid":{"rendered":"http:\/\/blocs.xtec.cat\/ceiptorrojaimiret\/?page_id=1304"},"modified":"2020-09-30T07:31:17","modified_gmt":"2020-09-30T05:31:17","slug":"carta-de-compromis","status":"publish","type":"page","link":"https:\/\/agora.xtec.cat\/ceip-torrojaimiret\/lescola\/families\/carta-de-compromis\/","title":{"rendered":"d) Carta de comprom\u00eds"},"content":{"rendered":"<p>Per tal de potenciar les complicitats necess\u00e0ries per garantir la coher\u00e8ncia entre l&#8217;acci\u00f3 educativa de les fam\u00edlies i de l\u2019Escola en un entorn de conviv\u00e8ncia i respecte, <span style=\"color: #800080;\"><strong>l\u2019Escola Torroja i Miret <\/strong><\/span>ofereix aquestes dues <em>Cartes de comprom\u00eds<\/em> entre les fam\u00edlies i l&#8217;escola:<\/p>\n<p><iframe loading=\"lazy\" src=\"https:\/\/agora.xtec.cat\/ceip-torrojaimiret\/wp-content\/uploads\/usu1688\/2020\/09\/Carta-comprom\u00eds-Prim\u00e0ria-2020-1.pdf\" width=\"900\" height=\"700\"><\/iframe><\/p>\n<p><iframe loading=\"lazy\" src=\"https:\/\/agora.xtec.cat\/ceip-torrojaimiret\/wp-content\/uploads\/usu1688\/2020\/09\/Carta-comprom\u00eds-Parvulari-2020-Escola-Torroja-i-Miret.pdf\" width=\"900\" height=\"700\"><\/iframe><\/p>\n<p><strong>Codi de bon \u00fas del whatsapp (aprovat al Consell Escolar)<\/strong><\/p>\n<p><a href=\"http:\/\/blocs.xtec.cat\/ceiptorrojaimiret\/files\/2012\/03\/Codi-whatsapp.jpg\"><img loading=\"lazy\" decoding=\"async\" class=\"aligncenter size-full wp-image-8484\" src=\"http:\/\/blocs.xtec.cat\/ceiptorrojaimiret\/files\/2012\/03\/Codi-whatsapp.jpg\" alt=\"Codi whatsapp\" width=\"579\" height=\"500\" \/><\/a><\/p>\n","protected":false},"excerpt":{"rendered":"<p>Per tal de potenciar les complicitats necess\u00e0ries per garantir la coher\u00e8ncia entre l&#8217;acci\u00f3 educativa de les fam\u00edlies i de l\u2019Escola en un entorn de conviv\u00e8ncia i respecte, l\u2019Escola Torroja i Miret ofereix aquestes dues Cartes de comprom\u00eds entre les fam\u00edlies i l&#8217;escola: Codi de bon \u00fas del whatsapp (aprovat al Consell Escolar)<\/p>\n","protected":false},"author":1,"featured_media":0,"parent":1268,"menu_order":4,"comment_status":"open","ping_status":"open","template":"page-templates\/side-menu.php","meta":{"_bbp_topic_count":0,"_bbp_reply_count":0,"_bbp_total_topic_count":0,"_bbp_total_reply_count":0,"_bbp_voice_count":0,"_bbp_anonymous_reply_count":0,"_bbp_topic_count_hidden":0,"_bbp_reply_count_hidden":0,"_bbp_forum_subforum_count":0,"site-sidebar-layout":"default","site-content-layout":"","ast-site-content-layout":"","site-content-style":"default","site-sidebar-style":"default","ast-global-header-display":"","ast-banner-title-visibility":"","ast-main-header-display":"","ast-hfb-above-header-display":"","ast-hfb-below-header-display":"","ast-hfb-mobile-header-display":"","site-post-title":"","ast-breadcrumbs-content":"","ast-featured-img":"","footer-sml-layout":"","theme-transparent-header-meta":"","adv-header-id-meta":"","stick-header-meta":"","header-above-stick-meta":"","header-main-stick-meta":"","header-below-stick-meta":"","astra-migrate-meta-layouts":"default","ast-page-background-enabled":"default","ast-page-background-meta":{"desktop":{"background-color":"var(--ast-global-color-4)","background-image":"","background-repeat":"repeat","background-position":"center center","background-size":"auto","background-attachment":"scroll","background-type":"","background-media":"","overlay-type":"","overlay-color":"","overlay-opacity":"","overlay-gradient":""},"tablet":{"background-color":"","background-image":"","background-repeat":"repeat","background-position":"center center","background-size":"auto","background-attachment":"scroll","background-type":"","background-media":"","overlay-type":"","overlay-color":"","overlay-opacity":"","overlay-gradient":""},"mobile":{"background-color":"","background-image":"","background-repeat":"repeat","background-position":"center center","background-size":"auto","background-attachment":"scroll","background-type":"","background-media":"","overlay-type":"","overlay-color":"","overlay-opacity":"","overlay-gradient":""}},"ast-content-background-meta":{"desktop":{"background-color":"var(--ast-global-color-5)","background-image":"","background-repeat":"repeat","background-position":"center center","background-size":"auto","background-attachment":"scroll","background-type":"","background-media":"","overlay-type":"","overlay-color":"","overlay-opacity":"","overlay-gradient":""},"tablet":{"background-color":"var(--ast-global-color-5)","background-image":"","background-repeat":"repeat","background-position":"center center","background-size":"auto","background-attachment":"scroll","background-type":"","background-media":"","overlay-type":"","overlay-color":"","overlay-opacity":"","overlay-gradient":""},"mobile":{"background-color":"var(--ast-global-color-5)","background-image":"","background-repeat":"repeat","background-position":"center center","background-size":"auto","background-attachment":"scroll","background-type":"","background-media":"","overlay-type":"","overlay-color":"","overlay-opacity":"","overlay-gradient":""}},"footnotes":""},"class_list":["post-1304","page","type-page","status-publish","hentry"],"post_mailing_queue_ids":[],"_links":{"self":[{"href":"https:\/\/agora.xtec.cat\/ceip-torrojaimiret\/wp-json\/wp\/v2\/pages\/1304","targetHints":{"allow":["GET"]}}],"collection":[{"href":"https:\/\/agora.xtec.cat\/ceip-torrojaimiret\/wp-json\/wp\/v2\/pages"}],"about":[{"href":"https:\/\/agora.xtec.cat\/ceip-torrojaimiret\/wp-json\/wp\/v2\/types\/page"}],"author":[{"embeddable":true,"href":"https:\/\/agora.xtec.cat\/ceip-torrojaimiret\/wp-json\/wp\/v2\/users\/1"}],"replies":[{"embeddable":true,"href":"https:\/\/agora.xtec.cat\/ceip-torrojaimiret\/wp-json\/wp\/v2\/comments?post=1304"}],"version-history":[{"count":4,"href":"https:\/\/agora.xtec.cat\/ceip-torrojaimiret\/wp-json\/wp\/v2\/pages\/1304\/revisions"}],"predecessor-version":[{"id":13715,"href":"https:\/\/agora.xtec.cat\/ceip-torrojaimiret\/wp-json\/wp\/v2\/pages\/1304\/revisions\/13715"}],"up":[{"embeddable":true,"href":"https:\/\/agora.xtec.cat\/ceip-torrojaimiret\/wp-json\/wp\/v2\/pages\/1268"}],"wp:attachment":[{"href":"https:\/\/agora.xtec.cat\/ceip-torrojaimiret\/wp-json\/wp\/v2\/media?parent=1304"}],"curies":[{"name":"wp","href":"https:\/\/api.w.org\/{rel}","templated":true}]}}