{"id":12691,"date":"2020-03-17T12:42:46","date_gmt":"2020-03-17T11:42:46","guid":{"rendered":"http:\/\/agora.xtec.cat\/ceip-torrojaimiret\/?page_id=12691"},"modified":"2020-03-23T15:50:14","modified_gmt":"2020-03-23T14:50:14","slug":"10-educacio-socioemocional-n","status":"publish","type":"page","link":"https:\/\/agora.xtec.cat\/ceip-torrojaimiret\/projectes-i-activitats-propies\/10-educacio-socioemocional-n\/","title":{"rendered":"10. Educaci\u00f3 Socioemocional"},"content":{"rendered":"<p><strong>Programa educaci\u00f3 socioemocional<\/strong><\/p>\n<p>L\u2019educaci\u00f3 emocional t\u00e9 com a objectiu el desenvolupament de compet\u00e8ncies emocionals. \u00c9s un proc\u00e9s que s\u2019inicia des de la primera inf\u00e0ncia i est\u00e0 present al llarg de tota la vida. La fonamentaci\u00f3 te\u00f2rica de l\u2019educaci\u00f3 emocional no es limita a la intel\u00b7lig\u00e8ncia emocional, sin\u00f3 que pren en consideraci\u00f3 altres referents com ara les aportacions de la neuroci\u00e8ncia, la tradici\u00f3 de les compet\u00e8ncies socials, l\u2019autoestima, les investigacions sobre el benestar i la psicologia positiva.<\/p>\n<p>Durant l\u2019educaci\u00f3 infantil i l\u2019educaci\u00f3 Prim\u00e0ria es van desenvolupant diferents activitats per anar desenvolupant diverses compet\u00e8ncies com prendre consci\u00e8ncia i gestionar les pr\u00f2pies emocions en situacions quotidianes, desenvolupar l\u2019empatia i la resoluci\u00f3 positiva de conflictes, entre altres.<\/p>\n<p>Al llarg dels cursos es van practicant diverses estrat\u00e8gies i t\u00e8cniques com la el monstre de colors, respiraci\u00f3, relaxaci\u00f3, t\u00e8cnica de les cares, t\u00e8cnica del sem\u00e0for, musicoter\u00e0pia\u2026<\/p>\n<p>Les actuacions es desenvolupen de manera transversal en alguns espais com l\u2019esbarjo, la tutoria, espais\u2026 i altres m\u00e9s espec\u00edfics com la psicomotricitat, CLIL-angl\u00e8s o educaci\u00f3 en valors.<\/p>\n<p><a href=\"https:\/\/agora.xtec.cat\/ceip-torrojaimiret\/wp-content\/uploads\/usu1688\/2020\/03\/IMG_1429-1.jpg\"><img loading=\"lazy\" decoding=\"async\" class=\"alignnone size-large wp-image-12936\" src=\"https:\/\/agora.xtec.cat\/ceip-torrojaimiret\/wp-content\/uploads\/usu1688\/2020\/03\/IMG_1429-1-1024x768.jpg\" alt=\"\" width=\"1024\" height=\"768\" srcset=\"https:\/\/agora.xtec.cat\/ceip-torrojaimiret\/wp-content\/uploads\/usu1688\/2020\/03\/IMG_1429-1-1024x768.jpg 1024w, https:\/\/agora.xtec.cat\/ceip-torrojaimiret\/wp-content\/uploads\/usu1688\/2020\/03\/IMG_1429-1-300x225.jpg 300w, https:\/\/agora.xtec.cat\/ceip-torrojaimiret\/wp-content\/uploads\/usu1688\/2020\/03\/IMG_1429-1-768x576.jpg 768w, https:\/\/agora.xtec.cat\/ceip-torrojaimiret\/wp-content\/uploads\/usu1688\/2020\/03\/IMG_1429-1-200x150.jpg 200w, https:\/\/agora.xtec.cat\/ceip-torrojaimiret\/wp-content\/uploads\/usu1688\/2020\/03\/IMG_1429-1.jpg 1210w\" sizes=\"auto, (max-width: 1024px) 100vw, 1024px\" \/><\/a><\/p>\n","protected":false},"excerpt":{"rendered":"<p>Programa educaci\u00f3 socioemocional L\u2019educaci\u00f3 emocional t\u00e9 com a objectiu el desenvolupament de compet\u00e8ncies emocionals. \u00c9s un proc\u00e9s que s\u2019inicia des de la primera inf\u00e0ncia i est\u00e0 present al llarg de tota la vida. La fonamentaci\u00f3 te\u00f2rica de l\u2019educaci\u00f3 emocional no es limita a la intel\u00b7lig\u00e8ncia emocional, sin\u00f3 que pren en consideraci\u00f3 altres referents com ara [&hellip;]<\/p>\n","protected":false},"author":37,"featured_media":0,"parent":12636,"menu_order":10,"comment_status":"closed","ping_status":"closed","template":"page-templates\/side-menu.php","meta":{"_bbp_topic_count":0,"_bbp_reply_count":0,"_bbp_total_topic_count":0,"_bbp_total_reply_count":0,"_bbp_voice_count":0,"_bbp_anonymous_reply_count":0,"_bbp_topic_count_hidden":0,"_bbp_reply_count_hidden":0,"_bbp_forum_subforum_count":0,"site-sidebar-layout":"default","site-content-layout":"","ast-site-content-layout":"","site-content-style":"default","site-sidebar-style":"default","ast-global-header-display":"","ast-banner-title-visibility":"","ast-main-header-display":"","ast-hfb-above-header-display":"","ast-hfb-below-header-display":"","ast-hfb-mobile-header-display":"","site-post-title":"","ast-breadcrumbs-content":"","ast-featured-img":"","footer-sml-layout":"","theme-transparent-header-meta":"","adv-header-id-meta":"","stick-header-meta":"","header-above-stick-meta":"","header-main-stick-meta":"","header-below-stick-meta":"","astra-migrate-meta-layouts":"default","ast-page-background-enabled":"default","ast-page-background-meta":{"desktop":{"background-color":"var(--ast-global-color-4)","background-image":"","background-repeat":"repeat","background-position":"center center","background-size":"auto","background-attachment":"scroll","background-type":"","background-media":"","overlay-type":"","overlay-color":"","overlay-opacity":"","overlay-gradient":""},"tablet":{"background-color":"","background-image":"","background-repeat":"repeat","background-position":"center center","background-size":"auto","background-attachment":"scroll","background-type":"","background-media":"","overlay-type":"","overlay-color":"","overlay-opacity":"","overlay-gradient":""},"mobile":{"background-color":"","background-image":"","background-repeat":"repeat","background-position":"center center","background-size":"auto","background-attachment":"scroll","background-type":"","background-media":"","overlay-type":"","overlay-color":"","overlay-opacity":"","overlay-gradient":""}},"ast-content-background-meta":{"desktop":{"background-color":"var(--ast-global-color-5)","background-image":"","background-repeat":"repeat","background-position":"center center","background-size":"auto","background-attachment":"scroll","background-type":"","background-media":"","overlay-type":"","overlay-color":"","overlay-opacity":"","overlay-gradient":""},"tablet":{"background-color":"var(--ast-global-color-5)","background-image":"","background-repeat":"repeat","background-position":"center center","background-size":"auto","background-attachment":"scroll","background-type":"","background-media":"","overlay-type":"","overlay-color":"","overlay-opacity":"","overlay-gradient":""},"mobile":{"background-color":"var(--ast-global-color-5)","background-image":"","background-repeat":"repeat","background-position":"center center","background-size":"auto","background-attachment":"scroll","background-type":"","background-media":"","overlay-type":"","overlay-color":"","overlay-opacity":"","overlay-gradient":""}},"footnotes":""},"class_list":["post-12691","page","type-page","status-publish","hentry"],"post_mailing_queue_ids":[],"_links":{"self":[{"href":"https:\/\/agora.xtec.cat\/ceip-torrojaimiret\/wp-json\/wp\/v2\/pages\/12691","targetHints":{"allow":["GET"]}}],"collection":[{"href":"https:\/\/agora.xtec.cat\/ceip-torrojaimiret\/wp-json\/wp\/v2\/pages"}],"about":[{"href":"https:\/\/agora.xtec.cat\/ceip-torrojaimiret\/wp-json\/wp\/v2\/types\/page"}],"author":[{"embeddable":true,"href":"https:\/\/agora.xtec.cat\/ceip-torrojaimiret\/wp-json\/wp\/v2\/users\/37"}],"replies":[{"embeddable":true,"href":"https:\/\/agora.xtec.cat\/ceip-torrojaimiret\/wp-json\/wp\/v2\/comments?post=12691"}],"version-history":[{"count":3,"href":"https:\/\/agora.xtec.cat\/ceip-torrojaimiret\/wp-json\/wp\/v2\/pages\/12691\/revisions"}],"predecessor-version":[{"id":12972,"href":"https:\/\/agora.xtec.cat\/ceip-torrojaimiret\/wp-json\/wp\/v2\/pages\/12691\/revisions\/12972"}],"up":[{"embeddable":true,"href":"https:\/\/agora.xtec.cat\/ceip-torrojaimiret\/wp-json\/wp\/v2\/pages\/12636"}],"wp:attachment":[{"href":"https:\/\/agora.xtec.cat\/ceip-torrojaimiret\/wp-json\/wp\/v2\/media?parent=12691"}],"curies":[{"name":"wp","href":"https:\/\/api.w.org\/{rel}","templated":true}]}}