{"id":1266,"date":"2012-03-27T10:16:24","date_gmt":"2012-03-27T09:16:24","guid":{"rendered":"http:\/\/blocs.xtec.cat\/ceiptorrojaimiret\/?page_id=1266"},"modified":"2023-11-28T13:30:59","modified_gmt":"2023-11-28T12:30:59","slug":"projectes","status":"publish","type":"page","link":"https:\/\/agora.xtec.cat\/ceip-torrojaimiret\/projecte-educatiu-2\/projectes\/","title":{"rendered":"9. Projectes"},"content":{"rendered":"<p>En el marc del Projecte Educatiu de la nostre escola es desenvolupen diversos projectes i programes d&#8217;innovaci\u00f3 educativa. Us animem a veure com aprenem a l&#8217;escola. Podeu clicar a cada pestanya per con\u00e8ixe&#8217;ls amb m\u00e9s detall. Alguns del projectes m\u00e9s interessants s\u00f3n:<\/p>\n<ul>\n<li><a href=\"https:\/\/agora.xtec.cat\/ceip-torrojaimiret\/projecte-educatiu-2\/projectes\/projecte-vincles\/\">Projecte Vincles<\/a> que facilita el coneixement i participaci\u00f3 de les fam\u00edlies amb el grup-classe del seu fill\/a. Ajuda a mantenir un contacte actiu amb l&#8217;escola i aportar valor afegir al curr\u00edculum.<\/li>\n<li><a class=\"gmail-menu-link gmail-sub-menu-link\" href=\"https:\/\/agora.xtec.cat\/ceip-torrojaimiret\/projecte-educatiu-2\/projectes\/escola-verda\/\">Escola Verda<\/a>\u00a0i hort escolar que ajuda a desenvolupar h\u00e0bits respectuosos amb el medi ambient i ensenya a tenir cura de l&#8217;entorn.<\/li>\n<li><a class=\"gmail-menu-link gmail-sub-menu-link\" href=\"https:\/\/agora.xtec.cat\/ceip-torrojaimiret\/projecte-educatiu-2\/projectes\/projecte-apqua\/\">Projecte APQUA<\/a>\u00a0STEAM que desenvolupa l&#8217;experimentaci\u00f3 i l&#8217;aprenentatge tecnol\u00f2gic i cient\u00edfic d&#8217;una manera sistem\u00e0tica.<\/li>\n<li><a href=\"https:\/\/agora.xtec.cat\/ceip-torrojaimiret\/projecte-educatiu-2\/projectes\/programa-si-salut-integral\/\">Programa SI<\/a>\u00a0que fomenta h\u00e0bits per tenir cura del propi cos i de la salut en general. Tamb\u00e9 fomenta l&#8217;aprenentatge d&#8217;habilitats socioemocionals.<\/li>\n<li><a class=\"gmail-menu-link gmail-sub-menu-link\" href=\"https:\/\/agora.xtec.cat\/ceip-torrojaimiret\/projecte-educatiu-2\/projectes\/programa-de-creativitat\/\">Projecte Expressart de creativitat i art contemporani (MACBA<\/a><strong><a class=\"gmail-menu-link gmail-sub-menu-link\" href=\"http:\/\/agora.xtec.cat\/ceip-torrojaimiret\/programa-de-creativitat\/\">)<\/a> <\/strong>que permet desenvolupar la creativitat a trav\u00e9s de l&#8217;observaci\u00f3 i experimentaci\u00f3 art\u00edstica.<\/li>\n<li><a href=\"https:\/\/agora.xtec.cat\/ceip-torrojaimiret\/projecte-educatiu-2\/projectes\/tic-skills\/\">Projecte TAC-SKILLS<\/a> que permet potenciar l&#8217;aprenentage de les compet\u00e8ncies digitals de manera transversal al llarg de les diferents \u00e0rees d&#8217;aprenentage. Es compta amb un mestre especialista que assessora i interv\u00e9 a tots els cursos.<\/li>\n<li><a href=\"https:\/\/agora.xtec.cat\/ceip-torrojaimiret\/projecte-educatiu-2\/projectes\/pla-educatiu-entorn\/\">Pla educatiu d&#8217;entorn: <\/a>A l\u2019escola participem al Pla Educatiu d\u2019Entorn que promociona la regidoria d\u2019ensenyament de l\u2019ajuntament amb tots els centres educatius de Vila-seca.<\/li>\n<li><a href=\"https:\/\/agora.xtec.cat\/ceip-torrojaimiret\/pla-experimental-de-llengues-estrangeres-pele\/2-gep-innovation-project-generalitat-de-catalunya\/\">Projecte d&#8217;innovaci\u00f3 de lleng\u00fces (GEP)<\/a> del Departament d&#8217;Ensenyament.\u00a0 Com escola Pluriling\u00fce s&#8217;apliquen estrat\u00e8gies i activitats innovadores per aprendre la llengua anglesa des de P-3.<\/li>\n<li>\n<div>\n<p><a href=\"https:\/\/agora.xtec.cat\/ceip-torrojaimiret\/projecte-educatiu-2\/projectes\/projecte-poefa-transformem-lescola-caminem-cap-a-lexit\/\">POEFA: &#8220;Transformem l&#8217;escola&#8221;<\/a>: La nostra escola est\u00e0 rebent fons de la Uni\u00f3 Europea per desenvolupar el projecte de centre per a l\u2019\u00e8xit educatiu a favor de l\u2019alumnat (POEFA), desenvolupant diverses accions complement\u00e0ries del curr\u00edculum i amb m\u00e9s dotaci\u00f3 de recursos.<\/p>\n<p><a href=\"https:\/\/agora.xtec.cat\/ceip-torrojaimiret\/wp-content\/uploads\/usu1688\/2020\/03\/Disseny-elements-seguici-Vila-seca.jpg\"><img loading=\"lazy\" decoding=\"async\" class=\"alignnone size-large wp-image-12530\" src=\"https:\/\/agora.xtec.cat\/ceip-torrojaimiret\/wp-content\/uploads\/usu1688\/2020\/03\/Disseny-elements-seguici-Vila-seca-1024x461.jpg\" alt=\"\" width=\"1024\" height=\"461\" srcset=\"https:\/\/agora.xtec.cat\/ceip-torrojaimiret\/wp-content\/uploads\/usu1688\/2020\/03\/Disseny-elements-seguici-Vila-seca-1024x461.jpg 1024w, https:\/\/agora.xtec.cat\/ceip-torrojaimiret\/wp-content\/uploads\/usu1688\/2020\/03\/Disseny-elements-seguici-Vila-seca-300x135.jpg 300w, https:\/\/agora.xtec.cat\/ceip-torrojaimiret\/wp-content\/uploads\/usu1688\/2020\/03\/Disseny-elements-seguici-Vila-seca-768x345.jpg 768w\" sizes=\"auto, (max-width: 1024px) 100vw, 1024px\" \/><\/a><\/p>\n<\/div>\n<\/li>\n<\/ul>\n","protected":false},"excerpt":{"rendered":"<p>En el marc del Projecte Educatiu de la nostre escola es desenvolupen diversos projectes i programes d&#8217;innovaci\u00f3 educativa. Us animem a veure com aprenem a l&#8217;escola. Podeu clicar a cada pestanya per con\u00e8ixe&#8217;ls amb m\u00e9s detall. Alguns del projectes m\u00e9s interessants s\u00f3n: Projecte Vincles que facilita el coneixement i participaci\u00f3 de les fam\u00edlies amb el [&hellip;]<\/p>\n","protected":false},"author":1,"featured_media":0,"parent":1253,"menu_order":9,"comment_status":"open","ping_status":"open","template":"page-templates\/side-menu.php","meta":{"_bbp_topic_count":0,"_bbp_reply_count":0,"_bbp_total_topic_count":0,"_bbp_total_reply_count":0,"_bbp_voice_count":0,"_bbp_anonymous_reply_count":0,"_bbp_topic_count_hidden":0,"_bbp_reply_count_hidden":0,"_bbp_forum_subforum_count":0,"site-sidebar-layout":"default","site-content-layout":"","ast-site-content-layout":"","site-content-style":"default","site-sidebar-style":"default","ast-global-header-display":"","ast-banner-title-visibility":"","ast-main-header-display":"","ast-hfb-above-header-display":"","ast-hfb-below-header-display":"","ast-hfb-mobile-header-display":"","site-post-title":"","ast-breadcrumbs-content":"","ast-featured-img":"","footer-sml-layout":"","theme-transparent-header-meta":"","adv-header-id-meta":"","stick-header-meta":"","header-above-stick-meta":"","header-main-stick-meta":"","header-below-stick-meta":"","astra-migrate-meta-layouts":"default","ast-page-background-enabled":"default","ast-page-background-meta":{"desktop":{"background-color":"var(--ast-global-color-4)","background-image":"","background-repeat":"repeat","background-position":"center center","background-size":"auto","background-attachment":"scroll","background-type":"","background-media":"","overlay-type":"","overlay-color":"","overlay-opacity":"","overlay-gradient":""},"tablet":{"background-color":"","background-image":"","background-repeat":"repeat","background-position":"center center","background-size":"auto","background-attachment":"scroll","background-type":"","background-media":"","overlay-type":"","overlay-color":"","overlay-opacity":"","overlay-gradient":""},"mobile":{"background-color":"","background-image":"","background-repeat":"repeat","background-position":"center center","background-size":"auto","background-attachment":"scroll","background-type":"","background-media":"","overlay-type":"","overlay-color":"","overlay-opacity":"","overlay-gradient":""}},"ast-content-background-meta":{"desktop":{"background-color":"var(--ast-global-color-5)","background-image":"","background-repeat":"repeat","background-position":"center center","background-size":"auto","background-attachment":"scroll","background-type":"","background-media":"","overlay-type":"","overlay-color":"","overlay-opacity":"","overlay-gradient":""},"tablet":{"background-color":"var(--ast-global-color-5)","background-image":"","background-repeat":"repeat","background-position":"center center","background-size":"auto","background-attachment":"scroll","background-type":"","background-media":"","overlay-type":"","overlay-color":"","overlay-opacity":"","overlay-gradient":""},"mobile":{"background-color":"var(--ast-global-color-5)","background-image":"","background-repeat":"repeat","background-position":"center center","background-size":"auto","background-attachment":"scroll","background-type":"","background-media":"","overlay-type":"","overlay-color":"","overlay-opacity":"","overlay-gradient":""}},"footnotes":""},"class_list":["post-1266","page","type-page","status-publish","hentry"],"post_mailing_queue_ids":[],"_links":{"self":[{"href":"https:\/\/agora.xtec.cat\/ceip-torrojaimiret\/wp-json\/wp\/v2\/pages\/1266","targetHints":{"allow":["GET"]}}],"collection":[{"href":"https:\/\/agora.xtec.cat\/ceip-torrojaimiret\/wp-json\/wp\/v2\/pages"}],"about":[{"href":"https:\/\/agora.xtec.cat\/ceip-torrojaimiret\/wp-json\/wp\/v2\/types\/page"}],"author":[{"embeddable":true,"href":"https:\/\/agora.xtec.cat\/ceip-torrojaimiret\/wp-json\/wp\/v2\/users\/1"}],"replies":[{"embeddable":true,"href":"https:\/\/agora.xtec.cat\/ceip-torrojaimiret\/wp-json\/wp\/v2\/comments?post=1266"}],"version-history":[{"count":4,"href":"https:\/\/agora.xtec.cat\/ceip-torrojaimiret\/wp-json\/wp\/v2\/pages\/1266\/revisions"}],"predecessor-version":[{"id":13735,"href":"https:\/\/agora.xtec.cat\/ceip-torrojaimiret\/wp-json\/wp\/v2\/pages\/1266\/revisions\/13735"}],"up":[{"embeddable":true,"href":"https:\/\/agora.xtec.cat\/ceip-torrojaimiret\/wp-json\/wp\/v2\/pages\/1253"}],"wp:attachment":[{"href":"https:\/\/agora.xtec.cat\/ceip-torrojaimiret\/wp-json\/wp\/v2\/media?parent=1266"}],"curies":[{"name":"wp","href":"https:\/\/api.w.org\/{rel}","templated":true}]}}