{"id":12652,"date":"2020-03-17T12:04:03","date_gmt":"2020-03-17T11:04:03","guid":{"rendered":"http:\/\/agora.xtec.cat\/ceip-torrojaimiret\/?page_id=12652"},"modified":"2020-03-24T17:59:49","modified_gmt":"2020-03-24T16:59:49","slug":"5-angles-des-de-p3-en-grups-reduits","status":"publish","type":"page","link":"https:\/\/agora.xtec.cat\/ceip-torrojaimiret\/projectes-i-activitats-propies\/5-angles-des-de-p3-en-grups-reduits\/","title":{"rendered":"5. Angl\u00e8s des de P3 en grups redu\u00efts"},"content":{"rendered":"<p>L&#8217;aprenentatge de diferents lleng\u00fces des de les primeres edats \u00e9s molt important tal com indiquen els estudis actuals de neuroci\u00e8ncia. A la nostra escola ho tenim present i per aquest motiu s&#8217;introdueixen diversos moments i espais per anar desenvolupant compet\u00e8ncies ling\u00fc\u00edstiques de llengua anglesa de l&#8217;alumnat des de P-3 en grups redu\u00efts.<\/p>\n<p>L\u2019objectiu a l&#8217;etapa d&#8217;Educaci\u00f3 Infantil \u00e9s que l&#8217;alumnat vagi assolint un aprenentatge significatiu i funcional de la llengua anglesa a trav\u00e9s d&#8217;activitats l\u00fadiques, can\u00e7ons, contes, rutines&#8230; Es creen entorns d&#8217;immersi\u00f3 amb professorat especialista que aportin bons models de llengua.<\/p>\n<p>El treball en petit grup permet la interacci\u00f3 i aprenentatge dels entre iguals per consolidar estructures b\u00e0siques comunicatives. Tamb\u00e9 s&#8217;utilitzen les noves tecnologies per con\u00e8ixer literatura, v\u00eddeos i altres aplicacions que ofereixen diferents models nadius de llengua anglesa.<\/p>\n<p><a href=\"https:\/\/agora.xtec.cat\/ceip-torrojaimiret\/wp-content\/uploads\/usu1688\/2020\/03\/IMG_1269.jpg\"><img loading=\"lazy\" decoding=\"async\" class=\"alignnone wp-image-12928\" src=\"https:\/\/agora.xtec.cat\/ceip-torrojaimiret\/wp-content\/uploads\/usu1688\/2020\/03\/IMG_1269-1024x769.jpg\" alt=\"\" width=\"492\" height=\"370\" srcset=\"https:\/\/agora.xtec.cat\/ceip-torrojaimiret\/wp-content\/uploads\/usu1688\/2020\/03\/IMG_1269-1024x769.jpg 1024w, https:\/\/agora.xtec.cat\/ceip-torrojaimiret\/wp-content\/uploads\/usu1688\/2020\/03\/IMG_1269-300x225.jpg 300w, https:\/\/agora.xtec.cat\/ceip-torrojaimiret\/wp-content\/uploads\/usu1688\/2020\/03\/IMG_1269-768x577.jpg 768w, https:\/\/agora.xtec.cat\/ceip-torrojaimiret\/wp-content\/uploads\/usu1688\/2020\/03\/IMG_1269-200x150.jpg 200w, https:\/\/agora.xtec.cat\/ceip-torrojaimiret\/wp-content\/uploads\/usu1688\/2020\/03\/IMG_1269.jpg 1089w\" sizes=\"auto, (max-width: 492px) 100vw, 492px\" \/><\/a> <a href=\"https:\/\/agora.xtec.cat\/ceip-torrojaimiret\/wp-content\/uploads\/usu1688\/2020\/03\/IMG_1263.jpg\"><img loading=\"lazy\" decoding=\"async\" class=\"alignnone wp-image-12927\" src=\"https:\/\/agora.xtec.cat\/ceip-torrojaimiret\/wp-content\/uploads\/usu1688\/2020\/03\/IMG_1263.jpg\" alt=\"\" width=\"493\" height=\"370\" srcset=\"https:\/\/agora.xtec.cat\/ceip-torrojaimiret\/wp-content\/uploads\/usu1688\/2020\/03\/IMG_1263.jpg 1008w, https:\/\/agora.xtec.cat\/ceip-torrojaimiret\/wp-content\/uploads\/usu1688\/2020\/03\/IMG_1263-300x225.jpg 300w, https:\/\/agora.xtec.cat\/ceip-torrojaimiret\/wp-content\/uploads\/usu1688\/2020\/03\/IMG_1263-768x576.jpg 768w, https:\/\/agora.xtec.cat\/ceip-torrojaimiret\/wp-content\/uploads\/usu1688\/2020\/03\/IMG_1263-200x150.jpg 200w\" sizes=\"auto, (max-width: 493px) 100vw, 493px\" \/><\/a><\/p>\n","protected":false},"excerpt":{"rendered":"<p>L&#8217;aprenentatge de diferents lleng\u00fces des de les primeres edats \u00e9s molt important tal com indiquen els estudis actuals de neuroci\u00e8ncia. A la nostra escola ho tenim present i per aquest motiu s&#8217;introdueixen diversos moments i espais per anar desenvolupant compet\u00e8ncies ling\u00fc\u00edstiques de llengua anglesa de l&#8217;alumnat des de P-3 en grups redu\u00efts. L\u2019objectiu a l&#8217;etapa [&hellip;]<\/p>\n","protected":false},"author":37,"featured_media":0,"parent":12636,"menu_order":5,"comment_status":"closed","ping_status":"closed","template":"page-templates\/side-menu.php","meta":{"_bbp_topic_count":0,"_bbp_reply_count":0,"_bbp_total_topic_count":0,"_bbp_total_reply_count":0,"_bbp_voice_count":0,"_bbp_anonymous_reply_count":0,"_bbp_topic_count_hidden":0,"_bbp_reply_count_hidden":0,"_bbp_forum_subforum_count":0,"site-sidebar-layout":"default","site-content-layout":"","ast-site-content-layout":"","site-content-style":"default","site-sidebar-style":"default","ast-global-header-display":"","ast-banner-title-visibility":"","ast-main-header-display":"","ast-hfb-above-header-display":"","ast-hfb-below-header-display":"","ast-hfb-mobile-header-display":"","site-post-title":"","ast-breadcrumbs-content":"","ast-featured-img":"","footer-sml-layout":"","theme-transparent-header-meta":"","adv-header-id-meta":"","stick-header-meta":"","header-above-stick-meta":"","header-main-stick-meta":"","header-below-stick-meta":"","astra-migrate-meta-layouts":"default","ast-page-background-enabled":"default","ast-page-background-meta":{"desktop":{"background-color":"var(--ast-global-color-4)","background-image":"","background-repeat":"repeat","background-position":"center center","background-size":"auto","background-attachment":"scroll","background-type":"","background-media":"","overlay-type":"","overlay-color":"","overlay-opacity":"","overlay-gradient":""},"tablet":{"background-color":"","background-image":"","background-repeat":"repeat","background-position":"center center","background-size":"auto","background-attachment":"scroll","background-type":"","background-media":"","overlay-type":"","overlay-color":"","overlay-opacity":"","overlay-gradient":""},"mobile":{"background-color":"","background-image":"","background-repeat":"repeat","background-position":"center center","background-size":"auto","background-attachment":"scroll","background-type":"","background-media":"","overlay-type":"","overlay-color":"","overlay-opacity":"","overlay-gradient":""}},"ast-content-background-meta":{"desktop":{"background-color":"var(--ast-global-color-5)","background-image":"","background-repeat":"repeat","background-position":"center center","background-size":"auto","background-attachment":"scroll","background-type":"","background-media":"","overlay-type":"","overlay-color":"","overlay-opacity":"","overlay-gradient":""},"tablet":{"background-color":"var(--ast-global-color-5)","background-image":"","background-repeat":"repeat","background-position":"center center","background-size":"auto","background-attachment":"scroll","background-type":"","background-media":"","overlay-type":"","overlay-color":"","overlay-opacity":"","overlay-gradient":""},"mobile":{"background-color":"var(--ast-global-color-5)","background-image":"","background-repeat":"repeat","background-position":"center center","background-size":"auto","background-attachment":"scroll","background-type":"","background-media":"","overlay-type":"","overlay-color":"","overlay-opacity":"","overlay-gradient":""}},"footnotes":""},"class_list":["post-12652","page","type-page","status-publish","hentry"],"post_mailing_queue_ids":[],"_links":{"self":[{"href":"https:\/\/agora.xtec.cat\/ceip-torrojaimiret\/wp-json\/wp\/v2\/pages\/12652","targetHints":{"allow":["GET"]}}],"collection":[{"href":"https:\/\/agora.xtec.cat\/ceip-torrojaimiret\/wp-json\/wp\/v2\/pages"}],"about":[{"href":"https:\/\/agora.xtec.cat\/ceip-torrojaimiret\/wp-json\/wp\/v2\/types\/page"}],"author":[{"embeddable":true,"href":"https:\/\/agora.xtec.cat\/ceip-torrojaimiret\/wp-json\/wp\/v2\/users\/37"}],"replies":[{"embeddable":true,"href":"https:\/\/agora.xtec.cat\/ceip-torrojaimiret\/wp-json\/wp\/v2\/comments?post=12652"}],"version-history":[{"count":4,"href":"https:\/\/agora.xtec.cat\/ceip-torrojaimiret\/wp-json\/wp\/v2\/pages\/12652\/revisions"}],"predecessor-version":[{"id":13025,"href":"https:\/\/agora.xtec.cat\/ceip-torrojaimiret\/wp-json\/wp\/v2\/pages\/12652\/revisions\/13025"}],"up":[{"embeddable":true,"href":"https:\/\/agora.xtec.cat\/ceip-torrojaimiret\/wp-json\/wp\/v2\/pages\/12636"}],"wp:attachment":[{"href":"https:\/\/agora.xtec.cat\/ceip-torrojaimiret\/wp-json\/wp\/v2\/media?parent=12652"}],"curies":[{"name":"wp","href":"https:\/\/api.w.org\/{rel}","templated":true}]}}