{"id":1244,"date":"2012-03-26T15:42:52","date_gmt":"2012-03-26T14:42:52","guid":{"rendered":"http:\/\/blocs.xtec.cat\/ceiptorrojaimiret\/?page_id=1244"},"modified":"2012-03-26T15:42:52","modified_gmt":"2012-03-26T14:42:52","slug":"historia","status":"publish","type":"page","link":"https:\/\/agora.xtec.cat\/ceip-torrojaimiret\/historia\/","title":{"rendered":"Hist\u00f2ria"},"content":{"rendered":"<p>L&#8217;Escola Antoni Torroja i Miret \u00e9s va crear al municipi de Vila-seca a l&#8217;any 1965. Porta el nom d&#8217;Antoni Torroja i Miret en mem\u00f2ria d&#8217;aquest il\u00b7lustre doctor, fill predilecte del poble, que va arribar a ser rector de la Universitat de Barcelona.<\/p>\n<p>L&#8217;escola gaudeix d&#8217;una bona orientaci\u00f3 amb molta llum durant tot el dia, aules de grans dimensions amb molt espai per desenvolupar activitats variades, distribuci\u00f3 de les aules en edificis diferents per ubicar diferents espais de treball i diversitat d&#8217;oferta formativa. En aquest sentit es pot assenyalar: aules d&#8217;idiomes, psicomotricitat, aula de m\u00fasica, suport, biblioteca, audiovisuals, ludoteca, inform\u00e0tica, menjador, aula d&#8217;acollida, aula de ci\u00e8ncies, un laboratori-museu&#8230;<a href=\"http:\/\/bloctorrojaimiret.files.wordpress.com\/2011\/10\/img_0024.jpg\"><br \/>\n<\/a><a href=\"http:\/\/bloctorrojaimiret.files.wordpress.com\/2011\/10\/img_0024.jpg\"><br \/>\n<\/a>Actualment l&#8217;Escola col\u00b7labora amb diferents projectes socials i culturals del poble. Alguns d&#8217;aquestos projectes m\u00e9s significatius s\u00f3n els de participaci\u00f3 al Pla d&#8217;Entorn, els de col\u00b7laboraci\u00f3 amb la Biblioteca Municipal a trav\u00e9s de l&#8217;estimulaci\u00f3 de la lectura o amb el Conservatori amb la promoci\u00f3 de la m\u00fasica.<\/p>\n<p>En tots aquests anys l&#8217;Escola ha estat guardonada amb diversos premis, Baldiri Reixach, premi d&#8217;innovaci\u00f3 educativa del Departament d&#8217;Educaci\u00f3, els premi Sambori de l&#8217;Omniom Cultural&#8230; i ha experimentat noves metodologies que despr\u00e9s s&#8217;han implantat en altres escoles. Actualment s&#8217;apliquen Projectes d&#8217;Innovaci\u00f3 per fomentar valors de conviv\u00e8ncia i de coeducaci\u00f3, el treball per projectes, el Pla experimental de lleng\u00fces estrangeres (angl\u00e8s), un pla d&#8217;immersi\u00f3 ling\u00fc\u00edstica (catal\u00e0), el programa d&#8217;Escola Verda, el programa SI (Salut Integral) i altres programes de Noves Tecnologies (\u00fas de pissarres digitals a les aules) com projectes innovadors que destaquen pel seu inter\u00e8s pedag\u00f2gic en el panorama educatiu. Tamb\u00e9 es porten a terme moltes activitats de col\u00b7laboraci\u00f3 familiar com el Projecte Vincles d&#8217;Educaci\u00f3 Emocional, pares-mares d&#8217;enlla\u00e7&#8230; A m\u00e9s l&#8217;escola participa, des de fa bastants anys, en el Pla Educatiu d&#8217;Entorn de Vila-seca que col\u00b7labora amb l&#8217;Ajuntament i altres entitats municipals com la Biblioteca, el Conservatori &#8230;<\/p>\n<p>&nbsp;<\/p>\n<p><strong>La nostra situaci\u00f3:<br \/>\n<\/strong><\/p>\n<p>Escola Antoni Torroja i Miret<br \/>\nCarrer Tarragona, 9.<br \/>\nVila-seca. CP 43480<br \/>\nTarragona<\/p>\n","protected":false},"excerpt":{"rendered":"<p>L&#8217;Escola Antoni Torroja i Miret \u00e9s va crear al municipi de Vila-seca a l&#8217;any 1965. Porta el nom d&#8217;Antoni Torroja i Miret en mem\u00f2ria d&#8217;aquest il\u00b7lustre doctor, fill predilecte del poble, que va arribar a ser rector de la Universitat de Barcelona. L&#8217;escola gaudeix d&#8217;una bona orientaci\u00f3 amb molta llum durant tot el dia, aules [&hellip;]<\/p>\n","protected":false},"author":1,"featured_media":0,"parent":0,"menu_order":0,"comment_status":"open","ping_status":"open","template":"","meta":{"_bbp_topic_count":0,"_bbp_reply_count":0,"_bbp_total_topic_count":0,"_bbp_total_reply_count":0,"_bbp_voice_count":0,"_bbp_anonymous_reply_count":0,"_bbp_topic_count_hidden":0,"_bbp_reply_count_hidden":0,"_bbp_forum_subforum_count":0,"site-sidebar-layout":"default","site-content-layout":"","ast-site-content-layout":"","site-content-style":"default","site-sidebar-style":"default","ast-global-header-display":"","ast-banner-title-visibility":"","ast-main-header-display":"","ast-hfb-above-header-display":"","ast-hfb-below-header-display":"","ast-hfb-mobile-header-display":"","site-post-title":"","ast-breadcrumbs-content":"","ast-featured-img":"","footer-sml-layout":"","theme-transparent-header-meta":"","adv-header-id-meta":"","stick-header-meta":"","header-above-stick-meta":"","header-main-stick-meta":"","header-below-stick-meta":"","astra-migrate-meta-layouts":"default","ast-page-background-enabled":"default","ast-page-background-meta":{"desktop":{"background-color":"var(--ast-global-color-4)","background-image":"","background-repeat":"repeat","background-position":"center center","background-size":"auto","background-attachment":"scroll","background-type":"","background-media":"","overlay-type":"","overlay-color":"","overlay-opacity":"","overlay-gradient":""},"tablet":{"background-color":"","background-image":"","background-repeat":"repeat","background-position":"center center","background-size":"auto","background-attachment":"scroll","background-type":"","background-media":"","overlay-type":"","overlay-color":"","overlay-opacity":"","overlay-gradient":""},"mobile":{"background-color":"","background-image":"","background-repeat":"repeat","background-position":"center center","background-size":"auto","background-attachment":"scroll","background-type":"","background-media":"","overlay-type":"","overlay-color":"","overlay-opacity":"","overlay-gradient":""}},"ast-content-background-meta":{"desktop":{"background-color":"var(--ast-global-color-5)","background-image":"","background-repeat":"repeat","background-position":"center center","background-size":"auto","background-attachment":"scroll","background-type":"","background-media":"","overlay-type":"","overlay-color":"","overlay-opacity":"","overlay-gradient":""},"tablet":{"background-color":"var(--ast-global-color-5)","background-image":"","background-repeat":"repeat","background-position":"center center","background-size":"auto","background-attachment":"scroll","background-type":"","background-media":"","overlay-type":"","overlay-color":"","overlay-opacity":"","overlay-gradient":""},"mobile":{"background-color":"var(--ast-global-color-5)","background-image":"","background-repeat":"repeat","background-position":"center center","background-size":"auto","background-attachment":"scroll","background-type":"","background-media":"","overlay-type":"","overlay-color":"","overlay-opacity":"","overlay-gradient":""}},"footnotes":""},"class_list":["post-1244","page","type-page","status-publish","hentry"],"post_mailing_queue_ids":[],"_links":{"self":[{"href":"https:\/\/agora.xtec.cat\/ceip-torrojaimiret\/wp-json\/wp\/v2\/pages\/1244","targetHints":{"allow":["GET"]}}],"collection":[{"href":"https:\/\/agora.xtec.cat\/ceip-torrojaimiret\/wp-json\/wp\/v2\/pages"}],"about":[{"href":"https:\/\/agora.xtec.cat\/ceip-torrojaimiret\/wp-json\/wp\/v2\/types\/page"}],"author":[{"embeddable":true,"href":"https:\/\/agora.xtec.cat\/ceip-torrojaimiret\/wp-json\/wp\/v2\/users\/1"}],"replies":[{"embeddable":true,"href":"https:\/\/agora.xtec.cat\/ceip-torrojaimiret\/wp-json\/wp\/v2\/comments?post=1244"}],"version-history":[{"count":0,"href":"https:\/\/agora.xtec.cat\/ceip-torrojaimiret\/wp-json\/wp\/v2\/pages\/1244\/revisions"}],"wp:attachment":[{"href":"https:\/\/agora.xtec.cat\/ceip-torrojaimiret\/wp-json\/wp\/v2\/media?parent=1244"}],"curies":[{"name":"wp","href":"https:\/\/api.w.org\/{rel}","templated":true}]}}