{"id":10667,"date":"2018-09-18T16:04:17","date_gmt":"2018-09-18T14:04:17","guid":{"rendered":"http:\/\/agora.xtec.cat\/ceip-torrojaimiret\/?page_id=10667"},"modified":"2023-11-28T12:35:22","modified_gmt":"2023-11-28T11:35:22","slug":"projecte-erasmus","status":"publish","type":"page","link":"https:\/\/agora.xtec.cat\/ceip-torrojaimiret\/projecte-educatiu-2\/projectes\/projecte-erasmus\/","title":{"rendered":"j) Projecte Erasmus+ (2018-2020)"},"content":{"rendered":"<p><img loading=\"lazy\" decoding=\"async\" class=\"size-full wp-image-10669 alignright\" src=\"http:\/\/agora.xtec.cat\/ceip-torrojaimiret\/wp-content\/uploads\/usu1688\/2018\/09\/image.png\" alt=\"\" width=\"421\" height=\"120\" srcset=\"https:\/\/agora.xtec.cat\/ceip-torrojaimiret\/wp-content\/uploads\/usu1688\/2018\/09\/image.png 421w, https:\/\/agora.xtec.cat\/ceip-torrojaimiret\/wp-content\/uploads\/usu1688\/2018\/09\/image-300x86.png 300w\" sizes=\"auto, (max-width: 421px) 100vw, 421px\" \/>Amb el Projecte \u201cAprenentatge actiu i global per arribar a ser ciutadans competents\u201d, la nostra escola participa en el Programa Europeu Erasmus+. Durant aquest curs i el seg\u00fcent es col\u00b7laborar\u00e0 amb escoles europees de diferents pa\u00efsos compartint experi\u00e8ncies i aprenentatges. Al mateix temps el professorat del nostre centre es formar\u00e0 en metodologies innovadores a Irlanda i Regne Unit per aplicar t\u00e8cniques actuals i funcionals en l\u2019ensenyament-aprenentatge CLIL en llengua anglesa.<\/p>\n<h5><strong><a href=\"http:\/\/agora.xtec.cat\/ceip-torrojaimiret\/general\/primera-mobilitat-irlanda\/\">Primera mobilitat (Irlanda)<\/a><\/strong><\/h5>\n<h5><strong><a href=\"http:\/\/agora.xtec.cat\/ceip-torrojaimiret\/general\/segona-mobilitat-job-shadowing-a-polonia\/\">Segona mobilitat (Pol\u00f2nia)<\/a><\/strong><\/h5>\n<h5><strong><a href=\"http:\/\/agora.xtec.cat\/ceip-torrojaimiret\/general\/tercera-mobilitat-irlanda-dublin\/\">Tercera mobilitat (Irlanda)<\/a><\/strong><\/h5>\n<h5><a href=\"https:\/\/agora.xtec.cat\/ceip-torrojaimiret\/general\/quarta-mobilitat-irlanda-dublin\/\" target=\"_blank\" rel=\"noopener\">Tercera mobilitat bis (Irlanda)<\/a><\/h5>\n<h5><strong><a href=\"https:\/\/agora.xtec.cat\/ceip-torrojaimiret\/general\/quarta-mobilitat-job-shadowing-a-londres\/\">Quarta mobilitat (Anglaterra)<\/a><\/strong><\/h5>\n<figure id=\"attachment_12932\" aria-describedby=\"caption-attachment-12932\" style=\"width: 297px\" class=\"wp-caption alignleft\"><a href=\"https:\/\/agora.xtec.cat\/ceip-torrojaimiret\/wp-content\/uploads\/usu1688\/2020\/03\/46493592_2335157413371838_7160443796558184448_n.jpg\"><img loading=\"lazy\" decoding=\"async\" class=\"wp-image-12932\" src=\"https:\/\/agora.xtec.cat\/ceip-torrojaimiret\/wp-content\/uploads\/usu1688\/2020\/03\/46493592_2335157413371838_7160443796558184448_n.jpg\" alt=\"\" width=\"297\" height=\"199\" srcset=\"https:\/\/agora.xtec.cat\/ceip-torrojaimiret\/wp-content\/uploads\/usu1688\/2020\/03\/46493592_2335157413371838_7160443796558184448_n.jpg 960w, https:\/\/agora.xtec.cat\/ceip-torrojaimiret\/wp-content\/uploads\/usu1688\/2020\/03\/46493592_2335157413371838_7160443796558184448_n-300x201.jpg 300w, https:\/\/agora.xtec.cat\/ceip-torrojaimiret\/wp-content\/uploads\/usu1688\/2020\/03\/46493592_2335157413371838_7160443796558184448_n-768x514.jpg 768w\" sizes=\"auto, (max-width: 297px) 100vw, 297px\" \/><\/a><figcaption id=\"caption-attachment-12932\" class=\"wp-caption-text\">Trobada Erasmus a Vila-seca<\/figcaption><\/figure>\n<p>&nbsp;<\/p>\n<p>&nbsp;<\/p>\n<p>&nbsp;<\/p>\n<p>&nbsp;<\/p>\n<p>&nbsp;<\/p>\n<p>&nbsp;<\/p>\n","protected":false},"excerpt":{"rendered":"<p>Amb el Projecte \u201cAprenentatge actiu i global per arribar a ser ciutadans competents\u201d, la nostra escola participa en el Programa Europeu Erasmus+. Durant aquest curs i el seg\u00fcent es col\u00b7laborar\u00e0 amb escoles europees de diferents pa\u00efsos compartint experi\u00e8ncies i aprenentatges. Al mateix temps el professorat del nostre centre es formar\u00e0 en metodologies innovadores a Irlanda [&hellip;]<\/p>\n","protected":false},"author":37,"featured_media":0,"parent":1266,"menu_order":10,"comment_status":"closed","ping_status":"closed","template":"page-templates\/side-menu.php","meta":{"_bbp_topic_count":0,"_bbp_reply_count":0,"_bbp_total_topic_count":0,"_bbp_total_reply_count":0,"_bbp_voice_count":0,"_bbp_anonymous_reply_count":0,"_bbp_topic_count_hidden":0,"_bbp_reply_count_hidden":0,"_bbp_forum_subforum_count":0,"site-sidebar-layout":"default","site-content-layout":"","ast-site-content-layout":"","site-content-style":"default","site-sidebar-style":"default","ast-global-header-display":"","ast-banner-title-visibility":"","ast-main-header-display":"","ast-hfb-above-header-display":"","ast-hfb-below-header-display":"","ast-hfb-mobile-header-display":"","site-post-title":"","ast-breadcrumbs-content":"","ast-featured-img":"","footer-sml-layout":"","theme-transparent-header-meta":"","adv-header-id-meta":"","stick-header-meta":"","header-above-stick-meta":"","header-main-stick-meta":"","header-below-stick-meta":"","astra-migrate-meta-layouts":"default","ast-page-background-enabled":"default","ast-page-background-meta":{"desktop":{"background-color":"var(--ast-global-color-4)","background-image":"","background-repeat":"repeat","background-position":"center center","background-size":"auto","background-attachment":"scroll","background-type":"","background-media":"","overlay-type":"","overlay-color":"","overlay-opacity":"","overlay-gradient":""},"tablet":{"background-color":"","background-image":"","background-repeat":"repeat","background-position":"center center","background-size":"auto","background-attachment":"scroll","background-type":"","background-media":"","overlay-type":"","overlay-color":"","overlay-opacity":"","overlay-gradient":""},"mobile":{"background-color":"","background-image":"","background-repeat":"repeat","background-position":"center center","background-size":"auto","background-attachment":"scroll","background-type":"","background-media":"","overlay-type":"","overlay-color":"","overlay-opacity":"","overlay-gradient":""}},"ast-content-background-meta":{"desktop":{"background-color":"var(--ast-global-color-5)","background-image":"","background-repeat":"repeat","background-position":"center center","background-size":"auto","background-attachment":"scroll","background-type":"","background-media":"","overlay-type":"","overlay-color":"","overlay-opacity":"","overlay-gradient":""},"tablet":{"background-color":"var(--ast-global-color-5)","background-image":"","background-repeat":"repeat","background-position":"center center","background-size":"auto","background-attachment":"scroll","background-type":"","background-media":"","overlay-type":"","overlay-color":"","overlay-opacity":"","overlay-gradient":""},"mobile":{"background-color":"var(--ast-global-color-5)","background-image":"","background-repeat":"repeat","background-position":"center center","background-size":"auto","background-attachment":"scroll","background-type":"","background-media":"","overlay-type":"","overlay-color":"","overlay-opacity":"","overlay-gradient":""}},"footnotes":""},"class_list":["post-10667","page","type-page","status-publish","hentry"],"post_mailing_queue_ids":[],"_links":{"self":[{"href":"https:\/\/agora.xtec.cat\/ceip-torrojaimiret\/wp-json\/wp\/v2\/pages\/10667","targetHints":{"allow":["GET"]}}],"collection":[{"href":"https:\/\/agora.xtec.cat\/ceip-torrojaimiret\/wp-json\/wp\/v2\/pages"}],"about":[{"href":"https:\/\/agora.xtec.cat\/ceip-torrojaimiret\/wp-json\/wp\/v2\/types\/page"}],"author":[{"embeddable":true,"href":"https:\/\/agora.xtec.cat\/ceip-torrojaimiret\/wp-json\/wp\/v2\/users\/37"}],"replies":[{"embeddable":true,"href":"https:\/\/agora.xtec.cat\/ceip-torrojaimiret\/wp-json\/wp\/v2\/comments?post=10667"}],"version-history":[{"count":6,"href":"https:\/\/agora.xtec.cat\/ceip-torrojaimiret\/wp-json\/wp\/v2\/pages\/10667\/revisions"}],"predecessor-version":[{"id":10688,"href":"https:\/\/agora.xtec.cat\/ceip-torrojaimiret\/wp-json\/wp\/v2\/pages\/10667\/revisions\/10688"}],"up":[{"embeddable":true,"href":"https:\/\/agora.xtec.cat\/ceip-torrojaimiret\/wp-json\/wp\/v2\/pages\/1266"}],"wp:attachment":[{"href":"https:\/\/agora.xtec.cat\/ceip-torrojaimiret\/wp-json\/wp\/v2\/media?parent=10667"}],"curies":[{"name":"wp","href":"https:\/\/api.w.org\/{rel}","templated":true}]}}