{"id":84,"date":"2014-09-18T14:11:31","date_gmt":"2014-09-18T13:11:31","guid":{"rendered":"http:\/\/agora.xtec.cat\/ceip-torremiranda-cornella\/?page_id=84"},"modified":"2026-04-13T13:05:16","modified_gmt":"2026-04-13T11:05:16","slug":"activitats-extraescolars-2","status":"publish","type":"page","link":"https:\/\/agora.xtec.cat\/ceip-torremiranda-cornella\/menjador-escolar\/activitats-extraescolars-2\/","title":{"rendered":"Men\u00fa mensual"},"content":{"rendered":"<p><img loading=\"lazy\" decoding=\"async\" class=\"aligncenter wp-image-22300\" src=\"https:\/\/agora.xtec.cat\/ceip-torremiranda-cornella\/wp-content\/uploads\/usu62\/2025\/09\/MARKET-724x1024.jpg\" alt=\"\" width=\"323\" height=\"457\" srcset=\"https:\/\/agora.xtec.cat\/ceip-torremiranda-cornella\/wp-content\/uploads\/usu62\/2025\/09\/MARKET-724x1024.jpg 724w, https:\/\/agora.xtec.cat\/ceip-torremiranda-cornella\/wp-content\/uploads\/usu62\/2025\/09\/MARKET-212x300.jpg 212w, https:\/\/agora.xtec.cat\/ceip-torremiranda-cornella\/wp-content\/uploads\/usu62\/2025\/09\/MARKET-768x1086.jpg 768w, https:\/\/agora.xtec.cat\/ceip-torremiranda-cornella\/wp-content\/uploads\/usu62\/2025\/09\/MARKET-1086x1536.jpg 1086w, https:\/\/agora.xtec.cat\/ceip-torremiranda-cornella\/wp-content\/uploads\/usu62\/2025\/09\/MARKET-1448x2048.jpg 1448w, https:\/\/agora.xtec.cat\/ceip-torremiranda-cornella\/wp-content\/uploads\/usu62\/2025\/09\/MARKET.jpg 1587w\" sizes=\"auto, (max-width: 323px) 100vw, 323px\" \/><\/p>\n<p>\ud83c\udd82\ud83c\udd74\ud83c\udd83\ud83c\udd74\ud83c\udd7c\ud83c\udd71\ud83c\udd81\ud83c\udd74<\/p>\n<p><a href=\"https:\/\/drive.google.com\/file\/d\/1MeTYQDPzWAjXYfzUfpMGImqyLhY3xGo-\/view?usp=sharing\">Men\u00fa Halal<\/a><\/p>\n<p><a href=\"https:\/\/drive.google.com\/file\/d\/1hlFEVGDQS1iD9fbAVEFfhIcUTNf6l7RZ\/view?usp=sharing\">Men\u00fa Basal<\/a><\/p>\n<p>\ud83c\udd7e\ud83c\udd72\ud83c\udd83\ud83c\udd84\ud83c\udd71\ud83c\udd81\ud83c\udd74<\/p>\n<p><a href=\"https:\/\/drive.google.com\/file\/d\/16NDuUES9Rvygfky9Wx-yjiVqL4htkoz9\/view?usp=sharing\">Men\u00fa Halal<\/a><\/p>\n<p><a href=\"https:\/\/drive.google.com\/file\/d\/1qb5_RM7bXJiqrg-PWCAVlzzEMUwZLsv8\/view?usp=sharing\">Men\u00fa Basal<\/a><\/p>\n<p>\ud83c\udd7d\ud83c\udd7e\ud83c\udd85\ud83c\udd74\ud83c\udd7c\ud83c\udd71\ud83c\udd81\ud83c\udd74<\/p>\n<p><a href=\"https:\/\/drive.google.com\/file\/d\/1BVIonrrKEcmXFagcUdlWpVu_LvdGz1BR\/view?usp=sharing\">Men\u00fa Halal<\/a><\/p>\n<p><a href=\"https:\/\/drive.google.com\/file\/d\/1nNwI4WDoRXHoYy0Z2E2eh48jFwEo5Ld9\/view?usp=sharing\">Men\u00fa Basal<\/a><\/p>\n<p>\ud83c\udd73\ud83c\udd74\ud83c\udd82\ud83c\udd74\ud83c\udd7c\ud83c\udd71\ud83c\udd81\ud83c\udd74<\/p>\n<p><a href=\"https:\/\/drive.google.com\/file\/d\/18E2lWc1P-e2qCBIvrZx5Vltse5V5-H4u\/view?usp=drive_link\">Men\u00fa Halal<\/a><\/p>\n<p><a href=\"https:\/\/drive.google.com\/file\/d\/1h4uDzYmQ2UnzveGWlf_tLVSLij7l6mKP\/view?usp=drive_link\">Men\u00fa Basal<\/a><\/p>\n<p>\ud83c\udd76\ud83c\udd74\ud83c\udd7d\ud83c\udd74\ud83c\udd81<\/p>\n<p><a href=\"https:\/\/drive.google.com\/file\/d\/1BAwGdBWTa_QizhC1DwcJhmV6AIC9oAwU\/view?usp=drive_link\">Men\u00fa Halal<\/a><\/p>\n<p><a href=\"https:\/\/drive.google.com\/file\/d\/1x_eWI-ffPq0GdeWKS-hMq7HUqlG_vYOS\/view?usp=drive_link\">Men\u00fa Basal<\/a><\/p>\n<p>\ud83c\udd75\ud83c\udd74\ud83c\udd71\ud83c\udd81\ud83c\udd74\ud83c\udd81<\/p>\n<p><a href=\"https:\/\/drive.google.com\/file\/d\/1-l6whrNc2lc66z0taIfLg0sFqHsycYGR\/view?usp=drive_link\">Men\u00fa Halal<\/a><\/p>\n<p><a href=\"https:\/\/drive.google.com\/file\/d\/1rRVFDKFMMlt3_fOW8VV5YEFCZMG3zhW1\/view?usp=drive_link\">Men\u00fa Basal<\/a><\/p>\n<p>\ud83c\udd7c\ud83c\udd70\ud83c\udd81\u00c7<\/p>\n<p><a href=\"https:\/\/drive.google.com\/file\/d\/1a0XkITTtmnF08Lm1CaXrSNxSHndWkWSq\/view?usp=drive_link\">Men\u00fa Halal<\/a><\/p>\n<p><a href=\"https:\/\/drive.google.com\/file\/d\/1zf64DY5QHuRni0aarJ-BekDIvGD-iNF4\/view?usp=drive_link\">Men\u00fa basal<\/a><\/p>\n<p>\ud83c\udd70\ud83c\udd71\ud83c\udd81\ud83c\udd78\ud83c\udd7b<\/p>\n<p><a href=\"https:\/\/drive.google.com\/file\/d\/1PsP7Dxl1myL6jtHI062CtmaD8uv_64WW\/view?usp=drive_link\">Men\u00fa Halal<\/a><\/p>\n<p><a href=\"https:\/\/drive.google.com\/file\/d\/1vYQu_AeMBtnmctLbIKqi_3j6Tz6SqrgV\/view?usp=drive_link\">Men\u00fa Basal<\/a><\/p>\n<p>\ud83c\udd7c\ud83c\udd70\ud83c\udd78\ud83c\udd76<\/p>\n<p>\ud83c\udd79\ud83c\udd84\ud83c\udd7d\ud83c\udd88<\/p>\n<p><a href=\"https:\/\/agora.xtec.cat\/ceip-torremiranda-cornella\/wp-content\/uploads\/usu62\/2023\/09\/CURS-2023-2024-1.jpg\"><br \/>\n<img loading=\"lazy\" decoding=\"async\" class=\"wp-image-20919 aligncenter\" src=\"https:\/\/agora.xtec.cat\/ceip-torremiranda-cornella\/wp-content\/uploads\/usu62\/2023\/09\/CURS-2023-2024-1.jpg\" alt=\"\" width=\"509\" height=\"360\" srcset=\"https:\/\/agora.xtec.cat\/ceip-torremiranda-cornella\/wp-content\/uploads\/usu62\/2023\/09\/CURS-2023-2024-1.jpg 2000w, https:\/\/agora.xtec.cat\/ceip-torremiranda-cornella\/wp-content\/uploads\/usu62\/2023\/09\/CURS-2023-2024-1-300x212.jpg 300w, https:\/\/agora.xtec.cat\/ceip-torremiranda-cornella\/wp-content\/uploads\/usu62\/2023\/09\/CURS-2023-2024-1-1024x724.jpg 1024w, https:\/\/agora.xtec.cat\/ceip-torremiranda-cornella\/wp-content\/uploads\/usu62\/2023\/09\/CURS-2023-2024-1-768x543.jpg 768w, https:\/\/agora.xtec.cat\/ceip-torremiranda-cornella\/wp-content\/uploads\/usu62\/2023\/09\/CURS-2023-2024-1-1536x1086.jpg 1536w\" sizes=\"auto, (max-width: 509px) 100vw, 509px\" \/><\/a><\/p>\n","protected":false},"excerpt":{"rendered":"<p>\ud83c\udd82\ud83c\udd74\ud83c\udd83\ud83c\udd74\ud83c\udd7c\ud83c\udd71\ud83c\udd81\ud83c\udd74 Men\u00fa Halal Men\u00fa Basal \ud83c\udd7e\ud83c\udd72\ud83c\udd83\ud83c\udd84\ud83c\udd71\ud83c\udd81\ud83c\udd74 Men\u00fa Halal Men\u00fa Basal \ud83c\udd7d\ud83c\udd7e\ud83c\udd85\ud83c\udd74\ud83c\udd7c\ud83c\udd71\ud83c\udd81\ud83c\udd74 Men\u00fa Halal Men\u00fa Basal \ud83c\udd73\ud83c\udd74\ud83c\udd82\ud83c\udd74\ud83c\udd7c\ud83c\udd71\ud83c\udd81\ud83c\udd74 Men\u00fa Halal Men\u00fa Basal \ud83c\udd76\ud83c\udd74\ud83c\udd7d\ud83c\udd74\ud83c\udd81 Men\u00fa Halal Men\u00fa Basal \ud83c\udd75\ud83c\udd74\ud83c\udd71\ud83c\udd81\ud83c\udd74\ud83c\udd81 Men\u00fa Halal Men\u00fa Basal \ud83c\udd7c\ud83c\udd70\ud83c\udd81\u00c7 Men\u00fa Halal Men\u00fa basal \ud83c\udd70\ud83c\udd71\ud83c\udd81\ud83c\udd78\ud83c\udd7b Men\u00fa Halal Men\u00fa Basal \ud83c\udd7c\ud83c\udd70\ud83c\udd78\ud83c\udd76 \ud83c\udd79\ud83c\udd84\ud83c\udd7d\ud83c\udd88<\/p>\n","protected":false},"author":1,"featured_media":0,"parent":73,"menu_order":0,"comment_status":"closed","ping_status":"closed","template":"","meta":{"_bbp_topic_count":0,"_bbp_reply_count":0,"_bbp_total_topic_count":0,"_bbp_total_reply_count":0,"_bbp_voice_count":0,"_bbp_anonymous_reply_count":0,"_bbp_topic_count_hidden":0,"_bbp_reply_count_hidden":0,"_bbp_forum_subforum_count":0,"site-sidebar-layout":"default","site-content-layout":"","ast-site-content-layout":"default","site-content-style":"default","site-sidebar-style":"default","ast-global-header-display":"","ast-banner-title-visibility":"","ast-main-header-display":"","ast-hfb-above-header-display":"","ast-hfb-below-header-display":"","ast-hfb-mobile-header-display":"","site-post-title":"","ast-breadcrumbs-content":"","ast-featured-img":"","footer-sml-layout":"","theme-transparent-header-meta":"","adv-header-id-meta":"","stick-header-meta":"","header-above-stick-meta":"","header-main-stick-meta":"","header-below-stick-meta":"","astra-migrate-meta-layouts":"set","ast-page-background-enabled":"default","ast-page-background-meta":{"desktop":{"background-color":"var(--ast-global-color-4)","background-image":"","background-repeat":"repeat","background-position":"center center","background-size":"auto","background-attachment":"scroll","background-type":"","background-media":"","overlay-type":"","overlay-color":"","overlay-opacity":"","overlay-gradient":""},"tablet":{"background-color":"","background-image":"","background-repeat":"repeat","background-position":"center center","background-size":"auto","background-attachment":"scroll","background-type":"","background-media":"","overlay-type":"","overlay-color":"","overlay-opacity":"","overlay-gradient":""},"mobile":{"background-color":"","background-image":"","background-repeat":"repeat","background-position":"center center","background-size":"auto","background-attachment":"scroll","background-type":"","background-media":"","overlay-type":"","overlay-color":"","overlay-opacity":"","overlay-gradient":""}},"ast-content-background-meta":{"desktop":{"background-color":"var(--ast-global-color-5)","background-image":"","background-repeat":"repeat","background-position":"center center","background-size":"auto","background-attachment":"scroll","background-type":"","background-media":"","overlay-type":"","overlay-color":"","overlay-opacity":"","overlay-gradient":""},"tablet":{"background-color":"var(--ast-global-color-5)","background-image":"","background-repeat":"repeat","background-position":"center center","background-size":"auto","background-attachment":"scroll","background-type":"","background-media":"","overlay-type":"","overlay-color":"","overlay-opacity":"","overlay-gradient":""},"mobile":{"background-color":"var(--ast-global-color-5)","background-image":"","background-repeat":"repeat","background-position":"center center","background-size":"auto","background-attachment":"scroll","background-type":"","background-media":"","overlay-type":"","overlay-color":"","overlay-opacity":"","overlay-gradient":""}},"footnotes":""},"class_list":["post-84","page","type-page","status-publish","hentry"],"post_mailing_queue_ids":[],"_links":{"self":[{"href":"https:\/\/agora.xtec.cat\/ceip-torremiranda-cornella\/wp-json\/wp\/v2\/pages\/84","targetHints":{"allow":["GET"]}}],"collection":[{"href":"https:\/\/agora.xtec.cat\/ceip-torremiranda-cornella\/wp-json\/wp\/v2\/pages"}],"about":[{"href":"https:\/\/agora.xtec.cat\/ceip-torremiranda-cornella\/wp-json\/wp\/v2\/types\/page"}],"author":[{"embeddable":true,"href":"https:\/\/agora.xtec.cat\/ceip-torremiranda-cornella\/wp-json\/wp\/v2\/users\/1"}],"replies":[{"embeddable":true,"href":"https:\/\/agora.xtec.cat\/ceip-torremiranda-cornella\/wp-json\/wp\/v2\/comments?post=84"}],"version-history":[{"count":6,"href":"https:\/\/agora.xtec.cat\/ceip-torremiranda-cornella\/wp-json\/wp\/v2\/pages\/84\/revisions"}],"predecessor-version":[{"id":22751,"href":"https:\/\/agora.xtec.cat\/ceip-torremiranda-cornella\/wp-json\/wp\/v2\/pages\/84\/revisions\/22751"}],"up":[{"embeddable":true,"href":"https:\/\/agora.xtec.cat\/ceip-torremiranda-cornella\/wp-json\/wp\/v2\/pages\/73"}],"wp:attachment":[{"href":"https:\/\/agora.xtec.cat\/ceip-torremiranda-cornella\/wp-json\/wp\/v2\/media?parent=84"}],"curies":[{"name":"wp","href":"https:\/\/api.w.org\/{rel}","templated":true}]}}