{"id":73,"date":"2014-09-18T14:01:51","date_gmt":"2014-09-18T13:01:51","guid":{"rendered":"http:\/\/agora.xtec.cat\/ceip-torremiranda-cornella\/?page_id=73"},"modified":"2026-02-02T14:04:16","modified_gmt":"2026-02-02T13:04:16","slug":"menjador-escolar","status":"publish","type":"page","link":"https:\/\/agora.xtec.cat\/ceip-torremiranda-cornella\/menjador-escolar\/","title":{"rendered":"Menjador"},"content":{"rendered":"<p><strong><span style=\"color: #800080;\"><a href=\"https:\/\/agora.xtec.cat\/ceip-torremiranda-cornella\/menjador-escolar\/attachment\/cartel-horizontal-cerrado-por-vacaciones-doodle-colorido-amarillo\/\" rel=\"attachment wp-att-20853\"><img loading=\"lazy\" decoding=\"async\" class=\"wp-image-20853 aligncenter\" src=\"https:\/\/agora.xtec.cat\/ceip-torremiranda-cornella\/wp-content\/uploads\/usu62\/2023\/07\/Cartel-Horizontal-Cerrado-por-Vacaciones-Doodle-Colorido-Amarillo-1024x724.png\" alt=\"\" width=\"370\" height=\"262\" srcset=\"https:\/\/agora.xtec.cat\/ceip-torremiranda-cornella\/wp-content\/uploads\/usu62\/2023\/07\/Cartel-Horizontal-Cerrado-por-Vacaciones-Doodle-Colorido-Amarillo-1024x724.png 1024w, https:\/\/agora.xtec.cat\/ceip-torremiranda-cornella\/wp-content\/uploads\/usu62\/2023\/07\/Cartel-Horizontal-Cerrado-por-Vacaciones-Doodle-Colorido-Amarillo-300x212.png 300w, https:\/\/agora.xtec.cat\/ceip-torremiranda-cornella\/wp-content\/uploads\/usu62\/2023\/07\/Cartel-Horizontal-Cerrado-por-Vacaciones-Doodle-Colorido-Amarillo-768x543.png 768w, https:\/\/agora.xtec.cat\/ceip-torremiranda-cornella\/wp-content\/uploads\/usu62\/2023\/07\/Cartel-Horizontal-Cerrado-por-Vacaciones-Doodle-Colorido-Amarillo-1536x1086.png 1536w, https:\/\/agora.xtec.cat\/ceip-torremiranda-cornella\/wp-content\/uploads\/usu62\/2023\/07\/Cartel-Horizontal-Cerrado-por-Vacaciones-Doodle-Colorido-Amarillo.png 2000w\" sizes=\"auto, (max-width: 370px) 100vw, 370px\" \/><\/a><\/span><\/strong><\/p>\n<p>Preparats pel nous curs 2025-2026!!<strong><span style=\"color: #800080;\"><a href=\"https:\/\/agora.xtec.cat\/ceip-torremiranda-cornella\/menjador-escolar\/attachment\/img-20250915-wa0007\/\" rel=\"attachment wp-att-22326\"><img loading=\"lazy\" decoding=\"async\" class=\"wp-image-22326 alignright\" src=\"https:\/\/agora.xtec.cat\/ceip-torremiranda-cornella\/wp-content\/uploads\/usu62\/2025\/09\/IMG-20250915-WA0007-768x1024.jpg\" alt=\"\" width=\"298\" height=\"398\" srcset=\"https:\/\/agora.xtec.cat\/ceip-torremiranda-cornella\/wp-content\/uploads\/usu62\/2025\/09\/IMG-20250915-WA0007-768x1024.jpg 768w, https:\/\/agora.xtec.cat\/ceip-torremiranda-cornella\/wp-content\/uploads\/usu62\/2025\/09\/IMG-20250915-WA0007-225x300.jpg 225w, https:\/\/agora.xtec.cat\/ceip-torremiranda-cornella\/wp-content\/uploads\/usu62\/2025\/09\/IMG-20250915-WA0007-1152x1536.jpg 1152w, https:\/\/agora.xtec.cat\/ceip-torremiranda-cornella\/wp-content\/uploads\/usu62\/2025\/09\/IMG-20250915-WA0007.jpg 1200w\" sizes=\"auto, (max-width: 298px) 100vw, 298px\" \/><\/a><\/span><\/strong><\/p>\n<p><strong><em>Encetarem un nou curs a la nostra escola amb la mateixa empenta i energia que sempre.<\/em><\/strong> Continuarem treballant sota els pilars b\u00e0sics que promou el nostre projecte educatiu:<\/p>\n<ul>\n<li style=\"list-style-type: none;\">\n<ul>\n<li>L&#8217; adquisici\u00f3 d&#8217;h\u00e0bits alimentaris de bona conducta.<\/li>\n<li>El foment d&#8217;una alimentaci\u00f3 equilibrada i variada.<\/li>\n<li>La transmissi\u00f3 d&#8217;uns valors educatius basats en el respecte, la cooperaci\u00f3 i la coeducaci\u00f3; i plasmats en activitats di\u00e0ries de diferent tipologia i adients a cada grup d&#8217; edat.<\/li>\n<\/ul>\n<\/li>\n<\/ul>\n<p>Com sempre la nostra l\u00ednia de treball seguir\u00e0 sent coordinada amb la direcci\u00f3 del centre per tal de donar un servei de qualitat en el nostre espai.<\/p>\n<p>Ens agrada treballar amb un equip de monitors i monitores consolidats en el sector, amb la qualificaci\u00f3 pertinent i que molts d&#8217;ells i d&#8217;elles ja fa molts anys que formen part de l&#8217;equip de l&#8217;escola, fent que coneguin als nostres infants com l&#8217;espai de l&#8217;escola. Un equip que treballa per a donar resposta a les necessitats de cada grup vetllant pel correcte funcionament aix\u00ed com la integraci\u00f3 i participaci\u00f3 de tots els infants en l&#8217;espai de menjador.<\/p>\n<p>Ens endinsem ja en aquest curs 2025-2026 programant les diferents activitats que es realitzaran dins l&#8217;espai de menjador, fomentant l&#8217;espai de lleure dirigit on impulsem els jocs de cooperaci\u00f3, jocs de taula que fomenten la concentraci\u00f3 com el pensament cr\u00edtic i la realitzaci\u00f3 de tallers mensuals que ajuden a millorar les seves habilitats psicomotores aix\u00ed com la pr\u00f2pia creativitat. Valors educatius que dia rere dia volem promoure.<\/p>\n<p>A trav\u00e9s d&#8217;Instagram podeu anar seguint tot el que anem fent! No us ho perdeu!!<\/p>\n<p><strong><a href=\"https:\/\/www.instagram.com\/trompitxol\/\" target=\"_blank\" rel=\"noopener noreferrer\">https:\/\/www.instagram.com\/trompitxol\/<\/a><\/strong><\/p>\n<h3 class=\"sc-primary-color\"><a href=\"https:\/\/agora.xtec.cat\/ceip-torremiranda-cornella\/menjador-escolar\/attachment\/cartel-horizontal-aviso-cerrado-tienda-scrapbook-colorido-1\/\" rel=\"attachment wp-att-20855\"><img loading=\"lazy\" decoding=\"async\" class=\"alignnone wp-image-20855\" src=\"https:\/\/agora.xtec.cat\/ceip-torremiranda-cornella\/wp-content\/uploads\/usu62\/2023\/07\/Cartel-Horizontal-Aviso-Cerrado-Tienda-Scrapbook-Colorido-1-1024x724.png\" alt=\"\" width=\"525\" height=\"371\" srcset=\"https:\/\/agora.xtec.cat\/ceip-torremiranda-cornella\/wp-content\/uploads\/usu62\/2023\/07\/Cartel-Horizontal-Aviso-Cerrado-Tienda-Scrapbook-Colorido-1-1024x724.png 1024w, https:\/\/agora.xtec.cat\/ceip-torremiranda-cornella\/wp-content\/uploads\/usu62\/2023\/07\/Cartel-Horizontal-Aviso-Cerrado-Tienda-Scrapbook-Colorido-1-300x212.png 300w, https:\/\/agora.xtec.cat\/ceip-torremiranda-cornella\/wp-content\/uploads\/usu62\/2023\/07\/Cartel-Horizontal-Aviso-Cerrado-Tienda-Scrapbook-Colorido-1-768x543.png 768w, https:\/\/agora.xtec.cat\/ceip-torremiranda-cornella\/wp-content\/uploads\/usu62\/2023\/07\/Cartel-Horizontal-Aviso-Cerrado-Tienda-Scrapbook-Colorido-1-1536x1086.png 1536w, https:\/\/agora.xtec.cat\/ceip-torremiranda-cornella\/wp-content\/uploads\/usu62\/2023\/07\/Cartel-Horizontal-Aviso-Cerrado-Tienda-Scrapbook-Colorido-1.png 2000w\" sizes=\"auto, (max-width: 525px) 100vw, 525px\" \/><\/a><\/h3>\n<p>A m\u00e9s a m\u00e9s si voleu con\u00e8ixer una mica m\u00e9s la nostra entitat consulta la nostra p\u00e0gina web:\u00a0 <a href=\"http:\/\/trompitxol.com\/\" target=\"_blank\" rel=\"noopener noreferrer\">www.trompitxol.com<\/a><\/p>\n","protected":false},"excerpt":{"rendered":"<p>Preparats pel nous curs 2025-2026!! Encetarem un nou curs a la nostra escola amb la mateixa empenta i energia que sempre. Continuarem treballant sota els pilars b\u00e0sics que promou el nostre projecte educatiu: L&#8217; adquisici\u00f3 d&#8217;h\u00e0bits alimentaris de bona conducta. El foment d&#8217;una alimentaci\u00f3 equilibrada i variada. La transmissi\u00f3 d&#8217;uns valors educatius basats en el [&hellip;]<\/p>\n","protected":false},"author":1,"featured_media":0,"parent":0,"menu_order":0,"comment_status":"closed","ping_status":"closed","template":"","meta":{"_bbp_topic_count":0,"_bbp_reply_count":0,"_bbp_total_topic_count":0,"_bbp_total_reply_count":0,"_bbp_voice_count":0,"_bbp_anonymous_reply_count":0,"_bbp_topic_count_hidden":0,"_bbp_reply_count_hidden":0,"_bbp_forum_subforum_count":0,"site-sidebar-layout":"default","site-content-layout":"","ast-site-content-layout":"default","site-content-style":"default","site-sidebar-style":"default","ast-global-header-display":"","ast-banner-title-visibility":"","ast-main-header-display":"","ast-hfb-above-header-display":"","ast-hfb-below-header-display":"","ast-hfb-mobile-header-display":"","site-post-title":"","ast-breadcrumbs-content":"","ast-featured-img":"","footer-sml-layout":"","theme-transparent-header-meta":"","adv-header-id-meta":"","stick-header-meta":"","header-above-stick-meta":"","header-main-stick-meta":"","header-below-stick-meta":"","astra-migrate-meta-layouts":"set","ast-page-background-enabled":"default","ast-page-background-meta":{"desktop":{"background-color":"var(--ast-global-color-4)","background-image":"","background-repeat":"repeat","background-position":"center center","background-size":"auto","background-attachment":"scroll","background-type":"","background-media":"","overlay-type":"","overlay-color":"","overlay-opacity":"","overlay-gradient":""},"tablet":{"background-color":"","background-image":"","background-repeat":"repeat","background-position":"center center","background-size":"auto","background-attachment":"scroll","background-type":"","background-media":"","overlay-type":"","overlay-color":"","overlay-opacity":"","overlay-gradient":""},"mobile":{"background-color":"","background-image":"","background-repeat":"repeat","background-position":"center center","background-size":"auto","background-attachment":"scroll","background-type":"","background-media":"","overlay-type":"","overlay-color":"","overlay-opacity":"","overlay-gradient":""}},"ast-content-background-meta":{"desktop":{"background-color":"var(--ast-global-color-5)","background-image":"","background-repeat":"repeat","background-position":"center center","background-size":"auto","background-attachment":"scroll","background-type":"","background-media":"","overlay-type":"","overlay-color":"","overlay-opacity":"","overlay-gradient":""},"tablet":{"background-color":"var(--ast-global-color-5)","background-image":"","background-repeat":"repeat","background-position":"center center","background-size":"auto","background-attachment":"scroll","background-type":"","background-media":"","overlay-type":"","overlay-color":"","overlay-opacity":"","overlay-gradient":""},"mobile":{"background-color":"var(--ast-global-color-5)","background-image":"","background-repeat":"repeat","background-position":"center center","background-size":"auto","background-attachment":"scroll","background-type":"","background-media":"","overlay-type":"","overlay-color":"","overlay-opacity":"","overlay-gradient":""}},"footnotes":""},"class_list":["post-73","page","type-page","status-publish","hentry"],"post_mailing_queue_ids":[],"_links":{"self":[{"href":"https:\/\/agora.xtec.cat\/ceip-torremiranda-cornella\/wp-json\/wp\/v2\/pages\/73","targetHints":{"allow":["GET"]}}],"collection":[{"href":"https:\/\/agora.xtec.cat\/ceip-torremiranda-cornella\/wp-json\/wp\/v2\/pages"}],"about":[{"href":"https:\/\/agora.xtec.cat\/ceip-torremiranda-cornella\/wp-json\/wp\/v2\/types\/page"}],"author":[{"embeddable":true,"href":"https:\/\/agora.xtec.cat\/ceip-torremiranda-cornella\/wp-json\/wp\/v2\/users\/1"}],"replies":[{"embeddable":true,"href":"https:\/\/agora.xtec.cat\/ceip-torremiranda-cornella\/wp-json\/wp\/v2\/comments?post=73"}],"version-history":[{"count":6,"href":"https:\/\/agora.xtec.cat\/ceip-torremiranda-cornella\/wp-json\/wp\/v2\/pages\/73\/revisions"}],"predecessor-version":[{"id":22563,"href":"https:\/\/agora.xtec.cat\/ceip-torremiranda-cornella\/wp-json\/wp\/v2\/pages\/73\/revisions\/22563"}],"wp:attachment":[{"href":"https:\/\/agora.xtec.cat\/ceip-torremiranda-cornella\/wp-json\/wp\/v2\/media?parent=73"}],"curies":[{"name":"wp","href":"https:\/\/api.w.org\/{rel}","templated":true}]}}