{"id":54,"date":"2014-12-12T15:52:22","date_gmt":"2014-12-12T15:52:22","guid":{"rendered":"http:\/\/torredelamiranda.wordpress.com\/?page_id=54"},"modified":"2026-02-02T13:41:20","modified_gmt":"2026-02-02T12:41:20","slug":"puntualitat","status":"publish","type":"page","link":"https:\/\/agora.xtec.cat\/ceip-torremiranda-cornella\/normativa\/puntualitat\/","title":{"rendered":"Puntualitat"},"content":{"rendered":"<p>L&#8217;horari escolar \u00e9s de 9 a 13h i de 15h a 17h. \u231a<\/p>\n<p>Per al bon funcionament de l&#8217;escola i de l&#8217;alumnat cal <strong>ser puntual<\/strong>, tant amb les entrades com en les sortides.<\/p>\n<p><a href=\"https:\/\/agora.xtec.cat\/ceip-torremiranda-cornella\/wp-content\/uploads\/usu62\/2020\/09\/Sense-t\u00edtol3.png\"><img loading=\"lazy\" decoding=\"async\" class=\"aligncenter size-medium wp-image-17540\" src=\"https:\/\/agora.xtec.cat\/ceip-torremiranda-cornella\/wp-content\/uploads\/usu62\/2020\/09\/Sense-t\u00edtol3-256x300.png\" alt=\"\" width=\"256\" height=\"300\" srcset=\"https:\/\/agora.xtec.cat\/ceip-torremiranda-cornella\/wp-content\/uploads\/usu62\/2020\/09\/Sense-t\u00edtol3-256x300.png 256w, https:\/\/agora.xtec.cat\/ceip-torremiranda-cornella\/wp-content\/uploads\/usu62\/2020\/09\/Sense-t\u00edtol3.png 451w\" sizes=\"auto, (max-width: 256px) 100vw, 256px\" \/><\/a><\/p>\n<p>Quan l&#8217;alumnat no pot ser recollit a les 17h de la tarda el servei d&#8217;acollida de l&#8217;escola es far\u00e0 c\u00e0rrec, pr\u00e8via comunicaci\u00f3 amb la fam\u00edlia. En aquest cas, la fam\u00edlia haur\u00e0 d&#8217;abonar la despesa econ\u00f2mica corresponent.<\/p>\n<p>AQUESTA NORMATIVA HA ESTAT APROVADA PEL CONSELL ESCOLAR.<\/p>\n","protected":false},"excerpt":{"rendered":"<p>L&#8217;horari escolar \u00e9s de 9 a 13h i de 15h a 17h. \u231a Per al bon funcionament de l&#8217;escola i de l&#8217;alumnat cal ser puntual, tant amb les entrades com en les sortides. Quan l&#8217;alumnat no pot ser recollit a les 17h de la tarda el servei d&#8217;acollida de l&#8217;escola es far\u00e0 c\u00e0rrec, pr\u00e8via comunicaci\u00f3 [&hellip;]<\/p>\n","protected":false},"author":1,"featured_media":0,"parent":14208,"menu_order":4,"comment_status":"closed","ping_status":"closed","template":"","meta":{"_bbp_topic_count":0,"_bbp_reply_count":0,"_bbp_total_topic_count":0,"_bbp_total_reply_count":0,"_bbp_voice_count":0,"_bbp_anonymous_reply_count":0,"_bbp_topic_count_hidden":0,"_bbp_reply_count_hidden":0,"_bbp_forum_subforum_count":0,"site-sidebar-layout":"default","site-content-layout":"","ast-site-content-layout":"default","site-content-style":"default","site-sidebar-style":"default","ast-global-header-display":"","ast-banner-title-visibility":"","ast-main-header-display":"","ast-hfb-above-header-display":"","ast-hfb-below-header-display":"","ast-hfb-mobile-header-display":"","site-post-title":"","ast-breadcrumbs-content":"","ast-featured-img":"","footer-sml-layout":"","theme-transparent-header-meta":"","adv-header-id-meta":"","stick-header-meta":"","header-above-stick-meta":"","header-main-stick-meta":"","header-below-stick-meta":"","astra-migrate-meta-layouts":"set","ast-page-background-enabled":"default","ast-page-background-meta":{"desktop":{"background-color":"var(--ast-global-color-4)","background-image":"","background-repeat":"repeat","background-position":"center center","background-size":"auto","background-attachment":"scroll","background-type":"","background-media":"","overlay-type":"","overlay-color":"","overlay-opacity":"","overlay-gradient":""},"tablet":{"background-color":"","background-image":"","background-repeat":"repeat","background-position":"center center","background-size":"auto","background-attachment":"scroll","background-type":"","background-media":"","overlay-type":"","overlay-color":"","overlay-opacity":"","overlay-gradient":""},"mobile":{"background-color":"","background-image":"","background-repeat":"repeat","background-position":"center center","background-size":"auto","background-attachment":"scroll","background-type":"","background-media":"","overlay-type":"","overlay-color":"","overlay-opacity":"","overlay-gradient":""}},"ast-content-background-meta":{"desktop":{"background-color":"var(--ast-global-color-5)","background-image":"","background-repeat":"repeat","background-position":"center center","background-size":"auto","background-attachment":"scroll","background-type":"","background-media":"","overlay-type":"","overlay-color":"","overlay-opacity":"","overlay-gradient":""},"tablet":{"background-color":"var(--ast-global-color-5)","background-image":"","background-repeat":"repeat","background-position":"center center","background-size":"auto","background-attachment":"scroll","background-type":"","background-media":"","overlay-type":"","overlay-color":"","overlay-opacity":"","overlay-gradient":""},"mobile":{"background-color":"var(--ast-global-color-5)","background-image":"","background-repeat":"repeat","background-position":"center center","background-size":"auto","background-attachment":"scroll","background-type":"","background-media":"","overlay-type":"","overlay-color":"","overlay-opacity":"","overlay-gradient":""}},"footnotes":""},"class_list":["post-54","page","type-page","status-publish","hentry"],"post_mailing_queue_ids":[],"_links":{"self":[{"href":"https:\/\/agora.xtec.cat\/ceip-torremiranda-cornella\/wp-json\/wp\/v2\/pages\/54","targetHints":{"allow":["GET"]}}],"collection":[{"href":"https:\/\/agora.xtec.cat\/ceip-torremiranda-cornella\/wp-json\/wp\/v2\/pages"}],"about":[{"href":"https:\/\/agora.xtec.cat\/ceip-torremiranda-cornella\/wp-json\/wp\/v2\/types\/page"}],"author":[{"embeddable":true,"href":"https:\/\/agora.xtec.cat\/ceip-torremiranda-cornella\/wp-json\/wp\/v2\/users\/1"}],"replies":[{"embeddable":true,"href":"https:\/\/agora.xtec.cat\/ceip-torremiranda-cornella\/wp-json\/wp\/v2\/comments?post=54"}],"version-history":[{"count":4,"href":"https:\/\/agora.xtec.cat\/ceip-torremiranda-cornella\/wp-json\/wp\/v2\/pages\/54\/revisions"}],"predecessor-version":[{"id":22556,"href":"https:\/\/agora.xtec.cat\/ceip-torremiranda-cornella\/wp-json\/wp\/v2\/pages\/54\/revisions\/22556"}],"up":[{"embeddable":true,"href":"https:\/\/agora.xtec.cat\/ceip-torremiranda-cornella\/wp-json\/wp\/v2\/pages\/14208"}],"wp:attachment":[{"href":"https:\/\/agora.xtec.cat\/ceip-torremiranda-cornella\/wp-json\/wp\/v2\/media?parent=54"}],"curies":[{"name":"wp","href":"https:\/\/api.w.org\/{rel}","templated":true}]}}