{"id":40,"date":"2014-12-12T15:24:19","date_gmt":"2014-12-12T15:24:19","guid":{"rendered":"http:\/\/torredelamiranda.wordpress.com\/?page_id=40"},"modified":"2026-02-02T13:26:46","modified_gmt":"2026-02-02T12:26:46","slug":"els-mestres","status":"publish","type":"page","link":"https:\/\/agora.xtec.cat\/ceip-torremiranda-cornella\/els-mestres\/","title":{"rendered":"Comunitat educativa"},"content":{"rendered":"<p style=\"text-align: center;\"><strong>CURS 2025\/2026\u00a0<\/strong><\/p>\n<p style=\"text-align: center;\"><strong>EQUIP DE MESTRES<\/strong><\/p>\n<p style=\"text-align: center;\"><strong>Equip directiu<\/strong><br \/>\nDirectora: Elisa Rubio<br \/>\nCap d\u2019estudis: L\u00eddia Vargas<br \/>\nSecret\u00e0ria: Raquel Moreno<\/p>\n<p><strong>Tutories i especialistes:<\/strong><br \/>\n<strong>I3A:<\/strong> Paqui S\u00e1nchez\u00a0 \/ <strong>I3B<\/strong>: Natalia Hughes<br \/>\n<strong>I4A<\/strong>: N\u00faria Mansilla \/ <strong>I4B<\/strong>: Marta Fuentes<br \/>\n<strong>I5A<\/strong>: Cristina G\u00f3mez\u00a0 \/ <strong>I5B<\/strong>: Marta Gonz\u00e1lez<br \/>\n<strong>Suport Eduaci\u00f3 infantiI<\/strong>: Lole Perea, Ver\u00f2nica Castillo, Elisabet Cierco, Pilar Besp\u00edn<\/p>\n<p><strong>1rA:<\/strong> Cristina Martin \/ <strong>1rB:<\/strong> Anna Bern\u00e9<br \/>\n<strong>2nA:<\/strong> Andrea Ribas \/ <strong>2nB:<\/strong> Eli Gallardo<br \/>\n<strong>3rA:<\/strong> Carol Ribas \/ <strong>3rB<\/strong>: Maribel Garc\u00eda<br \/>\n<strong>4tA<\/strong>: Raquel Moreno \/ <strong>4tB<\/strong>: Marta Padilla<br \/>\n<strong>5\u00e8A<\/strong>: S\u00edlvia Pi\u00f1ol \/ <strong>5\u00e8B:<\/strong> Alex L\u00f3pez<br \/>\n<strong>6\u00e8A<\/strong>: Eli Escol\u00e0\/ <strong>6\u00e8B<\/strong>: Anna Girau<br \/>\n<strong>Suport Prim\u00e0ria<\/strong>: Gemma Hern\u00e1ndez, S\u00f2nia Garc\u00eda<\/p>\n<p><strong>Llengua castellana<\/strong>: Irene Devesa, Laura Rodr\u00edguez i Alex R\u00edos<br \/>\n<strong>Llengua anglesa<\/strong>: Andrea Ch\u00e1nez i Marta Padilla<br \/>\n<strong>M\u00fasica<\/strong>: Conchi Quesada<br \/>\n<strong>Pl\u00e0stica<\/strong>: Irene Devesa, Xevi Masip i Enrique L\u00f3pez<br \/>\n<strong>Educaci\u00f3 F\u00edsica<\/strong>: Santiago Gallego i V\u00edctor L\u00f3pez<br \/>\n<strong>Educaci\u00f3 Especial<\/strong>: Maite Luz, Luc\u00eda Clivio i Meritxell Rius.<br \/>\n<strong>MALL<\/strong>: Meritxell Rius<br \/>\n<strong>Aula Acollida<\/strong>: Luc\u00eda Cl\u00edvio<br \/>\n<strong>SIEI<\/strong>:Olalla Garc\u00eda i Aldana Rodr\u00edguez<br \/>\n<strong>Religi\u00f3<\/strong>: Teresa M\u00aa Vicente<\/p>\n<p><strong>Personal PAS<\/strong><br \/>\n<strong>Administrativa<\/strong>: Susana Salas<br \/>\n<strong>Aux EE<\/strong>: Lorena Gil<br \/>\n<strong>Educadora SIEI<\/strong>: Eva Onieva<br \/>\n<strong>TEI<\/strong>: M\u00f2nica Amella<br \/>\n<strong>TIS<\/strong>: Sheila Risco<\/p>\n<p><strong>Serveis Escolars Externs<\/strong><br \/>\n<strong>Conserge Ajuntament<\/strong>: \u00c9ric Z\u00fajar<br \/>\n<strong>Psicopedagoga EAP<\/strong>: N\u00faria Piqu\u00e9<br \/>\n<strong>Fisioterapeuta<\/strong>: Marta Tell<br \/>\n<strong>Treballadora social EAP<\/strong>: Edith S\u00e1nchez<br \/>\n<strong>Treballadora social Ajuntament<\/strong>: Marina Alcal\u00e1<\/p>\n","protected":false},"excerpt":{"rendered":"<p>CURS 2025\/2026\u00a0 EQUIP DE MESTRES Equip directiu Directora: Elisa Rubio Cap d\u2019estudis: L\u00eddia Vargas Secret\u00e0ria: Raquel Moreno Tutories i especialistes: I3A: Paqui S\u00e1nchez\u00a0 \/ I3B: Natalia Hughes I4A: N\u00faria Mansilla \/ I4B: Marta Fuentes I5A: Cristina G\u00f3mez\u00a0 \/ I5B: Marta Gonz\u00e1lez Suport Eduaci\u00f3 infantiI: Lole Perea, Ver\u00f2nica Castillo, Elisabet Cierco, Pilar Besp\u00edn 1rA: Cristina Martin [&hellip;]<\/p>\n","protected":false},"author":1,"featured_media":0,"parent":0,"menu_order":0,"comment_status":"closed","ping_status":"closed","template":"","meta":{"_bbp_topic_count":0,"_bbp_reply_count":0,"_bbp_total_topic_count":0,"_bbp_total_reply_count":0,"_bbp_voice_count":0,"_bbp_anonymous_reply_count":0,"_bbp_topic_count_hidden":0,"_bbp_reply_count_hidden":0,"_bbp_forum_subforum_count":0,"site-sidebar-layout":"default","site-content-layout":"","ast-site-content-layout":"default","site-content-style":"default","site-sidebar-style":"default","ast-global-header-display":"","ast-banner-title-visibility":"","ast-main-header-display":"","ast-hfb-above-header-display":"","ast-hfb-below-header-display":"","ast-hfb-mobile-header-display":"","site-post-title":"","ast-breadcrumbs-content":"","ast-featured-img":"","footer-sml-layout":"","theme-transparent-header-meta":"","adv-header-id-meta":"","stick-header-meta":"","header-above-stick-meta":"","header-main-stick-meta":"","header-below-stick-meta":"","astra-migrate-meta-layouts":"set","ast-page-background-enabled":"default","ast-page-background-meta":{"desktop":{"background-color":"var(--ast-global-color-4)","background-image":"","background-repeat":"repeat","background-position":"center center","background-size":"auto","background-attachment":"scroll","background-type":"","background-media":"","overlay-type":"","overlay-color":"","overlay-opacity":"","overlay-gradient":""},"tablet":{"background-color":"","background-image":"","background-repeat":"repeat","background-position":"center center","background-size":"auto","background-attachment":"scroll","background-type":"","background-media":"","overlay-type":"","overlay-color":"","overlay-opacity":"","overlay-gradient":""},"mobile":{"background-color":"","background-image":"","background-repeat":"repeat","background-position":"center center","background-size":"auto","background-attachment":"scroll","background-type":"","background-media":"","overlay-type":"","overlay-color":"","overlay-opacity":"","overlay-gradient":""}},"ast-content-background-meta":{"desktop":{"background-color":"var(--ast-global-color-5)","background-image":"","background-repeat":"repeat","background-position":"center center","background-size":"auto","background-attachment":"scroll","background-type":"","background-media":"","overlay-type":"","overlay-color":"","overlay-opacity":"","overlay-gradient":""},"tablet":{"background-color":"var(--ast-global-color-5)","background-image":"","background-repeat":"repeat","background-position":"center center","background-size":"auto","background-attachment":"scroll","background-type":"","background-media":"","overlay-type":"","overlay-color":"","overlay-opacity":"","overlay-gradient":""},"mobile":{"background-color":"var(--ast-global-color-5)","background-image":"","background-repeat":"repeat","background-position":"center center","background-size":"auto","background-attachment":"scroll","background-type":"","background-media":"","overlay-type":"","overlay-color":"","overlay-opacity":"","overlay-gradient":""}},"footnotes":""},"class_list":["post-40","page","type-page","status-publish","hentry"],"post_mailing_queue_ids":[],"_links":{"self":[{"href":"https:\/\/agora.xtec.cat\/ceip-torremiranda-cornella\/wp-json\/wp\/v2\/pages\/40","targetHints":{"allow":["GET"]}}],"collection":[{"href":"https:\/\/agora.xtec.cat\/ceip-torremiranda-cornella\/wp-json\/wp\/v2\/pages"}],"about":[{"href":"https:\/\/agora.xtec.cat\/ceip-torremiranda-cornella\/wp-json\/wp\/v2\/types\/page"}],"author":[{"embeddable":true,"href":"https:\/\/agora.xtec.cat\/ceip-torremiranda-cornella\/wp-json\/wp\/v2\/users\/1"}],"replies":[{"embeddable":true,"href":"https:\/\/agora.xtec.cat\/ceip-torremiranda-cornella\/wp-json\/wp\/v2\/comments?post=40"}],"version-history":[{"count":6,"href":"https:\/\/agora.xtec.cat\/ceip-torremiranda-cornella\/wp-json\/wp\/v2\/pages\/40\/revisions"}],"predecessor-version":[{"id":22549,"href":"https:\/\/agora.xtec.cat\/ceip-torremiranda-cornella\/wp-json\/wp\/v2\/pages\/40\/revisions\/22549"}],"wp:attachment":[{"href":"https:\/\/agora.xtec.cat\/ceip-torremiranda-cornella\/wp-json\/wp\/v2\/media?parent=40"}],"curies":[{"name":"wp","href":"https:\/\/api.w.org\/{rel}","templated":true}]}}