{"id":30,"date":"2014-09-18T12:30:23","date_gmt":"2014-09-18T11:30:23","guid":{"rendered":"http:\/\/agora.xtec.cat\/ceip-torremiranda-cornella\/?page_id=30"},"modified":"2023-02-26T12:06:32","modified_gmt":"2023-02-26T11:06:32","slug":"instal%c2%b7lacions","status":"publish","type":"page","link":"https:\/\/agora.xtec.cat\/ceip-torremiranda-cornella\/instal%c2%b7lacions\/","title":{"rendered":"Espais"},"content":{"rendered":"<div id=\"1A69B\" style=\"width: 100%; max-width: 1000px; height: 650px; display: none;\"><img decoding=\"async\" src=\"https:\/\/lh3.googleusercontent.com\/4fmrSYDDmedw85Ak-vyKy_Dvt-WF8ICAeHp10PcjAwD1_u39N8YjlK1irLajQ-cOlVtjvf-oGEojowp_FNC_gogJkTbDsf9ijiY7tT_h4vuEktsrhUyVyFsMH7I8p18_LNd0DkvhHUCns3YwrLoB-emQwGSfejgJ6e7_4lIAL-nWn5YR7b4cqucMYljZ0JOIH9ek3hzSBPjAoAHQ5SA8wX_SQFHtnvAILNwNM7Ll3oSUEff2RpBECItynHATfY0WZ4gcyRjU7h4SHwq654kEm7YP8l1GhAevr1X4sknX7c555Y3M5BZdHX4VjeJHLQmoR58jIY8H-1eGD1YHwlfsC_PunGOZkCGFJ5tmtY3Ah0Ulu9sO95eOWHCPMrkK4ZnSF97s9ccsyZ9OH6ZG3iHU_ShwFyzd-jzUKtzKBFBz0-weecJN2u0H8UUHTZCjLL5Ub3iEqiig3B5f108TWQaF8LFBYDBiXvQwcDujDzqTHHEFhETayW3BbBMI91a2B5tq0gcjEQPvgvymvsmqgeS-Zv2qNip9mcVz1QzK2WYxFSZ_JVQw3ypX4C_dX4u6PJDc0H29-WpJGCf2lAq8thnrmfbbYq-mGoYCvnpxeJ5fkeJUDJUyCl_oluF3F9jpFxEohKgPYMWoVXCKY2T4UdZ3_XGdhKKxze3NlUE3wTUk4yfzr4_D17SqObIufVZA7UKFeTQV5j7sElX1nsED0jyLXofK3WdHjVJV3agaH_fShkItHyQElsZUnGM=w800-h600-no\" data-link=\"https:\/\/photos.google.com\/share\/AF1QipOY_DCl-towYK3ibqoexCOQQle9uW0OkRicTCVxawdgoSGTfEjqWzF_4vKpDsSclQ\/photo\/AF1QipP1Fu2Lkl_He6RduDP_58ryaCpwkZmEF-YwJ5eP?key=VzVRM21tRGNjR2JDMkMyQWo2OFk5SlhCd3BvcUtn\" \/><br \/>\n<img decoding=\"async\" src=\"https:\/\/lh3.googleusercontent.com\/3IqNQwhED6T4Cj-RO7fFRAeUywKK3xmkdXJ6Zmyqu30sYPQip9gw53Iw3PRgJzt6lsTIb0shVCwCRv9scNqiGR1RcEmSNyXV8hjF9vT970M73tjgosLWHK2-tO6EFtsb3xupwwfys-5soyz2oluifBcT7ru8ao24Btq-rQLCNqRlyL0-VjtLl5SKjiwtxB7JV_zgvOUODH5TwhA3F1HaxXi_cfiDI-lGbYh1L-P_7XFvU_qI59M9vsEcfvcrvSwhRVdE8zfkhvCpp3lkUlkAiz8bhAgdGVpE89mDi9XPxwXQOGz-Xmo61PDh5M9tJpIjrSSgEjoGAooSC0yA1uJB93QQVe_M401do-UJr_UwDTGKcMKIz6eE0w4A0n-xxA-gcm20GrFPZStv23VY0mpeBh9Uh0LsxB9GlPjMO9ZF07QqqhijYJOTQklr0O6qF9cE8t5Im2a6Q3lV08txEej3u3orhq5_R04TztTkeHFGd8L9WeIrMbBI4_1SkQHBsrx4VaHyLgpfrkk7oICRdSFVfmYntJo7J90fPklZ3-mnSqMvuCGhASbli13q3cGA4kM0ODW9wwo-hfYyDxkfzYk-JLRW5_FAIDdkO1jMFb7nY13So5oHecogJLnfBSGEOJIR0hIlfY-58sOQsAGciiI8I-5T7cX6G1dd1P8kkVDo-CTqR54MUcOAAZMKNeA7yc1vx9r8E7knS73vtFWZFUBZQPx1WRdx6vBykumSbOoYiPcszEj3b979u6c=w800-h600-no\" data-link=\"https:\/\/photos.google.com\/share\/AF1QipOY_DCl-towYK3ibqoexCOQQle9uW0OkRicTCVxawdgoSGTfEjqWzF_4vKpDsSclQ\/photo\/AF1QipOkL9rimcX56tTxFlE4YQL3RIdbG-LNBcffno9K?key=VzVRM21tRGNjR2JDMkMyQWo2OFk5SlhCd3BvcUtn\" \/><br \/>\n<img decoding=\"async\" src=\"https:\/\/lh3.googleusercontent.com\/Oz3c7juUBWqE9SG4GNY6Ao78b6hdQQb-MDGn5plLr8isnCW-gg0YnkCZzJ257mJb3QBEFKJ3U-B4zdpbAttLCUFYZWzGGJ94xayUu9Ch6-Ce31RF5Gl0qz4_ETKreMgN5eUZUsVPtMyO0Z97-t25GZXYn3hJx4DBlw_z3-tzTJOqnEgqgqVUc_g7mSf-h5ksTsaPNYbM57kNXloUNTGfudAwW8duM6k3jV3dnLpc35IJEA4h3tudL2EEHtSgp4GBtabX6XOsudLDCiVrCwYGT__WbeXy37x9BGBAemnqTM7g28EekW8pzdgUrI4-4WHROagkdPPN2-4R6UWDlwZmsnaPIYlGsWovmUUHLk8331dqLtd4OQh6YAETMsjFJnNO2p3YUmGRPaabhrJAJolPACTjf-_xZVou6pV9GYicqcCisic7owowfmtmNu4aL_Jpu9lPPU2tCY3pj2RDIwElSktX7SoVaCRTbD2m00cpRdWnBjqC92AVQjcPgQiLwhEENOIZFUY-lZT1DZiTXkSttmT_ZSvTugqWlG7bf5m1y3XtbI8qrpf5c98T1E8wD07tXG8O2f5Y9OI6Sz5nQZ2PTGe3AwHfhEyFlMumr3uWPw0sCqQVItSVvIA8eoj3C0jterqw0_gOphOYiWgWeDN9CCZirqBev278ezKoHvpxHV1FduadsKZRgEWPlVI3e3uXZjLvwam5n-528q5F7S9X2oxlDOxCqQ6GZvFqnG9e9-xYTPbY42DzS90=w800-h600-no\" data-link=\"https:\/\/photos.google.com\/share\/AF1QipOY_DCl-towYK3ibqoexCOQQle9uW0OkRicTCVxawdgoSGTfEjqWzF_4vKpDsSclQ\/photo\/AF1QipOLrlELK6wm-4Rr35yb91YCHQGozlBVUcM4TTvy?key=VzVRM21tRGNjR2JDMkMyQWo2OFk5SlhCd3BvcUtn\" \/><br \/>\n<img decoding=\"async\" src=\"https:\/\/lh3.googleusercontent.com\/8UKRFgBG41-r5XrCz8Nz2o6gGV14jtpv0H5THwnOOTHioydNnk_L6GW7ZJP0dDCHBZvzWvJ_JwPV5uFRUh-ae5U3EOowbk-eaC_zVNEVsOwjup3HX4KaX6FoAS_bBE61Uu5ASW80Go0KXhCpWGENOIdTC1F1kozVLouMUgsRGeQhFYcO2G0oVBXz3NEOZqoclCKWa3KWOAzlc0qstiXhnI0fDUDYd3Exq7Xwq6NE-NEGjVpfBQJN4QQhbf95cnOl-fpbn1h-TfkKCmpyT5HUrVCOdnuQ0cw7UUDYefYBCM36W9FAIX2M7FJoBhFpWPx_cKIPQvsd8pKDlO6vkYItuPk3JzCKb9TyKtbK94apQFrVSdPQRtnLTS3Z8s0tZtKcEDgIq3ivKNLYNd76-Vtq16q0aka6zfc1qjqsK1RynNTapWKpMSwAla1AGRrqa5wZMHlj78a5bObU2HAlQQeOQO0HKjnYkfx-QPW6B8fRtuFfWSINM_ltyQYq2n1fqmzYhROXe9xellbz35MfpWT5AcYd5tgWt80wptnfBDRKlSBfxpDqvjhskXBx7lqaxvBU2Z2mSR9Sgv38qQ1ngm7ApvzVLILoVHIP_LXiHXiv3MVPCuCjc7HVSj9N_eAZAxEgADc2-ldf-etz8X0Cjvm_hVP6cZ6-PvgYxR50d7wQt-MmAkxbv5ewi8W9rOhECbG2bCP_HhMtxdW5ELl8Ic_oQlRbpFjux2eM5-u1sgDJt4kJW88EkRJi_8U=w800-h600-no\" data-link=\"https:\/\/photos.google.com\/share\/AF1QipOY_DCl-towYK3ibqoexCOQQle9uW0OkRicTCVxawdgoSGTfEjqWzF_4vKpDsSclQ\/photo\/AF1QipNB_DDR26wxn0UOSYJj5knrQmrOJa5dn87h5YB2?key=VzVRM21tRGNjR2JDMkMyQWo2OFk5SlhCd3BvcUtn\" \/><br \/>\n<img decoding=\"async\" src=\"https:\/\/lh3.googleusercontent.com\/SRFIcsfF16wtoaN6MVke_1b4xyYAJF8f5T3qwBWLPeTx8TZIeA7bR82DwZrdfcnCKidapj9sbP9SwwC2_6FY2DWukZChQ-wk-MJIarHBY4tlXG-Q-PEYVvr0EWpiqt3IbfwY38i-pdi0rHXIK154TnAnegAwjyeIUcrJpfx_pf0Hf0w95qjZ0r6Hc_ZnGRElUOZJFz6EDKTny4imENe1-qWYMkQuTjmnVF-HujBve0Vb5nzSyH7yGAGVPRF_CnLrvg-9rkkO6C2XK0jsJIbUSjn7m9Amvv0v8EHttvw3iEBc-bTEZxNA_T2do6kMETRLGE9IKQad290NfmRSaARgr8Kf_QDSGHjJNguFDuJkzwrR-maQAVxSpY6iOuQWwZDYFIrTUAzpC45Es_fK3BVTf6MTHdDmdncejGHusRH5xwBMrtMLtsrA_0_WV29F9KVdOD9AKj2dhdrg6vJ_-S6U3fQHoQW3nozJogrvd5yB8D5AXJqUBu0ZZCkLhLziJFRJ2tJI5ABM_X9qmbOMzUHHrdLwObMwBwaSdzs2634Sf6m0Vncx6ltwXwSn0L5HfwtTyt6siETkNyLdvksB2D-uq_rqhTonFUREEVgNOmCHBaRyCdoejnZVQq3zNRJiXWh-AHGLayDvjOkJd7an0xNylWd0IPefhf4EVnNWVSOIcvjS66Y53bLF9dkI9uza259AKQqQuHmcosA1L0R6D8YqqxJ45wrPdF7wiBkhOw_R1J3rsZWajwigrRU=w800-h600-no\" data-link=\"https:\/\/photos.google.com\/share\/AF1QipOY_DCl-towYK3ibqoexCOQQle9uW0OkRicTCVxawdgoSGTfEjqWzF_4vKpDsSclQ\/photo\/AF1QipNHC4uhpCh_8uJBe3RWV3cRT537g-oLXDKXirFG?key=VzVRM21tRGNjR2JDMkMyQWo2OFk5SlhCd3BvcUtn\" \/><br \/>\n<img decoding=\"async\" src=\"https:\/\/lh3.googleusercontent.com\/PwtybhsLsfhTLIg4ZpXpCsheHpP5anov98xG7n-K5i4jIwNqW9j8Yhqwubwy3sj6Yf6vQxlS8-OizNSJ-dXzNkxn4NXuD-wchY-wUpjbHNB3qRsGtO4hVH3kCkUoA6MwkJiocVyt8uYIQNZk3IpZlGMJOkdAbpr761skZGcsJJwV3R64OQxTeoVdFYu86RZl_gIvLwN9JGcsBQPcm3iVp0XCLT5H1NjilOmeYc2ypO8nb_UvlnNnv5V7TGLnZZfH5FxuJ_baX5HCnv4Qr-7dP5DnIhaOCubq75acsueXqGho-yvDJMjFqf5PbHWCvBX0u24BNF1FYJ4fBOvDNa5Q4h-6dFmD883R9SXXdm0tgX_1LC5WDHFV9D1KcIJi8vU6sCbDao1SB4wgNyCHJnPPkO1rCiFINhGWoQKy8ka9Z4OGuJZc5llrZ8L2lf9RjKnwanDUUhbtppvVas1_incn2vob2FgVaC7gYCdOH-oRImISnPzniNNR-m5WtYmp0j0OzA8HmaKF6nq5GUqbnVL6lmmUISlWKpqIL85uh8jX0gJLZ3bIhDrj5mx700Ech_9fl_nUGjYc_5pvQLq7kqEOa6fCCtPP3JHgOxZ0QVZ6OjlAejyLTF9wq4-XF_5NGHEktcoH-qSP6GRPe-_MWhAVoL-rK2pQMYcMDDT1bzSX51fvnRNndxBe2znDzX848LabOSoF7TBHCIMZdGr7t9CfVe2V0pyHHl33rRyd_ddECRj6YNQ3FMVv6m0=w800-h600-no\" data-link=\"https:\/\/photos.google.com\/share\/AF1QipOY_DCl-towYK3ibqoexCOQQle9uW0OkRicTCVxawdgoSGTfEjqWzF_4vKpDsSclQ\/photo\/AF1QipMl_2JhtQOyQN0ThCPRinaLobobpods31TT2fqi?key=VzVRM21tRGNjR2JDMkMyQWo2OFk5SlhCd3BvcUtn\" \/><br \/>\n<img decoding=\"async\" src=\"https:\/\/lh3.googleusercontent.com\/PnclqmQaCIbdjiPgE6xu1NoI8k-OAP7h7l6jN9YFUyGo__jURNdDvYXUbwj0JkpI81TftKmnZHaTrVuT228ERvyYXyo7wDFzoqjr0A993s3iQ_QVpjJgS9VTcUSAJfxWtqtc8EPSxuUohB-193yPO487FLK3uOqVY68UuVFMx9TDifNK4Ol0LQ5J2GMujiYiR52R36hZCaSpgBl1AxP5T9RkIrjpyoakAopl88AG5p4qQajzhJwZJwREfhZi2RLyjuoKDPHe6BshuFn0gMyeCQtwhqLkYugi1L7ND7tuQ_8mGMGqGZOIzaVKn2y_P5X1PobVrSdpfF1-CMlpZVD8NSCulGJ91KrAZYC1P9Z3KU8X09nnlaAG5FN-5aBMufvmKoZDXCTB8RcfO10tJympH7jR29JOZf5KJm3pAVFVB3inOfIK2hD5ONKFftW_eV3X0dTGvcPqziCxejOQ_LN_QQEfhtVYf35eNWVhFrmIKQMjYAMwFIw_BYl0LGxqRAQj9dGyxRllh2135FQ9S8Y5h6GIeqI_EXMylT2j_bEwf-1xkQCgoDCs9-06bcPhJYI9H8q79wsovVNT_fa35opEAPpBAzT1T9fLIeiDE6_W7VEV_4TGlA0sN8IStBYl7xFAy0bGzXCM7jcuHlTr8oeUTepR6IIAhFDpfJISF1ObMhXd_h3hfpe9Cjc7HslbYdDTIZdiNyMP57VH2LKMKHGcfsHbN7B0f442EFp6WFsqMx54ZgwGgP-A8FI=w800-h600-no\" data-link=\"https:\/\/photos.google.com\/share\/AF1QipOY_DCl-towYK3ibqoexCOQQle9uW0OkRicTCVxawdgoSGTfEjqWzF_4vKpDsSclQ\/photo\/AF1QipO6-hzh06hUyMMRaX7H5rCIX0xulpFN6WyPb3zd?key=VzVRM21tRGNjR2JDMkMyQWo2OFk5SlhCd3BvcUtn\" \/><br \/>\n<img decoding=\"async\" src=\"https:\/\/lh3.googleusercontent.com\/v7DrpaRT3B5lPqY1NQBlfMpWELtoe7s5PGsStdSSY0wWGcs-mw0DQRFM0LPz6Nbe4ec88M6oG5HtEa3bPUmiUA6-9PcJPKYWpXZQnXkchM40J2wifIxVctGLgsFO89a8kWFL95fKfDQ7a0ykNRSG8NVfRj454DXZ_RM-QrYEznT1_Y0e6B8bkRRRjUUTAf3v_UTZFiYHbxGTgjZ6Fi7lj7bbk1DHfZMWPD4aKBGE9XOjyZbPMafXBszpJj4NVaJYshH23ca7i4SOmijLu6NXt35wPB2_D-SPkgslGrsgFC48_rhqatnib3vLooJiya1gKDV5whzUzutFnuxknUqHlZaqmLHAxbESWshSmGK7TP9dIx3dGOdlg1X2r_k0RojDCoxO7DD_ZxjAAaLrMR65uPIO8zRF6P3ezJtrK4UNrDa1G67qYshs83RQ01CxtQV2GNR6x_0DVecBg7NXvdjvJPHPjEpA1O90TXySTJcG5x6AYOGjGGygsznQjPChXOkXIxeB6mhW7D0u3msGipPdBhfYEz25FpxJf8i0-wAUEufqFTjMVHfYL-Hv6ZGLVaoUrBne8UBY_HwxPdsMB1j6jUWp25a2kNAWY-JcPbJSgEMseqzNYqqnBX-ggb3VNM8i_eLzl47uxeraO-uUAm2Yj7sjookA4uUCxmQiTDK8RAYoVOYYf0bXyKVvbMd_cVhLq349_5uDanvBOCdunjNDeCoS6FUtw76CZ067Zc7F1jyjkq2owKQ86M8=w800-h600-no\" data-link=\"https:\/\/photos.google.com\/share\/AF1QipOY_DCl-towYK3ibqoexCOQQle9uW0OkRicTCVxawdgoSGTfEjqWzF_4vKpDsSclQ\/photo\/AF1QipMQr3LHdnq9QyCSBWR9ZVg15bsQxd05pcbzDkJ-?key=VzVRM21tRGNjR2JDMkMyQWo2OFk5SlhCd3BvcUtn\" \/><br \/>\n<img decoding=\"async\" src=\"https:\/\/lh3.googleusercontent.com\/y-nKUfuomkgCVud7CrEPNi_xn0DEdTJM8bJxbKjjkbsLsWXpGvRn9pJu-Qfp1Dz4wszP_91t73j3IzV69xSIuH-ST4NOrn8b1IeYSpYmRFodkrEBsyExw3JNVolt7GfKsM4nH7iK0gwEmYKCu2_0MhFM3rcAkjI1x69vU_sJd8hSb-zwkkm_PH2mOFJSi7f6WJrKuMvjeD5b9-Hy7YjTlSMq-mfRPw-oQAeljQwPeQoqWnAfXDMHMpCDsMqIMqO_a8JjyUtlvIEbZZPRK5mS93bI9neKlamtjT4HzMV0prk2YRSxocbxCwUjB2GwLj20pmHUK_MqakPclz_kPvSpiUt9vvig5yVsKMTnpsShmQm-2V3r8lSLuNvbwEaFOaBj2XPKQKLp4ycBA0waknEFwcRnBxCzu0nR522oPByDPSll19y41ULwB7yUypEuj7ajj8C824Vf536KL3xsiwteil9ODfwWcY_VkctMdORY5iYFHm2BJHbuEj6NpfuyRB_bGYb-Qj5oP-RALz6hAy3Ms2b7cSdQhS2fJGEJIxoX-AZmQxjQOkxdj8OQhQKAOsXHonpvbZYaXnjmhG0zJuJ5cIj2MGOjQY_E8Ul2LBV4HaThT7F5Q9PtTfUMPa2TSmTvtXNgH4zAqWZzOot7cSNGRuWrkdtSHsTqC9resX_o3H8i-o1bhfnx7HAiKoVgP9IqkO6LrXw0Uod2yuWrBdf8dsqIh-lvEFxavVzUAtwSN90xqA9gwUIqZa8=w800-h600-no\" data-link=\"https:\/\/photos.google.com\/share\/AF1QipOY_DCl-towYK3ibqoexCOQQle9uW0OkRicTCVxawdgoSGTfEjqWzF_4vKpDsSclQ\/photo\/AF1QipNnyBKQCq2_anJQ8E4fO4FznpjP0P_81eg1m-Ag?key=VzVRM21tRGNjR2JDMkMyQWo2OFk5SlhCd3BvcUtn\" \/><br \/>\n<img decoding=\"async\" src=\"https:\/\/lh3.googleusercontent.com\/3ApDuvQlcs3yOaSRdanJkRqrrSC7io0kyjVcxAQvOlOTawdWm6Jby6rrv-wyOGyRQIiXiGPXVhKiGt6Hk-WpyCK2bHWSqYhhAaMNvzYEEd2b8yrPA0UzxHsb1qWghhNWnFlEz3K-8dN_Fwx5fyh4KgumyfXTW-rW4NB2c0X1svQwLfHcg3pPWOg2YDMPScBCJYbhne-4U4cd8uedIBVO-0DOG99wlqucDSqd_-XfLsHG48AgsdhRmXBN7pEsnLXX47gJHH0EchKxPJ_3K7MI9kYA5c7TF6Vi8tZf6KSvTjfL1yFWJvAYPNBK3TBdadpwU2QjVfDSLzo6fnqIfc0nLFapWEVKLkPzUy7EPuRAbesl710745lblcQYaeDC9uxWYp4C6t_f7e6MuL-YWs1GbGGo3n2wwtrp3GR9uxow0Mb3QfCPO5dQEbagP5OZGu63-tuDiQzCTIX5wpq01WFozbD5Sqw5NuAz5nQMk2BFzPVC1j9qQi4mgN_lPrZT4kNFgwiAt3tkWTJwyLxxIwBo01CSz1tMs0a_x0_G_USiXb62SZRb9-ytBQgflj5zOTM9phHc16vyg77ynro6k2ePd411xLmMrmxCjliIoV4jZM5yGz78HBGY92diOwzJ8XcScIDU2ho3BRx2PRVrSbKddGVhB0PhD2bO_rWOJZrRdKzfhdiVrGXf40ERAtgc4syVgVMzm5_15wE7unS1WlBAgtPcpt9Zu8YTVtH_eWhYE_1NevzXCpbDryY=w800-h600-no\" data-link=\"https:\/\/photos.google.com\/share\/AF1QipOY_DCl-towYK3ibqoexCOQQle9uW0OkRicTCVxawdgoSGTfEjqWzF_4vKpDsSclQ\/photo\/AF1QipMRDcIC2G9QamscDnf1kp1dS3ExxnTdXbcwBCga?key=VzVRM21tRGNjR2JDMkMyQWo2OFk5SlhCd3BvcUtn\" \/><br \/>\n<img decoding=\"async\" src=\"https:\/\/lh3.googleusercontent.com\/FxzkAnTWMkOfINr-_DsRtuK_g1uXwX-NR__STnjko9hqL7dig3WfGUC5tsjiiqPtL66_0HroobDEKkiUB6NXChUrYlNcsmrjXwJdNvThCqryoT5NhXHtVi6Gn7GZ-pAX8eCVCme20yYrwBJQTtoIYkoZBWjV7WAdquRHUJAt7I7UNBl-8OmqghTyMUk6yg84tz6HJNi_Be4KWRjsu13DNuief0fnOMkt87ZJM0xPWZaqFzhY0gHfYlrv3InXytyLYTm2eqlzhMb_5XCB84JjeS7GrbIBeakUGJI6l5qqbhcGRjclLLft2QnMx1NFCodDLTkmKtAi5jd7gjl4UccA2WMnEVJ4ARuRYfiryK5JhTdAPbyHqPMZ2md_F0l2EIb0Ol2yZ_Y-CEA71b42T_LltoguioDc-8bJ_u4rz9W7wJP8MDrpkwqVvj9FVYbuKrrJ2yn-_1dPIxUR36Z_Dg_RfvO4EWSCxhwt2i656phu7jj0nPSAZdG6zviF2C3YK4ikhB9h1DDJ0FGlKy-R58YUgXqQTUHOSO89QhGH-04oYqKCF9wz8KyqlvPtG-Jl5t1xIzxS_AX6GUV25gSxu3DCW10eCMAH0lJoo_HiULbVh6csJfhZEISqIsfk2tFFO_Q7vKZxNgcBF0Qx8ps0rWqE7nwLgJOM0dGwjqhS06xawdkTpo4V8_rQTZzpy6bTIQ6MDk-KpKjUUWdfXsvNggDmBKFm3RDDq4ttvai5xyeBf_KgvGFQqi2muzc=w800-h600-no\" data-link=\"https:\/\/photos.google.com\/share\/AF1QipOY_DCl-towYK3ibqoexCOQQle9uW0OkRicTCVxawdgoSGTfEjqWzF_4vKpDsSclQ\/photo\/AF1QipMYb6DjwPy558qnMtozhxn812kmXXOBi_HwD-AT?key=VzVRM21tRGNjR2JDMkMyQWo2OFk5SlhCd3BvcUtn\" \/><br \/>\n<img decoding=\"async\" src=\"https:\/\/lh3.googleusercontent.com\/pol5Ur-dxDAm6yZ8-A8My0hJzJa2JTV5vw-v4e0ZlgONujTXFX8qIPltO5VnUcq5cJb123vuICFZ9KJkQZVo2KWVss4y0HrDX8DAytU-D_nReQTQhEN0AYFHUiS07BO7oxYNnnSDotitmJKr1tv_EazqpcgIGcz_emBcsvKW3EmoIg_W__sraBq5W7yXzWrmLou1_I679MvjxodZBvzKHUw88oMWO10ta6HLK_pUTuCucQ-Jq4TPQHHOjQjqPDVj5LHxepkTAXJiYjcK_bYAO3OS139Z3vb3gJOg8dnJh5cevP2azRfNGOi9vLuI74_vMUktQvRmrr75CqDMy7lkmuxzKQpNTJyGoTEtbgpglesKenn6HV86o050IgjakGu_XDwsRjFXyxcw0ibAPM-KlEYtjfGCJq5oN7WMiVy1G9kFIHdelEkPOsDMyWZA1aquL8cH7QdagU66aKelG14MQNBJIklInBCL1kxkrfyMDaGv3z84UM3ZCdTxmRQF5pU3OuoUlDk_bbRDEJV58WaQxpHhBRqiSITucJjht9aGH1TEUbcojKgMcuC_G7fd5lX2nuQEhoC1T2QlN9dX1zzAqAD9vKx4JkVH0TAFXnD8fXwP0uWrjo6V_kudWQtVcYRyhANvq_GliwO-NzglNwvzrOZFp6zp0iW3uJrGNXXfy2JQNYKRFwH8NPypXik0UPplFqSETULFKtS_ra9F0VpNLg3jgtMpKGfgA0JAuQ0T6GPxdvUsbGTUI_k=w800-h600-no\" data-link=\"https:\/\/photos.google.com\/share\/AF1QipOY_DCl-towYK3ibqoexCOQQle9uW0OkRicTCVxawdgoSGTfEjqWzF_4vKpDsSclQ\/photo\/AF1QipNg-uoqi2rjnUkZNfDr6S_VXhyTq_0BbbpDcpUG?key=VzVRM21tRGNjR2JDMkMyQWo2OFk5SlhCd3BvcUtn\" \/><br \/>\n<img decoding=\"async\" src=\"https:\/\/lh3.googleusercontent.com\/Q8NdQ6A1z2nXy4pEa-qzoAtpXes6nf0AMeqhW4clSlk8YdwgMI2uY62mrIY2r2hIiwkBWE9PVktO6y_r-VQJ0B3ZYVmDkB557UFANPp3Zh1Ik-gX4VcQRtcZu42qhyBDtJmw3IbbBtg8raNbwmy1TlQ7ujpuDvx3g5IwyweALGzbHM46xP-iZQ-uXonYxuhJPJH66fh9sBNfvSdu7-K2CapTQITwD7bze4B87tZdrqHvnsbwd-92ffR2NcCcxtiEgtqZAvGyNUuVHcUnksxG66NOyRxRKofswXGZYSSeGp5cnGHPjppR4_t-lqK5i1nF4ra1IAhiUvyaaPDKTctJdm3EAZD0IKWWyvTva3cGLITGq9PQTNZooNOS6FcIyXqo1StwyJEO7vTVUdIwvDpdlKdIs9_qSIrV3WTkq30cAbrQxPvIekJFna1EsIxYFiyVhFfpitgmhiga7gJuGYigCCXFReBk6ODx5wqFhGWXdLUrKrl6_4esQESPsPBIXtLiFu_F7xZ5Xo4FfUMkpdsW_Grbwqa_4it8jvvbb5TuIkjpIUTob0zWc2Hwowq7hQmhOmq3O2L6JvFtocTe1oGf7OtTVlzXgrCQHRXiCWF13ON0sftdqpz6P_cxQQ5mU5qaGJ98SE291cCHcLHlKGdRC3dV8lt84PsZvZefcrvtcJeZcxQIHp3YPL2T-qp28Sx3zsziS8OxFnYkaWCpCx3ZR-V7_UEt9TmZWr2plTeobS_tBTrkrEfccSw=w800-h600-no\" data-link=\"https:\/\/photos.google.com\/share\/AF1QipOY_DCl-towYK3ibqoexCOQQle9uW0OkRicTCVxawdgoSGTfEjqWzF_4vKpDsSclQ\/photo\/AF1QipOHkN6fty54ebYPdH5XPhMb8PZ81fNEFhNYVeLg?key=VzVRM21tRGNjR2JDMkMyQWo2OFk5SlhCd3BvcUtn\" \/><\/div>\n<p>Els espais a l&#8217;escola es dissenyen amb la intenci\u00f3 d&#8217;<strong>acollir<\/strong> i <strong>donar resposta a les necessitats<\/strong> de tot l&#8217;alumnat.<\/p>\n<p>Cadasc\u00fan d&#8217;ells es formula amb una intenci\u00f3 per\u00f2 acaba esdevenint un context amb moltes m\u00e9s possibilitats, tantes com l&#8217;infant vulgui explorar.<\/p>\n<p>Si vols saber-ne m\u00e9s, clica-hi a sobre.<\/p>\n<div style=\"width: 100%;\">\n<div style=\"position: relative; padding-bottom: 56.25%; padding-top: 0; height: 0;\"><iframe loading=\"lazy\" style=\"position: absolute; top: 0; left: 0; width: 100%; height: 100%;\" title=\"Al pati de l'escola\" src=\"https:\/\/view.genial.ly\/63f9f96c1b3c7b001a7af942\" width=\"844.4444444444445\" height=\"475\" frameborder=\"0\" scrolling=\"yes\" allowfullscreen=\"allowfullscreen\"><\/iframe><\/div>\n<\/div>\n<p>&nbsp;<\/p>\n<div style=\"width: 100%;\">\n<div style=\"position: relative; padding-bottom: 56.25%; padding-top: 0; height: 0;\"><iframe loading=\"lazy\" style=\"position: absolute; top: 0; left: 0; width: 100%; height: 100%;\" title=\"Biblioteca\" src=\"https:\/\/view.genial.ly\/63fb2a7765a7c00011ab1531\" width=\"844.4444444444445\" height=\"475\" frameborder=\"0\" scrolling=\"yes\" allowfullscreen=\"allowfullscreen\"><\/iframe><\/div>\n<\/div>\n<p>&nbsp;<\/p>\n<div style=\"width: 100%;\">\n<div style=\"position: relative; padding-bottom: 56.25%; padding-top: 0; height: 0;\"><iframe loading=\"lazy\" style=\"position: absolute; top: 0; left: 0; width: 100%; height: 100%;\" title=\"Ludoteca\" src=\"https:\/\/view.genial.ly\/63fb305365a7c00011ab2cf2\" width=\"844.4444444444445\" height=\"475\" frameborder=\"0\" scrolling=\"yes\" allowfullscreen=\"allowfullscreen\"><\/iframe><\/div>\n<\/div>\n<p>&nbsp;<\/p>\n<div style=\"width: 100%;\">\n<div style=\"position: relative; padding-bottom: 56.25%; padding-top: 0; height: 0;\"><iframe loading=\"lazy\" style=\"position: absolute; top: 0; left: 0; width: 100%; height: 100%;\" title=\"Aules\" src=\"https:\/\/view.genial.ly\/63fb31a82ec12d00187a8dd6\" width=\"844.4444444444445\" height=\"475\" frameborder=\"0\" scrolling=\"yes\" allowfullscreen=\"allowfullscreen\"><\/iframe><\/div>\n<\/div>\n<p>&nbsp;<\/p>\n<div style=\"width: 100%;\">\n<div style=\"position: relative; padding-bottom: 56.25%; padding-top: 0; height: 0;\"><iframe loading=\"lazy\" style=\"position: absolute; top: 0; left: 0; width: 100%; height: 100%;\" title=\"Gimn\u00e0s\" src=\"https:\/\/view.genial.ly\/63fb3813ee6c7700118d606e\" width=\"844.4444444444445\" height=\"475\" frameborder=\"0\" scrolling=\"yes\" allowfullscreen=\"allowfullscreen\"><\/iframe><\/div>\n<\/div>\n<p>&nbsp;<\/p>\n<div style=\"width: 100%;\">\n<div style=\"position: relative; padding-bottom: 56.25%; padding-top: 0; height: 0;\"><iframe loading=\"lazy\" style=\"position: absolute; top: 0; left: 0; width: 100%; height: 100%;\" title=\"Copia - Gimn\u00e0s\" src=\"https:\/\/view.genial.ly\/63fb39cafcda4600185c171c\" width=\"844.4444444444445\" height=\"475\" frameborder=\"0\" scrolling=\"yes\" allowfullscreen=\"allowfullscreen\"><\/iframe><\/div>\n<\/div>\n<p>&nbsp;<\/p>\n<div style=\"width: 100%;\">\n<div style=\"position: relative; padding-bottom: 56.25%; padding-top: 0; height: 0;\"><iframe loading=\"lazy\" style=\"position: absolute; top: 0; left: 0; width: 100%; height: 100%;\" title=\"H\u00e0bits alimentaris\" src=\"https:\/\/view.genial.ly\/63fb3bab67052c00129c6ca5\" width=\"844.4444444444445\" height=\"475\" frameborder=\"0\" scrolling=\"yes\" allowfullscreen=\"allowfullscreen\"><\/iframe><\/div>\n<\/div>\n<p>&nbsp;<\/p>\n","protected":false},"excerpt":{"rendered":"<p>Els espais a l&#8217;escola es dissenyen amb la intenci\u00f3 d&#8217;acollir i donar resposta a les necessitats de tot l&#8217;alumnat. Cadasc\u00fan d&#8217;ells es formula amb una intenci\u00f3 per\u00f2 acaba esdevenint un context amb moltes m\u00e9s possibilitats, tantes com l&#8217;infant vulgui explorar. Si vols saber-ne m\u00e9s, clica-hi a sobre. &nbsp; &nbsp; &nbsp; &nbsp; &nbsp; &nbsp; &nbsp;<\/p>\n","protected":false},"author":1,"featured_media":0,"parent":0,"menu_order":40,"comment_status":"closed","ping_status":"closed","template":"","meta":{"_bbp_topic_count":0,"_bbp_reply_count":0,"_bbp_total_topic_count":0,"_bbp_total_reply_count":0,"_bbp_voice_count":0,"_bbp_anonymous_reply_count":0,"_bbp_topic_count_hidden":0,"_bbp_reply_count_hidden":0,"_bbp_forum_subforum_count":0,"site-sidebar-layout":"default","site-content-layout":"","ast-site-content-layout":"","site-content-style":"default","site-sidebar-style":"default","ast-global-header-display":"","ast-banner-title-visibility":"","ast-main-header-display":"","ast-hfb-above-header-display":"","ast-hfb-below-header-display":"","ast-hfb-mobile-header-display":"","site-post-title":"","ast-breadcrumbs-content":"","ast-featured-img":"","footer-sml-layout":"","theme-transparent-header-meta":"","adv-header-id-meta":"","stick-header-meta":"","header-above-stick-meta":"","header-main-stick-meta":"","header-below-stick-meta":"","astra-migrate-meta-layouts":"default","ast-page-background-enabled":"default","ast-page-background-meta":{"desktop":{"background-color":"var(--ast-global-color-4)","background-image":"","background-repeat":"repeat","background-position":"center center","background-size":"auto","background-attachment":"scroll","background-type":"","background-media":"","overlay-type":"","overlay-color":"","overlay-opacity":"","overlay-gradient":""},"tablet":{"background-color":"","background-image":"","background-repeat":"repeat","background-position":"center center","background-size":"auto","background-attachment":"scroll","background-type":"","background-media":"","overlay-type":"","overlay-color":"","overlay-opacity":"","overlay-gradient":""},"mobile":{"background-color":"","background-image":"","background-repeat":"repeat","background-position":"center center","background-size":"auto","background-attachment":"scroll","background-type":"","background-media":"","overlay-type":"","overlay-color":"","overlay-opacity":"","overlay-gradient":""}},"ast-content-background-meta":{"desktop":{"background-color":"var(--ast-global-color-5)","background-image":"","background-repeat":"repeat","background-position":"center center","background-size":"auto","background-attachment":"scroll","background-type":"","background-media":"","overlay-type":"","overlay-color":"","overlay-opacity":"","overlay-gradient":""},"tablet":{"background-color":"var(--ast-global-color-5)","background-image":"","background-repeat":"repeat","background-position":"center center","background-size":"auto","background-attachment":"scroll","background-type":"","background-media":"","overlay-type":"","overlay-color":"","overlay-opacity":"","overlay-gradient":""},"mobile":{"background-color":"var(--ast-global-color-5)","background-image":"","background-repeat":"repeat","background-position":"center center","background-size":"auto","background-attachment":"scroll","background-type":"","background-media":"","overlay-type":"","overlay-color":"","overlay-opacity":"","overlay-gradient":""}},"footnotes":""},"class_list":["post-30","page","type-page","status-publish","hentry"],"post_mailing_queue_ids":[],"_links":{"self":[{"href":"https:\/\/agora.xtec.cat\/ceip-torremiranda-cornella\/wp-json\/wp\/v2\/pages\/30","targetHints":{"allow":["GET"]}}],"collection":[{"href":"https:\/\/agora.xtec.cat\/ceip-torremiranda-cornella\/wp-json\/wp\/v2\/pages"}],"about":[{"href":"https:\/\/agora.xtec.cat\/ceip-torremiranda-cornella\/wp-json\/wp\/v2\/types\/page"}],"author":[{"embeddable":true,"href":"https:\/\/agora.xtec.cat\/ceip-torremiranda-cornella\/wp-json\/wp\/v2\/users\/1"}],"replies":[{"embeddable":true,"href":"https:\/\/agora.xtec.cat\/ceip-torremiranda-cornella\/wp-json\/wp\/v2\/comments?post=30"}],"version-history":[{"count":4,"href":"https:\/\/agora.xtec.cat\/ceip-torremiranda-cornella\/wp-json\/wp\/v2\/pages\/30\/revisions"}],"predecessor-version":[{"id":20199,"href":"https:\/\/agora.xtec.cat\/ceip-torremiranda-cornella\/wp-json\/wp\/v2\/pages\/30\/revisions\/20199"}],"wp:attachment":[{"href":"https:\/\/agora.xtec.cat\/ceip-torremiranda-cornella\/wp-json\/wp\/v2\/media?parent=30"}],"curies":[{"name":"wp","href":"https:\/\/api.w.org\/{rel}","templated":true}]}}