{"id":28,"date":"2014-09-18T12:29:35","date_gmt":"2014-09-18T11:29:35","guid":{"rendered":"http:\/\/agora.xtec.cat\/ceip-torremiranda-cornella\/?page_id=28"},"modified":"2026-02-02T11:14:07","modified_gmt":"2026-02-02T10:14:07","slug":"consell-escolar-2","status":"publish","type":"page","link":"https:\/\/agora.xtec.cat\/ceip-torremiranda-cornella\/consell-escolar-2\/","title":{"rendered":"Consell escolar"},"content":{"rendered":"\n<p><\/p>\n\n\n\n\n\n<p><\/p>\n\n\n\n<p class=\"has-text-align-center has-ast-global-color-0-color has-text-color has-link-color has-medium-font-size wp-elements-da4fc114e8153842b4f386308ddd630a\"><strong>Representants:<\/strong><\/p>\n\n\n\n<p class=\"has-text-align-center\"><strong>Presidenta<\/strong>:&nbsp; &nbsp; &nbsp;Elisa Rubio<\/p>\n\n\n\n<p class=\"has-text-align-center\"><strong>Cap d&#8217;estudis<\/strong>:&nbsp; &nbsp; &nbsp;L\u00eddia Vargas Giner<\/p>\n\n\n\n<p class=\"has-text-align-center\"><strong>Secret\u00e0ria<\/strong>:&nbsp; &nbsp; &nbsp;Raquel Moreno Mart\u00edn<\/p>\n\n\n\n<p class=\"has-text-align-center\"><strong>Representant de l&#8217;Ajuntament<\/strong>:&nbsp; &nbsp; &nbsp;Carlos Dom\u00ednguez<\/p>\n\n\n\n<p class=\"has-text-align-center\"><strong>Representant de l&#8217;AFA<\/strong>:&nbsp; &nbsp; &nbsp;M\u00edriam Muras<\/p>\n\n\n\n<p class=\"has-text-align-center\"><strong>Representant de pares i mares<\/strong>:\u00a0 \u00a0 \u00a0Fatima Bourass<\/p>\n\n\n\n<p class=\"has-text-align-center\"><strong>Representant de pares i mares<\/strong>:\u00a0 \u00a0 \u00a0Karima Rudani<\/p>\n\n\n\n<p class=\"has-text-align-center\"><strong>Representant de pares i mares<\/strong>:\u00a0 \u00a0 \u00a0Siham Kaamoouss<\/p>\n\n\n\n<p>&nbsp;<\/p>\n\n\n\n<p class=\"has-text-align-center\"><strong>C. Permanent:\u00a0 <\/strong>\u00a0 \u00a0M\u00edriam Muras i Raquel Moreno<\/p>\n\n\n\n<p class=\"has-text-align-center\"><strong>C. d&#8217;Economia<\/strong>:\u00a0 \u00a0 \u00a0Raquel Moreno, Santi Gallego, Carol Ribas i Karima Rudani<\/p>\n\n\n\n<p class=\"has-text-align-center\"><strong>C. de Conviv\u00e8ncia<\/strong>:\u00a0 \u00a0 \u00a0Elisa Rubio, Siham Kamousse, Fatima Bourass, Andrea Ribas i \u00c0lex L\u00f3pez<\/p>\n\n\n\n<p class=\"has-text-align-center\"><strong>C. de Menjador:\u00a0 \u00a0<\/strong> \u00a0Elisa Rubio, M\u00edriam Muras i Lole Perea<\/p>\n\n\n\n<p class=\"has-text-align-center\"><strong>Representant de Coeducaci\u00f3 (COCOBE):\u00a0 <\/strong>\u00a0 \u00a0S\u00edlvia Pi\u00f1ol<\/p>\n\n\n\n<p><\/p>\n","protected":false},"excerpt":{"rendered":"<p>Representants: Presidenta:&nbsp; &nbsp; &nbsp;Elisa Rubio Cap d&#8217;estudis:&nbsp; &nbsp; &nbsp;L\u00eddia Vargas Giner Secret\u00e0ria:&nbsp; &nbsp; &nbsp;Raquel Moreno Mart\u00edn Representant de l&#8217;Ajuntament:&nbsp; &nbsp; &nbsp;Carlos Dom\u00ednguez Representant de l&#8217;AFA:&nbsp; &nbsp; &nbsp;M\u00edriam Muras Representant de pares i mares:\u00a0 \u00a0 \u00a0Fatima Bourass Representant de pares i mares:\u00a0 \u00a0 \u00a0Karima Rudani Representant de pares i mares:\u00a0 \u00a0 \u00a0Siham Kaamoouss &nbsp; C. Permanent:\u00a0 [&hellip;]<\/p>\n","protected":false},"author":1,"featured_media":0,"parent":0,"menu_order":30,"comment_status":"closed","ping_status":"closed","template":"","meta":{"_bbp_topic_count":0,"_bbp_reply_count":0,"_bbp_total_topic_count":0,"_bbp_total_reply_count":0,"_bbp_voice_count":0,"_bbp_anonymous_reply_count":0,"_bbp_topic_count_hidden":0,"_bbp_reply_count_hidden":0,"_bbp_forum_subforum_count":0,"site-sidebar-layout":"default","site-content-layout":"","ast-site-content-layout":"default","site-content-style":"default","site-sidebar-style":"default","ast-global-header-display":"","ast-banner-title-visibility":"","ast-main-header-display":"","ast-hfb-above-header-display":"","ast-hfb-below-header-display":"","ast-hfb-mobile-header-display":"","site-post-title":"","ast-breadcrumbs-content":"","ast-featured-img":"","footer-sml-layout":"","theme-transparent-header-meta":"","adv-header-id-meta":"","stick-header-meta":"","header-above-stick-meta":"","header-main-stick-meta":"","header-below-stick-meta":"","astra-migrate-meta-layouts":"set","ast-page-background-enabled":"default","ast-page-background-meta":{"desktop":{"background-color":"var(--ast-global-color-4)","background-image":"","background-repeat":"repeat","background-position":"center center","background-size":"auto","background-attachment":"scroll","background-type":"","background-media":"","overlay-type":"","overlay-color":"","overlay-opacity":"","overlay-gradient":""},"tablet":{"background-color":"","background-image":"","background-repeat":"repeat","background-position":"center center","background-size":"auto","background-attachment":"scroll","background-type":"","background-media":"","overlay-type":"","overlay-color":"","overlay-opacity":"","overlay-gradient":""},"mobile":{"background-color":"","background-image":"","background-repeat":"repeat","background-position":"center center","background-size":"auto","background-attachment":"scroll","background-type":"","background-media":"","overlay-type":"","overlay-color":"","overlay-opacity":"","overlay-gradient":""}},"ast-content-background-meta":{"desktop":{"background-color":"var(--ast-global-color-5)","background-image":"","background-repeat":"repeat","background-position":"center center","background-size":"auto","background-attachment":"scroll","background-type":"","background-media":"","overlay-type":"","overlay-color":"","overlay-opacity":"","overlay-gradient":""},"tablet":{"background-color":"var(--ast-global-color-5)","background-image":"","background-repeat":"repeat","background-position":"center center","background-size":"auto","background-attachment":"scroll","background-type":"","background-media":"","overlay-type":"","overlay-color":"","overlay-opacity":"","overlay-gradient":""},"mobile":{"background-color":"var(--ast-global-color-5)","background-image":"","background-repeat":"repeat","background-position":"center center","background-size":"auto","background-attachment":"scroll","background-type":"","background-media":"","overlay-type":"","overlay-color":"","overlay-opacity":"","overlay-gradient":""}},"footnotes":""},"class_list":["post-28","page","type-page","status-publish","hentry"],"post_mailing_queue_ids":[],"_links":{"self":[{"href":"https:\/\/agora.xtec.cat\/ceip-torremiranda-cornella\/wp-json\/wp\/v2\/pages\/28","targetHints":{"allow":["GET"]}}],"collection":[{"href":"https:\/\/agora.xtec.cat\/ceip-torremiranda-cornella\/wp-json\/wp\/v2\/pages"}],"about":[{"href":"https:\/\/agora.xtec.cat\/ceip-torremiranda-cornella\/wp-json\/wp\/v2\/types\/page"}],"author":[{"embeddable":true,"href":"https:\/\/agora.xtec.cat\/ceip-torremiranda-cornella\/wp-json\/wp\/v2\/users\/1"}],"replies":[{"embeddable":true,"href":"https:\/\/agora.xtec.cat\/ceip-torremiranda-cornella\/wp-json\/wp\/v2\/comments?post=28"}],"version-history":[{"count":5,"href":"https:\/\/agora.xtec.cat\/ceip-torremiranda-cornella\/wp-json\/wp\/v2\/pages\/28\/revisions"}],"predecessor-version":[{"id":22546,"href":"https:\/\/agora.xtec.cat\/ceip-torremiranda-cornella\/wp-json\/wp\/v2\/pages\/28\/revisions\/22546"}],"wp:attachment":[{"href":"https:\/\/agora.xtec.cat\/ceip-torremiranda-cornella\/wp-json\/wp\/v2\/media?parent=28"}],"curies":[{"name":"wp","href":"https:\/\/api.w.org\/{rel}","templated":true}]}}