{"id":15071,"date":"2019-11-12T11:51:33","date_gmt":"2019-11-12T10:51:33","guid":{"rendered":"https:\/\/agora.xtec.cat\/ceip-torremiranda-cornella\/?page_id=15071"},"modified":"2025-10-30T18:41:41","modified_gmt":"2025-10-30T17:41:41","slug":"calendari-del-curs-19-20","status":"publish","type":"page","link":"https:\/\/agora.xtec.cat\/ceip-torremiranda-cornella\/calendari-del-curs-19-20\/","title":{"rendered":"Calendari del curs 25\/26"},"content":{"rendered":"<p><img loading=\"lazy\" decoding=\"async\" class=\"aligncenter size-full wp-image-22348\" src=\"https:\/\/agora.xtec.cat\/ceip-torremiranda-cornella\/wp-content\/uploads\/usu62\/2025\/10\/Calendari-2025-2026.png\" alt=\"\" width=\"908\" height=\"687\" srcset=\"https:\/\/agora.xtec.cat\/ceip-torremiranda-cornella\/wp-content\/uploads\/usu62\/2025\/10\/Calendari-2025-2026.png 908w, https:\/\/agora.xtec.cat\/ceip-torremiranda-cornella\/wp-content\/uploads\/usu62\/2025\/10\/Calendari-2025-2026-300x227.png 300w, https:\/\/agora.xtec.cat\/ceip-torremiranda-cornella\/wp-content\/uploads\/usu62\/2025\/10\/Calendari-2025-2026-768x581.png 768w, https:\/\/agora.xtec.cat\/ceip-torremiranda-cornella\/wp-content\/uploads\/usu62\/2025\/10\/Calendari-2025-2026-200x150.png 200w\" sizes=\"auto, (max-width: 908px) 100vw, 908px\" \/><\/p>\n<ul>\n<li style=\"list-style-type: none;\">1\ud83c\udd81 \ud83c\udd83\ud83c\udd81\ud83c\udd78\ud83c\udd7c\ud83c\udd74\ud83c\udd82\ud83c\udd83\ud83c\udd81\ud83c\udd74\n<ul>\n<li style=\"font-weight: 400;\" aria-level=\"1\"><b>Inici de curs:<\/b><span style=\"font-weight: 400;\"> dilluns 8 de setembre de 2025 (<em>horari de mat\u00ed i tarda<\/em>).<\/span><\/li>\n<li style=\"font-weight: 400;\" aria-level=\"1\"><b>Festa lliure disposici\u00f3:<\/b><span style=\"font-weight: 400;\"> dilluns 3 de novembre de 2025.<\/span><\/li>\n<li style=\"font-weight: 400;\" aria-level=\"1\"><b>Festa lliure disposici\u00f3:<\/b> divendres<span style=\"font-weight: 400;\"> 5 de desembre de 2025.<\/span><\/li>\n<li aria-level=\"1\"><strong>Vacances de Nadal:<\/strong> del 20 de desembre al 7 de gener de 2025 (<em>ambd\u00f3s inclosos<\/em>).<\/li>\n<li style=\"font-weight: 400;\" aria-level=\"1\"><b>Final 1r trimestre:<\/b> divendres 19<span style=\"font-weight: 400;\"> de desembre de 2025 <\/span><span style=\"font-weight: 400;\">(<em>darrer dia de classe i horari lectiu fins les 13h<\/em>). Hi haur\u00e0 servei de menjador fins les 15h.<\/span><\/li>\n<\/ul>\n<p><span style=\"font-weight: 400;\">\u00a0<\/span><\/li>\n<li style=\"list-style-type: none;\">2\ud83c\udd7d \ud83c\udd83\ud83c\udd81\ud83c\udd78\ud83c\udd7c\ud83c\udd74\ud83c\udd82\ud83c\udd83\ud83c\udd81\ud83c\udd74\n<ul>\n<li style=\"font-weight: 400;\" aria-level=\"1\"><b>Inici 2n trimestre<\/b><span style=\"font-weight: 400;\">:dijous 8 de gener de 2026 (<em>primer dia de classe<\/em>).<\/span><\/li>\n<li style=\"font-weight: 400;\" aria-level=\"1\"><b>Festa lliure disposici\u00f3: <\/b>dilluns 16 de febrer de 2026.<\/li>\n<li aria-level=\"1\"><strong>Vacances de Semana Santa: <\/strong>del 28 de mar\u00e7 al 6 d&#8217;abril de 2026(<em>ambd\u00f3s inclosos<\/em>).<\/li>\n<li style=\"font-weight: 400;\" aria-level=\"1\"><b>Final 2n trimestre: <\/b><span style=\"font-weight: 400;\">\u00a0divendres 27 de mar\u00e7 de 2026 (<em>darrer dia de classe<\/em>).<\/span><\/li>\n<\/ul>\n<p>&nbsp;<\/li>\n<li style=\"list-style-type: none;\">3\ud83c\udd81 \ud83c\udd83\ud83c\udd81\ud83c\udd78\ud83c\udd7c\ud83c\udd74\ud83c\udd82\ud83c\udd83\ud83c\udd81\ud83c\udd74\n<ul>\n<li style=\"font-weight: 400;\" aria-level=\"1\"><b>Inici 3r trimestre<\/b><span style=\"font-weight: 400;\">: dimarts 7 d&#8217;abril de 2026 (<em>primer dia de classe<\/em>).<\/span><\/li>\n<li style=\"font-weight: 400;\" aria-level=\"1\"><b>Festes Locals: <\/b>dilluns 25 de maig de 2026 i divendres 5 de juny de 2026.<\/li>\n<li aria-level=\"1\"><strong>Festa lliure disposici\u00f3<\/strong>: dijous 30 d&#8217;abril de 2026.<\/li>\n<li style=\"font-weight: 400;\" aria-level=\"1\"><b>Horari intensiu:<\/b><span style=\"font-weight: 400;\"> de dilluns 8 de juny de 2026 a divendres 19 de juny de 2026 (<em>horari lectiu de 9 a 13h<\/em>).\u00a0<\/span><\/li>\n<\/ul>\n<ul>\n<li style=\"font-weight: 400;\" aria-level=\"1\"><b>Final de curs:<\/b><span style=\"font-weight: 400;\"> 19 de juny de 2026<\/span><\/li>\n<\/ul>\n<\/li>\n<\/ul>\n<p>&nbsp;<\/p>\n<p>&nbsp;<\/p>\n","protected":false},"excerpt":{"rendered":"<p>1\ud83c\udd81 \ud83c\udd83\ud83c\udd81\ud83c\udd78\ud83c\udd7c\ud83c\udd74\ud83c\udd82\ud83c\udd83\ud83c\udd81\ud83c\udd74 Inici de curs: dilluns 8 de setembre de 2025 (horari de mat\u00ed i tarda). Festa lliure disposici\u00f3: dilluns 3 de novembre de 2025. Festa lliure disposici\u00f3: divendres 5 de desembre de 2025. Vacances de Nadal: del 20 de desembre al 7 de gener de 2025 (ambd\u00f3s inclosos). Final 1r trimestre: divendres 19 de [&hellip;]<\/p>\n","protected":false},"author":1,"featured_media":0,"parent":0,"menu_order":0,"comment_status":"closed","ping_status":"closed","template":"","meta":{"_bbp_topic_count":0,"_bbp_reply_count":0,"_bbp_total_topic_count":0,"_bbp_total_reply_count":0,"_bbp_voice_count":0,"_bbp_anonymous_reply_count":0,"_bbp_topic_count_hidden":0,"_bbp_reply_count_hidden":0,"_bbp_forum_subforum_count":0,"site-sidebar-layout":"default","site-content-layout":"","ast-site-content-layout":"","site-content-style":"default","site-sidebar-style":"default","ast-global-header-display":"","ast-banner-title-visibility":"","ast-main-header-display":"","ast-hfb-above-header-display":"","ast-hfb-below-header-display":"","ast-hfb-mobile-header-display":"","site-post-title":"","ast-breadcrumbs-content":"","ast-featured-img":"","footer-sml-layout":"","theme-transparent-header-meta":"","adv-header-id-meta":"","stick-header-meta":"","header-above-stick-meta":"","header-main-stick-meta":"","header-below-stick-meta":"","astra-migrate-meta-layouts":"default","ast-page-background-enabled":"default","ast-page-background-meta":{"desktop":{"background-color":"var(--ast-global-color-4)","background-image":"","background-repeat":"repeat","background-position":"center center","background-size":"auto","background-attachment":"scroll","background-type":"","background-media":"","overlay-type":"","overlay-color":"","overlay-opacity":"","overlay-gradient":""},"tablet":{"background-color":"","background-image":"","background-repeat":"repeat","background-position":"center center","background-size":"auto","background-attachment":"scroll","background-type":"","background-media":"","overlay-type":"","overlay-color":"","overlay-opacity":"","overlay-gradient":""},"mobile":{"background-color":"","background-image":"","background-repeat":"repeat","background-position":"center center","background-size":"auto","background-attachment":"scroll","background-type":"","background-media":"","overlay-type":"","overlay-color":"","overlay-opacity":"","overlay-gradient":""}},"ast-content-background-meta":{"desktop":{"background-color":"var(--ast-global-color-5)","background-image":"","background-repeat":"repeat","background-position":"center center","background-size":"auto","background-attachment":"scroll","background-type":"","background-media":"","overlay-type":"","overlay-color":"","overlay-opacity":"","overlay-gradient":""},"tablet":{"background-color":"var(--ast-global-color-5)","background-image":"","background-repeat":"repeat","background-position":"center center","background-size":"auto","background-attachment":"scroll","background-type":"","background-media":"","overlay-type":"","overlay-color":"","overlay-opacity":"","overlay-gradient":""},"mobile":{"background-color":"var(--ast-global-color-5)","background-image":"","background-repeat":"repeat","background-position":"center center","background-size":"auto","background-attachment":"scroll","background-type":"","background-media":"","overlay-type":"","overlay-color":"","overlay-opacity":"","overlay-gradient":""}},"footnotes":""},"class_list":["post-15071","page","type-page","status-publish","hentry"],"post_mailing_queue_ids":[],"_links":{"self":[{"href":"https:\/\/agora.xtec.cat\/ceip-torremiranda-cornella\/wp-json\/wp\/v2\/pages\/15071","targetHints":{"allow":["GET"]}}],"collection":[{"href":"https:\/\/agora.xtec.cat\/ceip-torremiranda-cornella\/wp-json\/wp\/v2\/pages"}],"about":[{"href":"https:\/\/agora.xtec.cat\/ceip-torremiranda-cornella\/wp-json\/wp\/v2\/types\/page"}],"author":[{"embeddable":true,"href":"https:\/\/agora.xtec.cat\/ceip-torremiranda-cornella\/wp-json\/wp\/v2\/users\/1"}],"replies":[{"embeddable":true,"href":"https:\/\/agora.xtec.cat\/ceip-torremiranda-cornella\/wp-json\/wp\/v2\/comments?post=15071"}],"version-history":[{"count":6,"href":"https:\/\/agora.xtec.cat\/ceip-torremiranda-cornella\/wp-json\/wp\/v2\/pages\/15071\/revisions"}],"predecessor-version":[{"id":22349,"href":"https:\/\/agora.xtec.cat\/ceip-torremiranda-cornella\/wp-json\/wp\/v2\/pages\/15071\/revisions\/22349"}],"wp:attachment":[{"href":"https:\/\/agora.xtec.cat\/ceip-torremiranda-cornella\/wp-json\/wp\/v2\/media?parent=15071"}],"curies":[{"name":"wp","href":"https:\/\/api.w.org\/{rel}","templated":true}]}}