{"id":15068,"date":"2019-11-12T11:47:57","date_gmt":"2019-11-12T10:47:57","guid":{"rendered":"https:\/\/agora.xtec.cat\/ceip-torremiranda-cornella\/?page_id=15068"},"modified":"2026-02-02T13:38:39","modified_gmt":"2026-02-02T12:38:39","slug":"quotes","status":"publish","type":"page","link":"https:\/\/agora.xtec.cat\/ceip-torremiranda-cornella\/quotes\/","title":{"rendered":"Quotes de material i sortides 2025-2026"},"content":{"rendered":"<p>QUOTES DE MATERIAL I SORTIDES\u00a0 CURS 2025-2026 (quota \u00fanica)<\/p>\n<table style=\"border-collapse: collapse; width: 27.7012%; height: 111px;\">\n<tbody>\n<tr style=\"height: 37px;\">\n<td style=\"width: 63.6896%; height: 37px; text-align: center;\">ED. INFANTIL P3, P4 i P5<\/td>\n<td style=\"width: 36.3104%; height: 37px; text-align: center;\">60\u20ac<\/td>\n<\/tr>\n<tr style=\"height: 37px;\">\n<td style=\"width: 63.6896%; height: 37px; text-align: center;\">ED. PRIM\u00c0RIA 1r i 2n<\/td>\n<td style=\"width: 36.3104%; height: 37px; text-align: center;\">60\u20ac<\/td>\n<\/tr>\n<tr style=\"height: 37px;\">\n<td style=\"width: 63.6896%; height: 37px; text-align: center;\">ED. PRIM\u00c0RIA 3r, 4t, 5\u00e8 i 6\u00e8<\/td>\n<td style=\"width: 36.3104%; height: 37px; text-align: center;\">50\u20ac<\/td>\n<\/tr>\n<\/tbody>\n<\/table>\n<p><span style=\"font-weight: 400;\">Aquest curs, tornem a formar part del programa de fons europeu PMOE-PROA +. Aquest programa ens subvenciona a tot l\u2019alumnat del centre, una bona part de l&#8217;import total de les sortides i de la quota de material.<\/span><\/p>\n<p><span style=\"font-weight: 400;\">Les fam\u00edlies heu de fer un \u00fanic\u00a0 pagament (aquesta quota inclou els materials i les sortides de tot el curs) per <\/span><b>transfer\u00e8ncia banc\u00e0ria<\/b> <b>o a trav\u00e9s del caixer<\/b><span style=\"font-weight: 400;\">. <\/span><\/p>\n<p>El n\u00ba de compte (Banc Sabadell) \u00e9s <strong>ES78-0081-1962-2100-0100-2206<\/strong><\/p>\n<p><span style=\"font-weight: 400;\"> El pagament s&#8217;ha d\u2019haver fet abans del 31 d\u2019agost.\u00a0<\/span><\/p>\n","protected":false},"excerpt":{"rendered":"<p>QUOTES DE MATERIAL I SORTIDES\u00a0 CURS 2025-2026 (quota \u00fanica) ED. INFANTIL P3, P4 i P5 60\u20ac ED. PRIM\u00c0RIA 1r i 2n 60\u20ac ED. PRIM\u00c0RIA 3r, 4t, 5\u00e8 i 6\u00e8 50\u20ac Aquest curs, tornem a formar part del programa de fons europeu PMOE-PROA +. Aquest programa ens subvenciona a tot l\u2019alumnat del centre, una bona part [&hellip;]<\/p>\n","protected":false},"author":1,"featured_media":0,"parent":0,"menu_order":0,"comment_status":"closed","ping_status":"closed","template":"","meta":{"_bbp_topic_count":0,"_bbp_reply_count":0,"_bbp_total_topic_count":0,"_bbp_total_reply_count":0,"_bbp_voice_count":0,"_bbp_anonymous_reply_count":0,"_bbp_topic_count_hidden":0,"_bbp_reply_count_hidden":0,"_bbp_forum_subforum_count":0,"site-sidebar-layout":"default","site-content-layout":"","ast-site-content-layout":"default","site-content-style":"default","site-sidebar-style":"default","ast-global-header-display":"","ast-banner-title-visibility":"","ast-main-header-display":"","ast-hfb-above-header-display":"","ast-hfb-below-header-display":"","ast-hfb-mobile-header-display":"","site-post-title":"","ast-breadcrumbs-content":"","ast-featured-img":"","footer-sml-layout":"","theme-transparent-header-meta":"","adv-header-id-meta":"","stick-header-meta":"","header-above-stick-meta":"","header-main-stick-meta":"","header-below-stick-meta":"","astra-migrate-meta-layouts":"set","ast-page-background-enabled":"default","ast-page-background-meta":{"desktop":{"background-color":"var(--ast-global-color-4)","background-image":"","background-repeat":"repeat","background-position":"center center","background-size":"auto","background-attachment":"scroll","background-type":"","background-media":"","overlay-type":"","overlay-color":"","overlay-opacity":"","overlay-gradient":""},"tablet":{"background-color":"","background-image":"","background-repeat":"repeat","background-position":"center center","background-size":"auto","background-attachment":"scroll","background-type":"","background-media":"","overlay-type":"","overlay-color":"","overlay-opacity":"","overlay-gradient":""},"mobile":{"background-color":"","background-image":"","background-repeat":"repeat","background-position":"center center","background-size":"auto","background-attachment":"scroll","background-type":"","background-media":"","overlay-type":"","overlay-color":"","overlay-opacity":"","overlay-gradient":""}},"ast-content-background-meta":{"desktop":{"background-color":"var(--ast-global-color-5)","background-image":"","background-repeat":"repeat","background-position":"center center","background-size":"auto","background-attachment":"scroll","background-type":"","background-media":"","overlay-type":"","overlay-color":"","overlay-opacity":"","overlay-gradient":""},"tablet":{"background-color":"var(--ast-global-color-5)","background-image":"","background-repeat":"repeat","background-position":"center center","background-size":"auto","background-attachment":"scroll","background-type":"","background-media":"","overlay-type":"","overlay-color":"","overlay-opacity":"","overlay-gradient":""},"mobile":{"background-color":"var(--ast-global-color-5)","background-image":"","background-repeat":"repeat","background-position":"center center","background-size":"auto","background-attachment":"scroll","background-type":"","background-media":"","overlay-type":"","overlay-color":"","overlay-opacity":"","overlay-gradient":""}},"footnotes":""},"class_list":["post-15068","page","type-page","status-publish","hentry"],"post_mailing_queue_ids":[],"_links":{"self":[{"href":"https:\/\/agora.xtec.cat\/ceip-torremiranda-cornella\/wp-json\/wp\/v2\/pages\/15068","targetHints":{"allow":["GET"]}}],"collection":[{"href":"https:\/\/agora.xtec.cat\/ceip-torremiranda-cornella\/wp-json\/wp\/v2\/pages"}],"about":[{"href":"https:\/\/agora.xtec.cat\/ceip-torremiranda-cornella\/wp-json\/wp\/v2\/types\/page"}],"author":[{"embeddable":true,"href":"https:\/\/agora.xtec.cat\/ceip-torremiranda-cornella\/wp-json\/wp\/v2\/users\/1"}],"replies":[{"embeddable":true,"href":"https:\/\/agora.xtec.cat\/ceip-torremiranda-cornella\/wp-json\/wp\/v2\/comments?post=15068"}],"version-history":[{"count":6,"href":"https:\/\/agora.xtec.cat\/ceip-torremiranda-cornella\/wp-json\/wp\/v2\/pages\/15068\/revisions"}],"predecessor-version":[{"id":22554,"href":"https:\/\/agora.xtec.cat\/ceip-torremiranda-cornella\/wp-json\/wp\/v2\/pages\/15068\/revisions\/22554"}],"wp:attachment":[{"href":"https:\/\/agora.xtec.cat\/ceip-torremiranda-cornella\/wp-json\/wp\/v2\/media?parent=15068"}],"curies":[{"name":"wp","href":"https:\/\/api.w.org\/{rel}","templated":true}]}}