{"id":15018,"date":"2019-11-11T11:41:30","date_gmt":"2019-11-11T10:41:30","guid":{"rendered":"https:\/\/agora.xtec.cat\/ceip-torremiranda-cornella\/?page_id=15018"},"modified":"2025-09-14T18:01:31","modified_gmt":"2025-09-14T16:01:31","slug":"activitats-extraescolars","status":"publish","type":"page","link":"https:\/\/agora.xtec.cat\/ceip-torremiranda-cornella\/activitats-extraescolars\/","title":{"rendered":"Activitats extraescolars"},"content":{"rendered":"<p style=\"text-align: center;\"><span style=\"text-decoration: underline;\"><strong>INICI PREINSCRIPCIONS A LES EXTRAESCOLARS DEL PROPER CURS 2025-2026<\/strong><\/span><\/p>\n<p>Al Maig vam realitzar la nostra reuni\u00f3 informativa de les activitats per aquest nou curs 2025-2026.<\/p>\n<p>Aqui teniu un planning de les noves propostes!<\/p>\n<p>&nbsp;<\/p>\n<p><a href=\"https:\/\/agora.xtec.cat\/ceip-torremiranda-cornella\/activitats-extraescolars\/attachment\/oplus_16908288\/\" rel=\"attachment wp-att-22322\"><img loading=\"lazy\" decoding=\"async\" class=\"size-large wp-image-22322\" src=\"https:\/\/agora.xtec.cat\/ceip-torremiranda-cornella\/wp-content\/uploads\/usu62\/2025\/09\/IMG_20250914_174233-1024x801.jpg\" alt=\"\" width=\"1024\" height=\"801\" srcset=\"https:\/\/agora.xtec.cat\/ceip-torremiranda-cornella\/wp-content\/uploads\/usu62\/2025\/09\/IMG_20250914_174233-1024x801.jpg 1024w, https:\/\/agora.xtec.cat\/ceip-torremiranda-cornella\/wp-content\/uploads\/usu62\/2025\/09\/IMG_20250914_174233-300x235.jpg 300w, https:\/\/agora.xtec.cat\/ceip-torremiranda-cornella\/wp-content\/uploads\/usu62\/2025\/09\/IMG_20250914_174233-768x601.jpg 768w, https:\/\/agora.xtec.cat\/ceip-torremiranda-cornella\/wp-content\/uploads\/usu62\/2025\/09\/IMG_20250914_174233.jpg 1080w\" sizes=\"auto, (max-width: 1024px) 100vw, 1024px\" \/><\/a><\/p>\n<p>&nbsp;<\/p>\n<p><a href=\"https:\/\/agora.xtec.cat\/ceip-torremiranda-cornella\/activitats-extraescolars\/attachment\/foto2\/\" rel=\"attachment wp-att-20864\">\u00a0 \u00a0 <\/a>IMPORTANT: Per a poder fer la inscripci\u00f3 en les extraescolars que proposem aix\u00ed com gaudir de les diferents activitats que realitzem, \u00e9s imprescindible fer-vos soci.<\/p>\n<p>Aquest any mantenim la promoci\u00f3 de <strong>PREU \u00daNIC PER FAMILIA. COST DE 15\u20ac<\/strong><\/p>\n<p>Aquest any novament comptarem per a l&#8217;organitzaci\u00f3 i gesti\u00f3 de les activitats amb <strong>TROMPITXOL<\/strong>, empresa que ja ens gestiona tots els altres serveis a la nostra escola.<\/p>\n<p>Per aix\u00f2 ampliem el nostre horari d&#8217;atenci\u00f3, ja que laThais tamb\u00e9 us podr\u00e0 atendre per a les inscripcions de les activitats extraescolars.\ud83d\ude42<\/p>\n<p>Matins: de 9 a 9&#8217;30h<\/p>\n<p>Tardes: de 16:45 a 17:30h<\/p>\n<p>*Recordeu que tamb\u00e9 continuarem oferint els\u00a0 serveis d&#8217;acollida:<\/p>\n<p><strong><span style=\"color: #0000ff;\">Acollida mat\u00ed: 7:15h a 9:00h<\/span><\/strong><\/p>\n<p><strong><span style=\"color: #008000;\">Acollida tarda + estudi: 17h a 18:15h.<\/span><\/strong><\/p>\n<p>&nbsp;<\/p>\n<h6>Per a m\u00e9s informaci\u00f3 contactar al <strong>680 12 56 74<\/strong>.<\/h6>\n<p>&nbsp;<\/p>\n<p>&nbsp;<\/p>\n","protected":false},"excerpt":{"rendered":"<p>INICI PREINSCRIPCIONS A LES EXTRAESCOLARS DEL PROPER CURS 2025-2026 Al Maig vam realitzar la nostra reuni\u00f3 informativa de les activitats per aquest nou curs 2025-2026. Aqui teniu un planning de les noves propostes! &nbsp; &nbsp; \u00a0 \u00a0 IMPORTANT: Per a poder fer la inscripci\u00f3 en les extraescolars que proposem aix\u00ed com gaudir de les diferents [&hellip;]<\/p>\n","protected":false},"author":1,"featured_media":0,"parent":0,"menu_order":0,"comment_status":"closed","ping_status":"closed","template":"page-templates\/side-menu.php","meta":{"_bbp_topic_count":0,"_bbp_reply_count":0,"_bbp_total_topic_count":0,"_bbp_total_reply_count":0,"_bbp_voice_count":0,"_bbp_anonymous_reply_count":0,"_bbp_topic_count_hidden":0,"_bbp_reply_count_hidden":0,"_bbp_forum_subforum_count":0,"site-sidebar-layout":"default","site-content-layout":"","ast-site-content-layout":"","site-content-style":"default","site-sidebar-style":"default","ast-global-header-display":"","ast-banner-title-visibility":"","ast-main-header-display":"","ast-hfb-above-header-display":"","ast-hfb-below-header-display":"","ast-hfb-mobile-header-display":"","site-post-title":"","ast-breadcrumbs-content":"","ast-featured-img":"","footer-sml-layout":"","theme-transparent-header-meta":"","adv-header-id-meta":"","stick-header-meta":"","header-above-stick-meta":"","header-main-stick-meta":"","header-below-stick-meta":"","astra-migrate-meta-layouts":"default","ast-page-background-enabled":"default","ast-page-background-meta":{"desktop":{"background-color":"var(--ast-global-color-4)","background-image":"","background-repeat":"repeat","background-position":"center center","background-size":"auto","background-attachment":"scroll","background-type":"","background-media":"","overlay-type":"","overlay-color":"","overlay-opacity":"","overlay-gradient":""},"tablet":{"background-color":"","background-image":"","background-repeat":"repeat","background-position":"center center","background-size":"auto","background-attachment":"scroll","background-type":"","background-media":"","overlay-type":"","overlay-color":"","overlay-opacity":"","overlay-gradient":""},"mobile":{"background-color":"","background-image":"","background-repeat":"repeat","background-position":"center center","background-size":"auto","background-attachment":"scroll","background-type":"","background-media":"","overlay-type":"","overlay-color":"","overlay-opacity":"","overlay-gradient":""}},"ast-content-background-meta":{"desktop":{"background-color":"var(--ast-global-color-5)","background-image":"","background-repeat":"repeat","background-position":"center center","background-size":"auto","background-attachment":"scroll","background-type":"","background-media":"","overlay-type":"","overlay-color":"","overlay-opacity":"","overlay-gradient":""},"tablet":{"background-color":"var(--ast-global-color-5)","background-image":"","background-repeat":"repeat","background-position":"center center","background-size":"auto","background-attachment":"scroll","background-type":"","background-media":"","overlay-type":"","overlay-color":"","overlay-opacity":"","overlay-gradient":""},"mobile":{"background-color":"var(--ast-global-color-5)","background-image":"","background-repeat":"repeat","background-position":"center center","background-size":"auto","background-attachment":"scroll","background-type":"","background-media":"","overlay-type":"","overlay-color":"","overlay-opacity":"","overlay-gradient":""}},"footnotes":""},"class_list":["post-15018","page","type-page","status-publish","hentry"],"post_mailing_queue_ids":[],"_links":{"self":[{"href":"https:\/\/agora.xtec.cat\/ceip-torremiranda-cornella\/wp-json\/wp\/v2\/pages\/15018","targetHints":{"allow":["GET"]}}],"collection":[{"href":"https:\/\/agora.xtec.cat\/ceip-torremiranda-cornella\/wp-json\/wp\/v2\/pages"}],"about":[{"href":"https:\/\/agora.xtec.cat\/ceip-torremiranda-cornella\/wp-json\/wp\/v2\/types\/page"}],"author":[{"embeddable":true,"href":"https:\/\/agora.xtec.cat\/ceip-torremiranda-cornella\/wp-json\/wp\/v2\/users\/1"}],"replies":[{"embeddable":true,"href":"https:\/\/agora.xtec.cat\/ceip-torremiranda-cornella\/wp-json\/wp\/v2\/comments?post=15018"}],"version-history":[{"count":7,"href":"https:\/\/agora.xtec.cat\/ceip-torremiranda-cornella\/wp-json\/wp\/v2\/pages\/15018\/revisions"}],"predecessor-version":[{"id":22324,"href":"https:\/\/agora.xtec.cat\/ceip-torremiranda-cornella\/wp-json\/wp\/v2\/pages\/15018\/revisions\/22324"}],"wp:attachment":[{"href":"https:\/\/agora.xtec.cat\/ceip-torremiranda-cornella\/wp-json\/wp\/v2\/media?parent=15018"}],"curies":[{"name":"wp","href":"https:\/\/api.w.org\/{rel}","templated":true}]}}