{"id":14974,"date":"2019-11-06T16:27:03","date_gmt":"2019-11-06T15:27:03","guid":{"rendered":"https:\/\/agora.xtec.cat\/ceip-torremiranda-cornella\/?page_id=14974"},"modified":"2021-09-29T10:19:07","modified_gmt":"2021-09-29T08:19:07","slug":"apadrinament-lector","status":"publish","type":"page","link":"https:\/\/agora.xtec.cat\/ceip-torremiranda-cornella\/projectes-de-lescola\/apadrinament-lector\/","title":{"rendered":"Apadrinament lector"},"content":{"rendered":"<p>Al llarg del curs l&#8217;alumnat de cicle superior apadrina el de cicle inicial per fomentar la lectura i afavorir les relacions intercicles d&#8217;aquest alumnat.<\/p>\n<p>Degut a la situaci\u00f3 sanit\u00e0ria no es pot dur a terme actualment. En el moment que les mesures sanit\u00e0ries ho permetin, es reprendr\u00e0.<\/p>\n<div id=\"1440A\" style=\"width: 100%; max-width: 600px; height: 400px; display: none;\"><img decoding=\"async\" src=\"https:\/\/lh3.googleusercontent.com\/Z8BwexCzK2tjGPflZVo1Jssua_H0UlqMv4Hd5EW5IiUEFKZymNHsN1IGF4uTome9p1NsZwk3ElPEZOJr_vTjYEA8ySZD8kjf6Un9LizWv0AkH-UPPj8Xq2U7WOko4ISqDiR6pe_WIjcgWMtpw9d7gKTzcEsfdNK11aAhnjk3dBBTfXXnU3HQO-4OGDZAjEVmS17xFlKKdyCc8w19Ba4BQcMVg3-BoQhh0d-qM1DESp8z_ufF2sQy_4f4gud7rgMM1XLsMh4IuVFtDxJk0NziwbLTILZ_FirUMBVp3MomMRkiM_CSlhRfUJiGHOCSDURyJGIJfXKXBLYAmc9OGvtNGdyMomE3NYIufeZ4Oa2szUastJpiWBeEq4SZzX2ppQcLCnXdiPG6OkWMnBvJ36Zqm4VM_KyEJilZPiDBPSIpqKY1BEGTFT5iUDb732ilKEXLqhrjjd9hn5itHlGLgvBQ-Pjb6fw18Xea9sUG4wuyDuoC1rNeIjfXi_ctE1qbiJzkuz7MKTNjpzI1u1WG9wcxJ7ib5bCpCbuhVyq9frHCVRdQ8qvLSs-w_buDfohosPbpC7Hm9X-8AoK9HW-1sJep1Rzi3OkZGfcuDh1dhpPqSGUQoX4JCV1nuf8HGQpKHH_V3Dkg-BHmnOpN0mgThJ-yRV1mN50jWWVA10JMaTBc1V0UOLC08sTZnmo=w800-h600-no\" data-link=\"https:\/\/photos.google.com\/u\/3\/album\/AF1QipOCG9KiNwkuo5cWGbSZoYjHMMlxaV34Wdd18g07\/photo\/AF1QipPlSRaYhMlQCOM9zLk6ZQ0ODZEAuL1Gy1PFKgyE\" \/><br \/>\n<img decoding=\"async\" src=\"https:\/\/lh3.googleusercontent.com\/yWKZyuhkisNyja2P-4s4i05XtEGykK6yGJPFtKwE7wXoP8Ui5DVgAMjiTsG4kmshdUrNQccButG4GSD0Kyj3sd4F2UEOzlqDK0lZqydwIRL8dXuT4nxpKfmsGCn__3ScAqR02MhyUHR6nAorvBSDn6RYOdhGg570bNvQQxzZuyP4jvWCixUOANOlA9LrTm0kXrdnPs_2V9qsTxn4FCQ4tJNFjDmDl2u1R1dpwvhzBN7WupgcrP2ya-zuPNbEEiynLO33ImS__zdX5bdg9h02gpBoBj0ifoM67c45xQ9cir6Mj9XEITUzR1521f6tUl_T3zPAtCrJtHn1N3vRhS9MX24ZJtoOLFzSKHAXYdIYrh7EqLl33-Eab9wIkzx_CF_U5qUuMXoSyjhyr3AHBIqPCcG7pIb188iM2jHj9qy0w2TL2YzNynZSv5vCTc6TzaYEO1cRoFQ1oPoyi4SGE3gfU8es0iMPub2GaBsZA0zb-bl0dQbFbH_ONt1Lj7ZiNbUAwzgItKkEiy-c3A8sNnsAt6JTaEBX8y08FpsWbzi4A3GuEHvO-XzFLu5fMFZwTd3S7a0yzcNAZHVwoLnPe10imWT9HGAVsYHEHJ7aRWegcFT6JdERcFFc8Am2gxdj_jNH5eG5YTBPP20asZopyRvZhFz1Mhqna0WUGejfkYdDofPhhg-crFT7wpg=w800-h600-no\" data-link=\"https:\/\/photos.google.com\/u\/3\/album\/AF1QipOCG9KiNwkuo5cWGbSZoYjHMMlxaV34Wdd18g07\/photo\/AF1QipPKsQwMfz3l-MsNrt1MseQaTU4zYFmk1Q5BXLo0\" \/><br \/>\n<img decoding=\"async\" src=\"https:\/\/lh3.googleusercontent.com\/P1f5C0-e-sgu9fFcZKNFQajw0D-Tp4pAYHuGnTAnwvwfsrx9-5UbV5n2CxH1V4pRVVEXkIfGGHqzDcCoWGpgrc08TJtDX9sQYjREiIUerhM5duOt8OpEw8e_Q69Gmwf-c_Z4tLy98rB3ePBMFk6eqLpHtscBQUQKcYy5yE9_uZYSUa3qzFEMSYHpqIRVu_N_LxKvvTa0UNnbRTnezMKLDOoRey4982QLFuTXVM4yBegMMCm6JJXMdFmTK32tQdN2DYAtEeaQxh2VFrRhRLD44vJPPelB8NXE1PLsmicOgxN_tTZr3z51LzMWLH2f89nEd6kTGXEpt1blGyiiO-EsxBpP0v3fLD6GCjmbpADkRBbXe5c89UXxzoMIHadF0Qk7idkHFml7xsDXQGVPYaFFJqL5ozMW5zpZtDGTtNCLTd9C_Z-cD78AKNOLn0CaVYJFTkN8ULPx_cyztwWVB8UCV2Mn2hok5T2WfqgaY_Jyt7EzL9QRdbVAQ8fmq_sK5aV4_98cVVHgl3uNhixrkQLZrGU5cPJ4SZGYpIEtqhQA5N8nq3h-BUT66Gi1bFGI_18OieXLtwg-a4m9zQem4VbicqQep0pbJ2icu52aBur0ijQ-YP9o953X8GqCUqCRxB4UWvM2M_uLPEvGWjhZmVqaLSh-K7LUfxcApWV7GWLJKhQHPrzxgMUZ_9w=w800-h600-no\" data-link=\"https:\/\/photos.google.com\/u\/3\/album\/AF1QipOCG9KiNwkuo5cWGbSZoYjHMMlxaV34Wdd18g07\/photo\/AF1QipOFjWlHaC9pHF874sxMS2vMGghJrZ_LsJkke7FW\" \/><br \/>\n<img decoding=\"async\" src=\"https:\/\/lh3.googleusercontent.com\/YoAURTwQoaKQM4DANDnsa3pijBN4Kv5wEL45dpsDgIsLOVX1QMcyplyXod1jjCNJL_m1xFKZVjBgQqP6OmxhQAG_gwvo5smEjoFgIUuW1sNCyYtwLo5UttFc-LPrQ0vrKq6szehl9aW1n3g0FcM-cxr7AUOzjbnZwlDfcI-vlLSdFcU8EAl_HFjKnPdygwy0A5zVljCkdFZBsPa2gnSnkN_y2SfNAeqMSjDDlK9RhwWtiHNUBNXHEdOvnGJd2TLVPkIIeSkECW9tryFo2WzkiJ98DowyKONQa7xKtcOXnSr9WA0FzFw6U2_F_uzOmJP55juWaGlMH6ogDS1K3MgNPKzHFNAx4Z9943yHvNdfw_LpCfKDLzy7BravkLK73Lp4PDlvuwWeru0fUTPH_5n6_6HTFdS0lBf2wFUOGABm510t4IUKz_sw8L6uC7qHjEVxunkHHD_yXUzjvILBaskc7CnC9r4CVFKY2qtK-tZNmbRbwA9FXUSy_kG2YOP87NEd1hd4dPGBC4Eiq3aYhu-5E3hyMeG1xiqSPg2alzd-GL2WrsS_1iiRwXhZ38o93BpIcDYMHHVWHFW31xXNgbaxdAm_cydyqt2xMZqWXF7oYRQS4kuci3UWBOeSWY6OPODOybw7BbCnlGOaNjrUq8mkipCVKBD_xTXyGB21AooFO7WxiCanOfNYxFQ=w800-h600-no\" data-link=\"https:\/\/photos.google.com\/u\/3\/album\/AF1QipOCG9KiNwkuo5cWGbSZoYjHMMlxaV34Wdd18g07\/photo\/AF1QipOEnfk6Ucicudr1Is-J4YqYaVL7MUz2Lyb7rdPE\" \/><br \/>\n<img decoding=\"async\" src=\"https:\/\/lh3.googleusercontent.com\/6ZrOG4JBtrI7zAFUq31EKlA4V8dWy4DelhWBLpBeWr0UEQvPk-kw2jkdhf5y2B38VAZIqPL33KPyl3d8kG1oufjVpomcUlJfP23NuQCsMOeUueSFj-FP6Ltr9eXgM308FmgWV8_q4GnPe5wqf8YS9tpBk9GgTIXf7-wE2EM3HuhTuSTPzCMsIF-jDouN88eU6byuIdzR47ACAiPG07mnh9qDqJ5Skbr57LOoI7tnXQnqBhMUy435A7vN_tKmCsWfcyapRozs-hehezwYyfhtkEEE7x02g8EkxAAUnmQJL0RqWhq3mq1yyLGSRYA3Sq_moVK87WpjA4vzQ3ObCfmW4u1W-8CYL-7LpXVKFafOPIifi0UeErJ8ui4PubywFAqvVNODbrdHkl1yX6c7R1Kv5GvPmXlk28JwPXacdvkGKTren5EMyM-iZuLPLZZNh7AnSRFNlqK4xiMmyDR5obz_v3sTOpgcuak_qA1sT8hPvya1fBza39fm8w2HFS6PJ5_1NNwhjx95oHDe1ybyE3y_XGSei_GtWhyGNHIq3pfbfMifyhGoRwixgzY6Ba_Hqcgm0hTIK_oPyhfFiE5avT5X3NF-W2KDGnJ0uInrfxR8b0NYEQXJzZCxu9BKTspPmBB7SjnSOfUq1hai4zqumqfwRPy7T6umQi5KvIrqMIlMmd8FawBZYxzec94=w800-h600-no\" data-link=\"https:\/\/photos.google.com\/u\/3\/album\/AF1QipOCG9KiNwkuo5cWGbSZoYjHMMlxaV34Wdd18g07\/photo\/AF1QipM-hzXrZ9Esw1dNYZQL2zCr6Kh2oQXzRjyIV-w3\" \/><br \/>\n<img decoding=\"async\" src=\"https:\/\/lh3.googleusercontent.com\/RTw74WKjkQY2z8ZpHME3e0Ft6HEqQzkytq5wfc2sASl5bLXTAuvadvQQnG8JGUpYkbu8XXPeDXR2qoRzs3QEQHbGhCGHSRNKenQxfXOPQ9sOwpOWmVxc6niOrAJzxvvAOE4vFa54JqWfBov3jRJivONrblhCau4Z6gEaPJHaLa0PN3RVvpQjXknaulsJKMu-kniTn19FZmreP9QEI3_J4DpVGZrN0fScMEBX-rwscQj8eCITHpt7ntcV8Vl-8V0gz1qjdnKkt4nHVfMXQeIkzkmL7HR8T4RyqryA6PrHLFx44hroCjoiV9Q_cWWqyPtgtfFO_Vs3JrxWLb--fmezsDOc7SnAa972dlOQ7Pxk58j8NQiav1f-guGdrciaVkO4IAE1Gr1VzqeF_fNMnC8-U8TsZG97dYaickeqkotpEmJl918Epan2N1LYz-GanspLwn89U9in-2gyDSZz03N6R1NKINrMaXqzEFO2Sc211KXcjFQy_4txnfKZKwoLVdpvzoi9VAReKySM5XZ52XXGJ_KCc82hYO4GYzGFGQwDcDszJmoxIuCpYUBz3n2qlfvzJp9LWu_ZaB31feZ2GZC6bGUYdNZGpELxLarh2YxG3wYG4CSl1IAlEhgxz2kKO3yaZk6ca09NJ65VDn9teqLrh5YvSZkc54FUL2jP7N3QkNUoZQbffl2BZgU=w800-h600-no\" data-link=\"https:\/\/photos.google.com\/u\/3\/album\/AF1QipOCG9KiNwkuo5cWGbSZoYjHMMlxaV34Wdd18g07\/photo\/AF1QipO-Yjx9qMCEHj7pvZypQKdYzzKVwvOBx5dI-yUI\" \/><br \/>\n<img decoding=\"async\" src=\"https:\/\/lh3.googleusercontent.com\/enQAqpeM3PrjM5oiDlBvDaq7JSIZte2mzHx5avWfzQ7lkdf2LMX7EwBGh93nkSqrma-fs5Qw5GypMleukx3KxdWvBA-B_BxrWJTHe3BKo15gBpoi5pbPzKCzCQBQkKedGEbQ08sOuqDnDdxC5XChv_svZXKIaAgN8ohbDRUrTZhRaY3A-0eUOf5zp_yWfyXQMpHMmj9PfVChXVwHpqIsE8wB1Tg9zHsqD4Jsg9qgwBm9WZRv_0zlW71WPdtT-ln96iLuunlXUSujUg8F_hkGXM2Tki1S2ccyEYbF2FWQ1Hxv-C8WSop5IZm57wzsF3nMaMrn14-WnBOg1piN2nnlTTI0nlTSCa2HiNqDkl9Tkq7MgZSh0j290H9p8A7eWgWYAEZACAyOh9lJkhtltCQ94nUTYN7PoEkhmY1XLfEDR-j6gk2Jq6PNdpqDDtDZBmtzz9z_G9dwpkhvBXtOLCBhwdeoDCCkDOCCbQ9pwlb2FUDMzfnicPMzQzPaz50jLVAYD8JT9xiFBHs1FaPTj4E6-C4rlsL18OF98Uj085vTpEgxSU2kbUHfM9w259Lssm1zoTHpwx5f96anp7rORFGDrvCePw1GCLA4oZA4uFAHfZBlzRPOY5Ta4_-U8P3w-JAGWgS34PTPdnwmj8PBCrauBqFdOGi480d3CQtV_WLS8D0c5aC6AcJL6qA=w800-h600-no\" data-link=\"https:\/\/photos.google.com\/u\/3\/album\/AF1QipOCG9KiNwkuo5cWGbSZoYjHMMlxaV34Wdd18g07\/photo\/AF1QipPXsfZIRPJFUrS1O_HNzEtatzKqvJlFMPFqAqeQ\" \/><\/div>\n<p><script type=\"text\/javascript\" src=\"https:\/\/cdn.jsdelivr.net\/npm\/jquery@3.4.1\/dist\/jquery.min.js\"><\/script><br \/>\n<script>\n  (MyGalleries=(typeof MyGalleries === 'undefined' ? [] : MyGalleries)).push({gallId:'#1440A',autoplay:true,lightbox:true,debug:false,popupLinks:true});\n  if(typeof GalleryLoaded === 'undefined'){\n    GalleryLoaded = jQuery(function(){\n      jQuery.ajax({url:'https:\/\/cdn.jsdelivr.net\/npm\/galleria@1.5.7\/dist\/galleria.min.js',dataType:'script',cache:true}).done(function(){\n        Galleria.loadTheme('https:\/\/cdn.jsdelivr.net\/npm\/galleria@1.5.7\/dist\/themes\/classic\/galleria.classic.js');\n        for(var n in MyGalleries){\n          Galleria.run(MyGalleries[n].gallId, MyGalleries[n]);\n          jQuery(MyGalleries[n].gallId).css('display','block');\n        }\n      });\n    });\n  }\n<\/script><\/p>\n","protected":false},"excerpt":{"rendered":"<p>Al llarg del curs l&#8217;alumnat de cicle superior apadrina el de cicle inicial per fomentar la lectura i afavorir les relacions intercicles d&#8217;aquest alumnat. Degut a la situaci\u00f3 sanit\u00e0ria no es pot dur a terme actualment. En el moment que les mesures sanit\u00e0ries ho permetin, es reprendr\u00e0.<\/p>\n","protected":false},"author":1,"featured_media":0,"parent":14291,"menu_order":0,"comment_status":"closed","ping_status":"closed","template":"","meta":{"_bbp_topic_count":0,"_bbp_reply_count":0,"_bbp_total_topic_count":0,"_bbp_total_reply_count":0,"_bbp_voice_count":0,"_bbp_anonymous_reply_count":0,"_bbp_topic_count_hidden":0,"_bbp_reply_count_hidden":0,"_bbp_forum_subforum_count":0,"site-sidebar-layout":"default","site-content-layout":"","ast-site-content-layout":"","site-content-style":"default","site-sidebar-style":"default","ast-global-header-display":"","ast-banner-title-visibility":"","ast-main-header-display":"","ast-hfb-above-header-display":"","ast-hfb-below-header-display":"","ast-hfb-mobile-header-display":"","site-post-title":"","ast-breadcrumbs-content":"","ast-featured-img":"","footer-sml-layout":"","theme-transparent-header-meta":"","adv-header-id-meta":"","stick-header-meta":"","header-above-stick-meta":"","header-main-stick-meta":"","header-below-stick-meta":"","astra-migrate-meta-layouts":"default","ast-page-background-enabled":"default","ast-page-background-meta":{"desktop":{"background-color":"var(--ast-global-color-4)","background-image":"","background-repeat":"repeat","background-position":"center center","background-size":"auto","background-attachment":"scroll","background-type":"","background-media":"","overlay-type":"","overlay-color":"","overlay-opacity":"","overlay-gradient":""},"tablet":{"background-color":"","background-image":"","background-repeat":"repeat","background-position":"center center","background-size":"auto","background-attachment":"scroll","background-type":"","background-media":"","overlay-type":"","overlay-color":"","overlay-opacity":"","overlay-gradient":""},"mobile":{"background-color":"","background-image":"","background-repeat":"repeat","background-position":"center center","background-size":"auto","background-attachment":"scroll","background-type":"","background-media":"","overlay-type":"","overlay-color":"","overlay-opacity":"","overlay-gradient":""}},"ast-content-background-meta":{"desktop":{"background-color":"var(--ast-global-color-5)","background-image":"","background-repeat":"repeat","background-position":"center center","background-size":"auto","background-attachment":"scroll","background-type":"","background-media":"","overlay-type":"","overlay-color":"","overlay-opacity":"","overlay-gradient":""},"tablet":{"background-color":"var(--ast-global-color-5)","background-image":"","background-repeat":"repeat","background-position":"center center","background-size":"auto","background-attachment":"scroll","background-type":"","background-media":"","overlay-type":"","overlay-color":"","overlay-opacity":"","overlay-gradient":""},"mobile":{"background-color":"var(--ast-global-color-5)","background-image":"","background-repeat":"repeat","background-position":"center center","background-size":"auto","background-attachment":"scroll","background-type":"","background-media":"","overlay-type":"","overlay-color":"","overlay-opacity":"","overlay-gradient":""}},"footnotes":""},"class_list":["post-14974","page","type-page","status-publish","hentry"],"post_mailing_queue_ids":[],"_links":{"self":[{"href":"https:\/\/agora.xtec.cat\/ceip-torremiranda-cornella\/wp-json\/wp\/v2\/pages\/14974","targetHints":{"allow":["GET"]}}],"collection":[{"href":"https:\/\/agora.xtec.cat\/ceip-torremiranda-cornella\/wp-json\/wp\/v2\/pages"}],"about":[{"href":"https:\/\/agora.xtec.cat\/ceip-torremiranda-cornella\/wp-json\/wp\/v2\/types\/page"}],"author":[{"embeddable":true,"href":"https:\/\/agora.xtec.cat\/ceip-torremiranda-cornella\/wp-json\/wp\/v2\/users\/1"}],"replies":[{"embeddable":true,"href":"https:\/\/agora.xtec.cat\/ceip-torremiranda-cornella\/wp-json\/wp\/v2\/comments?post=14974"}],"version-history":[{"count":3,"href":"https:\/\/agora.xtec.cat\/ceip-torremiranda-cornella\/wp-json\/wp\/v2\/pages\/14974\/revisions"}],"predecessor-version":[{"id":18640,"href":"https:\/\/agora.xtec.cat\/ceip-torremiranda-cornella\/wp-json\/wp\/v2\/pages\/14974\/revisions\/18640"}],"up":[{"embeddable":true,"href":"https:\/\/agora.xtec.cat\/ceip-torremiranda-cornella\/wp-json\/wp\/v2\/pages\/14291"}],"wp:attachment":[{"href":"https:\/\/agora.xtec.cat\/ceip-torremiranda-cornella\/wp-json\/wp\/v2\/media?parent=14974"}],"curies":[{"name":"wp","href":"https:\/\/api.w.org\/{rel}","templated":true}]}}