{"id":14291,"date":"2019-04-02T16:31:37","date_gmt":"2019-04-02T14:31:37","guid":{"rendered":"https:\/\/agora.xtec.cat\/ceip-torremiranda-cornella\/?page_id=14291"},"modified":"2026-02-02T16:27:59","modified_gmt":"2026-02-02T15:27:59","slug":"projectes-de-lescola","status":"publish","type":"page","link":"https:\/\/agora.xtec.cat\/ceip-torremiranda-cornella\/projectes-de-lescola\/","title":{"rendered":"Projectes de l&#8217;escola"},"content":{"rendered":"<p style=\"text-align: justify;\"><span style=\"text-decoration: underline;\"><strong>Sharing to learn<\/strong><\/span><\/p>\n<p style=\"text-align: justify;\">Projecte d\u2019innovaci\u00f3, relacionat amb la llengua anglesa, que permet a escoles de prim\u00e0ria i instituts de Cornell\u00e0 <strong>treballar de forma col\u00b7laborativa<\/strong>. Consisteix en l&#8217;<strong>acompanyament oral en llengua anglesa<\/strong> de l&#8217;alumnat de l\u2019institut, oferint suport als mestres i a les mestres d&#8217;angl\u00e8s de les escoles.<\/p>\n<p style=\"text-align: justify;\">La nostra escola col\u00b7labora amb l&#8217;Institut MAC que ens cedeix a alguns i algunes alumnes de 4t d&#8217;ESO per a dinamitzar una sessi\u00f3 setmanal\u00a0 en llengua anglesa amb el suport de la mestra d&#8217;angl\u00e8s.<\/p>\n<p style=\"text-align: justify;\"><span style=\"text-decoration: underline;\"><strong>Pla catal\u00e0 de l\u2019esport<\/strong><\/span><\/p>\n<p style=\"text-align: justify;\">Projecte de la Generalitat de Catalunya que dota de <strong>recursos econ\u00f2mics, personals i materials<\/strong> als centres que s&#8217;hi adhereixen. Aix\u00f2 es tradueix en un <strong>pla d&#8217;activitats extraescolar esportives <\/strong>que permet l&#8217;<strong>acc\u00e9s a la pr\u00e0ctica esportiva <\/strong>de tot l&#8217;alumnat.<\/p>\n<p style=\"text-align: justify;\">La idea del projecte \u00e9s potenciar l\u2019esport educatiu i en valors, de forma coordinada amb els docents, l&#8217;AFA i les entitats col\u00b7laboradores. A m\u00e9s a m\u00e9s, es donen a con\u00e8ixer les diferents modalitats esportives que es practiquen a la ciutat.<\/p>\n<p style=\"text-align: justify;\">Les activitats s\u00f3n <strong>gratu\u00eftes<\/strong> i es destinen a diferents escoles de Cornell\u00e0. Per a participar-hi \u00fanicament s&#8217;ha de ser <strong>soci de l&#8217;AFA.<\/strong><\/p>\n<p style=\"text-align: justify;\">A la nostra escola ara mateix es fa futbol.<\/p>\n<p style=\"text-align: justify;\"><span style=\"text-decoration: underline;\"><strong>Repensem l&#8217;estona de pati<\/strong><\/span><\/p>\n<p style=\"text-align: justify;\">Des de l\u2019escola prenem consci\u00e8ncia que els patis i els espais exteriors tenen un paper molt important en el desenvolupament de l\u2019alumnat. \u00c9s per aix\u00f2 que <strong>tots els espais de l\u2019escola els considerem educatius.<\/strong><\/p>\n<p style=\"text-align: justify;\"><a href=\"https:\/\/agora.xtec.cat\/ceip-torremiranda-cornella\/wp-content\/uploads\/usu62\/2023\/02\/pati-si-scaled.jpg\"><img loading=\"lazy\" decoding=\"async\" class=\"wp-image-20151 alignleft\" src=\"https:\/\/agora.xtec.cat\/ceip-torremiranda-cornella\/wp-content\/uploads\/usu62\/2023\/02\/pati-si-scaled.jpg\" alt=\"\" width=\"357\" height=\"224\" srcset=\"https:\/\/agora.xtec.cat\/ceip-torremiranda-cornella\/wp-content\/uploads\/usu62\/2023\/02\/pati-si-scaled.jpg 2560w, https:\/\/agora.xtec.cat\/ceip-torremiranda-cornella\/wp-content\/uploads\/usu62\/2023\/02\/pati-si-300x188.jpg 300w, https:\/\/agora.xtec.cat\/ceip-torremiranda-cornella\/wp-content\/uploads\/usu62\/2023\/02\/pati-si-1024x643.jpg 1024w, https:\/\/agora.xtec.cat\/ceip-torremiranda-cornella\/wp-content\/uploads\/usu62\/2023\/02\/pati-si-768x482.jpg 768w, https:\/\/agora.xtec.cat\/ceip-torremiranda-cornella\/wp-content\/uploads\/usu62\/2023\/02\/pati-si-1536x964.jpg 1536w, https:\/\/agora.xtec.cat\/ceip-torremiranda-cornella\/wp-content\/uploads\/usu62\/2023\/02\/pati-si-2048x1286.jpg 2048w\" sizes=\"auto, (max-width: 357px) 100vw, 357px\" \/><\/a>El joc \u00e9s una de les principals fonts per treballar les <strong>habilitats socials<\/strong>. Els nens i nenes aprenen a compartir, a respectar-se i\u00a0 a ser m\u00e9s tolerants i respectuosos amb tot all\u00f2 que els envolta a la vegada que s\u2019ho passen b\u00e9.<\/p>\n<p style=\"text-align: justify;\">Les relacions que estableixen entre els companys i companyes s\u00f3n molt importants per al desenvolupament de la seva personalitat i la seva autoestima.<\/p>\n<p style=\"text-align: justify;\">\u00c9s per tots aquests motius que hem organitzat les estones de pati tenint en compte la <strong>distribuci\u00f3 de jocs i din\u00e0miques<\/strong> en diferents dies, la creaci\u00f3 d&#8217;<strong>espais multiusos<\/strong>, l&#8217;<strong>aportaci\u00f3 d&#8217;idees<\/strong> per part de tot el professorat i del mateix alumnat, la dotaci\u00f3 de <strong>m\u00e9s recursos <\/strong>i\u00a0l&#8217;equilibri entre <strong>jocs col\u00b7laboratius, competitius i individuals<\/strong>, garantint que el pati pugui ser un <strong>espai inclusiu i coeducatiu.<\/strong><\/p>\n<p style=\"text-align: justify;\"><span style=\"text-decoration: underline;\"><strong>Projecte Jocs de taula<\/strong><\/span><\/p>\n<p style=\"text-align: justify;\"><strong>Jugar <\/strong>\u00e9s una <strong>manera d\u2019aprendre i explorar el m\u00f3n<\/strong>; una activitat que, per si sola, <strong>genera plaer.<\/strong><\/p>\n<p style=\"text-align: justify;\">El joc, per si mateix,<strong> motiva <\/strong>i<strong> engresca <\/strong>en la<strong> descoberta i construcci\u00f3 d\u2019aprenentatges de forma transversal <\/strong>treballant conceptes de les <strong>diferents \u00e0rees<\/strong> de forma l\u00fadica (numeraci\u00f3,<a href=\"https:\/\/agora.xtec.cat\/ceip-torremiranda-cornella\/wp-content\/uploads\/usu62\/2023\/02\/Jocs-de-taula-1-scaled.jpg\"><img loading=\"lazy\" decoding=\"async\" class=\"wp-image-20152 alignright\" src=\"https:\/\/agora.xtec.cat\/ceip-torremiranda-cornella\/wp-content\/uploads\/usu62\/2023\/02\/Jocs-de-taula-1-scaled.jpg\" alt=\"\" width=\"340\" height=\"255\" srcset=\"https:\/\/agora.xtec.cat\/ceip-torremiranda-cornella\/wp-content\/uploads\/usu62\/2023\/02\/Jocs-de-taula-1-scaled.jpg 2560w, https:\/\/agora.xtec.cat\/ceip-torremiranda-cornella\/wp-content\/uploads\/usu62\/2023\/02\/Jocs-de-taula-1-300x225.jpg 300w, https:\/\/agora.xtec.cat\/ceip-torremiranda-cornella\/wp-content\/uploads\/usu62\/2023\/02\/Jocs-de-taula-1-1024x767.jpg 1024w, https:\/\/agora.xtec.cat\/ceip-torremiranda-cornella\/wp-content\/uploads\/usu62\/2023\/02\/Jocs-de-taula-1-768x575.jpg 768w, https:\/\/agora.xtec.cat\/ceip-torremiranda-cornella\/wp-content\/uploads\/usu62\/2023\/02\/Jocs-de-taula-1-1536x1150.jpg 1536w, https:\/\/agora.xtec.cat\/ceip-torremiranda-cornella\/wp-content\/uploads\/usu62\/2023\/02\/Jocs-de-taula-1-2048x1533.jpg 2048w, https:\/\/agora.xtec.cat\/ceip-torremiranda-cornella\/wp-content\/uploads\/usu62\/2023\/02\/Jocs-de-taula-1-200x150.jpg 200w\" sizes=\"auto, (max-width: 340px) 100vw, 340px\" \/><\/a> orientaci\u00f3, vocabulari, etc.)<\/p>\n<p style=\"text-align: justify;\">Els beneficis que tenen per als infants s\u00f3n molts. Per un costat, desenvolupen la<strong> concentraci\u00f3<\/strong>, la<strong> mem\u00f2ria<\/strong>, l\u2019<strong>observaci\u00f3 <\/strong>i la <strong>imaginaci\u00f3. <\/strong>A m\u00e9s, fan que els infants hagin de<strong> prendre decisions<\/strong>, <strong>elaborar estrat\u00e8gies<\/strong> i<strong> resoldre conflictes. <\/strong>Per un altre costat, els hi ensenya a complir<strong> normes de conviv\u00e8ncia<\/strong>, a <strong>treballar en equip<\/strong>, a<strong> escoltar-se<\/strong>, a <strong>ajudar-se<\/strong>, a <strong>dialogar<\/strong> i a<strong> tenir paci\u00e8ncia.<\/strong><\/p>\n<p style=\"text-align: justify;\">En definitiva, els jocs de taula no nom\u00e9s fa que els infants passin una bona estona gaudint sin\u00f3 que tamb\u00e9 ajuda al seu desenvolupament.<\/p>\n<p style=\"text-align: justify;\">Aquesta activitat la realitzem en <strong>col\u00b7laboraci\u00f3 amb les fam\u00edlies<\/strong> des de 1r fins a 4t de prim\u00e0ria. Cada setmana assisteix un membre de la fam\u00edlia d&#8217;un\/a dels i de les alumnes que els acompanya en el desenvolupament d&#8217;un joc.<\/p>\n<p style=\"text-align: justify;\"><span style=\"text-decoration: underline;\"><strong>Projecte Escola Sostenible<\/strong><\/span><\/p>\n<p style=\"text-align: justify;\">L\u2019escola porta a terme el projecte d\u2019escola sostenible desenvolupant diverses accions. Gr\u00e0cies als delegats verds de cada classe realitzem la reducci\u00f3, la reutilitzaci\u00f3 i el reciclatge de les diverses escombraries a l\u2019escola. Realitzem el Projecte de l&#8217;Oliclack, on fem la recollida de l&#8217;oli utilitzat a casa de l&#8217;alumnat per a reciclar-lo. A m\u00e9s a m\u00e9s promovem l\u2019estalvi energ\u00e8tic, reduint el consum el\u00e8ctric i d\u2019aigua en el centre.<\/p>\n<p style=\"text-align: justify;\">Tamb\u00e9 realitzem diverses activitats on l&#8217;alumnat pren consci\u00e8ncia de la import\u00e0ncia del respecte a la natura i del medi ambient tenint cura de les jardineres de l&#8217;escola.<\/p>\n<p style=\"text-align: justify;\">Gr\u00e0cies a totes aquestes accions l\u2019escola forma part de la Xarxa d\u2019escoles sostenibles de Cornell\u00e0.<\/p>\n<p style=\"text-align: justify;\"><span style=\"text-decoration: underline;\"><strong>Projectes de m\u00fasica<\/strong><\/span><\/p>\n<p style=\"text-align: justify;\">Des de l\u2019\u00e0rea de m\u00fasica es realitzen tres actuacions per tal de treballar la m\u00fasica i la dansa de manera integrada a partir d\u2019un eix motivador i engrescador per a l\u2019alumnat.<\/p>\n<ul style=\"text-align: justify;\">\n<li><strong>La Clika a 2n: <\/strong>Projecte compartit entre les diferents diputacions i ajuntaments<\/li>\n<li><strong>Edudansa a 3r:\u00a0<\/strong>\u00a0Activitat de danses que se celebra a la Pla\u00e7a de Sant Ildefons amb la participaci\u00f3 de totes les escoles de Cornell\u00e0. L\u2019objectiu del qual \u00e9s afavorir la cohesi\u00f3 entre les diferents escoles participants i afavorir din\u00e0miques positives del grup a trav\u00e9s de la m\u00fasica.<\/li>\n<li><strong>Cant\u00e0nia a 5\u00e8: <\/strong>Activitat de m\u00fasica\u00a0 que se celebra a l\u2019Auditori de Barcelona amb la participaci\u00f3 d\u2019escoles de tota Catalunya. L\u2019objectiu del qual \u00e9s afavorir la cohesi\u00f3 entre les diferents escoles participants i afavorir din\u00e0miques positives del grup a trav\u00e9s de la m\u00fasica.<\/li>\n<li><strong>Batukada a 6\u00e8:\u00a0<\/strong>L&#8217;alumnat, al llarg del curs, des de l&#8217;\u00e0rea de m\u00fasica apren a tocar el timbal i realitza una batucada per tota l&#8217;escola per la setmana cultural, per la diada de Sant Jordi i per final de curs.<\/li>\n<\/ul>\n<p style=\"text-align: justify;\"><span style=\"text-decoration: underline;\"><strong>Projectes d&#8217;innovaci\u00f3 educativa<\/strong><\/span><\/p>\n<p>A infantil i cicle inicial es treballa la rob\u00f2tica amb Beebots i de 3r a 6\u00e8 es fa rob\u00f2tica. A 6\u00e8 tamb\u00e9 es participa\u00a0 a la Lego games de la ciutat.<\/p>\n<p style=\"text-align: justify;\"><span style=\"text-decoration: underline;\"><strong>Escola de mares i pares<\/strong><\/span><\/p>\n<p style=\"text-align: justify;\">Aquesta activitat t\u00e9 com a objectiu mostrar a les fam\u00edlies l\u2019adaptaci\u00f3 dels seus fills i filles a l\u2019escola mostrant a trav\u00e9s d\u2019un v\u00eddeo el dia a dia de l\u2019alumnat a l\u2019aula. En aquest primer any de les fam\u00edlies a l\u2019escola generem espais de confian\u00e7a per tal que se sentin vinculats amb el centre.<\/p>\n<p style=\"text-align: justify;\"><span style=\"text-decoration: underline;\"><strong>Apadrinament lector<\/strong><\/span><\/p>\n<p style=\"text-align: justify;\"><a href=\"https:\/\/agora.xtec.cat\/ceip-torremiranda-cornella\/wp-content\/uploads\/usu62\/2023\/02\/Padrins3.jpg\"><img loading=\"lazy\" decoding=\"async\" class=\"wp-image-20159 alignleft\" src=\"https:\/\/agora.xtec.cat\/ceip-torremiranda-cornella\/wp-content\/uploads\/usu62\/2023\/02\/Padrins3.jpg\" alt=\"\" width=\"355\" height=\"267\" srcset=\"https:\/\/agora.xtec.cat\/ceip-torremiranda-cornella\/wp-content\/uploads\/usu62\/2023\/02\/Padrins3.jpg 2268w, https:\/\/agora.xtec.cat\/ceip-torremiranda-cornella\/wp-content\/uploads\/usu62\/2023\/02\/Padrins3-300x225.jpg 300w, https:\/\/agora.xtec.cat\/ceip-torremiranda-cornella\/wp-content\/uploads\/usu62\/2023\/02\/Padrins3-1024x768.jpg 1024w, https:\/\/agora.xtec.cat\/ceip-torremiranda-cornella\/wp-content\/uploads\/usu62\/2023\/02\/Padrins3-768x576.jpg 768w, https:\/\/agora.xtec.cat\/ceip-torremiranda-cornella\/wp-content\/uploads\/usu62\/2023\/02\/Padrins3-1536x1152.jpg 1536w, https:\/\/agora.xtec.cat\/ceip-torremiranda-cornella\/wp-content\/uploads\/usu62\/2023\/02\/Padrins3-2048x1536.jpg 2048w, https:\/\/agora.xtec.cat\/ceip-torremiranda-cornella\/wp-content\/uploads\/usu62\/2023\/02\/Padrins3-200x150.jpg 200w\" sizes=\"auto, (max-width: 355px) 100vw, 355px\" \/><\/a>Es tracta d&#8217;una <strong>activitat cooperativa<\/strong> que es realitza en parelles formades per l&#8217;alumnat de cicle superior, que fan de padrins i padrines de lectura, i alumnat de cicle inicial, que fan de fillols i filloles. Mentre que els primers es comprometen a ajudar als seus fillols i a les seves filloles en l&#8217;adquisici\u00f3 de l&#8217;h\u00e0bit i gust lector, els segons aprenen d&#8217;aquest model i adquireixen noves habilitats.<\/p>\n<p style=\"text-align: justify;\">A trav\u00e9s d&#8217;aquesta pr\u00e0ctica s&#8217;estableixen <strong>lligams afectius<\/strong> entre companys\/es de diferents cicles, potenciant <strong>contextos d&#8217;aprenentatge significatius entre iguals.<\/strong><\/p>\n<div id=\"1440A\" style=\"text-align: justify;\">\n<div class=\"galleria-container notouch galleria-theme-classic\">\n<div class=\"galleria-tooltip\"><\/div>\n<\/div>\n<\/div>\n<p>Aqu\u00ed teniu un petit tastet de totes aquestes i m\u00e9s propostes que fem dia a dia a l&#8217;escola.<\/p>\n<p><iframe loading=\"lazy\" src=\"https:\/\/drive.google.com\/file\/d\/1Ejt8WuNzvdpf0lwhKzjfATU9E8tUUxFU\/preview\" width=\"640\" height=\"480\"><\/iframe><\/p>\n","protected":false},"excerpt":{"rendered":"<p>Sharing to learn Projecte d\u2019innovaci\u00f3, relacionat amb la llengua anglesa, que permet a escoles de prim\u00e0ria i instituts de Cornell\u00e0 treballar de forma col\u00b7laborativa. Consisteix en l&#8217;acompanyament oral en llengua anglesa de l&#8217;alumnat de l\u2019institut, oferint suport als mestres i a les mestres d&#8217;angl\u00e8s de les escoles. La nostra escola col\u00b7labora amb l&#8217;Institut MAC que [&hellip;]<\/p>\n","protected":false},"author":1,"featured_media":0,"parent":0,"menu_order":0,"comment_status":"closed","ping_status":"closed","template":"","meta":{"_bbp_topic_count":0,"_bbp_reply_count":0,"_bbp_total_topic_count":0,"_bbp_total_reply_count":0,"_bbp_voice_count":0,"_bbp_anonymous_reply_count":0,"_bbp_topic_count_hidden":0,"_bbp_reply_count_hidden":0,"_bbp_forum_subforum_count":0,"site-sidebar-layout":"default","site-content-layout":"","ast-site-content-layout":"default","site-content-style":"default","site-sidebar-style":"default","ast-global-header-display":"","ast-banner-title-visibility":"","ast-main-header-display":"","ast-hfb-above-header-display":"","ast-hfb-below-header-display":"","ast-hfb-mobile-header-display":"","site-post-title":"","ast-breadcrumbs-content":"","ast-featured-img":"","footer-sml-layout":"","theme-transparent-header-meta":"","adv-header-id-meta":"","stick-header-meta":"","header-above-stick-meta":"","header-main-stick-meta":"","header-below-stick-meta":"","astra-migrate-meta-layouts":"set","ast-page-background-enabled":"default","ast-page-background-meta":{"desktop":{"background-color":"var(--ast-global-color-4)","background-image":"","background-repeat":"repeat","background-position":"center center","background-size":"auto","background-attachment":"scroll","background-type":"","background-media":"","overlay-type":"","overlay-color":"","overlay-opacity":"","overlay-gradient":""},"tablet":{"background-color":"","background-image":"","background-repeat":"repeat","background-position":"center center","background-size":"auto","background-attachment":"scroll","background-type":"","background-media":"","overlay-type":"","overlay-color":"","overlay-opacity":"","overlay-gradient":""},"mobile":{"background-color":"","background-image":"","background-repeat":"repeat","background-position":"center center","background-size":"auto","background-attachment":"scroll","background-type":"","background-media":"","overlay-type":"","overlay-color":"","overlay-opacity":"","overlay-gradient":""}},"ast-content-background-meta":{"desktop":{"background-color":"var(--ast-global-color-5)","background-image":"","background-repeat":"repeat","background-position":"center center","background-size":"auto","background-attachment":"scroll","background-type":"","background-media":"","overlay-type":"","overlay-color":"","overlay-opacity":"","overlay-gradient":""},"tablet":{"background-color":"var(--ast-global-color-5)","background-image":"","background-repeat":"repeat","background-position":"center center","background-size":"auto","background-attachment":"scroll","background-type":"","background-media":"","overlay-type":"","overlay-color":"","overlay-opacity":"","overlay-gradient":""},"mobile":{"background-color":"var(--ast-global-color-5)","background-image":"","background-repeat":"repeat","background-position":"center center","background-size":"auto","background-attachment":"scroll","background-type":"","background-media":"","overlay-type":"","overlay-color":"","overlay-opacity":"","overlay-gradient":""}},"footnotes":""},"class_list":["post-14291","page","type-page","status-publish","hentry"],"post_mailing_queue_ids":[],"_links":{"self":[{"href":"https:\/\/agora.xtec.cat\/ceip-torremiranda-cornella\/wp-json\/wp\/v2\/pages\/14291","targetHints":{"allow":["GET"]}}],"collection":[{"href":"https:\/\/agora.xtec.cat\/ceip-torremiranda-cornella\/wp-json\/wp\/v2\/pages"}],"about":[{"href":"https:\/\/agora.xtec.cat\/ceip-torremiranda-cornella\/wp-json\/wp\/v2\/types\/page"}],"author":[{"embeddable":true,"href":"https:\/\/agora.xtec.cat\/ceip-torremiranda-cornella\/wp-json\/wp\/v2\/users\/1"}],"replies":[{"embeddable":true,"href":"https:\/\/agora.xtec.cat\/ceip-torremiranda-cornella\/wp-json\/wp\/v2\/comments?post=14291"}],"version-history":[{"count":4,"href":"https:\/\/agora.xtec.cat\/ceip-torremiranda-cornella\/wp-json\/wp\/v2\/pages\/14291\/revisions"}],"predecessor-version":[{"id":22567,"href":"https:\/\/agora.xtec.cat\/ceip-torremiranda-cornella\/wp-json\/wp\/v2\/pages\/14291\/revisions\/22567"}],"wp:attachment":[{"href":"https:\/\/agora.xtec.cat\/ceip-torremiranda-cornella\/wp-json\/wp\/v2\/media?parent=14291"}],"curies":[{"name":"wp","href":"https:\/\/api.w.org\/{rel}","templated":true}]}}