{"id":14269,"date":"2019-04-02T16:15:18","date_gmt":"2019-04-02T14:15:18","guid":{"rendered":"https:\/\/agora.xtec.cat\/ceip-torremiranda-cornella\/?page_id=14269"},"modified":"2021-02-18T11:40:31","modified_gmt":"2021-02-18T10:40:31","slug":"projecte-apple","status":"publish","type":"page","link":"https:\/\/agora.xtec.cat\/ceip-torremiranda-cornella\/projectes-de-lescola\/projecte-apple\/","title":{"rendered":"Innovaci\u00f3 digital."},"content":{"rendered":"<p>El curs 2017\/2018\u00a0 l&#8217;escola Torre de la Miranda, amb la col\u00b7laboraci\u00f3 de l&#8217;Ajuntament de Cornell\u00e0 de Llobregat, vam participar durant tres anys en un nou projecte d&#8217;Innovaci\u00f3 amb APPLE.<\/p>\n<p><a href=\"https:\/\/agora.xtec.cat\/ceip-torremiranda-cornella\/wp-content\/uploads\/usu62\/2019\/06\/ipad.jpg\"><img loading=\"lazy\" decoding=\"async\" class=\"size-medium wp-image-14732 alignleft\" src=\"https:\/\/agora.xtec.cat\/ceip-torremiranda-cornella\/wp-content\/uploads\/usu62\/2019\/06\/ipad-300x225.jpg\" alt=\"\" width=\"300\" height=\"225\" srcset=\"https:\/\/agora.xtec.cat\/ceip-torremiranda-cornella\/wp-content\/uploads\/usu62\/2019\/06\/ipad-300x225.jpg 300w, https:\/\/agora.xtec.cat\/ceip-torremiranda-cornella\/wp-content\/uploads\/usu62\/2019\/06\/ipad-768x576.jpg 768w, https:\/\/agora.xtec.cat\/ceip-torremiranda-cornella\/wp-content\/uploads\/usu62\/2019\/06\/ipad-1024x768.jpg 1024w, https:\/\/agora.xtec.cat\/ceip-torremiranda-cornella\/wp-content\/uploads\/usu62\/2019\/06\/ipad-200x150.jpg 200w, https:\/\/agora.xtec.cat\/ceip-torremiranda-cornella\/wp-content\/uploads\/usu62\/2019\/06\/ipad.jpg 1059w\" sizes=\"auto, (max-width: 300px) 100vw, 300px\" \/><\/a>Des d&#8217;aleshores usem els iPads com una eina m\u00e9s en el proc\u00e8s d&#8217;ensenyament &#8211; aprenantge dels nostres alumnes, \u00e9s motivador i estimula diferents tipus d&#8217;habilitats com la cerca d&#8217;informaci\u00f3, el treball en equip, el pensament cr\u00edtic o la presa de decisions. A m\u00e9s, \u00e9s un mitj\u00e0 que permet adaptar-se al ritme de treball de cada alumne.<\/p>\n<p>Fem activitats com:<\/p>\n<p>&#8211; Doblatges de veu a v\u00eddeos per tal de treballar l&#8217;expressi\u00f3 oral.<\/p>\n<p>&#8211; Gravacions d&#8217;experiments, com per exemple per explicar els diferents canvis d&#8217;estat en el cicle de l&#8217;aigua.<\/p>\n<p>&#8211; Realitzar documentals a partir de la t\u00e8cnica del &#8220;Chroma Key&#8221; (fons verd).<\/p>\n<p><a href=\"https:\/\/agora.xtec.cat\/ceip-torremiranda-cornella\/wp-content\/uploads\/usu62\/2019\/06\/ipad-2.jpg\"><img loading=\"lazy\" decoding=\"async\" class=\"size-medium wp-image-14733 alignright\" src=\"https:\/\/agora.xtec.cat\/ceip-torremiranda-cornella\/wp-content\/uploads\/usu62\/2019\/06\/ipad-2-300x225.jpg\" alt=\"\" width=\"300\" height=\"225\" srcset=\"https:\/\/agora.xtec.cat\/ceip-torremiranda-cornella\/wp-content\/uploads\/usu62\/2019\/06\/ipad-2-300x225.jpg 300w, https:\/\/agora.xtec.cat\/ceip-torremiranda-cornella\/wp-content\/uploads\/usu62\/2019\/06\/ipad-2-200x150.jpg 200w, https:\/\/agora.xtec.cat\/ceip-torremiranda-cornella\/wp-content\/uploads\/usu62\/2019\/06\/ipad-2.jpg 461w\" sizes=\"auto, (max-width: 300px) 100vw, 300px\" \/><\/a><br \/>\n&#8211; Realitzar presentacions escrites.<\/p>\n<p>&#8211; Participar en jocs de preguntes relacionades amb el temari de les assignatures.<\/p>\n<p>&#8211; Realitzar gravacions per realitzar exposicions dels projectes de medi.<\/p>\n<p>&nbsp;<\/p>\n<p>&nbsp;<\/p>\n","protected":false},"excerpt":{"rendered":"<p>El curs 2017\/2018\u00a0 l&#8217;escola Torre de la Miranda, amb la col\u00b7laboraci\u00f3 de l&#8217;Ajuntament de Cornell\u00e0 de Llobregat, vam participar durant tres anys en un nou projecte d&#8217;Innovaci\u00f3 amb APPLE. Des d&#8217;aleshores usem els iPads com una eina m\u00e9s en el proc\u00e8s d&#8217;ensenyament &#8211; aprenantge dels nostres alumnes, \u00e9s motivador i estimula diferents tipus d&#8217;habilitats com [&hellip;]<\/p>\n","protected":false},"author":1,"featured_media":0,"parent":14291,"menu_order":9,"comment_status":"closed","ping_status":"closed","template":"page-templates\/side-menu.php","meta":{"_bbp_topic_count":0,"_bbp_reply_count":0,"_bbp_total_topic_count":0,"_bbp_total_reply_count":0,"_bbp_voice_count":0,"_bbp_anonymous_reply_count":0,"_bbp_topic_count_hidden":0,"_bbp_reply_count_hidden":0,"_bbp_forum_subforum_count":0,"site-sidebar-layout":"default","site-content-layout":"","ast-site-content-layout":"","site-content-style":"default","site-sidebar-style":"default","ast-global-header-display":"","ast-banner-title-visibility":"","ast-main-header-display":"","ast-hfb-above-header-display":"","ast-hfb-below-header-display":"","ast-hfb-mobile-header-display":"","site-post-title":"","ast-breadcrumbs-content":"","ast-featured-img":"","footer-sml-layout":"","theme-transparent-header-meta":"","adv-header-id-meta":"","stick-header-meta":"","header-above-stick-meta":"","header-main-stick-meta":"","header-below-stick-meta":"","astra-migrate-meta-layouts":"default","ast-page-background-enabled":"default","ast-page-background-meta":{"desktop":{"background-color":"var(--ast-global-color-4)","background-image":"","background-repeat":"repeat","background-position":"center center","background-size":"auto","background-attachment":"scroll","background-type":"","background-media":"","overlay-type":"","overlay-color":"","overlay-opacity":"","overlay-gradient":""},"tablet":{"background-color":"","background-image":"","background-repeat":"repeat","background-position":"center center","background-size":"auto","background-attachment":"scroll","background-type":"","background-media":"","overlay-type":"","overlay-color":"","overlay-opacity":"","overlay-gradient":""},"mobile":{"background-color":"","background-image":"","background-repeat":"repeat","background-position":"center center","background-size":"auto","background-attachment":"scroll","background-type":"","background-media":"","overlay-type":"","overlay-color":"","overlay-opacity":"","overlay-gradient":""}},"ast-content-background-meta":{"desktop":{"background-color":"var(--ast-global-color-5)","background-image":"","background-repeat":"repeat","background-position":"center center","background-size":"auto","background-attachment":"scroll","background-type":"","background-media":"","overlay-type":"","overlay-color":"","overlay-opacity":"","overlay-gradient":""},"tablet":{"background-color":"var(--ast-global-color-5)","background-image":"","background-repeat":"repeat","background-position":"center center","background-size":"auto","background-attachment":"scroll","background-type":"","background-media":"","overlay-type":"","overlay-color":"","overlay-opacity":"","overlay-gradient":""},"mobile":{"background-color":"var(--ast-global-color-5)","background-image":"","background-repeat":"repeat","background-position":"center center","background-size":"auto","background-attachment":"scroll","background-type":"","background-media":"","overlay-type":"","overlay-color":"","overlay-opacity":"","overlay-gradient":""}},"footnotes":""},"class_list":["post-14269","page","type-page","status-publish","hentry"],"post_mailing_queue_ids":[],"_links":{"self":[{"href":"https:\/\/agora.xtec.cat\/ceip-torremiranda-cornella\/wp-json\/wp\/v2\/pages\/14269","targetHints":{"allow":["GET"]}}],"collection":[{"href":"https:\/\/agora.xtec.cat\/ceip-torremiranda-cornella\/wp-json\/wp\/v2\/pages"}],"about":[{"href":"https:\/\/agora.xtec.cat\/ceip-torremiranda-cornella\/wp-json\/wp\/v2\/types\/page"}],"author":[{"embeddable":true,"href":"https:\/\/agora.xtec.cat\/ceip-torremiranda-cornella\/wp-json\/wp\/v2\/users\/1"}],"replies":[{"embeddable":true,"href":"https:\/\/agora.xtec.cat\/ceip-torremiranda-cornella\/wp-json\/wp\/v2\/comments?post=14269"}],"version-history":[{"count":3,"href":"https:\/\/agora.xtec.cat\/ceip-torremiranda-cornella\/wp-json\/wp\/v2\/pages\/14269\/revisions"}],"predecessor-version":[{"id":18020,"href":"https:\/\/agora.xtec.cat\/ceip-torremiranda-cornella\/wp-json\/wp\/v2\/pages\/14269\/revisions\/18020"}],"up":[{"embeddable":true,"href":"https:\/\/agora.xtec.cat\/ceip-torremiranda-cornella\/wp-json\/wp\/v2\/pages\/14291"}],"wp:attachment":[{"href":"https:\/\/agora.xtec.cat\/ceip-torremiranda-cornella\/wp-json\/wp\/v2\/media?parent=14269"}],"curies":[{"name":"wp","href":"https:\/\/api.w.org\/{rel}","templated":true}]}}