{"id":14263,"date":"2019-04-02T16:13:02","date_gmt":"2019-04-02T14:13:02","guid":{"rendered":"https:\/\/agora.xtec.cat\/ceip-torremiranda-cornella\/?page_id=14263"},"modified":"2021-02-18T11:33:36","modified_gmt":"2021-02-18T10:33:36","slug":"projecte-de-musica","status":"publish","type":"page","link":"https:\/\/agora.xtec.cat\/ceip-torremiranda-cornella\/projectes-de-lescola\/projecte-de-musica\/","title":{"rendered":"Projecte de m\u00fasica"},"content":{"rendered":"<p>Aquest any degut a la situaci\u00f3 sanit\u00e0ria no es poden realitzar les dues activitats que cada es porten a terme des de l&#8217;\u00e0rea de m\u00fasica.<\/p>\n<p>Des de l\u2019\u00e0rea de m\u00fasica es realitzen tres actuacions per tal de treballar la m\u00fasica i la dansa de manera integrada a partir d\u2019un eix motivador i engrescador per a l\u2019alumnat.<\/p>\n<ul>\n<li><strong>Edudansa a 3r:\u00a0<\/strong> Activitat de danses que se celebra a la Pla\u00e7a de Sant Ildefons amb la participaci\u00f3 de totes les escoles de Cornell\u00e0. L&#8217;objectiu del qual \u00e9s afavorir la cohesi\u00f3 entre les diferents escoles participants i afavorir din\u00e0miques positives del grup a trav\u00e9s de la m\u00fasica.<\/li>\n<\/ul>\n<p><a href=\"https:\/\/serveiseducatius.xtec.cat\/baixllobregat5\/edudansa\/\" target=\"_blank\" rel=\"noopener noreferrer\"><img loading=\"lazy\" decoding=\"async\" class=\"aligncenter size-full wp-image-14392\" src=\"https:\/\/agora.xtec.cat\/ceip-torremiranda-cornella\/wp-content\/uploads\/usu62\/2019\/04\/edudansa.png\" alt=\"\" width=\"940\" height=\"191\" srcset=\"https:\/\/agora.xtec.cat\/ceip-torremiranda-cornella\/wp-content\/uploads\/usu62\/2019\/04\/edudansa.png 940w, https:\/\/agora.xtec.cat\/ceip-torremiranda-cornella\/wp-content\/uploads\/usu62\/2019\/04\/edudansa-300x61.png 300w, https:\/\/agora.xtec.cat\/ceip-torremiranda-cornella\/wp-content\/uploads\/usu62\/2019\/04\/edudansa-768x156.png 768w\" sizes=\"auto, (max-width: 940px) 100vw, 940px\" \/><\/a><\/p>\n<ul>\n<li><strong>Cant\u00e0nia a 5\u00e8:<\/strong>: Activitat de m\u00fasica\u00a0 que se celebra a l&#8217;Auditori de Barcelona amb la participaci\u00f3 d&#8217;escoles de tota Catalunya. L&#8217;objectiu del qual \u00e9s afavorir la cohesi\u00f3 entre les diferents escoles participants i afavorir din\u00e0miques positives del grup a trav\u00e9s de la m\u00fasica.<\/li>\n<\/ul>\n<p><a href=\"https:\/\/www.auditori.cat\/ca\/cantania-_cat\" target=\"_blank\" rel=\"noopener noreferrer\"><img loading=\"lazy\" decoding=\"async\" class=\"aligncenter size-full wp-image-14394\" src=\"https:\/\/agora.xtec.cat\/ceip-torremiranda-cornella\/wp-content\/uploads\/usu62\/2019\/04\/pi.jpg\" alt=\"\" width=\"262\" height=\"92\" \/><\/a><\/p>\n<p>&nbsp;<\/p>\n","protected":false},"excerpt":{"rendered":"<p>Aquest any degut a la situaci\u00f3 sanit\u00e0ria no es poden realitzar les dues activitats que cada es porten a terme des de l&#8217;\u00e0rea de m\u00fasica. Des de l\u2019\u00e0rea de m\u00fasica es realitzen tres actuacions per tal de treballar la m\u00fasica i la dansa de manera integrada a partir d\u2019un eix motivador i engrescador per a [&hellip;]<\/p>\n","protected":false},"author":1,"featured_media":0,"parent":14291,"menu_order":8,"comment_status":"closed","ping_status":"closed","template":"page-templates\/side-menu.php","meta":{"_bbp_topic_count":0,"_bbp_reply_count":0,"_bbp_total_topic_count":0,"_bbp_total_reply_count":0,"_bbp_voice_count":0,"_bbp_anonymous_reply_count":0,"_bbp_topic_count_hidden":0,"_bbp_reply_count_hidden":0,"_bbp_forum_subforum_count":0,"site-sidebar-layout":"default","site-content-layout":"","ast-site-content-layout":"","site-content-style":"default","site-sidebar-style":"default","ast-global-header-display":"","ast-banner-title-visibility":"","ast-main-header-display":"","ast-hfb-above-header-display":"","ast-hfb-below-header-display":"","ast-hfb-mobile-header-display":"","site-post-title":"","ast-breadcrumbs-content":"","ast-featured-img":"","footer-sml-layout":"","theme-transparent-header-meta":"","adv-header-id-meta":"","stick-header-meta":"","header-above-stick-meta":"","header-main-stick-meta":"","header-below-stick-meta":"","astra-migrate-meta-layouts":"default","ast-page-background-enabled":"default","ast-page-background-meta":{"desktop":{"background-color":"var(--ast-global-color-4)","background-image":"","background-repeat":"repeat","background-position":"center center","background-size":"auto","background-attachment":"scroll","background-type":"","background-media":"","overlay-type":"","overlay-color":"","overlay-opacity":"","overlay-gradient":""},"tablet":{"background-color":"","background-image":"","background-repeat":"repeat","background-position":"center center","background-size":"auto","background-attachment":"scroll","background-type":"","background-media":"","overlay-type":"","overlay-color":"","overlay-opacity":"","overlay-gradient":""},"mobile":{"background-color":"","background-image":"","background-repeat":"repeat","background-position":"center center","background-size":"auto","background-attachment":"scroll","background-type":"","background-media":"","overlay-type":"","overlay-color":"","overlay-opacity":"","overlay-gradient":""}},"ast-content-background-meta":{"desktop":{"background-color":"var(--ast-global-color-5)","background-image":"","background-repeat":"repeat","background-position":"center center","background-size":"auto","background-attachment":"scroll","background-type":"","background-media":"","overlay-type":"","overlay-color":"","overlay-opacity":"","overlay-gradient":""},"tablet":{"background-color":"var(--ast-global-color-5)","background-image":"","background-repeat":"repeat","background-position":"center center","background-size":"auto","background-attachment":"scroll","background-type":"","background-media":"","overlay-type":"","overlay-color":"","overlay-opacity":"","overlay-gradient":""},"mobile":{"background-color":"var(--ast-global-color-5)","background-image":"","background-repeat":"repeat","background-position":"center center","background-size":"auto","background-attachment":"scroll","background-type":"","background-media":"","overlay-type":"","overlay-color":"","overlay-opacity":"","overlay-gradient":""}},"footnotes":""},"class_list":["post-14263","page","type-page","status-publish","hentry"],"post_mailing_queue_ids":[],"_links":{"self":[{"href":"https:\/\/agora.xtec.cat\/ceip-torremiranda-cornella\/wp-json\/wp\/v2\/pages\/14263","targetHints":{"allow":["GET"]}}],"collection":[{"href":"https:\/\/agora.xtec.cat\/ceip-torremiranda-cornella\/wp-json\/wp\/v2\/pages"}],"about":[{"href":"https:\/\/agora.xtec.cat\/ceip-torremiranda-cornella\/wp-json\/wp\/v2\/types\/page"}],"author":[{"embeddable":true,"href":"https:\/\/agora.xtec.cat\/ceip-torremiranda-cornella\/wp-json\/wp\/v2\/users\/1"}],"replies":[{"embeddable":true,"href":"https:\/\/agora.xtec.cat\/ceip-torremiranda-cornella\/wp-json\/wp\/v2\/comments?post=14263"}],"version-history":[{"count":3,"href":"https:\/\/agora.xtec.cat\/ceip-torremiranda-cornella\/wp-json\/wp\/v2\/pages\/14263\/revisions"}],"predecessor-version":[{"id":18018,"href":"https:\/\/agora.xtec.cat\/ceip-torremiranda-cornella\/wp-json\/wp\/v2\/pages\/14263\/revisions\/18018"}],"up":[{"embeddable":true,"href":"https:\/\/agora.xtec.cat\/ceip-torremiranda-cornella\/wp-json\/wp\/v2\/pages\/14291"}],"wp:attachment":[{"href":"https:\/\/agora.xtec.cat\/ceip-torremiranda-cornella\/wp-json\/wp\/v2\/media?parent=14263"}],"curies":[{"name":"wp","href":"https:\/\/api.w.org\/{rel}","templated":true}]}}