{"id":14259,"date":"2019-04-02T16:12:07","date_gmt":"2019-04-02T14:12:07","guid":{"rendered":"https:\/\/agora.xtec.cat\/ceip-torremiranda-cornella\/?page_id=14259"},"modified":"2021-06-30T08:35:44","modified_gmt":"2021-06-30T06:35:44","slug":"projecte-escola-sostenible","status":"publish","type":"page","link":"https:\/\/agora.xtec.cat\/ceip-torremiranda-cornella\/projectes-de-lescola\/projecte-escola-sostenible\/","title":{"rendered":"Projecte Escola Sostenible"},"content":{"rendered":"<p>L\u2019escola porta a terme el projecte d\u2019escola sostenible desenvolupant diverses accions. Gr\u00e0cies als delegats verds de cada classe realitzem la reducci\u00f3, la reutilitzaci\u00f3 i el reciclatge de les diverses escombraries a l\u2019escola. A m\u00e9s a m\u00e9s promovem l\u2019estalvi energ\u00e8tic, reduint el consum el\u00e8ctric i d\u2019aigua en el centre.<\/p>\n<p>Tamb\u00e9 realitzem diverses activitats mensuals on ens conscienciem de la import\u00e0ncia del respecte a la natura i del medi ambient, com per exemple l\u2019apadrinament dels arbres de l\u2019escola, fen experiment ambientals i tenint cura de les nostres jardineres. A m\u00e9s a m\u00e9s, portem a terme un projecte d\u2019hort on plantem verdures i hortalisses de la temporada, el qual ens cedeix l\u2019espai l\u2019Ajuntament.<\/p>\n<p>Gr\u00e0cies a totes aquestes accions l\u2019escola forma part de la Xarxa d\u2019escoles sostenibles de Cornell\u00e0.<\/p>\n<p>A continuaci\u00f3 us deixem un v\u00eddeo on podreu veure un exemple de tot el que portem a terme.<\/p>\n<p style=\"text-align: center;\"><iframe loading=\"lazy\" src=\"\/\/www.youtube.com\/embed\/63jbCQwjDCo\" width=\"560\" height=\"314\"><\/iframe><\/p>\n","protected":false},"excerpt":{"rendered":"<p>L\u2019escola porta a terme el projecte d\u2019escola sostenible desenvolupant diverses accions. Gr\u00e0cies als delegats verds de cada classe realitzem la reducci\u00f3, la reutilitzaci\u00f3 i el reciclatge de les diverses escombraries a l\u2019escola. A m\u00e9s a m\u00e9s promovem l\u2019estalvi energ\u00e8tic, reduint el consum el\u00e8ctric i d\u2019aigua en el centre. Tamb\u00e9 realitzem diverses activitats mensuals on ens [&hellip;]<\/p>\n","protected":false},"author":1,"featured_media":0,"parent":14291,"menu_order":6,"comment_status":"closed","ping_status":"closed","template":"page-templates\/side-menu.php","meta":{"_bbp_topic_count":0,"_bbp_reply_count":0,"_bbp_total_topic_count":0,"_bbp_total_reply_count":0,"_bbp_voice_count":0,"_bbp_anonymous_reply_count":0,"_bbp_topic_count_hidden":0,"_bbp_reply_count_hidden":0,"_bbp_forum_subforum_count":0,"site-sidebar-layout":"default","site-content-layout":"","ast-site-content-layout":"","site-content-style":"default","site-sidebar-style":"default","ast-global-header-display":"","ast-banner-title-visibility":"","ast-main-header-display":"","ast-hfb-above-header-display":"","ast-hfb-below-header-display":"","ast-hfb-mobile-header-display":"","site-post-title":"","ast-breadcrumbs-content":"","ast-featured-img":"","footer-sml-layout":"","theme-transparent-header-meta":"","adv-header-id-meta":"","stick-header-meta":"","header-above-stick-meta":"","header-main-stick-meta":"","header-below-stick-meta":"","astra-migrate-meta-layouts":"default","ast-page-background-enabled":"default","ast-page-background-meta":{"desktop":{"background-color":"var(--ast-global-color-4)","background-image":"","background-repeat":"repeat","background-position":"center center","background-size":"auto","background-attachment":"scroll","background-type":"","background-media":"","overlay-type":"","overlay-color":"","overlay-opacity":"","overlay-gradient":""},"tablet":{"background-color":"","background-image":"","background-repeat":"repeat","background-position":"center center","background-size":"auto","background-attachment":"scroll","background-type":"","background-media":"","overlay-type":"","overlay-color":"","overlay-opacity":"","overlay-gradient":""},"mobile":{"background-color":"","background-image":"","background-repeat":"repeat","background-position":"center center","background-size":"auto","background-attachment":"scroll","background-type":"","background-media":"","overlay-type":"","overlay-color":"","overlay-opacity":"","overlay-gradient":""}},"ast-content-background-meta":{"desktop":{"background-color":"var(--ast-global-color-5)","background-image":"","background-repeat":"repeat","background-position":"center center","background-size":"auto","background-attachment":"scroll","background-type":"","background-media":"","overlay-type":"","overlay-color":"","overlay-opacity":"","overlay-gradient":""},"tablet":{"background-color":"var(--ast-global-color-5)","background-image":"","background-repeat":"repeat","background-position":"center center","background-size":"auto","background-attachment":"scroll","background-type":"","background-media":"","overlay-type":"","overlay-color":"","overlay-opacity":"","overlay-gradient":""},"mobile":{"background-color":"var(--ast-global-color-5)","background-image":"","background-repeat":"repeat","background-position":"center center","background-size":"auto","background-attachment":"scroll","background-type":"","background-media":"","overlay-type":"","overlay-color":"","overlay-opacity":"","overlay-gradient":""}},"footnotes":""},"class_list":["post-14259","page","type-page","status-publish","hentry"],"post_mailing_queue_ids":[],"_links":{"self":[{"href":"https:\/\/agora.xtec.cat\/ceip-torremiranda-cornella\/wp-json\/wp\/v2\/pages\/14259","targetHints":{"allow":["GET"]}}],"collection":[{"href":"https:\/\/agora.xtec.cat\/ceip-torremiranda-cornella\/wp-json\/wp\/v2\/pages"}],"about":[{"href":"https:\/\/agora.xtec.cat\/ceip-torremiranda-cornella\/wp-json\/wp\/v2\/types\/page"}],"author":[{"embeddable":true,"href":"https:\/\/agora.xtec.cat\/ceip-torremiranda-cornella\/wp-json\/wp\/v2\/users\/1"}],"replies":[{"embeddable":true,"href":"https:\/\/agora.xtec.cat\/ceip-torremiranda-cornella\/wp-json\/wp\/v2\/comments?post=14259"}],"version-history":[{"count":3,"href":"https:\/\/agora.xtec.cat\/ceip-torremiranda-cornella\/wp-json\/wp\/v2\/pages\/14259\/revisions"}],"predecessor-version":[{"id":18526,"href":"https:\/\/agora.xtec.cat\/ceip-torremiranda-cornella\/wp-json\/wp\/v2\/pages\/14259\/revisions\/18526"}],"up":[{"embeddable":true,"href":"https:\/\/agora.xtec.cat\/ceip-torremiranda-cornella\/wp-json\/wp\/v2\/pages\/14291"}],"wp:attachment":[{"href":"https:\/\/agora.xtec.cat\/ceip-torremiranda-cornella\/wp-json\/wp\/v2\/media?parent=14259"}],"curies":[{"name":"wp","href":"https:\/\/api.w.org\/{rel}","templated":true}]}}