{"id":14251,"date":"2019-04-02T16:09:55","date_gmt":"2019-04-02T14:09:55","guid":{"rendered":"https:\/\/agora.xtec.cat\/ceip-torremiranda-cornella\/?page_id=14251"},"modified":"2021-02-18T11:24:42","modified_gmt":"2021-02-18T10:24:42","slug":"pla-catala-de-lesport","status":"publish","type":"page","link":"https:\/\/agora.xtec.cat\/ceip-torremiranda-cornella\/projectes-de-lescola\/pla-catala-de-lesport\/","title":{"rendered":"Pla catal\u00e0 de l&#8217;esport"},"content":{"rendered":"<p>Programa que t\u00e9 com a finalitat promocionar la pr\u00e0ctica esportiva en edat escolar fora de l&#8217;horari lectiu, potenciant l&#8217;esport educatiu i en valors, de forma coordinada amb els docents, les Ampes i les entitats col\u00b7laboradores. Tamb\u00e9 aix\u00ed pret\u00e9n donar a con\u00e8ixer les diferents modalitats esportives que es practiquen a la ciutat.<\/p>\n<p>aquest any degut a la situaci\u00f3 sanit\u00e0ria no realitzem activitat.<\/p>\n<p>Anys anteriors les activitats que s&#8217;acostumen a realitzar s\u00f3n: futbol, piscina, hip-hop, b\u00e0squet i psicomotricitat.<\/p>\n<p><a href=\"https:\/\/agora.xtec.cat\/ceip-torremiranda-cornella\/wp-content\/uploads\/usu62\/2020\/03\/b3f98a7b-11e9-4162-9179-f1d27bff4303.jpg\"><img loading=\"lazy\" decoding=\"async\" class=\" wp-image-15635 alignleft\" src=\"https:\/\/agora.xtec.cat\/ceip-torremiranda-cornella\/wp-content\/uploads\/usu62\/2020\/03\/b3f98a7b-11e9-4162-9179-f1d27bff4303-150x150.jpg\" alt=\"\" width=\"244\" height=\"244\" \/><\/a><\/p>\n","protected":false},"excerpt":{"rendered":"<p>Programa que t\u00e9 com a finalitat promocionar la pr\u00e0ctica esportiva en edat escolar fora de l&#8217;horari lectiu, potenciant l&#8217;esport educatiu i en valors, de forma coordinada amb els docents, les Ampes i les entitats col\u00b7laboradores. Tamb\u00e9 aix\u00ed pret\u00e9n donar a con\u00e8ixer les diferents modalitats esportives que es practiquen a la ciutat. aquest any degut a [&hellip;]<\/p>\n","protected":false},"author":1,"featured_media":0,"parent":14291,"menu_order":2,"comment_status":"closed","ping_status":"closed","template":"page-templates\/side-menu.php","meta":{"_bbp_topic_count":0,"_bbp_reply_count":0,"_bbp_total_topic_count":0,"_bbp_total_reply_count":0,"_bbp_voice_count":0,"_bbp_anonymous_reply_count":0,"_bbp_topic_count_hidden":0,"_bbp_reply_count_hidden":0,"_bbp_forum_subforum_count":0,"site-sidebar-layout":"default","site-content-layout":"","ast-site-content-layout":"","site-content-style":"default","site-sidebar-style":"default","ast-global-header-display":"","ast-banner-title-visibility":"","ast-main-header-display":"","ast-hfb-above-header-display":"","ast-hfb-below-header-display":"","ast-hfb-mobile-header-display":"","site-post-title":"","ast-breadcrumbs-content":"","ast-featured-img":"","footer-sml-layout":"","theme-transparent-header-meta":"","adv-header-id-meta":"","stick-header-meta":"","header-above-stick-meta":"","header-main-stick-meta":"","header-below-stick-meta":"","astra-migrate-meta-layouts":"default","ast-page-background-enabled":"default","ast-page-background-meta":{"desktop":{"background-color":"var(--ast-global-color-4)","background-image":"","background-repeat":"repeat","background-position":"center center","background-size":"auto","background-attachment":"scroll","background-type":"","background-media":"","overlay-type":"","overlay-color":"","overlay-opacity":"","overlay-gradient":""},"tablet":{"background-color":"","background-image":"","background-repeat":"repeat","background-position":"center center","background-size":"auto","background-attachment":"scroll","background-type":"","background-media":"","overlay-type":"","overlay-color":"","overlay-opacity":"","overlay-gradient":""},"mobile":{"background-color":"","background-image":"","background-repeat":"repeat","background-position":"center center","background-size":"auto","background-attachment":"scroll","background-type":"","background-media":"","overlay-type":"","overlay-color":"","overlay-opacity":"","overlay-gradient":""}},"ast-content-background-meta":{"desktop":{"background-color":"var(--ast-global-color-5)","background-image":"","background-repeat":"repeat","background-position":"center center","background-size":"auto","background-attachment":"scroll","background-type":"","background-media":"","overlay-type":"","overlay-color":"","overlay-opacity":"","overlay-gradient":""},"tablet":{"background-color":"var(--ast-global-color-5)","background-image":"","background-repeat":"repeat","background-position":"center center","background-size":"auto","background-attachment":"scroll","background-type":"","background-media":"","overlay-type":"","overlay-color":"","overlay-opacity":"","overlay-gradient":""},"mobile":{"background-color":"var(--ast-global-color-5)","background-image":"","background-repeat":"repeat","background-position":"center center","background-size":"auto","background-attachment":"scroll","background-type":"","background-media":"","overlay-type":"","overlay-color":"","overlay-opacity":"","overlay-gradient":""}},"footnotes":""},"class_list":["post-14251","page","type-page","status-publish","hentry"],"post_mailing_queue_ids":[],"_links":{"self":[{"href":"https:\/\/agora.xtec.cat\/ceip-torremiranda-cornella\/wp-json\/wp\/v2\/pages\/14251","targetHints":{"allow":["GET"]}}],"collection":[{"href":"https:\/\/agora.xtec.cat\/ceip-torremiranda-cornella\/wp-json\/wp\/v2\/pages"}],"about":[{"href":"https:\/\/agora.xtec.cat\/ceip-torremiranda-cornella\/wp-json\/wp\/v2\/types\/page"}],"author":[{"embeddable":true,"href":"https:\/\/agora.xtec.cat\/ceip-torremiranda-cornella\/wp-json\/wp\/v2\/users\/1"}],"replies":[{"embeddable":true,"href":"https:\/\/agora.xtec.cat\/ceip-torremiranda-cornella\/wp-json\/wp\/v2\/comments?post=14251"}],"version-history":[{"count":3,"href":"https:\/\/agora.xtec.cat\/ceip-torremiranda-cornella\/wp-json\/wp\/v2\/pages\/14251\/revisions"}],"predecessor-version":[{"id":18014,"href":"https:\/\/agora.xtec.cat\/ceip-torremiranda-cornella\/wp-json\/wp\/v2\/pages\/14251\/revisions\/18014"}],"up":[{"embeddable":true,"href":"https:\/\/agora.xtec.cat\/ceip-torremiranda-cornella\/wp-json\/wp\/v2\/pages\/14291"}],"wp:attachment":[{"href":"https:\/\/agora.xtec.cat\/ceip-torremiranda-cornella\/wp-json\/wp\/v2\/media?parent=14251"}],"curies":[{"name":"wp","href":"https:\/\/api.w.org\/{rel}","templated":true}]}}