{"id":13939,"date":"2019-03-08T17:19:05","date_gmt":"2019-03-08T16:19:05","guid":{"rendered":"http:\/\/www.torredelamiranda.cat\/?page_id=13939"},"modified":"2023-02-27T22:05:43","modified_gmt":"2023-02-27T21:05:43","slug":"documents-per-a-les-families","status":"publish","type":"page","link":"https:\/\/agora.xtec.cat\/ceip-torremiranda-cornella\/documents-per-a-les-families\/","title":{"rendered":"Documents per a les fam\u00edlies"},"content":{"rendered":"\r\n<p class=\"has-medium-font-size\">A continuaci\u00f3 us compartim alguns documents que poden ser del vostre inter\u00e8s.<\/p>\r\n<p class=\"has-medium-font-size\">Per a qualsevol altre dubte, podeu trucar\u00a0 a l&#8217;escola al 933760879.<\/p>\r\n<p class=\"has-medium-font-size\"><strong>Carta de comprom\u00eds educatiu<\/strong><\/p>\r\n<div style=\"text-align: center;\"><iframe loading=\"lazy\" src=\"\/\/v.calameo.com\/?bkcode=00410257790a0d304a711&amp;mode=mini\" width=\"480\" height=\"300\" frameborder=\"0\"><\/iframe>\r\n<div style=\"margin: 4px 0px 8px;\">\u00a0<\/div>\r\n<\/div>\r\n<p><strong>Autoritzaci\u00f3 de medicaci\u00f3. Recordeu que \u00e9s imprescindible adjuntar la recepta del metge.<\/strong><\/p>\r\n<div style=\"text-align: center;\"><iframe loading=\"lazy\" src=\"\/\/v.calameo.com\/?bkcode=00410257724cdd364d57b&amp;mode=mini\" width=\"480\" height=\"300\" frameborder=\"0\"><\/iframe>\r\n<div>\u00a0<\/div>\r\n<div style=\"margin: 4px 0px 8px; text-align: left;\"><strong>Autoritzaci\u00f3 de sortida acompanyat d&#8217;un adult a les 13h i a les 17h:<\/strong><\/div>\r\n<\/div>\r\n<div style=\"text-align: center;\">\r\n<div style=\"margin: 8px 0px 4px;\">\u00a0<\/div>\r\n<iframe loading=\"lazy\" src=\"\/\/v.calameo.com\/?bkcode=00410257777e4b1558780&amp;mode=mini\" width=\"480\" height=\"300\" frameborder=\"0\"><\/iframe>\r\n<div>\u00a0<\/div>\r\n<div style=\"margin: 4px 0px 8px; text-align: left;\">\u00a0<\/div>\r\n<\/div>\r\n<div style=\"text-align: center;\">\r\n<div style=\"margin: 8px 0px 4px;\">\u00a0<\/div>\r\n<div>\u00a0<\/div>\r\n<div style=\"margin: 4px 0px 8px; text-align: left;\"><strong>Autoritzaci\u00f3 per sortir de l\u2019escola sense ser recollit per cap adult a les 13h i a les 17h:<\/strong><\/div>\r\n<\/div>\r\n<div style=\"text-align: center;\">\r\n<div style=\"margin: 8px 0px 4px;\">\u00a0<\/div>\r\n<iframe loading=\"lazy\" src=\"\/\/v.calameo.com\/?bkcode=0041025779661a21942da&amp;mode=mini\" width=\"480\" height=\"300\" frameborder=\"0\"><\/iframe>\r\n<div style=\"margin: 4px 0px 8px;\">\u00a0<\/div>\r\n<\/div>","protected":false},"excerpt":{"rendered":"<p>A continuaci\u00f3 us compartim alguns documents que poden ser del vostre inter\u00e8s. Per a qualsevol altre dubte, podeu trucar\u00a0 a l&#8217;escola al 933760879. Carta de comprom\u00eds educatiu \u00a0 Autoritzaci\u00f3 de medicaci\u00f3. Recordeu que \u00e9s imprescindible adjuntar la recepta del metge. \u00a0 Autoritzaci\u00f3 de sortida acompanyat d&#8217;un adult a les 13h i a les 17h: \u00a0 [&hellip;]<\/p>\n","protected":false},"author":1,"featured_media":0,"parent":0,"menu_order":0,"comment_status":"closed","ping_status":"closed","template":"","meta":{"_bbp_topic_count":0,"_bbp_reply_count":0,"_bbp_total_topic_count":0,"_bbp_total_reply_count":0,"_bbp_voice_count":0,"_bbp_anonymous_reply_count":0,"_bbp_topic_count_hidden":0,"_bbp_reply_count_hidden":0,"_bbp_forum_subforum_count":0,"site-sidebar-layout":"default","site-content-layout":"","ast-site-content-layout":"","site-content-style":"default","site-sidebar-style":"default","ast-global-header-display":"","ast-banner-title-visibility":"","ast-main-header-display":"","ast-hfb-above-header-display":"","ast-hfb-below-header-display":"","ast-hfb-mobile-header-display":"","site-post-title":"","ast-breadcrumbs-content":"","ast-featured-img":"","footer-sml-layout":"","theme-transparent-header-meta":"","adv-header-id-meta":"","stick-header-meta":"","header-above-stick-meta":"","header-main-stick-meta":"","header-below-stick-meta":"","astra-migrate-meta-layouts":"default","ast-page-background-enabled":"default","ast-page-background-meta":{"desktop":{"background-color":"var(--ast-global-color-4)","background-image":"","background-repeat":"repeat","background-position":"center center","background-size":"auto","background-attachment":"scroll","background-type":"","background-media":"","overlay-type":"","overlay-color":"","overlay-opacity":"","overlay-gradient":""},"tablet":{"background-color":"","background-image":"","background-repeat":"repeat","background-position":"center center","background-size":"auto","background-attachment":"scroll","background-type":"","background-media":"","overlay-type":"","overlay-color":"","overlay-opacity":"","overlay-gradient":""},"mobile":{"background-color":"","background-image":"","background-repeat":"repeat","background-position":"center center","background-size":"auto","background-attachment":"scroll","background-type":"","background-media":"","overlay-type":"","overlay-color":"","overlay-opacity":"","overlay-gradient":""}},"ast-content-background-meta":{"desktop":{"background-color":"var(--ast-global-color-5)","background-image":"","background-repeat":"repeat","background-position":"center center","background-size":"auto","background-attachment":"scroll","background-type":"","background-media":"","overlay-type":"","overlay-color":"","overlay-opacity":"","overlay-gradient":""},"tablet":{"background-color":"var(--ast-global-color-5)","background-image":"","background-repeat":"repeat","background-position":"center center","background-size":"auto","background-attachment":"scroll","background-type":"","background-media":"","overlay-type":"","overlay-color":"","overlay-opacity":"","overlay-gradient":""},"mobile":{"background-color":"var(--ast-global-color-5)","background-image":"","background-repeat":"repeat","background-position":"center center","background-size":"auto","background-attachment":"scroll","background-type":"","background-media":"","overlay-type":"","overlay-color":"","overlay-opacity":"","overlay-gradient":""}},"footnotes":""},"class_list":["post-13939","page","type-page","status-publish","hentry"],"post_mailing_queue_ids":[],"_links":{"self":[{"href":"https:\/\/agora.xtec.cat\/ceip-torremiranda-cornella\/wp-json\/wp\/v2\/pages\/13939","targetHints":{"allow":["GET"]}}],"collection":[{"href":"https:\/\/agora.xtec.cat\/ceip-torremiranda-cornella\/wp-json\/wp\/v2\/pages"}],"about":[{"href":"https:\/\/agora.xtec.cat\/ceip-torremiranda-cornella\/wp-json\/wp\/v2\/types\/page"}],"author":[{"embeddable":true,"href":"https:\/\/agora.xtec.cat\/ceip-torremiranda-cornella\/wp-json\/wp\/v2\/users\/1"}],"replies":[{"embeddable":true,"href":"https:\/\/agora.xtec.cat\/ceip-torremiranda-cornella\/wp-json\/wp\/v2\/comments?post=13939"}],"version-history":[{"count":4,"href":"https:\/\/agora.xtec.cat\/ceip-torremiranda-cornella\/wp-json\/wp\/v2\/pages\/13939\/revisions"}],"predecessor-version":[{"id":20223,"href":"https:\/\/agora.xtec.cat\/ceip-torremiranda-cornella\/wp-json\/wp\/v2\/pages\/13939\/revisions\/20223"}],"wp:attachment":[{"href":"https:\/\/agora.xtec.cat\/ceip-torremiranda-cornella\/wp-json\/wp\/v2\/media?parent=13939"}],"curies":[{"name":"wp","href":"https:\/\/api.w.org\/{rel}","templated":true}]}}