{"id":7229,"date":"2026-04-16T12:22:07","date_gmt":"2026-04-16T10:22:07","guid":{"rendered":"https:\/\/agora.xtec.cat\/ceip-torrebarona-castelldefels\/?page_id=7229"},"modified":"2026-04-17T12:36:37","modified_gmt":"2026-04-17T10:36:37","slug":"steamem-castelldefels","status":"publish","type":"page","link":"https:\/\/agora.xtec.cat\/ceip-torrebarona-castelldefels\/projectes-descola\/steamem-castelldefels\/","title":{"rendered":"Steamem Castelldefels"},"content":{"rendered":"<p style=\"text-align: justify;\"><span style=\"font-weight: 400;\">L\u2019<\/span><b>alumnat de 5\u00e8 i 6\u00e8 <\/b><span style=\"font-weight: 400;\">participa al Projecte Steamem amb el desenvolupament de dos projectes:\u00a0<\/span><\/p>\n<p style=\"text-align: justify;\"><b><i>5\u00e8. Castelldefels, ciutat saludable.\u00a0<\/i><\/b><\/p>\n<p style=\"text-align: justify;\"><b><i>6\u00e8. Castelldefels, ciutat sostenible.\u00a0<\/i><\/b><\/p>\n<p style=\"text-align: justify;\"><span style=\"font-weight: 400;\">Aquest projecte es fa en <\/span><b>col\u00b7laboraci\u00f3 amb l\u2019INS Josep Llu\u00eds Sert. <\/b><span style=\"font-weight: 400;\">Els mestres de l\u2019escola que acompanyaran l\u2019alumnat de l\u2019institut en el desenvolupament dels projectes al nostre centre, ja ha comen\u00e7at a fer una formaci\u00f3 espec\u00edfica per garantir un bon acompanyament aix\u00ed com el desenvolupament dels projectes a l\u2019aula.<\/span><\/p>\n<p><a href=\"https:\/\/agora.xtec.cat\/ceip-torrebarona-castelldefels\/wp-content\/uploads\/usu1683\/2026\/04\/IMG_20250212_161216.jpg\"><img loading=\"lazy\" decoding=\"async\" class=\"wp-image-7289 aligncenter\" src=\"https:\/\/agora.xtec.cat\/ceip-torrebarona-castelldefels\/wp-content\/uploads\/usu1683\/2026\/04\/IMG_20250212_161216.jpg\" alt=\"\" width=\"588\" height=\"785\" srcset=\"https:\/\/agora.xtec.cat\/ceip-torrebarona-castelldefels\/wp-content\/uploads\/usu1683\/2026\/04\/IMG_20250212_161216.jpg 765w, https:\/\/agora.xtec.cat\/ceip-torrebarona-castelldefels\/wp-content\/uploads\/usu1683\/2026\/04\/IMG_20250212_161216-225x300.jpg 225w\" sizes=\"auto, (max-width: 588px) 100vw, 588px\" \/><\/a><\/p>\n","protected":false},"excerpt":{"rendered":"<p>L\u2019alumnat de 5\u00e8 i 6\u00e8 participa al Projecte Steamem amb el desenvolupament de dos projectes:\u00a0 5\u00e8. Castelldefels, ciutat saludable.\u00a0 6\u00e8. Castelldefels, ciutat sostenible.\u00a0 Aquest projecte es fa en col\u00b7laboraci\u00f3 amb l\u2019INS Josep Llu\u00eds Sert. Els mestres de l\u2019escola que acompanyaran l\u2019alumnat de l\u2019institut en el desenvolupament dels projectes al nostre centre, ja ha comen\u00e7at a [&hellip;]<\/p>\n","protected":false},"author":1,"featured_media":0,"parent":7344,"menu_order":7,"comment_status":"closed","ping_status":"closed","template":"","meta":{"_bbp_topic_count":0,"_bbp_reply_count":0,"_bbp_total_topic_count":0,"_bbp_total_reply_count":0,"_bbp_voice_count":0,"_bbp_anonymous_reply_count":0,"_bbp_topic_count_hidden":0,"_bbp_reply_count_hidden":0,"_bbp_forum_subforum_count":0,"site-sidebar-layout":"default","site-content-layout":"","ast-site-content-layout":"default","site-content-style":"default","site-sidebar-style":"default","ast-global-header-display":"","ast-banner-title-visibility":"","ast-main-header-display":"","ast-hfb-above-header-display":"","ast-hfb-below-header-display":"","ast-hfb-mobile-header-display":"","site-post-title":"","ast-breadcrumbs-content":"","ast-featured-img":"","footer-sml-layout":"","theme-transparent-header-meta":"default","adv-header-id-meta":"","stick-header-meta":"","header-above-stick-meta":"","header-main-stick-meta":"","header-below-stick-meta":"","astra-migrate-meta-layouts":"set","ast-page-background-enabled":"default","ast-page-background-meta":{"desktop":{"background-color":"var(--ast-global-color-4)","background-image":"","background-repeat":"repeat","background-position":"center center","background-size":"auto","background-attachment":"scroll","background-type":"","background-media":"","overlay-type":"","overlay-color":"","overlay-opacity":"","overlay-gradient":""},"tablet":{"background-color":"","background-image":"","background-repeat":"repeat","background-position":"center center","background-size":"auto","background-attachment":"scroll","background-type":"","background-media":"","overlay-type":"","overlay-color":"","overlay-opacity":"","overlay-gradient":""},"mobile":{"background-color":"","background-image":"","background-repeat":"repeat","background-position":"center center","background-size":"auto","background-attachment":"scroll","background-type":"","background-media":"","overlay-type":"","overlay-color":"","overlay-opacity":"","overlay-gradient":""}},"ast-content-background-meta":{"desktop":{"background-color":"var(--ast-global-color-5)","background-image":"","background-repeat":"repeat","background-position":"center center","background-size":"auto","background-attachment":"scroll","background-type":"","background-media":"","overlay-type":"","overlay-color":"","overlay-opacity":"","overlay-gradient":""},"tablet":{"background-color":"var(--ast-global-color-5)","background-image":"","background-repeat":"repeat","background-position":"center center","background-size":"auto","background-attachment":"scroll","background-type":"","background-media":"","overlay-type":"","overlay-color":"","overlay-opacity":"","overlay-gradient":""},"mobile":{"background-color":"var(--ast-global-color-5)","background-image":"","background-repeat":"repeat","background-position":"center center","background-size":"auto","background-attachment":"scroll","background-type":"","background-media":"","overlay-type":"","overlay-color":"","overlay-opacity":"","overlay-gradient":""}},"footnotes":""},"class_list":["post-7229","page","type-page","status-publish","hentry"],"post_mailing_queue_ids":[],"_links":{"self":[{"href":"https:\/\/agora.xtec.cat\/ceip-torrebarona-castelldefels\/wp-json\/wp\/v2\/pages\/7229","targetHints":{"allow":["GET"]}}],"collection":[{"href":"https:\/\/agora.xtec.cat\/ceip-torrebarona-castelldefels\/wp-json\/wp\/v2\/pages"}],"about":[{"href":"https:\/\/agora.xtec.cat\/ceip-torrebarona-castelldefels\/wp-json\/wp\/v2\/types\/page"}],"author":[{"embeddable":true,"href":"https:\/\/agora.xtec.cat\/ceip-torrebarona-castelldefels\/wp-json\/wp\/v2\/users\/1"}],"replies":[{"embeddable":true,"href":"https:\/\/agora.xtec.cat\/ceip-torrebarona-castelldefels\/wp-json\/wp\/v2\/comments?post=7229"}],"version-history":[{"count":5,"href":"https:\/\/agora.xtec.cat\/ceip-torrebarona-castelldefels\/wp-json\/wp\/v2\/pages\/7229\/revisions"}],"predecessor-version":[{"id":7346,"href":"https:\/\/agora.xtec.cat\/ceip-torrebarona-castelldefels\/wp-json\/wp\/v2\/pages\/7229\/revisions\/7346"}],"up":[{"embeddable":true,"href":"https:\/\/agora.xtec.cat\/ceip-torrebarona-castelldefels\/wp-json\/wp\/v2\/pages\/7344"}],"wp:attachment":[{"href":"https:\/\/agora.xtec.cat\/ceip-torrebarona-castelldefels\/wp-json\/wp\/v2\/media?parent=7229"}],"curies":[{"name":"wp","href":"https:\/\/api.w.org\/{rel}","templated":true}]}}