{"id":32,"date":"2014-09-18T12:31:33","date_gmt":"2014-09-18T11:31:33","guid":{"rendered":"http:\/\/agora.xtec.cat\/ceip-torrebarona-castelldefels\/?page_id=32"},"modified":"2026-04-20T13:12:51","modified_gmt":"2026-04-20T11:12:51","slug":"calendari-del-curs","status":"publish","type":"page","link":"https:\/\/agora.xtec.cat\/ceip-torrebarona-castelldefels\/calendari-del-curs\/","title":{"rendered":"Calendari del curs 2025-2026"},"content":{"rendered":"<h4><a href=\"https:\/\/agora.xtec.cat\/ceip-torrebarona-castelldefels\/wp-content\/uploads\/usu1683\/2025\/09\/IMG_20250903_142742.jpg\"><img loading=\"lazy\" decoding=\"async\" class=\" wp-image-6855 aligncenter\" src=\"https:\/\/agora.xtec.cat\/ceip-torrebarona-castelldefels\/wp-content\/uploads\/usu1683\/2025\/09\/IMG_20250903_142742.jpg\" alt=\"\" width=\"404\" height=\"581\" srcset=\"https:\/\/agora.xtec.cat\/ceip-torrebarona-castelldefels\/wp-content\/uploads\/usu1683\/2025\/09\/IMG_20250903_142742.jpg 644w, https:\/\/agora.xtec.cat\/ceip-torrebarona-castelldefels\/wp-content\/uploads\/usu1683\/2025\/09\/IMG_20250903_142742-209x300.jpg 209w\" sizes=\"auto, (max-width: 404px) 100vw, 404px\" \/><\/a><\/h4>\n<h4><strong>Inici de curs:<\/strong><\/h4>\n<p>8 de setembre de 2025.<\/p>\n<h4><strong>Vacances:<\/strong><\/h4>\n<p>Del 20 de desembre de 2025 al 7 de gener de 2026 (ambd\u00f3s inclosos).<\/p>\n<p>Del 28 de mar\u00e7 al 6 d&#8217;abril de 2026 (ambd\u00f3s inclosos).<\/p>\n<p>A partir del 20 de juny de 2026.<\/p>\n<h4><strong>Dies festius de lliure disposici\u00f3:<\/strong><\/h4>\n<p>10 d&#8217;octubre de 2025.<\/p>\n<p>3 de novembre de 2025.<\/p>\n<p>16 de febrer de 2026.<\/p>\n<p>30 d&#8217;abril de 2026.<\/p>\n<p>25 de maig de 2026.<\/p>\n<h4><strong>Dies de festa local:<\/strong><\/h4>\n<p>5 de desembre de 2025.<\/p>\n<h4><strong>Jornada intensiva:<\/strong><\/h4>\n<p>19 de desembre de 2025.<\/p>\n<p>Del 8 al 29 de juny de 2026 (ambd\u00f3s inclosos).<\/p>\n<p>L&#8217;<b>horari lectiu<\/b> \u00e9s de 9 a 12,30 h i de 15,00 a 16,30 h per a tot l&#8217;alumnat del centre.<\/p>\n<p><strong>Horari intensiva:<\/strong> de 9 a 13h per a tot l&#8217;alumnat del centre.<\/p>\n<p style=\"text-align: justify;\">Per als alumnes que inicien l&#8217;escolaritzaci\u00f3 a I3 s&#8217;organitza un breu per\u00edode d&#8217;adaptaci\u00f3 que suposa una certa modificaci\u00f3 dels horaris dels tres primers dies de classe, i que es fa saber a les fam\u00edlies durant les reunions pr\u00e8vies corresponents.<\/p>\n","protected":false},"excerpt":{"rendered":"<p>Inici de curs: 8 de setembre de 2025. Vacances: Del 20 de desembre de 2025 al 7 de gener de 2026 (ambd\u00f3s inclosos). Del 28 de mar\u00e7 al 6 d&#8217;abril de 2026 (ambd\u00f3s inclosos). A partir del 20 de juny de 2026. Dies festius de lliure disposici\u00f3: 10 d&#8217;octubre de 2025. 3 de novembre de [&hellip;]<\/p>\n","protected":false},"author":1,"featured_media":0,"parent":0,"menu_order":50,"comment_status":"closed","ping_status":"closed","template":"","meta":{"_bbp_topic_count":0,"_bbp_reply_count":0,"_bbp_total_topic_count":0,"_bbp_total_reply_count":0,"_bbp_voice_count":0,"_bbp_anonymous_reply_count":0,"_bbp_topic_count_hidden":0,"_bbp_reply_count_hidden":0,"_bbp_forum_subforum_count":0,"site-sidebar-layout":"default","site-content-layout":"","ast-site-content-layout":"default","site-content-style":"default","site-sidebar-style":"default","ast-global-header-display":"","ast-banner-title-visibility":"","ast-main-header-display":"","ast-hfb-above-header-display":"","ast-hfb-below-header-display":"","ast-hfb-mobile-header-display":"","site-post-title":"","ast-breadcrumbs-content":"","ast-featured-img":"","footer-sml-layout":"","theme-transparent-header-meta":"default","adv-header-id-meta":"","stick-header-meta":"","header-above-stick-meta":"","header-main-stick-meta":"","header-below-stick-meta":"","astra-migrate-meta-layouts":"set","ast-page-background-enabled":"default","ast-page-background-meta":{"desktop":{"background-color":"var(--ast-global-color-4)","background-image":"","background-repeat":"repeat","background-position":"center center","background-size":"auto","background-attachment":"scroll","background-type":"","background-media":"","overlay-type":"","overlay-color":"","overlay-opacity":"","overlay-gradient":""},"tablet":{"background-color":"","background-image":"","background-repeat":"repeat","background-position":"center center","background-size":"auto","background-attachment":"scroll","background-type":"","background-media":"","overlay-type":"","overlay-color":"","overlay-opacity":"","overlay-gradient":""},"mobile":{"background-color":"","background-image":"","background-repeat":"repeat","background-position":"center center","background-size":"auto","background-attachment":"scroll","background-type":"","background-media":"","overlay-type":"","overlay-color":"","overlay-opacity":"","overlay-gradient":""}},"ast-content-background-meta":{"desktop":{"background-color":"var(--ast-global-color-5)","background-image":"","background-repeat":"repeat","background-position":"center center","background-size":"auto","background-attachment":"scroll","background-type":"","background-media":"","overlay-type":"","overlay-color":"","overlay-opacity":"","overlay-gradient":""},"tablet":{"background-color":"var(--ast-global-color-5)","background-image":"","background-repeat":"repeat","background-position":"center center","background-size":"auto","background-attachment":"scroll","background-type":"","background-media":"","overlay-type":"","overlay-color":"","overlay-opacity":"","overlay-gradient":""},"mobile":{"background-color":"var(--ast-global-color-5)","background-image":"","background-repeat":"repeat","background-position":"center center","background-size":"auto","background-attachment":"scroll","background-type":"","background-media":"","overlay-type":"","overlay-color":"","overlay-opacity":"","overlay-gradient":""}},"footnotes":""},"class_list":["post-32","page","type-page","status-publish","hentry"],"post_mailing_queue_ids":[],"_links":{"self":[{"href":"https:\/\/agora.xtec.cat\/ceip-torrebarona-castelldefels\/wp-json\/wp\/v2\/pages\/32","targetHints":{"allow":["GET"]}}],"collection":[{"href":"https:\/\/agora.xtec.cat\/ceip-torrebarona-castelldefels\/wp-json\/wp\/v2\/pages"}],"about":[{"href":"https:\/\/agora.xtec.cat\/ceip-torrebarona-castelldefels\/wp-json\/wp\/v2\/types\/page"}],"author":[{"embeddable":true,"href":"https:\/\/agora.xtec.cat\/ceip-torrebarona-castelldefels\/wp-json\/wp\/v2\/users\/1"}],"replies":[{"embeddable":true,"href":"https:\/\/agora.xtec.cat\/ceip-torrebarona-castelldefels\/wp-json\/wp\/v2\/comments?post=32"}],"version-history":[{"count":6,"href":"https:\/\/agora.xtec.cat\/ceip-torrebarona-castelldefels\/wp-json\/wp\/v2\/pages\/32\/revisions"}],"predecessor-version":[{"id":7374,"href":"https:\/\/agora.xtec.cat\/ceip-torrebarona-castelldefels\/wp-json\/wp\/v2\/pages\/32\/revisions\/7374"}],"wp:attachment":[{"href":"https:\/\/agora.xtec.cat\/ceip-torrebarona-castelldefels\/wp-json\/wp\/v2\/media?parent=32"}],"curies":[{"name":"wp","href":"https:\/\/api.w.org\/{rel}","templated":true}]}}