{"id":26,"date":"2014-09-18T12:24:32","date_gmt":"2014-09-18T11:24:32","guid":{"rendered":"http:\/\/agora.xtec.cat\/ceip-torrebarona-castelldefels\/?page_id=26"},"modified":"2025-09-29T10:14:25","modified_gmt":"2025-09-29T08:14:25","slug":"historia","status":"publish","type":"page","link":"https:\/\/agora.xtec.cat\/ceip-torrebarona-castelldefels\/lescola\/historia\/","title":{"rendered":"Hist\u00f2ria"},"content":{"rendered":"<p><a href=\"http:\/\/agora.xtec.cat\/ceip-torrebarona-castelldefels\/wp-content\/uploads\/usu1683\/2014\/09\/Torre-Barona-1988.jpg\"><img loading=\"lazy\" decoding=\"async\" class=\" wp-image-713 aligncenter\" src=\"http:\/\/agora.xtec.cat\/ceip-torrebarona-castelldefels\/wp-content\/uploads\/usu1683\/2014\/09\/Torre-Barona-1988.jpg\" alt=\"\" width=\"729\" height=\"525\" srcset=\"https:\/\/agora.xtec.cat\/ceip-torrebarona-castelldefels\/wp-content\/uploads\/usu1683\/2014\/09\/Torre-Barona-1988.jpg 960w, https:\/\/agora.xtec.cat\/ceip-torrebarona-castelldefels\/wp-content\/uploads\/usu1683\/2014\/09\/Torre-Barona-1988-300x216.jpg 300w, https:\/\/agora.xtec.cat\/ceip-torrebarona-castelldefels\/wp-content\/uploads\/usu1683\/2014\/09\/Torre-Barona-1988-768x553.jpg 768w\" sizes=\"auto, (max-width: 729px) 100vw, 729px\" \/><\/a><\/p>\n<p style=\"text-align: justify;\">L\u2019escola va ser inaugurada l\u2019any 1979, i en un primer moment hi havia alumnes i mestres de tres escoles que compartien espais comuns i zones d\u2019esbarjo. El curs 2010-2011 es va fer una remodelaci\u00f3 quedant els espais tal com els coneixem en l\u2019actualitat, cosa que ha afavorit el disposar d\u2019espais amplis i suficients per realitzar totes les activitats escolars i desdoblaments que el professorat i monitoratge organitzen.<\/p>\n<p style=\"text-align: justify;\">L\u2019escola est\u00e0 situada molt a prop del centre de la ciutat de Castelldefels, al barri de La Muntanyeta, un barri de vivendes envoltat d\u2019espais que donen esponjositat a la zona, el parc del Castell, el parc de la Muntanyeta i el parc de la Granota.<\/p>\n<p style=\"text-align: justify;\">El centre est\u00e0 ben ubicat, i hi ha bona comunicaci\u00f3 de transport p\u00fablic (tren i autob\u00fas, que queden a 10 minuts caminant de l\u2019escola).<\/p>\n<p style=\"text-align: justify;\">La majoria de l\u2019alumnat prov\u00e9 del barri de La Muntanyeta, del centre de la ciutat,\u00a0 del barri d\u2019El Castell i de Can Roca, a prop de l\u2019escola.<\/p>\n<p style=\"text-align: justify;\">La bona qualitat de les activitats extraescolars i de l\u2019oferta de casals d\u2019estiu que es proposen des del centre fa que vinguin nens i nenes provinents d\u2019altres escoles a participar de les mateixes.<\/p>\n<p style=\"text-align: justify;\">L\u2019Escola Torre Barona \u00e9s un centre de doble l\u00ednia (475 alumnes) distribu\u00eft en 19 grups. Els ensenyaments s\u00f3n educaci\u00f3 Infantil (3-6) i educaci\u00f3 Prim\u00e0ria (6-12).<\/p>\n<p style=\"text-align: justify;\">L\u2019escola \u00e9s pluriling\u00fce i els estudis estan impartits en llengua catalana.<\/p>\n<p style=\"text-align: justify;\">La plantilla del centre \u00e9s estable en la seva majoria, la resta \u00e9s professorat inter\u00ed o provisional, on tots formem part d\u2019un engranatge que funciona coordinat i on cadasc\u00fa fa la seva part, sumant complicitats i esfor\u00e7os formant un grup comprom\u00e8s amb la l\u00ednia educativa que s\u2019imparteix. Es tenen en compte les especificitats de cadasc\u00fa per tal de desenvolupar les capacitats personals en benefici de tota la comunitat i es reparteixen les responsabilitats en funci\u00f3 de les mateixes. La suma d\u2019aquestes habilitats fa que creixem i desenvolupem el nostre projecte amb experi\u00e8ncies enriquidores on tothom hi t\u00e9 un paper a jugar.<\/p>\n<p style=\"text-align: justify;\">Els objectius generals es concreten en:<\/p>\n<p style=\"text-align: justify;\">-Implementar els instruments d\u2019autonomia per millorar l\u2019efic\u00e0cia del serveis que ofereix l\u2019escola.<\/p>\n<p style=\"text-align: justify;\">&#8211; Assolir la millora dels resultats educatius.<\/p>\n<p style=\"text-align: justify;\">&#8211; Enfortir la cohesi\u00f3 social.<\/p>\n<p style=\"text-align: justify;\">&#8211; Promoure la participaci\u00f3 i la implicaci\u00f3 de la comunitat educativa internament i externament.<\/p>\n<p style=\"text-align: justify;\">&#8211; Aconseguir un model pedag\u00f2gic que s\u2019identifiqui com un model de qualitat al territori.<\/p>\n<p style=\"text-align: justify;\">&#8211; Consolidar l\u2019escola com una organitzaci\u00f3 realment responsable per garantir el seu progr\u00e9s.<\/p>\n","protected":false},"excerpt":{"rendered":"<p>L\u2019escola va ser inaugurada l\u2019any 1979, i en un primer moment hi havia alumnes i mestres de tres escoles que compartien espais comuns i zones d\u2019esbarjo. El curs 2010-2011 es va fer una remodelaci\u00f3 quedant els espais tal com els coneixem en l\u2019actualitat, cosa que ha afavorit el disposar d\u2019espais amplis i suficients per realitzar [&hellip;]<\/p>\n","protected":false},"author":1,"featured_media":0,"parent":22,"menu_order":20,"comment_status":"closed","ping_status":"closed","template":"page-templates\/side-menu.php","meta":{"_bbp_topic_count":0,"_bbp_reply_count":0,"_bbp_total_topic_count":0,"_bbp_total_reply_count":0,"_bbp_voice_count":0,"_bbp_anonymous_reply_count":0,"_bbp_topic_count_hidden":0,"_bbp_reply_count_hidden":0,"_bbp_forum_subforum_count":0,"site-sidebar-layout":"default","site-content-layout":"","ast-site-content-layout":"","site-content-style":"default","site-sidebar-style":"default","ast-global-header-display":"","ast-banner-title-visibility":"","ast-main-header-display":"","ast-hfb-above-header-display":"","ast-hfb-below-header-display":"","ast-hfb-mobile-header-display":"","site-post-title":"","ast-breadcrumbs-content":"","ast-featured-img":"","footer-sml-layout":"","theme-transparent-header-meta":"","adv-header-id-meta":"","stick-header-meta":"","header-above-stick-meta":"","header-main-stick-meta":"","header-below-stick-meta":"","astra-migrate-meta-layouts":"default","ast-page-background-enabled":"default","ast-page-background-meta":{"desktop":{"background-color":"var(--ast-global-color-4)","background-image":"","background-repeat":"repeat","background-position":"center center","background-size":"auto","background-attachment":"scroll","background-type":"","background-media":"","overlay-type":"","overlay-color":"","overlay-opacity":"","overlay-gradient":""},"tablet":{"background-color":"","background-image":"","background-repeat":"repeat","background-position":"center center","background-size":"auto","background-attachment":"scroll","background-type":"","background-media":"","overlay-type":"","overlay-color":"","overlay-opacity":"","overlay-gradient":""},"mobile":{"background-color":"","background-image":"","background-repeat":"repeat","background-position":"center center","background-size":"auto","background-attachment":"scroll","background-type":"","background-media":"","overlay-type":"","overlay-color":"","overlay-opacity":"","overlay-gradient":""}},"ast-content-background-meta":{"desktop":{"background-color":"var(--ast-global-color-5)","background-image":"","background-repeat":"repeat","background-position":"center center","background-size":"auto","background-attachment":"scroll","background-type":"","background-media":"","overlay-type":"","overlay-color":"","overlay-opacity":"","overlay-gradient":""},"tablet":{"background-color":"var(--ast-global-color-5)","background-image":"","background-repeat":"repeat","background-position":"center center","background-size":"auto","background-attachment":"scroll","background-type":"","background-media":"","overlay-type":"","overlay-color":"","overlay-opacity":"","overlay-gradient":""},"mobile":{"background-color":"var(--ast-global-color-5)","background-image":"","background-repeat":"repeat","background-position":"center center","background-size":"auto","background-attachment":"scroll","background-type":"","background-media":"","overlay-type":"","overlay-color":"","overlay-opacity":"","overlay-gradient":""}},"footnotes":""},"class_list":["post-26","page","type-page","status-publish","hentry"],"post_mailing_queue_ids":[],"_links":{"self":[{"href":"https:\/\/agora.xtec.cat\/ceip-torrebarona-castelldefels\/wp-json\/wp\/v2\/pages\/26","targetHints":{"allow":["GET"]}}],"collection":[{"href":"https:\/\/agora.xtec.cat\/ceip-torrebarona-castelldefels\/wp-json\/wp\/v2\/pages"}],"about":[{"href":"https:\/\/agora.xtec.cat\/ceip-torrebarona-castelldefels\/wp-json\/wp\/v2\/types\/page"}],"author":[{"embeddable":true,"href":"https:\/\/agora.xtec.cat\/ceip-torrebarona-castelldefels\/wp-json\/wp\/v2\/users\/1"}],"replies":[{"embeddable":true,"href":"https:\/\/agora.xtec.cat\/ceip-torrebarona-castelldefels\/wp-json\/wp\/v2\/comments?post=26"}],"version-history":[{"count":5,"href":"https:\/\/agora.xtec.cat\/ceip-torrebarona-castelldefels\/wp-json\/wp\/v2\/pages\/26\/revisions"}],"predecessor-version":[{"id":6905,"href":"https:\/\/agora.xtec.cat\/ceip-torrebarona-castelldefels\/wp-json\/wp\/v2\/pages\/26\/revisions\/6905"}],"up":[{"embeddable":true,"href":"https:\/\/agora.xtec.cat\/ceip-torrebarona-castelldefels\/wp-json\/wp\/v2\/pages\/22"}],"wp:attachment":[{"href":"https:\/\/agora.xtec.cat\/ceip-torrebarona-castelldefels\/wp-json\/wp\/v2\/media?parent=26"}],"curies":[{"name":"wp","href":"https:\/\/api.w.org\/{rel}","templated":true}]}}