{"id":73,"date":"2014-09-18T14:01:51","date_gmt":"2014-09-18T13:01:51","guid":{"rendered":"http:\/\/agora.xtec.cat\/ceip-torre-llauder-mataro\/?page_id=73"},"modified":"2024-09-20T12:20:26","modified_gmt":"2024-09-20T10:20:26","slug":"menjador-escolar","status":"publish","type":"page","link":"https:\/\/agora.xtec.cat\/ceip-torre-llauder-mataro\/serveis\/menjador-escolar\/","title":{"rendered":"Menjador escolar"},"content":{"rendered":"<p>L&#8217;AFA gestiona el menjador escolar a trav\u00e9s de l&#8217;Associaci\u00f3 &#8220;Enlleura&#8217;t&#8221; amb c\u00e0tering de <span style=\"font-family: inherit; font-size: 1em;\">&#8220;Masia Bartr\u00e9s&#8221;.<\/span><\/p>\n<p>El servei de menjador cobreix la franja del migdia.<\/p>\n<p>La persona responsable del menjador a l&#8217;escola \u00e9s el <strong>Lu\u00eds L\u00f3pez (664 89 35 08)<\/strong><\/p>\n<p>S&#8217;ofereix un servei de menjador diari per a tots aquells alumnes que ho necessiten.<\/p>\n<p>Els preus s\u00f3n:<\/p>\n<p><strong>&#8211; 7\u201960 \u20ac <\/strong>el men\u00fa<strong>: 1 tiquet espor\u00e0dic\u00a0<\/strong><\/p>\n<p><strong>&#8211; 6&#8217;90 \u20ac<\/strong> el men\u00fa: <strong>alumnes fixes al servei\u00a0<\/strong><\/p>\n<p>Els tiquets de menjador es poden adquirir a trav\u00e9s de <strong>TPVEscola o transfer\u00e8ncia banc\u00e0ria.<\/strong><\/p>\n<p><strong>\u00a0<\/strong><\/p>\n<p>* Es consideren \u201cfixes\u201d aquells alumnes que fan \u00fas del servei un m\u00ednim de tres dies a la setmana.<\/p>\n<p>&nbsp;<\/p>\n","protected":false},"excerpt":{"rendered":"<p>L&#8217;AFA gestiona el menjador escolar a trav\u00e9s de l&#8217;Associaci\u00f3 &#8220;Enlleura&#8217;t&#8221; amb c\u00e0tering de &#8220;Masia Bartr\u00e9s&#8221;.<br \/>\nEl servei de menjador cobreix la franja del migdia.<br \/>\nLa persona responsable del menjador a l&#8217;escola \u00e9s el Lu\u00eds L\u00f3pez (664 89 35 08)<br \/>\nS&#8217;ofereix un servei de menjador diari per a tots&hellip;  <a href=\"https:\/\/agora.xtec.cat\/ceip-torre-llauder-mataro\/serveis\/menjador-escolar\/\" title=\"Read Menjador escolar\">Llegeix m\u00e9s\u00bb<\/a><\/p>\n","protected":false},"author":1,"featured_media":0,"parent":66,"menu_order":30,"comment_status":"closed","ping_status":"closed","template":"page-templates\/side-menu.php","meta":{"_bbp_topic_count":0,"_bbp_reply_count":0,"_bbp_total_topic_count":0,"_bbp_total_reply_count":0,"_bbp_voice_count":0,"_bbp_anonymous_reply_count":0,"_bbp_topic_count_hidden":0,"_bbp_reply_count_hidden":0,"_bbp_forum_subforum_count":0,"footnotes":""},"class_list":["post-73","page","type-page","status-publish","hentry"],"post_mailing_queue_ids":[],"_links":{"self":[{"href":"https:\/\/agora.xtec.cat\/ceip-torre-llauder-mataro\/wp-json\/wp\/v2\/pages\/73","targetHints":{"allow":["GET"]}}],"collection":[{"href":"https:\/\/agora.xtec.cat\/ceip-torre-llauder-mataro\/wp-json\/wp\/v2\/pages"}],"about":[{"href":"https:\/\/agora.xtec.cat\/ceip-torre-llauder-mataro\/wp-json\/wp\/v2\/types\/page"}],"author":[{"embeddable":true,"href":"https:\/\/agora.xtec.cat\/ceip-torre-llauder-mataro\/wp-json\/wp\/v2\/users\/1"}],"replies":[{"embeddable":true,"href":"https:\/\/agora.xtec.cat\/ceip-torre-llauder-mataro\/wp-json\/wp\/v2\/comments?post=73"}],"version-history":[{"count":7,"href":"https:\/\/agora.xtec.cat\/ceip-torre-llauder-mataro\/wp-json\/wp\/v2\/pages\/73\/revisions"}],"predecessor-version":[{"id":6747,"href":"https:\/\/agora.xtec.cat\/ceip-torre-llauder-mataro\/wp-json\/wp\/v2\/pages\/73\/revisions\/6747"}],"up":[{"embeddable":true,"href":"https:\/\/agora.xtec.cat\/ceip-torre-llauder-mataro\/wp-json\/wp\/v2\/pages\/66"}],"wp:attachment":[{"href":"https:\/\/agora.xtec.cat\/ceip-torre-llauder-mataro\/wp-json\/wp\/v2\/media?parent=73"}],"curies":[{"name":"wp","href":"https:\/\/api.w.org\/{rel}","templated":true}]}}