{"id":7213,"date":"2025-10-07T16:46:53","date_gmt":"2025-10-07T14:46:53","guid":{"rendered":"https:\/\/agora.xtec.cat\/ceip-torre-llauder-mataro\/?page_id=7213"},"modified":"2025-10-07T16:46:53","modified_gmt":"2025-10-07T14:46:53","slug":"ambients-a-infantil","status":"publish","type":"page","link":"https:\/\/agora.xtec.cat\/ceip-torre-llauder-mataro\/lescola\/ambients-a-infantil\/","title":{"rendered":"AMBIENTS A INFANTIL"},"content":{"rendered":"<p>Els nens i nenes d&#8217;Educaci\u00f3 Infantil ja han comen\u00e7at a fer els ambients. Hem iniciat els seg\u00fcents ambients: CI\u00c8NCIA, LLUM I FOSCOR, CIUTAT, ARTISTES I MOVIMENT.<\/p>\n<p>Ens ho hem passat molt b\u00e9 en aquesta tarda tan esperada&#8230;Mireu, mireu&#8230;<\/p>\n<p><a href=\"https:\/\/photos.app.goo.gl\/DxgA4k4XPHvjJKWe7\">Fotos AMBIENTS<\/a><\/p>\n","protected":false},"excerpt":{"rendered":"<p>Els nens i nenes d&#8217;Educaci\u00f3 Infantil ja han comen\u00e7at a fer els ambients. Hem iniciat els seg\u00fcents ambients: CI\u00c8NCIA, LLUM I FOSCOR, CIUTAT, ARTISTES I MOVIMENT.<br \/>\nEns ho hem passat molt b\u00e9 en aquesta tarda tan esperada&#8230;Mireu, mireu&#8230;<br \/>\n<a href=\"https:\/\/photos.app.goo.gl\/DxgA4k4XPHvjJKWe7\">Fotos AMBIENTS<\/a><\/p>\n","protected":false},"author":10,"featured_media":0,"parent":22,"menu_order":0,"comment_status":"closed","ping_status":"closed","template":"","meta":{"_bbp_topic_count":0,"_bbp_reply_count":0,"_bbp_total_topic_count":0,"_bbp_total_reply_count":0,"_bbp_voice_count":0,"_bbp_anonymous_reply_count":0,"_bbp_topic_count_hidden":0,"_bbp_reply_count_hidden":0,"_bbp_forum_subforum_count":0,"footnotes":""},"class_list":["post-7213","page","type-page","status-publish","hentry"],"post_mailing_queue_ids":[],"_links":{"self":[{"href":"https:\/\/agora.xtec.cat\/ceip-torre-llauder-mataro\/wp-json\/wp\/v2\/pages\/7213","targetHints":{"allow":["GET"]}}],"collection":[{"href":"https:\/\/agora.xtec.cat\/ceip-torre-llauder-mataro\/wp-json\/wp\/v2\/pages"}],"about":[{"href":"https:\/\/agora.xtec.cat\/ceip-torre-llauder-mataro\/wp-json\/wp\/v2\/types\/page"}],"author":[{"embeddable":true,"href":"https:\/\/agora.xtec.cat\/ceip-torre-llauder-mataro\/wp-json\/wp\/v2\/users\/10"}],"replies":[{"embeddable":true,"href":"https:\/\/agora.xtec.cat\/ceip-torre-llauder-mataro\/wp-json\/wp\/v2\/comments?post=7213"}],"version-history":[{"count":1,"href":"https:\/\/agora.xtec.cat\/ceip-torre-llauder-mataro\/wp-json\/wp\/v2\/pages\/7213\/revisions"}],"predecessor-version":[{"id":7216,"href":"https:\/\/agora.xtec.cat\/ceip-torre-llauder-mataro\/wp-json\/wp\/v2\/pages\/7213\/revisions\/7216"}],"up":[{"embeddable":true,"href":"https:\/\/agora.xtec.cat\/ceip-torre-llauder-mataro\/wp-json\/wp\/v2\/pages\/22"}],"wp:attachment":[{"href":"https:\/\/agora.xtec.cat\/ceip-torre-llauder-mataro\/wp-json\/wp\/v2\/media?parent=7213"}],"curies":[{"name":"wp","href":"https:\/\/api.w.org\/{rel}","templated":true}]}}