{"id":690,"date":"2016-10-30T01:38:26","date_gmt":"2016-10-29T23:38:26","guid":{"rendered":"http:\/\/agora.xtec.cat\/ceip-torre-llauder-mataro\/?page_id=690"},"modified":"2016-10-30T01:38:26","modified_gmt":"2016-10-29T23:38:26","slug":"llauderet","status":"publish","type":"page","link":"https:\/\/agora.xtec.cat\/ceip-torre-llauder-mataro\/llauderet\/","title":{"rendered":"Llauderet"},"content":{"rendered":"<p>Nom:<img loading=\"lazy\" decoding=\"async\" class=\"alignright size-full wp-image-376\" src=\"http:\/\/blocs.xtec.cat\/ceiptorrellauder\/files\/2010\/04\/images.jpg\" alt=\"images\" width=\"105\" height=\"105\" \/> Llauderet Gratacels<br \/>\nAl\u00e7ada: 3,15m<br \/>\nColla: Colla Gegantera del CEIP Torre Llauder<br \/>\nPoblaci\u00f3: Matar\u00f3 (Pla d\u2019en Boet)<br \/>\nConstructor: Jos\u00e9 Bedmar<br \/>\nAny: febrer de 1997<\/p>\n<p>&nbsp;<\/p>\n<p>En Llauderet representa la figura d\u2019una simp\u00e0tica torre (sense bra\u00e7os i amb una aranya penjant inclosa), culminada amb una gran senyera. Aquesta curiosa forma fa refer\u00e8ncia al nom de l\u2019escola on va ser ideat, creat i a la qual representa pels barris de Matar\u00f3.<\/p>\n<p>El pare d\u2019un dels alumnes, Jos\u00e9 Bedmar (constructor tamb\u00e9 anys enrera d\u2019en Tabalot), va proposar a l\u2019escola la creaci\u00f3 d\u2019un gegant l\u2019any 1996, quan les colles geganteres formades en escoles p\u00fabliques encara eren una novetat. Bedmar mateix, amb l\u2019ajuda d\u2019altres membres de l\u2019Associaci\u00f3 de Mares i Pares d\u2019Alumnes (AMPA) de l\u2019escola, es va encarregar de dissenyar-lo i construir-lo. Finalment, el gegant Llauderet Gratacels va sortir per primera vegada el 23 d\u2019abril de 1997, coincidint amb la festa de Sant Jordi.<\/p>\n<p>Aquest gegant t\u00e9 el nom de Llauderet Gratacels, escollit arran d\u2019una enquesta feta entre l\u2019alumnat, i que fa refer\u00e8ncia al nom de l\u2019escola i a la seva al\u00e7ada, m\u00e9s de tres metres (sense comptar la senyera, \u00e9s clar). Hem de dir que el gegant original era m\u00e9s baixet, per\u00f3 a l\u2019any 2002 la colla l\u2019ha fet creixer gaireb\u00e9 un metre, donant-li aix\u00ed una imatge m\u00e9s esvelta i apropiada per a una torre.<\/p>\n<p>&nbsp;<\/p>\n<p>En aquest enlla\u00e7 trobar\u00e0s tota la informaci\u00f3 sobre l&#8217;activitat d&#8217;en Llauderet Gratacels:<\/p>\n<p><a href=\"http:\/\/gegantllauderet.cat\/\">http:\/\/gegantllauderet.cat\/<\/a><\/p>\n","protected":false},"excerpt":{"rendered":"<p>Nom: Llauderet Gratacels<br \/>\nAl\u00e7ada: 3,15m<br \/>\nColla: Colla Gegantera del CEIP Torre Llauder<br \/>\nPoblaci\u00f3: Matar\u00f3 (Pla d\u2019en Boet)<br \/>\nConstructor: Jos\u00e9 Bedmar<br \/>\nAny: febrer de 1997<br \/>\n&nbsp;<br \/>\nEn Llauderet representa la figura d\u2019una simp\u00e0tica torre (sense bra\u00e7os i amb una aranya penjant inclosa), culminada amb una gran senyera. Aquesta curiosa forma fa refer\u00e8ncia al&hellip;  <a href=\"https:\/\/agora.xtec.cat\/ceip-torre-llauder-mataro\/llauderet\/\" title=\"Read Llauderet\">Llegeix m\u00e9s\u00bb<\/a><\/p>\n","protected":false},"author":1,"featured_media":0,"parent":0,"menu_order":0,"comment_status":"closed","ping_status":"closed","template":"","meta":{"_bbp_topic_count":0,"_bbp_reply_count":0,"_bbp_total_topic_count":0,"_bbp_total_reply_count":0,"_bbp_voice_count":0,"_bbp_anonymous_reply_count":0,"_bbp_topic_count_hidden":0,"_bbp_reply_count_hidden":0,"_bbp_forum_subforum_count":0,"footnotes":""},"class_list":["post-690","page","type-page","status-publish","hentry"],"post_mailing_queue_ids":[],"_links":{"self":[{"href":"https:\/\/agora.xtec.cat\/ceip-torre-llauder-mataro\/wp-json\/wp\/v2\/pages\/690","targetHints":{"allow":["GET"]}}],"collection":[{"href":"https:\/\/agora.xtec.cat\/ceip-torre-llauder-mataro\/wp-json\/wp\/v2\/pages"}],"about":[{"href":"https:\/\/agora.xtec.cat\/ceip-torre-llauder-mataro\/wp-json\/wp\/v2\/types\/page"}],"author":[{"embeddable":true,"href":"https:\/\/agora.xtec.cat\/ceip-torre-llauder-mataro\/wp-json\/wp\/v2\/users\/1"}],"replies":[{"embeddable":true,"href":"https:\/\/agora.xtec.cat\/ceip-torre-llauder-mataro\/wp-json\/wp\/v2\/comments?post=690"}],"version-history":[{"count":1,"href":"https:\/\/agora.xtec.cat\/ceip-torre-llauder-mataro\/wp-json\/wp\/v2\/pages\/690\/revisions"}],"predecessor-version":[{"id":691,"href":"https:\/\/agora.xtec.cat\/ceip-torre-llauder-mataro\/wp-json\/wp\/v2\/pages\/690\/revisions\/691"}],"wp:attachment":[{"href":"https:\/\/agora.xtec.cat\/ceip-torre-llauder-mataro\/wp-json\/wp\/v2\/media?parent=690"}],"curies":[{"name":"wp","href":"https:\/\/api.w.org\/{rel}","templated":true}]}}