{"id":472,"date":"2016-08-25T14:02:39","date_gmt":"2016-08-25T12:02:39","guid":{"rendered":"http:\/\/agora.xtec.cat\/ceip-torre-llauder-mataro\/?page_id=472"},"modified":"2024-09-20T12:30:44","modified_gmt":"2024-09-20T10:30:44","slug":"organitzacio-escolar","status":"publish","type":"page","link":"https:\/\/agora.xtec.cat\/ceip-torre-llauder-mataro\/lescola\/organitzacio-escolar\/","title":{"rendered":"Organitzaci\u00f3 escolar"},"content":{"rendered":"<address>\u00a0<\/address>\n<p><strong>HORARI\u00a0<\/strong><\/p>\n<p>Ed. Infantil. Mat\u00ed: de 9-12 h. Tarda: de 15-17h.<\/p>\n<p>Ed. Prim\u00e0ria. Mat\u00ed: de 9-13 h. Tarda: de 15-17h.<\/p>\n<p>Cal respectar aquest horari, tant a l\u2019hora d\u2019entrar com a l\u2019hora de sortir.<\/p>\n<p>Els alumnes d\u2019Ed. Infantil que tenen germans\/es a Educaci\u00f3 Prim\u00e0ria poden quedar-se de 12 a 13h <strong>pagant el servei de perman\u00e8ncia<\/strong>.<\/p>\n<p>Per als alumnes que inicien l\u2019escolaritzaci\u00f3 a I3 s\u2019organitza un breu per\u00edode d\u2019adaptaci\u00f3 que suposa una certa modificaci\u00f3 dels horaris dels dos primers dies de classe, i que es fa saber a les fam\u00edlies en les reunions pr\u00e8vies corresponents.<\/p>\n<p>&nbsp;<\/p>\n<p><strong>ENTRADES I SORTIDES<\/strong><\/p>\n<p>Els\/les alumnes d\u2019<strong>Educaci\u00f3 Infantil<\/strong> entraran i sortiran pel carrer Rosa Sensat.<\/p>\n<p>Els\/les alumnes de<strong>\u00a0Prim\u00e0ria<\/strong> entraran i sortiran pel carrer Ciutat Freta.<\/p>\n<p>&nbsp;<\/p>\n<p><strong>FALTES D\u2019ASSIST\u00c8NCIA<\/strong><\/p>\n<p>Us demanem que <strong>justifiqueu per escrit<\/strong> els retards, les abs\u00e8ncies o la no participaci\u00f3 en alguna activitat escolar.<\/p>\n<p>&nbsp;<\/p>\n<p><strong>RELACI\u00d3 FAM\u00cdLIA-ESCOLA<\/strong><\/p>\n<p>La bona relaci\u00f3 entre mares, pares i mestres \u00e9s essencial i indispensable per garantir una educaci\u00f3 coherent i efica\u00e7.<\/p>\n<p>&nbsp;<\/p>\n<p><strong>INFORMES<\/strong><\/p>\n<p>Els pares i mares d\u2019Educaci\u00f3 Prim\u00e0ria rebran tres informes durant el curs escolar. Un en finalitzar cada trimestre.<\/p>\n<p>Els pares i mares d\u2019Educaci\u00f3 Infantil rebran dos informes: un al primer i un altre al tercer.<\/p>\n<p>&nbsp;<\/p>\n<p><strong>REUNIONS D\u2019AULA<\/strong><\/p>\n<p>Setembre-octubre: Reuni\u00f3 d\u2019aula d\u2019inici de curs.<\/p>\n<p>&nbsp;<\/p>\n<p><strong>ENTREVISTES<br \/>\n<\/strong><\/p>\n<p>Al mes de mar\u00e7: Entrevistes per informar del proc\u00e9s d\u2019aprenentatge dels alumnes. L\u2019horari de visites ser\u00e0 comunicat per part de cada tutora.<\/p>\n<p>En acabar el curs: Entrevistes per fer balan\u00e7 del progr\u00e9s dels alumnes.<\/p>\n<p>&nbsp;<\/p>\n<p><strong>NOTIFICACIONS<\/strong><\/p>\n<p>\u00c9s molt important que llegiu totes les notificacions que el nen\/a porta de l\u2019escola. \u00c9s una manera \u00e0gil d\u2019estar comunicats. Els comunicats s&#8217;envien a trav\u00e9s de l&#8217;app TPV ESCOLA (se us genera un usuari en fer la matr\u00edcula).<\/p>\n<p>&nbsp;<\/p>\n<p><strong>INDUMENT\u00c0RIA<br \/>\n<\/strong><\/p>\n<p>Recomanem l&#8217;\u00fas de bata a l&#8217;Educaci\u00f3 Infantil.<\/p>\n<p>A prim\u00e0ria, per fer tallers de pl\u00e0stica\u00a0 i\/o ambients recomanem que els nens\/es portin una bata.<\/p>\n<p>A Educaci\u00f3 Infantil fem <em>psicomotricitat<\/em> i els nens\/es han de venir amb roba esportiva i bamves, preferiblement amb velcro, per afavorir l&#8217;autonomia.<\/p>\n<p>Per fer <em>Educaci\u00f3 F\u00edsica cal portar:<\/em><br \/>\n&#8211; Sabatilles esportives<br \/>\n&#8211; Xandall posat<br \/>\n&#8211; Samarreta de recanvi<br \/>\n&#8211; Tovallola<br \/>\nEn els cursos que els alumnes es dutxen cal portar a m\u00e9s :<br \/>\n&#8211; Xancletes i sab\u00f3<br \/>\n&#8211; Muda de recanvi per despr\u00e9s de la dutxa.<\/p>\n<p>&nbsp;<\/p>\n<p><strong>ROBA PERDUDA<\/strong><\/p>\n<p>A l&#8217;entrada de l&#8217;escola, a consergeria, trobareu un cove on deixem la roba extraviada. Recordeu que per evitar p\u00e8rdues innecess\u00e0ries de material <strong>\u00e9s imprescindible marcar la roba<\/strong>.<\/p>\n<p>&nbsp;<\/p>\n<p><strong>CONVIV\u00c8NCIA<\/strong><\/p>\n<p>Per mantenir una bona conviv\u00e8ncia cal que ens respectem els uns als altres. Per aix\u00f2 \u00e9s molt important que tinguem presents quins s\u00f3n els nostres drets i els nostre deures.<\/p>\n<p>&nbsp;<\/p>\n<p><strong>ALIMENTACI\u00d3<br \/>\n<\/strong><\/p>\n<p>L\u2019esmorzar \u00e9s un menjar molt important que permet que els nens\/es puguin tenir un bon rendiment.<br \/>\nEl nen\/a ha d\u2019esmorzar b\u00e9 a casa abans d\u2019anar a l\u2019escola. Si voleu, podeu portar per menjar a l\u2019hora de l\u2019esbarjo un petit entrep\u00e0 o fruita. <strong>No cal portar pastes envasades<\/strong>\u00a0o excessivament dolces, que resulten perjudicials per a la salut.<\/p>\n<p><strong>No es permet portar llaminadures, sucs i cap altre tipus de beguda.<\/strong><\/p>\n<p>&nbsp;<\/p>\n<p><strong>A<\/strong><strong>NIVERSARIS<br \/>\n<\/strong><\/p>\n<p>A les aules no es celebraran els aniversaris dels nens\/es. Si voleu, poden repartir un caramel als companys\/es.<\/p>\n<p>&nbsp;<\/p>\n<p><strong>SALUT<br \/>\n<\/strong>Tots els nens i nenes han de venir a l&#8217;escola nets, amb el cos i els cabells rentats, les ungles tallades i una roba adequada i ben polida.<\/p>\n<p>Quan un nen\/a presenti s\u00edmptomes de malaltia (febre&#8230;) o par\u00e0sits (polls\u2026) s\u2019ha de quedar a casa, ja que no es troba en condicions d&#8217;anar a l&#8217;escola i pot contagiar els companys\/es. Aix\u00ed mateix, cal comunicar-ho a la seva tutora.<\/p>\n<p>Si la malatia \u00e9s infecciosa (varicel\u00b7la, xarampi\u00f3, meningitis\u2026), a m\u00e9s de quedar-se a casa cal que ho comuniqui al tutor o tutora. En tornar a l\u2019escola cal portar un certificat del metge.<\/p>\n<p>&nbsp;<\/p>\n<p><strong>MEDICAMENTS<\/strong><\/p>\n<p>Nom\u00e9s es donar\u00e0 una medicaci\u00f3 quan es porti <strong>recepta del metge<\/strong>.<\/p>\n<p>Quan calgui portar medicaments a l\u2019escola, han d\u2019anar degudament marcats amb <strong>el nom del nen\/a, l\u2019horari i la dosificaci\u00f3 indicada<\/strong> i informar personalmet o a trav\u00e9s d\u2019una nota escrita a la mestra. Cal portar tamb\u00e9 l&#8217;autoritzaci\u00f3 escrita, per tal que el personal del centre pugui administrar la medicaci\u00f3 prescrita.<\/p>\n<p>&nbsp;<\/p>\n<p><strong>ACTIVITATS COMPLEMENT\u00c0RIES<\/strong><\/p>\n<p><strong>Sortides i Col\u00f2nies<\/strong><\/p>\n<p>Al llarg del curs, i seguint la programaci\u00f3 curricular, es realitzen diferents sortides que serveixen per ampliar i perfeccionar el treball que es fa des de l\u2019aula i per potenciar les relacions interpersonals entre els alumnes (excursions, assist\u00e8ncia a concerts i obres de teatre\u2026).<\/p>\n<p>Un altre tipus molt espec\u00edfic de sortida s\u00f3n les col\u00f2nies. Les col\u00f2nies s\u00f3n sortides organitzades de tres dies que ajuden a fomentar l\u2019adquisici\u00f3 d\u2019autonomia dels nens i nenes i a conviure amb els companys i companyes.<\/p>\n<p>L\u2019escola considera molt important l\u2019assist\u00e8ncia a aquestes sortides, ja que en elles es treballen tamb\u00e9 continguts curriculars.<\/p>\n<p>El pagament de les activitats complement\u00e0ries que no siguin gratu\u00eftes es far\u00e0 a trav\u00e9s del sistema TPV. Podeu trobar informaci\u00f3 sobre aquest sistema a la p\u00e0gina del men\u00fa &#8220;TPV&#8221;.<\/p>\n<p>&nbsp;<\/p>\n<p><strong>AFA<\/strong><\/p>\n<p>Les fam\u00edlies de l\u2019Escola Torre Llauder s\u2019han constitu\u00eft en una Associaci\u00f3 de Fam\u00edlies (AFA).<\/p>\n<p>Aquesta Associaci\u00f3 est\u00e0 formada per fam\u00edlies que paguen una petita quota a l\u2019any i promouen tot un ventall d\u2019activitats i serveis per als vostres fill\/es:<\/p>\n<p><strong>Activitats extraescolars:<\/strong> L&#8217;AFA gestiona el menjador escolar,\u00a0 diverses activitats culturals, esportives i l\u00fadiques fora de l&#8217;horari escolar (esports, tallers&#8230;), perman\u00e8ncies al mat\u00ed i a la tarda, casal d&#8217;estiu i casalets de Nadal, Setmana Santa i setembre.<\/p>\n<p><strong>Participaci\u00f3 activa a les festes escolars:<\/strong> L&#8217;AFA participa activament en la celebraci\u00f3 de les festes escolars (Castanyada, Nadal i Festa Fi de curs).<\/p>\n<p><strong>Venda de xandalls i samarretes de l&#8217;escola:<\/strong> L&#8217;AFA gestiona tamb\u00e9 la venda de xandalls i samarretes de l&#8217;escola. Podeu informar-vos-en a trav\u00e9s del correu ampatorrellauder@gmail.com<\/p>\n<p>&nbsp;<\/p>\n<p>Podeu trobar m\u00e9s informaci\u00f3 a:\u00a0<a href=\"http:\/\/agora.xtec.cat\/ceip-torre-llauder-mataro\/categoria\/ampa\/\">AFA<\/a>, <a href=\"http:\/\/agora.xtec.cat\/ceip-torre-llauder-mataro\/serveis\/activitats-extraescolars\/\">Activitats extraescolars<\/a>, <a href=\"http:\/\/agora.xtec.cat\/ceip-torre-llauder-mataro\/serveis\/menjador-escolar\/\">Menjador<\/a> i <a href=\"http:\/\/agora.xtec.cat\/ceip-torre-llauder-mataro\/serveis\/casal-destiu\/\">Casal d&#8217;estiu<\/a>.<\/p>\n<p>&nbsp;<\/p>\n","protected":false},"excerpt":{"rendered":"<p>\u00a0<br \/>\nHORARI\u00a0<br \/>\nEd. Infantil. Mat\u00ed: de 9-12 h. Tarda: de 15-17h.<br \/>\nEd. Prim\u00e0ria. Mat\u00ed: de 9-13 h. Tarda: de 15-17h.<br \/>\nCal respectar aquest horari, tant a l\u2019hora d\u2019entrar com a l\u2019hora de sortir.<br \/>\nEls alumnes d\u2019Ed. Infantil que tenen germans\/es a Educaci\u00f3 Prim\u00e0ria poden quedar-se de 12 a 13h pagant&hellip;  <a href=\"https:\/\/agora.xtec.cat\/ceip-torre-llauder-mataro\/lescola\/organitzacio-escolar\/\" title=\"Read Organitzaci\u00f3 escolar\">Llegeix m\u00e9s\u00bb<\/a><\/p>\n","protected":false},"author":1,"featured_media":0,"parent":22,"menu_order":0,"comment_status":"closed","ping_status":"closed","template":"","meta":{"_bbp_topic_count":0,"_bbp_reply_count":0,"_bbp_total_topic_count":0,"_bbp_total_reply_count":0,"_bbp_voice_count":0,"_bbp_anonymous_reply_count":0,"_bbp_topic_count_hidden":0,"_bbp_reply_count_hidden":0,"_bbp_forum_subforum_count":0,"footnotes":""},"class_list":["post-472","page","type-page","status-publish","hentry"],"post_mailing_queue_ids":[],"_links":{"self":[{"href":"https:\/\/agora.xtec.cat\/ceip-torre-llauder-mataro\/wp-json\/wp\/v2\/pages\/472","targetHints":{"allow":["GET"]}}],"collection":[{"href":"https:\/\/agora.xtec.cat\/ceip-torre-llauder-mataro\/wp-json\/wp\/v2\/pages"}],"about":[{"href":"https:\/\/agora.xtec.cat\/ceip-torre-llauder-mataro\/wp-json\/wp\/v2\/types\/page"}],"author":[{"embeddable":true,"href":"https:\/\/agora.xtec.cat\/ceip-torre-llauder-mataro\/wp-json\/wp\/v2\/users\/1"}],"replies":[{"embeddable":true,"href":"https:\/\/agora.xtec.cat\/ceip-torre-llauder-mataro\/wp-json\/wp\/v2\/comments?post=472"}],"version-history":[{"count":8,"href":"https:\/\/agora.xtec.cat\/ceip-torre-llauder-mataro\/wp-json\/wp\/v2\/pages\/472\/revisions"}],"predecessor-version":[{"id":6749,"href":"https:\/\/agora.xtec.cat\/ceip-torre-llauder-mataro\/wp-json\/wp\/v2\/pages\/472\/revisions\/6749"}],"up":[{"embeddable":true,"href":"https:\/\/agora.xtec.cat\/ceip-torre-llauder-mataro\/wp-json\/wp\/v2\/pages\/22"}],"wp:attachment":[{"href":"https:\/\/agora.xtec.cat\/ceip-torre-llauder-mataro\/wp-json\/wp\/v2\/media?parent=472"}],"curies":[{"name":"wp","href":"https:\/\/api.w.org\/{rel}","templated":true}]}}