{"id":22,"date":"2014-09-18T12:19:57","date_gmt":"2014-09-18T11:19:57","guid":{"rendered":"http:\/\/agora.xtec.cat\/ceip-torre-llauder-mataro\/?page_id=22"},"modified":"2019-11-26T12:42:13","modified_gmt":"2019-11-26T11:42:13","slug":"lescola","status":"publish","type":"page","link":"https:\/\/agora.xtec.cat\/ceip-torre-llauder-mataro\/lescola\/","title":{"rendered":"L&#8217;escola"},"content":{"rendered":"<p>&nbsp;<\/p>\n<p><strong>LA HIST\u00d2RIA<\/strong><\/p>\n<p>Fa molts anys, quan a Matar\u00f3 no hi havia carreteres asfaltades, ni cotxes, ni sem\u00e0fors, ni televisi\u00f3, ni blocs de pisos, ni ordinadors&#8230; la gent treballava, majorit\u00e0riament al camp.<\/p>\n<p>El nostre barri no existia com a tal, eren terres de cultiu que pertanyien al municipi d&#8217;Argentona.<\/p>\n<p>Per aquells temps, dues fam\u00edlies molt importants i poderoses de la ciutat de Matar\u00f3 i el terme d&#8217;Argentona poblaven les terres sobre les quals s&#8217;al\u00e7a avui el barri: la fam\u00edlia Llauder i la fam\u00edlia Boet.<\/p>\n<p>La fam\u00edlia Llauder va construir a les seves terres una torre (s. XV-XVI) per vigilar els possibles atacs que podien tenir i, anys despr\u00e9s, hi van adossar una casa pairal (1777).<\/p>\n<p>Amb el temps, aquella zona va anar prenent un nom propi: el Pla d&#8217;en Boet.<\/p>\n<p>I els anys van anar passant i es van anar construint cases de pag\u00e8s que presidien unes \u00e0mplies zones de conreu.<\/p>\n<p>Matar\u00f3 era travessada pel tramvia, van comen\u00e7ar a apar\u00e8ixer els primers cotxes, les primeres televisions, els carrers ja estaven asfaltats&#8230;<\/p>\n<p>El Pla d&#8217;en Boet ja era un barri de Matar\u00f3 (conegut com el Pol\u00edgono Espartero).<\/p>\n<p>La gent de la ciutat de Matar\u00f3 estava molt orgullosa de la Torre Llauder, perqu\u00e8 passats els anys, ja no era necessari fer torres de vigil\u00e0ncia i a la ciutat en quedaven ben poques.<\/p>\n<p>Per\u00f2 a Matar\u00f3 cada vegada vivien m\u00e9s persones i el centre de la ciutat s&#8217;estava quedant petit per allotjar tothom. Era moment de fer del Pla d&#8217;en Boet un barri d&#8217;habitatges.<\/p>\n<p>Al 1970 es van comen\u00e7ar les obres per explanar les terres i, amb l&#8217;explanaci\u00f3 va ser tirada la tan estimada Torre Llauder.<\/p>\n<p>La gent de Matar\u00f3 es va entristir molt, perqu\u00e8 no nom\u00e9s havia perdut una torre, sin\u00f3 que havia perdut un edifici de gran valor arquitect\u00f2nic que formava part del nostre patrimoni hist\u00f2ric i cultural.<\/p>\n<p>Com que Matar\u00f3 havia crescut tant en tan poc temps i el Pla d&#8217;en Boet s&#8217;havia convertit en un barri de blocs de pisos, es necessitava construir escoles per als nens i nenes.<\/p>\n<p>\u00c9s per aix\u00f2 que al 1978 es van inaugurar dues escoles al nostre barri: el <strong>Cam\u00ed del Mig<\/strong> i el <strong>Torre Llauder<\/strong>.<\/p>\n<p>&nbsp;<\/p>\n<p><strong>I&#8230; PER QU\u00c8 ESCOLA TORRE LLAUDER?<\/strong><\/p>\n<p>&nbsp;<\/p>\n<p>Perqu\u00e8 en la mem\u00f2ria i en els cors dels habitants de Matar\u00f3 la torre de vigil\u00e0ncia de la fam\u00edlia Llauder no ha mort mai.<\/p>\n<p>I avui sobre aquelles terres de cultiu on la torre s&#8217;enlairava hi ha la nostra escola, una escola que no oblida les seves arrels i que se sent orgullosa de tenir hist\u00f2ria, la hist\u00f2ria d&#8217;aquella antiga torre de vigil\u00e0ncia que ara reprodu\u00efm en forma de gegant: en<strong> Llauderet Gratacels<\/strong>.<\/p>\n<p>&nbsp;<\/p>\n","protected":false},"excerpt":{"rendered":"<p>&nbsp;<br \/>\nLA HIST\u00d2RIA<br \/>\nFa molts anys, quan a Matar\u00f3 no hi havia carreteres asfaltades, ni cotxes, ni sem\u00e0fors, ni televisi\u00f3, ni blocs de pisos, ni ordinadors&#8230; la gent treballava, majorit\u00e0riament al camp.<br \/>\nEl nostre barri no existia com a tal, eren terres de cultiu que pertanyien al municipi&hellip;  <a href=\"https:\/\/agora.xtec.cat\/ceip-torre-llauder-mataro\/lescola\/\" title=\"Read L&#8217;escola\">Llegeix m\u00e9s\u00bb<\/a><\/p>\n","protected":false},"author":1,"featured_media":0,"parent":0,"menu_order":0,"comment_status":"closed","ping_status":"closed","template":"page-templates\/side-menu.php","meta":{"_bbp_topic_count":0,"_bbp_reply_count":0,"_bbp_total_topic_count":0,"_bbp_total_reply_count":0,"_bbp_voice_count":0,"_bbp_anonymous_reply_count":0,"_bbp_topic_count_hidden":0,"_bbp_reply_count_hidden":0,"_bbp_forum_subforum_count":0,"footnotes":""},"class_list":["post-22","page","type-page","status-publish","hentry"],"post_mailing_queue_ids":[],"_links":{"self":[{"href":"https:\/\/agora.xtec.cat\/ceip-torre-llauder-mataro\/wp-json\/wp\/v2\/pages\/22","targetHints":{"allow":["GET"]}}],"collection":[{"href":"https:\/\/agora.xtec.cat\/ceip-torre-llauder-mataro\/wp-json\/wp\/v2\/pages"}],"about":[{"href":"https:\/\/agora.xtec.cat\/ceip-torre-llauder-mataro\/wp-json\/wp\/v2\/types\/page"}],"author":[{"embeddable":true,"href":"https:\/\/agora.xtec.cat\/ceip-torre-llauder-mataro\/wp-json\/wp\/v2\/users\/1"}],"replies":[{"embeddable":true,"href":"https:\/\/agora.xtec.cat\/ceip-torre-llauder-mataro\/wp-json\/wp\/v2\/comments?post=22"}],"version-history":[{"count":3,"href":"https:\/\/agora.xtec.cat\/ceip-torre-llauder-mataro\/wp-json\/wp\/v2\/pages\/22\/revisions"}],"predecessor-version":[{"id":488,"href":"https:\/\/agora.xtec.cat\/ceip-torre-llauder-mataro\/wp-json\/wp\/v2\/pages\/22\/revisions\/488"}],"wp:attachment":[{"href":"https:\/\/agora.xtec.cat\/ceip-torre-llauder-mataro\/wp-json\/wp\/v2\/media?parent=22"}],"curies":[{"name":"wp","href":"https:\/\/api.w.org\/{rel}","templated":true}]}}