{"id":754,"date":"2020-10-20T18:40:29","date_gmt":"2020-10-20T16:40:29","guid":{"rendered":"https:\/\/agora.xtec.cat\/ceip-tomas-moro\/?page_id=754"},"modified":"2024-12-09T15:16:18","modified_gmt":"2024-12-09T14:16:18","slug":"pla-convivencia","status":"publish","type":"page","link":"https:\/\/agora.xtec.cat\/ceip-tomas-moro\/projecte-educatiu-del-centre-pec\/pla-convivencia\/","title":{"rendered":"Pla conviv\u00e8ncia"},"content":{"rendered":"<p>L\u2019article 30.2 de la Llei 12\/2009, del 10 de juliol<\/strong>, d\u2019educaci\u00f3, exposa que tots els membres de la comunitat escolar tenen el dret a conviure en un bon clima escolar i el deure de facilitar-lo amb la seva actitud i conducta en tot moment i en tots els \u00e0mbits de l\u2019activitat del centre. En aquest sentit,\u00a0<strong>la Llei org\u00e0nica 2\/2006, de 3 de maig,<\/strong>\u00a0d\u2019educaci\u00f3, estableix que tots els centres han d\u2019elaborar un pla de conviv\u00e8ncia en el marc del seu projecte educatiu.<\/p>\n<p>El projecte de conviv\u00e8ncia de l\u2019escola est\u00e0 en fase preliminar, i degut a que forma part del projecte educatiu de centre, recullir\u00e0 les mesures de promoci\u00f3 de la conviv\u00e8ncia, els mecanismes i les f\u00f3rmules per a la resoluci\u00f3 pac\u00edfica dels conflictes, especialment la mediaci\u00f3, aix\u00ed com els processos i les mesures d\u2019intervenci\u00f3 educativa aplicables en cas d\u2019incompliment de les normes d\u2019organitzaci\u00f3 i funcionament del centre i d\u2019acord amb la normativa vigent.<br \/>\n<a href=\"https:\/\/agora.xtec.cat\/ceip-tomas-moro\/wp-content\/uploads\/usu2207\/2024\/12\/PdC-1.pdf\">PdC<\/a><\/p>\n","protected":false},"excerpt":{"rendered":"<p>L\u2019article 30.2 de la Llei 12\/2009, del 10 de juliol, d\u2019educaci\u00f3, exposa que tots els membres de la comunitat escolar tenen el dret a conviure en un bon clima escolar i el deure de facilitar-lo amb la seva actitud i conducta en tot moment i&hellip;  <a href=\"https:\/\/agora.xtec.cat\/ceip-tomas-moro\/projecte-educatiu-del-centre-pec\/pla-convivencia\/\" title=\"Read Pla conviv\u00e8ncia\">Llegeix m\u00e9s\u00bb<\/a><\/p>\n","protected":false},"author":1,"featured_media":0,"parent":495,"menu_order":5,"comment_status":"closed","ping_status":"closed","template":"page-templates\/side-menu.php","meta":{"_bbp_topic_count":0,"_bbp_reply_count":0,"_bbp_total_topic_count":0,"_bbp_total_reply_count":0,"_bbp_voice_count":0,"_bbp_anonymous_reply_count":0,"_bbp_topic_count_hidden":0,"_bbp_reply_count_hidden":0,"_bbp_forum_subforum_count":0,"footnotes":""},"class_list":["post-754","page","type-page","status-publish","hentry"],"post_mailing_queue_ids":[],"_links":{"self":[{"href":"https:\/\/agora.xtec.cat\/ceip-tomas-moro\/wp-json\/wp\/v2\/pages\/754","targetHints":{"allow":["GET"]}}],"collection":[{"href":"https:\/\/agora.xtec.cat\/ceip-tomas-moro\/wp-json\/wp\/v2\/pages"}],"about":[{"href":"https:\/\/agora.xtec.cat\/ceip-tomas-moro\/wp-json\/wp\/v2\/types\/page"}],"author":[{"embeddable":true,"href":"https:\/\/agora.xtec.cat\/ceip-tomas-moro\/wp-json\/wp\/v2\/users\/1"}],"replies":[{"embeddable":true,"href":"https:\/\/agora.xtec.cat\/ceip-tomas-moro\/wp-json\/wp\/v2\/comments?post=754"}],"version-history":[{"count":6,"href":"https:\/\/agora.xtec.cat\/ceip-tomas-moro\/wp-json\/wp\/v2\/pages\/754\/revisions"}],"predecessor-version":[{"id":1412,"href":"https:\/\/agora.xtec.cat\/ceip-tomas-moro\/wp-json\/wp\/v2\/pages\/754\/revisions\/1412"}],"up":[{"embeddable":true,"href":"https:\/\/agora.xtec.cat\/ceip-tomas-moro\/wp-json\/wp\/v2\/pages\/495"}],"wp:attachment":[{"href":"https:\/\/agora.xtec.cat\/ceip-tomas-moro\/wp-json\/wp\/v2\/media?parent=754"}],"curies":[{"name":"wp","href":"https:\/\/api.w.org\/{rel}","templated":true}]}}