{"id":66,"date":"2014-09-18T12:40:47","date_gmt":"2014-09-18T11:40:47","guid":{"rendered":"http:\/\/agora.xtec.cat\/ceip-tomas-moro\/?page_id=66"},"modified":"2024-03-20T09:32:49","modified_gmt":"2024-03-20T08:32:49","slug":"serveis","status":"publish","type":"page","link":"https:\/\/agora.xtec.cat\/ceip-tomas-moro\/serveis\/","title":{"rendered":"Informaci\u00f3 per a les fam\u00edlies"},"content":{"rendered":"<p>Benvolgudes fam\u00edlies i amics\/gues  de l&#8217;Escola Tom\u00e0s Moro,<\/p>\n<p>Us compartim l&#8217;oferta inicial de places. Per a qualsevol dubte ens podeu contactar als tel\u00e8fons: 603.55.41. 26 i 93.427.26.67<\/p>\n<p><a href=\"https:\/\/agora.xtec.cat\/ceip-tomas-moro\/wp-content\/uploads\/usu2207\/2024\/03\/INFORME_OFERTA_OME_INFORME_OFERTA-1-1.pdf\">Oferta de places<\/a><\/p>\n<p><\/a><br \/>\nSalutacions, <\/p>\n<p>Equip directiu Escola Tom\u00e0s Moro <\/p>\n<p><span style=\"font-family: arial, sans-serif; font-size: large;\"><b>Adre\u00e7a: <\/b><span style=\"color: #000000;\">C\/ Miguel Hern\u00e1ndez, 11, <\/span><\/span><\/p>\n<p><span style=\"font-family: arial, sans-serif; font-size: large;\"><span style=\"color: #000000;\">08042\u00a0 \u00a0Barcelona<\/span><br \/>\n<b>Tel\u00e8fon: <\/b><span style=\"color: #000000;\">93.427.26.67.\u00a0<\/span><br \/>\n<b>Email: <\/b><a href=\"mailto:a8035453@xtec.cat\"><span style=\"color: #0000ff;\"><u>a8035453@xtec.cat\u00a0<\/u><\/span><\/a><\/span><\/p>\n<p>&nbsp;<br \/>\n________________________________________________________________________________________________________________________________________________________________________________________________________<\/p>\n<p>Benvolgudes fam\u00edlies i amics de l&#8217;Escola Tom\u00e0s Moro,<\/p>\n<p>Us compartim l&#8217;oferta inicial de places i afegim aquest enlla\u00e7 per a realitzar la preinscripci\u00f3 i consultar els dubtes que pugueu tenir.<\/p>\n<p>En tot cas, us podeu posar en contacte amb nosaltres als tel\u00e8fons: 603.55.41. 26 i 93.427.26.67 per a altres aclariments.<\/p>\n<p><a href=\"https:\/\/www.edubcn.cat\/ca\/alumnat_i_familia\/informacio_general_matriculacio\/preinscripcio\">https:\/\/www.edubcn.cat\/ca\/alumnat_i_familia\/informacio_general_matriculacio\/preinscripcio<\/a><\/p>\n<p>Moltes gr\u00e0cies!\ud83d\ude09<\/p>\n<p>Comunitat Educativa Escola Tom\u00e0s Moro<\/p>\n<p><span style=\"font-family: arial, sans-serif; font-size: large;\"> <a href=\"https:\/\/agora.xtec.cat\/ceip-tomas-moro\/wp-content\/uploads\/usu2207\/2022\/03\/INFORME_OFERTA_OME_INFORME_OFERTA-1.jpg\"><img loading=\"lazy\" decoding=\"async\" class=\"size-large wp-image-1052 aligncenter\" src=\"https:\/\/agora.xtec.cat\/ceip-tomas-moro\/wp-content\/uploads\/usu2207\/2022\/03\/INFORME_OFERTA_OME_INFORME_OFERTA-1-791x1024.jpg\" alt=\"\" width=\"791\" height=\"1024\" srcset=\"https:\/\/agora.xtec.cat\/ceip-tomas-moro\/wp-content\/uploads\/usu2207\/2022\/03\/INFORME_OFERTA_OME_INFORME_OFERTA-1-791x1024.jpg 791w, https:\/\/agora.xtec.cat\/ceip-tomas-moro\/wp-content\/uploads\/usu2207\/2022\/03\/INFORME_OFERTA_OME_INFORME_OFERTA-1-232x300.jpg 232w, https:\/\/agora.xtec.cat\/ceip-tomas-moro\/wp-content\/uploads\/usu2207\/2022\/03\/INFORME_OFERTA_OME_INFORME_OFERTA-1-768x994.jpg 768w, https:\/\/agora.xtec.cat\/ceip-tomas-moro\/wp-content\/uploads\/usu2207\/2022\/03\/INFORME_OFERTA_OME_INFORME_OFERTA-1-1187x1536.jpg 1187w, https:\/\/agora.xtec.cat\/ceip-tomas-moro\/wp-content\/uploads\/usu2207\/2022\/03\/INFORME_OFERTA_OME_INFORME_OFERTA-1-1583x2048.jpg 1583w, https:\/\/agora.xtec.cat\/ceip-tomas-moro\/wp-content\/uploads\/usu2207\/2022\/03\/INFORME_OFERTA_OME_INFORME_OFERTA-1.jpg 1700w\" sizes=\"auto, (max-width: 791px) 100vw, 791px\" \/><\/a><\/span><\/p>\n<div>\n<p><span style=\"color: #000000; font-family: arial, sans-serif; font-size: large;\">L&#8217;Escola est\u00e0 situada al barri de Canyelles:<\/span><\/p>\n<p>&nbsp;<\/p>\n<div><img decoding=\"async\" src=\"https:\/\/www.enalquiler.com\/images\/barrios\/4\/0\/imagen_barrio_40_or.jpg\" \/><\/div>\n<\/div>\n<div>\n<p><span style=\"color: #000000; font-family: arial, sans-serif; font-size: large;\">El barri pertany al Districte de Nou Barris:<\/span><\/p>\n<p>&nbsp;<\/p>\n<div><img decoding=\"async\" src=\"http:\/\/3.bp.blogspot.com\/-7LdghnaiGMA\/U4jCU7blfQI\/AAAAAAAAEFE\/VFjkwmVO34E\/s1600\/MapaBCN_Distritos01.jpg\" \/><\/div>\n<\/div>\n<div><span style=\"color: #000000; font-family: arial, sans-serif; font-size: large;\">\u00a0<\/span><\/div>\n<div>\n<div><\/div>\n<\/div>\n","protected":false},"excerpt":{"rendered":"<p>Benvolgudes fam\u00edlies i amics\/gues  de l&#8217;Escola Tom\u00e0s Moro,<br \/>\nUs compartim l&#8217;oferta inicial de places. Per a qualsevol dubte ens podeu contactar als tel\u00e8fons: 603.55.41. 26 i 93.427.26.67<br \/>\n<a href=\"https:\/\/agora.xtec.cat\/ceip-tomas-moro\/wp-content\/uploads\/usu2207\/2024\/03\/INFORME_OFERTA_OME_INFORME_OFERTA-1-1.pdf\">Oferta de places<\/a><br \/>\n<\/a><br \/>\nSalutacions,<br \/>\nEquip directiu Escola Tom\u00e0s Moro<br \/>\nAdre\u00e7a: C\/ Miguel Hern\u00e1ndez, 11,<br \/>\n08042\u00a0 \u00a0Barcelona<br \/>\nTel\u00e8fon: 93.427.26.67.\u00a0<br \/>\nEmail: <a href=\"mailto:a8035453@xtec.cat\">a8035453@xtec.cat\u00a0<\/a><br \/>\n&nbsp;<br \/>\n________________________________________________________________________________________________________________________________________________________________________________________________________<br \/>\nBenvolgudes&hellip;  <a href=\"https:\/\/agora.xtec.cat\/ceip-tomas-moro\/serveis\/\" title=\"Read Informaci\u00f3 per a les fam\u00edlies\">Llegeix m\u00e9s\u00bb<\/a><\/p>\n","protected":false},"author":1,"featured_media":0,"parent":0,"menu_order":0,"comment_status":"closed","ping_status":"closed","template":"page-templates\/side-menu.php","meta":{"_bbp_topic_count":0,"_bbp_reply_count":0,"_bbp_total_topic_count":0,"_bbp_total_reply_count":0,"_bbp_voice_count":0,"_bbp_anonymous_reply_count":0,"_bbp_topic_count_hidden":0,"_bbp_reply_count_hidden":0,"_bbp_forum_subforum_count":0,"footnotes":""},"class_list":["post-66","page","type-page","status-publish","hentry"],"post_mailing_queue_ids":[],"_links":{"self":[{"href":"https:\/\/agora.xtec.cat\/ceip-tomas-moro\/wp-json\/wp\/v2\/pages\/66","targetHints":{"allow":["GET"]}}],"collection":[{"href":"https:\/\/agora.xtec.cat\/ceip-tomas-moro\/wp-json\/wp\/v2\/pages"}],"about":[{"href":"https:\/\/agora.xtec.cat\/ceip-tomas-moro\/wp-json\/wp\/v2\/types\/page"}],"author":[{"embeddable":true,"href":"https:\/\/agora.xtec.cat\/ceip-tomas-moro\/wp-json\/wp\/v2\/users\/1"}],"replies":[{"embeddable":true,"href":"https:\/\/agora.xtec.cat\/ceip-tomas-moro\/wp-json\/wp\/v2\/comments?post=66"}],"version-history":[{"count":7,"href":"https:\/\/agora.xtec.cat\/ceip-tomas-moro\/wp-json\/wp\/v2\/pages\/66\/revisions"}],"predecessor-version":[{"id":1331,"href":"https:\/\/agora.xtec.cat\/ceip-tomas-moro\/wp-json\/wp\/v2\/pages\/66\/revisions\/1331"}],"wp:attachment":[{"href":"https:\/\/agora.xtec.cat\/ceip-tomas-moro\/wp-json\/wp\/v2\/media?parent=66"}],"curies":[{"name":"wp","href":"https:\/\/api.w.org\/{rel}","templated":true}]}}