{"id":587,"date":"2020-08-31T23:36:00","date_gmt":"2020-08-31T21:36:00","guid":{"rendered":"https:\/\/agora.xtec.cat\/ceip-tomas-moro\/?page_id=587"},"modified":"2024-12-09T15:41:44","modified_gmt":"2024-12-09T14:41:44","slug":"escoles-sostenibles","status":"publish","type":"page","link":"https:\/\/agora.xtec.cat\/ceip-tomas-moro\/projectes-de-lescola\/escoles-sostenibles\/","title":{"rendered":"Escoles + Sostenibles"},"content":{"rendered":"<p><a href=\"https:\/\/agora.xtec.cat\/ceip-tomas-moro\/wp-content\/uploads\/usu2207\/2024\/12\/Memoria_08035453_2024_06_27__14_21_40_0.pdf\">Memoria_08035453_2024_06_27__14_21_40_0<\/a><\/p>\n<p><strong>CURS 2012-2013<\/strong><\/p>\n<p>L\u2019Escola va iniciar la seva participaci\u00f3 a l\u2019Agenda 21, un programa pensat per a facilitar la implicaci\u00f3 dels centres educatius en l\u2019ambici\u00f3s projecte planetari d\u2019imaginar i construir un m\u00f3n millor i m\u00e9s sostenible comen\u00e7ant per la intervenci\u00f3 en l\u2019entorn m\u00e9s immediat.<br \/>\nA l\u2019Escola vam comen\u00e7ar amb un projecte d\u2019esmorzars saludables i embolcalls sostenibles adre\u00e7at a que els nens i les nenes mengessin d\u2019una manera m\u00e9s saludable alhora que ajudessin a millorar el medi ambient tenint cura dels residus que podien evitar produir.<\/p>\n<p>&nbsp;<\/p>\n<p><strong>CURS 2013-2014<\/strong><\/p>\n<p>Durant el curs 2013-2014 es va iniciar l\u2019hort escolar.<\/p>\n<p>Alumnat i mestres vam plantar cebes, alls, porros, cols, faves, enciams, escaroles, bledes, maduixes i patates!<\/p>\n<p>I, \u00e9s clar, com que la feina ben feta no tenia fronteres, vam fer les primeres collites i vam seguir plantant cap a final de curs tom\u00e0quets!<\/p>\n<p>&nbsp;<\/p>\n<p><strong>CURS 2014-2015<\/strong><\/p>\n<p>I aix\u00ed es va seguir treballant en el projecte. Vam continuar plantant i plantant cols, enciams, faves, maduixes, bledes\u2026 i l\u2019\u00e8xit sorprenia a la pr\u00f2pia empresa. Podeu veure els resultats, clicant a l\u2019enlla\u00e7 seg\u00fcent:\u00a0<a href=\"http:\/\/photopeach.com\/album\/15lknj9\"><strong>L\u2019hort en marxa<\/strong><\/a><\/p>\n<p><strong>\u00a0<\/strong><\/p>\n<p><strong>CURS 2017-2018<\/strong><\/p>\n<p>El curs 2016-2017 vam acabar amb una valoraci\u00f3 del projecte \u2018L\u2019hort i l\u2019entorn\u2019 molt superior a les expectatives que hi havia. Vam implicar molta m\u00e9s gent i es van generar unes sin\u00e8rgies molt positives que de cara al curs 2017-2018 vol\u00edem potenciar i, tamb\u00e9, sistematitzar.<\/p>\n<p>Un dels molts reptes de millora era fer efectiu el proc\u00e9s de participaci\u00f3 de tota la comunitat educativa en els diferents \u00e0mbits del projecte. S\u2019ha de dir que aquest fet va tenir en la figura del mestre que se n\u2019ocupava massa pes i, per aix\u00f2, tocava fer efectiva aquesta participaci\u00f3 de la qual parl\u00e0vem amb la creaci\u00f3 d\u2019una comissi\u00f3 i un h\u00e0bit de reuni\u00f3 que fes que el projecte estigu\u00e9s m\u00e9s ben arrelat i creix\u00e9s fort.<\/p>\n<p>ELS \u00c0MBITS DEL PROJECTE S\u00d3N:<\/p>\n<p>-Hort de l\u2019escola.<br \/>\n-Ambient educatiu de l\u2019hort<br \/>\n-Dinamitzaci\u00f3 dels patis<br \/>\n-Embolcalls sostenibles i esmorzars saludables<br \/>\n-Fruita a l\u2019escola<br \/>\n-Projecte multidisciplinari dels or\u00edgens de l\u2019Escola<\/p>\n<p>&nbsp;<\/p>\n<p><strong>CURS 2018-2019<\/strong><\/p>\n<p>El curs 2018-2019 es va iniciar establint uns grans objectius de cara a anar treballant al llarg de tot el curs escolar:<\/p>\n<p>-Convertir l\u2019hort de l\u2019Escola en un ambient educatiu.<\/p>\n<p>-Dinamitzar la resta dels espais a l\u2019aire lliure que hi ha a l\u2019Escola.<br \/>\n-Realitzar accions sobre els murs i les parets de l\u2019Escola.<\/p>\n<p>&nbsp;<\/p>\n<p><strong>CURS 2019-2020<\/strong><\/p>\n<p>Durant el curs 2019-2020 van establir uns objectius per intentar integrar l\u2019hort dins de la vida escolar de l\u2019alumnat i fer-lo part\u00edcip de la seva evoluci\u00f3.<\/p>\n<p>Des de la comissi\u00f3 d\u2019hort es van establir els seg\u00fcents objectius:<\/p>\n<p>-Creaci\u00f3 d\u2019una comissi\u00f3 amb alumnes, mestres, fam\u00edlies i, si s\u2019escau, exalumnes o les seves fam\u00edlies.<br \/>\n-Recuperar, reinventar i explotar escolarment a l\u2019\u00e0rea de matem\u00e0tiques el projecte d\u2019embolcalls sostenibles i esmorzars saludables.<br \/>\n-Iniciar amb l\u2019alumnat un projecte multidisciplinar sobre els or\u00edgens de l\u2019Escola Tom\u00e0s Moro lligat al proc\u00e9s de canvi que volem implantar.<br \/>\n-Recuperar el projecte de \u2018La fruita a l\u2019escola\u2019.<br \/>\n-Buscar col\u00b7laboracions amb institucions, persones i entitats del barri.<\/p>\n<p>&nbsp;<\/p>\n<p><strong>OBJECTIUS ESPEC\u00cdFICS:<\/strong><\/p>\n<p>-Dinamitzar els patis. \u00c0mbit: Organitzaci\u00f3 interna i clima social.<br \/>\n-Realitzar accions pict\u00f2riques sobre els murs i les parets de l\u2019Escola. \u00c0mbit: Millora de l\u2019entorn escolar.<br \/>\n-Fomentar entre l\u2019alumnat els embolcalls sostenibles. \u00c0mbit: Ideari del centre.<br \/>\n-Fomentar entre l\u2019alumnat els esmorzars saludables. \u00c0mbit: Ideari del centre.<br \/>\n-Recuperar el projecte: La fruita a l\u2019escola. \u00c0mbit: Ideari del centre.<br \/>\n-Con\u00e8ixer els or\u00edgens\u00a0de l\u2019Escola Tom\u00e0s Moro\u00a0al barri. \u00c0mbit: Relacions amb l\u2019exterior del centre.<br \/>\n-Crear una comissi\u00f3 de gesti\u00f3 del projecte \u2018Escoles + Sostenibles\u2019. \u00c0mbit: Organitzaci\u00f3 interna i clima social.<br \/>\n-Introduir a les \u00e0rees instrumentals dades i aspectes relacionats amb el projecte. \u00c0mbit: Ideari del centre.<br \/>\n-Aprofitar i explotar el nou espai d\u2019escalada exterior. \u00c0mbit: Gesti\u00f3 dels recursos al centre.<br \/>\n-Seguir treballant en la conservaci\u00f3 i la millora de les zones verdes i l\u2019hort, en ambd\u00f3s casos, de l\u2019Escola. \u00c0mbit: Gesti\u00f3 dels recursos al centre.<br \/>\n-Buscar col\u00b7laboracions i sin\u00e8rgies amb institucions, persones i entitats del barri. \u00c0mbit: Relacions amb l\u2019exterior del centre.<\/p>\n<p>&nbsp;<\/p>\n<p><strong>CURS 2020-2021<\/strong><\/p>\n<p>Davant la parada, al mes de mar\u00e7 del 2020, amb la arribada de la nova normalitat amb la Covid-19 els nostres objectius i les ganes de treballar i continuar tirant endavant un projecte tan maco que porta tants anys amb nosaltres ha fet que engresquem a tota la comunitat educativa i anem reprenent els objectius replantejats els curs passat.<\/p>\n","protected":false},"excerpt":{"rendered":"<p><a href=\"https:\/\/agora.xtec.cat\/ceip-tomas-moro\/wp-content\/uploads\/usu2207\/2024\/12\/Memoria_08035453_2024_06_27__14_21_40_0.pdf\">Memoria_08035453_2024_06_27__14_21_40_0<\/a><br \/>\nCURS 2012-2013<br \/>\nL\u2019Escola va iniciar la seva participaci\u00f3 a l\u2019Agenda 21, un programa pensat per a facilitar la implicaci\u00f3 dels centres educatius en l\u2019ambici\u00f3s projecte planetari d\u2019imaginar i construir un m\u00f3n millor i m\u00e9s sostenible comen\u00e7ant per la intervenci\u00f3 en l\u2019entorn m\u00e9s immediat.<br \/>\nA l\u2019Escola vam&hellip;  <a href=\"https:\/\/agora.xtec.cat\/ceip-tomas-moro\/projectes-de-lescola\/escoles-sostenibles\/\" title=\"Read Escoles + Sostenibles\">Llegeix m\u00e9s\u00bb<\/a><\/p>\n","protected":false},"author":1,"featured_media":0,"parent":584,"menu_order":1,"comment_status":"closed","ping_status":"closed","template":"page-templates\/side-menu.php","meta":{"_bbp_topic_count":0,"_bbp_reply_count":0,"_bbp_total_topic_count":0,"_bbp_total_reply_count":0,"_bbp_voice_count":0,"_bbp_anonymous_reply_count":0,"_bbp_topic_count_hidden":0,"_bbp_reply_count_hidden":0,"_bbp_forum_subforum_count":0,"footnotes":""},"class_list":["post-587","page","type-page","status-publish","hentry"],"post_mailing_queue_ids":[],"_links":{"self":[{"href":"https:\/\/agora.xtec.cat\/ceip-tomas-moro\/wp-json\/wp\/v2\/pages\/587","targetHints":{"allow":["GET"]}}],"collection":[{"href":"https:\/\/agora.xtec.cat\/ceip-tomas-moro\/wp-json\/wp\/v2\/pages"}],"about":[{"href":"https:\/\/agora.xtec.cat\/ceip-tomas-moro\/wp-json\/wp\/v2\/types\/page"}],"author":[{"embeddable":true,"href":"https:\/\/agora.xtec.cat\/ceip-tomas-moro\/wp-json\/wp\/v2\/users\/1"}],"replies":[{"embeddable":true,"href":"https:\/\/agora.xtec.cat\/ceip-tomas-moro\/wp-json\/wp\/v2\/comments?post=587"}],"version-history":[{"count":6,"href":"https:\/\/agora.xtec.cat\/ceip-tomas-moro\/wp-json\/wp\/v2\/pages\/587\/revisions"}],"predecessor-version":[{"id":1426,"href":"https:\/\/agora.xtec.cat\/ceip-tomas-moro\/wp-json\/wp\/v2\/pages\/587\/revisions\/1426"}],"up":[{"embeddable":true,"href":"https:\/\/agora.xtec.cat\/ceip-tomas-moro\/wp-json\/wp\/v2\/pages\/584"}],"wp:attachment":[{"href":"https:\/\/agora.xtec.cat\/ceip-tomas-moro\/wp-json\/wp\/v2\/media?parent=587"}],"curies":[{"name":"wp","href":"https:\/\/api.w.org\/{rel}","templated":true}]}}