{"id":571,"date":"2020-08-31T23:18:42","date_gmt":"2020-08-31T21:18:42","guid":{"rendered":"https:\/\/agora.xtec.cat\/ceip-tomas-moro\/?page_id=571"},"modified":"2024-02-13T15:36:17","modified_gmt":"2024-02-13T14:36:17","slug":"festes-i-tradicions","status":"publish","type":"page","link":"https:\/\/agora.xtec.cat\/ceip-tomas-moro\/serveis\/festes-i-tradicions\/","title":{"rendered":"Festes i tradicions"},"content":{"rendered":"<p>Hola, fam\u00edlies i amics de l&#8217;Escola Tom\u00e0s Moro, <\/p>\n<p>Us compartim aquesta foto de la Rua de Carnaval. Va ser una jornada molt bonica amb el taller de circ pel mat\u00ed, impartit per l&#8217;Ateneu de Nou Barris i la rua per la tarda amb Son Llacuna. Gr\u00e0cies per tota la vostra creativitat demostrada a les consignes i disfresses. Esperem que us ho haguessiu passat tan b\u00e9 a la rua com tots nosaltres. Nom\u00e9s ens queda esperar al proper Carnaval i mentrestant&#8230;anar tallant les potes de la Vella Quaresma!<a href=\"https:\/\/agora.xtec.cat\/ceip-tomas-moro\/wp-content\/uploads\/usu2207\/2024\/02\/CArnestoltes-rua.png\"><img loading=\"lazy\" decoding=\"async\" src=\"https:\/\/agora.xtec.cat\/ceip-tomas-moro\/wp-content\/uploads\/usu2207\/2024\/02\/CArnestoltes-rua.png\" alt=\"\" width=\"885\" height=\"893\" class=\"alignnone size-full wp-image-1299\" srcset=\"https:\/\/agora.xtec.cat\/ceip-tomas-moro\/wp-content\/uploads\/usu2207\/2024\/02\/CArnestoltes-rua.png 885w, https:\/\/agora.xtec.cat\/ceip-tomas-moro\/wp-content\/uploads\/usu2207\/2024\/02\/CArnestoltes-rua-297x300.png 297w, https:\/\/agora.xtec.cat\/ceip-tomas-moro\/wp-content\/uploads\/usu2207\/2024\/02\/CArnestoltes-rua-150x150.png 150w, https:\/\/agora.xtec.cat\/ceip-tomas-moro\/wp-content\/uploads\/usu2207\/2024\/02\/CArnestoltes-rua-768x775.png 768w\" sizes=\"auto, (max-width: 885px) 100vw, 885px\" \/><\/a><\/p>\n<p>Hola, fam\u00edlies i amics de l&#8217;Escola Tom\u00e0s Moro. <\/p>\n<p>Ha arribat el Carnaval i el Rei Carnestoltes amb un preg\u00f3 molt divertit  ens ha deixat les consignes per aquesta setmana. Esperem que us agradin tant com a nosaltres!<\/p>\n<p><a href=\"https:\/\/agora.xtec.cat\/ceip-tomas-moro\/wp-content\/uploads\/usu2207\/2024\/02\/Consignes-Carnaval-24.png\"><img loading=\"lazy\" decoding=\"async\" src=\"https:\/\/agora.xtec.cat\/ceip-tomas-moro\/wp-content\/uploads\/usu2207\/2024\/02\/Consignes-Carnaval-24.png\" alt=\"\" width=\"823\" height=\"832\" class=\"alignnone size-full wp-image-1287\" srcset=\"https:\/\/agora.xtec.cat\/ceip-tomas-moro\/wp-content\/uploads\/usu2207\/2024\/02\/Consignes-Carnaval-24.png 823w, https:\/\/agora.xtec.cat\/ceip-tomas-moro\/wp-content\/uploads\/usu2207\/2024\/02\/Consignes-Carnaval-24-297x300.png 297w, https:\/\/agora.xtec.cat\/ceip-tomas-moro\/wp-content\/uploads\/usu2207\/2024\/02\/Consignes-Carnaval-24-768x776.png 768w\" sizes=\"auto, (max-width: 823px) 100vw, 823px\" \/><\/a><\/p>\n<p>Ei , fam\u00edlies,<\/p>\n<p>Les judoques, les nedadores i les amazones han trobar el Ti\u00f3 amagat al nostre jard\u00ed. Quina emoci\u00f3! El cuidarem molt b\u00e9! <span class=\"x3nfvp2 x1j61x8r x1fcty0u xdj266r xhhsvwb xat24cr xgzva0m xxymvpz xlup9mm x1kky2od\"><img loading=\"lazy\" decoding=\"async\" class=\"xz74otr\" src=\"https:\/\/static.xx.fbcdn.net\/images\/emoji.php\/v9\/t51\/1\/16\/1f603.png\" alt=\"\ud83d\ude03\" width=\"16\" height=\"16\" \/><\/span><\/p>\n<p><span class=\"x3nfvp2 x1j61x8r x1fcty0u xdj266r xhhsvwb xat24cr xgzva0m xxymvpz xlup9mm x1kky2od\"><img loading=\"lazy\" decoding=\"async\" class=\"xz74otr\" src=\"https:\/\/static.xx.fbcdn.net\/images\/emoji.php\/v9\/tde\/1\/16\/1f4f8.png\" alt=\"\ud83d\udcf8\" width=\"16\" height=\"16\" \/> <\/span><a href=\"https:\/\/blocs.xtec.cat\/tomasmoroei1314\/\">https:\/\/blocs.xtec.cat\/tomasmoroei1314\/<\/a><\/p>\n<p>&nbsp;<\/p>\n<p><a href=\"https:\/\/agora.xtec.cat\/ceip-tomas-moro\/wp-content\/uploads\/usu2207\/2023\/12\/Foto-tio.jpg\"><img loading=\"lazy\" decoding=\"async\" class=\" wp-image-1244 aligncenter\" src=\"https:\/\/agora.xtec.cat\/ceip-tomas-moro\/wp-content\/uploads\/usu2207\/2023\/12\/Foto-tio-1024x1024.jpg\" alt=\"\" width=\"589\" height=\"589\" srcset=\"https:\/\/agora.xtec.cat\/ceip-tomas-moro\/wp-content\/uploads\/usu2207\/2023\/12\/Foto-tio-1024x1024.jpg 1024w, https:\/\/agora.xtec.cat\/ceip-tomas-moro\/wp-content\/uploads\/usu2207\/2023\/12\/Foto-tio-300x300.jpg 300w, https:\/\/agora.xtec.cat\/ceip-tomas-moro\/wp-content\/uploads\/usu2207\/2023\/12\/Foto-tio-150x150.jpg 150w, https:\/\/agora.xtec.cat\/ceip-tomas-moro\/wp-content\/uploads\/usu2207\/2023\/12\/Foto-tio-768x768.jpg 768w, https:\/\/agora.xtec.cat\/ceip-tomas-moro\/wp-content\/uploads\/usu2207\/2023\/12\/Foto-tio.jpg 1080w\" sizes=\"auto, (max-width: 589px) 100vw, 589px\" \/><\/a><\/p>\n<p>&nbsp;<\/p>\n<div class=\"xdj266r x11i5rnm xat24cr x1mh8g0r x1vvkbs x126k92a\"><\/div>\n<p>El divendres 22 d&#8217;abril,\u00a0 a l\u2019escola vam celebrar la diada de Sant Jordi. Vam\u00a0 comen\u00e7ar el dia fent el lliurament de premis dels Jocs Florals en un format h\u00edbrid, a la sala de professors en directe una confer\u00e8ncia meet que s&#8217;emetia a totes les classes del centre, i els i les alumnes baixaven a llegir l&#8217;obra( un fragment)\u00a0 i a recollir el premi tant punt sentien el seu nom, o millor dit, el seu pseud\u00f2nim. Tenim uns nens i nenes\u00a0 amb molt de talent!<\/p>\n<p>Tamb\u00e9 vam fer fotos al photocall de l&#8217;escola i en diversos moments de la jornada, a banda de visitar les paradetes de llibres que vam\u00a0 posar al vest\u00edbul, de manera que els i les alumnes es van endur un llibre per a casa, com a regal.<\/p>\n<p>La diada es va celebrar en fam\u00edlia i a la ciutat aquest dissabte, malgrat la pluja. Esperem que hagueu gaudit d&#8217;un molt feli\u00e7 Sant Jordi!<\/p>\n<p>pd: Si voleu veure m\u00e9s fotos o els textos premiats, visiteu els nostres blocs:<\/p>\n<p><a href=\"https:\/\/drive.google.com\/drive\/folders\/18CxfMCsxn9MCf4-v0s4dbTK3InSwaxaq?usp=sharing\" target=\"_blank\" rel=\"noopener\">blocs Sant Jordi 2023<\/a><\/p>\n<p><a href=\"https:\/\/agora.xtec.cat\/ceip-tomas-moro\/wp-content\/uploads\/usu2207\/2023\/05\/Foto-Sant-Jordi.jpg\"><img loading=\"lazy\" decoding=\"async\" class=\"alignnone size-full wp-image-1181\" src=\"https:\/\/agora.xtec.cat\/ceip-tomas-moro\/wp-content\/uploads\/usu2207\/2023\/05\/Foto-Sant-Jordi.jpg\" alt=\"\" width=\"526\" height=\"526\" srcset=\"https:\/\/agora.xtec.cat\/ceip-tomas-moro\/wp-content\/uploads\/usu2207\/2023\/05\/Foto-Sant-Jordi.jpg 526w, https:\/\/agora.xtec.cat\/ceip-tomas-moro\/wp-content\/uploads\/usu2207\/2023\/05\/Foto-Sant-Jordi-300x300.jpg 300w, https:\/\/agora.xtec.cat\/ceip-tomas-moro\/wp-content\/uploads\/usu2207\/2023\/05\/Foto-Sant-Jordi-150x150.jpg 150w\" sizes=\"auto, (max-width: 526px) 100vw, 526px\" \/><\/a><\/p>\n<p>Aquestes s\u00f3n les consignes del Rei Carnestoltes que ens han portat els i les alumnes de 5\u00e8. Aneu preparant les coloraines per dilluns&#8230;ens veurem ben aviat a la Rua de Carnaval pel barri de Canyelles<\/p>\n<div class=\"kvgmc6g5 cxmmr5t8 oygrvhab hcukyx3x c1et5uql ii04i59q\"><a href=\"https:\/\/agora.xtec.cat\/ceip-tomas-moro\/wp-content\/uploads\/usu2207\/2023\/02\/Foto-consignes-Carnaval.jpg\"><img loading=\"lazy\" decoding=\"async\" class=\"alignnone size-large wp-image-1128\" src=\"https:\/\/agora.xtec.cat\/ceip-tomas-moro\/wp-content\/uploads\/usu2207\/2023\/02\/Foto-consignes-Carnaval-1024x1024.jpg\" alt=\"\" width=\"1024\" height=\"1024\" srcset=\"https:\/\/agora.xtec.cat\/ceip-tomas-moro\/wp-content\/uploads\/usu2207\/2023\/02\/Foto-consignes-Carnaval-1024x1024.jpg 1024w, https:\/\/agora.xtec.cat\/ceip-tomas-moro\/wp-content\/uploads\/usu2207\/2023\/02\/Foto-consignes-Carnaval-300x300.jpg 300w, https:\/\/agora.xtec.cat\/ceip-tomas-moro\/wp-content\/uploads\/usu2207\/2023\/02\/Foto-consignes-Carnaval-150x150.jpg 150w, https:\/\/agora.xtec.cat\/ceip-tomas-moro\/wp-content\/uploads\/usu2207\/2023\/02\/Foto-consignes-Carnaval-768x768.jpg 768w, https:\/\/agora.xtec.cat\/ceip-tomas-moro\/wp-content\/uploads\/usu2207\/2023\/02\/Foto-consignes-Carnaval.jpg 1080w\" sizes=\"auto, (max-width: 1024px) 100vw, 1024px\" \/><\/a><\/div>\n<p><a href=\"https:\/\/agora.xtec.cat\/ceip-tomas-moro\/wp-content\/uploads\/usu2207\/2022\/04\/Sant-Jordi.jpg\"><img loading=\"lazy\" decoding=\"async\" class=\"aligncenter wp-image-1078 size-large\" src=\"https:\/\/agora.xtec.cat\/ceip-tomas-moro\/wp-content\/uploads\/usu2207\/2022\/04\/Sant-Jordi-1024x1024.jpg\" alt=\"\" width=\"1024\" height=\"1024\" srcset=\"https:\/\/agora.xtec.cat\/ceip-tomas-moro\/wp-content\/uploads\/usu2207\/2022\/04\/Sant-Jordi-1024x1024.jpg 1024w, https:\/\/agora.xtec.cat\/ceip-tomas-moro\/wp-content\/uploads\/usu2207\/2022\/04\/Sant-Jordi-300x300.jpg 300w, https:\/\/agora.xtec.cat\/ceip-tomas-moro\/wp-content\/uploads\/usu2207\/2022\/04\/Sant-Jordi-150x150.jpg 150w, https:\/\/agora.xtec.cat\/ceip-tomas-moro\/wp-content\/uploads\/usu2207\/2022\/04\/Sant-Jordi-768x768.jpg 768w, https:\/\/agora.xtec.cat\/ceip-tomas-moro\/wp-content\/uploads\/usu2207\/2022\/04\/Sant-Jordi.jpg 1080w\" sizes=\"auto, (max-width: 1024px) 100vw, 1024px\" \/><\/a><\/p>\n<p>&nbsp;<\/p>\n<p><strong>DIADA DE SANT JORDI<\/strong><\/p>\n<p>EDUCACI\u00d3 INFANTIL<\/p>\n<p>https:\/\/blocs.xtec.cat\/tomasmoroei1314\/<\/p>\n<p>CICLE INICIAL<\/p>\n<p>https:\/\/blocs.xtec.cat\/tomasmoroci1314\/<\/p>\n<p>CICLE MITJ\u00c0<\/p>\n<p>https:\/\/blocs.xtec.cat\/tomasmorocm1314\/<\/p>\n<p>CICLE SUPERIOR<\/p>\n<p>https:\/\/blocs.xtec.cat\/tomasmorocs1314\/<\/p>\n<p><strong>GIMCANA DE PASQUA<\/strong><\/p>\n<p>Fam\u00edlies i amics, com esteu?<br \/>\nPer acabar el trimestre els i les alumnes de l\u2019Escola Tom\u00e0s Moro van fer una gimcana preparada per l\u2019\u00e0rea d\u2019educaci\u00f3 f\u00edsica. Van haver de trobar ous de Pasqua que estaven molt ben amagats gr\u00e0cies a la col\u00b7laboraci\u00f3 dels alumnes m\u00e9s grans de l\u2019escola. S\u2019ho van passat d\u2019all\u00f2 m\u00e9s b\u00e9!<\/p>\n<p>Gaudiu de les vacances, desconnecteu i descanseu molt. Fins aviat!<\/p>\n<p>Si voleu veure m\u00e9s fotos cliqueu als enlla\u00e7os:\ud83d\ude00<\/p>\n<p><a href=\"https:\/\/drive.google.com\/drive\/folders\/1-z01hzUNdqqqVius9P_OPLFqnib5R6G_?usp=sharing\">https:\/\/drive.google.com\/drive\/folders\/1-z01hzUNdqqqVius9P_OPLFqnib5R6G_?usp=sharing<\/a><\/p>\n<p><a href=\"https:\/\/drive.google.com\/drive\/folders\/10A3pc8Nvurv6sL0U3_DGIrOqvGsE8CTN?usp=sharing\">https:\/\/drive.google.com\/drive\/folders\/10A3pc8Nvurv6sL0U3_DGIrOqvGsE8CTN?usp=sharing<\/a><\/p>\n<p><strong>DIA DE LA PAU<\/strong><\/p>\n<p>Amb motiu de la jornada del Dia de la Pau, des de l&#8217;\u00e0rea de m\u00fasica de l&#8217;escola s&#8217;ha fet aquest video. Esperem que us agradi tant com a nosaltres!<\/p>\n<p><a href=\"https:\/\/drive.google.com\/file\/d\/1YMD6PzVyKFO-bowyJty9rFRDv-4r2D5z\/view?usp=sharing\">https:\/\/drive.google.com\/file\/d\/1YMD6PzVyKFO-bowyJty9rFRDv-4r2D5z\/view?usp=sharing<\/a><\/p>\n<p><strong>CARNAVAL\u00a0<\/strong><\/p>\n<p>Al mat\u00ed farem un taller de circ amb l&#8217;Ateneu de Nou Barris i per la tarda discopati a la pista.<\/p>\n<p>El dimarts d&#8217;aquella setmana el Rei Carnestoltes portar\u00e0 les consignes, quines seran? haurem d&#8217;esperar uns dies.<\/p>\n<p><strong>SANT JORDI <\/strong><\/p>\n<p>Celebraci\u00f3 dels Jocs Florals com un certamen literari escolar tot treballant la compet\u00e8ncia ling\u00fc\u00edstica i l&#8217;expressi\u00f3 escrita<\/p>\n<p>Model h\u00edbrid de celebraci\u00f3 online i presencial amb lliurament de premis.<\/p>\n<p>&nbsp;<\/p>\n<p><strong>FESTA DE FINAL DE CURS <\/strong><\/p>\n<p>&nbsp;<\/p>\n<p>Festa de comiat de la promoci\u00f3 de sis\u00e8 d&#8217;Educaci\u00f3 Prim\u00e0ria que passa a l&#8217;Educaci\u00f3 Secund\u00e0ria Obligat\u00f2ria<\/p>\n<p>&nbsp;<\/p>\n","protected":false},"excerpt":{"rendered":"<p>Hola, fam\u00edlies i amics de l&#8217;Escola Tom\u00e0s Moro,<br \/>\nUs compartim aquesta foto de la Rua de Carnaval. Va ser una jornada molt bonica amb el taller de circ pel mat\u00ed, impartit per l&#8217;Ateneu de Nou Barris i la rua per la tarda amb Son Llacuna.&hellip;  <a href=\"https:\/\/agora.xtec.cat\/ceip-tomas-moro\/serveis\/festes-i-tradicions\/\" title=\"Read Festes i tradicions\">Llegeix m\u00e9s\u00bb<\/a><\/p>\n","protected":false},"author":1,"featured_media":0,"parent":66,"menu_order":3,"comment_status":"closed","ping_status":"closed","template":"page-templates\/side-menu.php","meta":{"_bbp_topic_count":0,"_bbp_reply_count":0,"_bbp_total_topic_count":0,"_bbp_total_reply_count":0,"_bbp_voice_count":0,"_bbp_anonymous_reply_count":0,"_bbp_topic_count_hidden":0,"_bbp_reply_count_hidden":0,"_bbp_forum_subforum_count":0,"footnotes":""},"class_list":["post-571","page","type-page","status-publish","hentry"],"post_mailing_queue_ids":[],"_links":{"self":[{"href":"https:\/\/agora.xtec.cat\/ceip-tomas-moro\/wp-json\/wp\/v2\/pages\/571","targetHints":{"allow":["GET"]}}],"collection":[{"href":"https:\/\/agora.xtec.cat\/ceip-tomas-moro\/wp-json\/wp\/v2\/pages"}],"about":[{"href":"https:\/\/agora.xtec.cat\/ceip-tomas-moro\/wp-json\/wp\/v2\/types\/page"}],"author":[{"embeddable":true,"href":"https:\/\/agora.xtec.cat\/ceip-tomas-moro\/wp-json\/wp\/v2\/users\/1"}],"replies":[{"embeddable":true,"href":"https:\/\/agora.xtec.cat\/ceip-tomas-moro\/wp-json\/wp\/v2\/comments?post=571"}],"version-history":[{"count":6,"href":"https:\/\/agora.xtec.cat\/ceip-tomas-moro\/wp-json\/wp\/v2\/pages\/571\/revisions"}],"predecessor-version":[{"id":1300,"href":"https:\/\/agora.xtec.cat\/ceip-tomas-moro\/wp-json\/wp\/v2\/pages\/571\/revisions\/1300"}],"up":[{"embeddable":true,"href":"https:\/\/agora.xtec.cat\/ceip-tomas-moro\/wp-json\/wp\/v2\/pages\/66"}],"wp:attachment":[{"href":"https:\/\/agora.xtec.cat\/ceip-tomas-moro\/wp-json\/wp\/v2\/media?parent=571"}],"curies":[{"name":"wp","href":"https:\/\/api.w.org\/{rel}","templated":true}]}}