{"id":516,"date":"2020-08-31T21:55:22","date_gmt":"2020-08-31T19:55:22","guid":{"rendered":"https:\/\/agora.xtec.cat\/ceip-tomas-moro\/?page_id=516"},"modified":"2022-02-11T14:47:46","modified_gmt":"2022-02-11T13:47:46","slug":"blocs-del-centre","status":"publish","type":"page","link":"https:\/\/agora.xtec.cat\/ceip-tomas-moro\/lescola\/blocs-del-centre\/","title":{"rendered":"Blocs del Centre"},"content":{"rendered":"<p>A continuaci\u00f3 trobareu els blocs de la nostra Escola:<\/p>\n<p><a href=\"https:\/\/agora.xtec.cat\/ceip-tomas-moro\/wp-content\/uploads\/usu2207\/2022\/02\/foto-P3-casa.jpg\"><img loading=\"lazy\" decoding=\"async\" class=\"wp-image-1044 alignleft\" src=\"https:\/\/agora.xtec.cat\/ceip-tomas-moro\/wp-content\/uploads\/usu2207\/2022\/02\/foto-P3-casa.jpg\" alt=\"\" width=\"325\" height=\"250\" srcset=\"https:\/\/agora.xtec.cat\/ceip-tomas-moro\/wp-content\/uploads\/usu2207\/2022\/02\/foto-P3-casa.jpg 774w, https:\/\/agora.xtec.cat\/ceip-tomas-moro\/wp-content\/uploads\/usu2207\/2022\/02\/foto-P3-casa-300x231.jpg 300w, https:\/\/agora.xtec.cat\/ceip-tomas-moro\/wp-content\/uploads\/usu2207\/2022\/02\/foto-P3-casa-768x590.jpg 768w\" sizes=\"auto, (max-width: 325px) 100vw, 325px\" \/><\/a><\/p>\n<p>&nbsp;<\/p>\n<h4 style=\"text-align: left;\"><a href=\"https:\/\/blocs.xtec.cat\/tomasmoroei1314\/\">Bloc Educaci\u00f3 Infantil<\/a><\/h4>\n<h4 style=\"text-align: left;\"><a href=\"https:\/\/blocs.xtec.cat\/tomasmoroci1314\/\">Bloc Cicle Inicial<\/a><\/h4>\n<h4 style=\"text-align: left;\"><a href=\"https:\/\/blocs.xtec.cat\/tomasmorocm1314\/\">Bloc Cicle Mitj\u00e0<\/a><\/h4>\n<h4 style=\"text-align: left;\"><a href=\"https:\/\/blocs.xtec.cat\/tomasmorocs1314\/\">Bloc Cicle Superior<\/a><\/h4>\n<p>&nbsp;<\/p>\n<p>&nbsp;<\/p>\n<p>&nbsp;<\/p>\n<p>ALTRES P\u00c0GINES WEB D&#8217;INTER\u00c8S:<\/p>\n<p><span style=\"font-size: large;\"><span style=\"font-family: arial, sans-serif;\"><span style=\"color: #000000;\">&#8211;<\/span><\/span><\/span>Departament d&#8217;Ensenyament: <a href=\"http:\/\/ensenyament.gencat.cat\/ca\/inici\/\">http:\/\/www.edu365.cat\/<\/a><\/p>\n<p>-Fundaci\u00f3 Jaume Bofill: <a href=\"http:\/\/www.fbofill.cat\">http:\/\/www.fbofill.cat<\/a><\/p>\n<p>La Fundaci\u00f3 Jaume Bofill \u00e9s una instituci\u00f3 catalana independent i socialment compromesa que, des de fa m\u00e9s de 40 anys, treballa amb la m\u00e0xima qualitat i rigor per a promoure la reflexi\u00f3, el debat, la investigaci\u00f3 i altres iniciatives que millorin la societat i augmentin la base de l\u2019educaci\u00f3 del coneixement a Catalunya.<span style=\"font-size: large;\"><span style=\"font-family: arial, sans-serif;\"><i><br \/>\n<\/i><br \/>\n<\/span><\/span>-Recursos audiovisuals per a l\u2019alumnat i el professorat de les escoles i els instituts: <a href=\"http:\/\/www.edu3.cat\/\">http:\/\/www.edu3.cat\/<\/a><\/p>\n<p>-Recursos per a l\u2019alumnat de les escoles i els instituts: <a href=\"http:\/\/www.edu365.cat\/\">http:\/\/www.edu365.cat\/ <\/a><\/p>\n<p>-Servei Educatiu Nou Barris: <a href=\"https:\/\/serveiseducatius.xtec.cat\/noubarris\/\">https:\/\/serveiseducatius.xtec.cat\/noubarris\/<\/a><\/p>\n<p>-XTEC (Xarxa Telem\u00e0tica Educativa de Catalunya): <a href=\"http:\/\/xtec.gencat.cat\/ca\/inici\/\">http:\/\/xtec.gencat.cat\/ca\/inici\/<\/a><\/p>\n","protected":false},"excerpt":{"rendered":"<p>A continuaci\u00f3 trobareu els blocs de la nostra Escola:<br \/>\n<a href=\"https:\/\/agora.xtec.cat\/ceip-tomas-moro\/wp-content\/uploads\/usu2207\/2022\/02\/foto-P3-casa.jpg\"><\/a><br \/>\n&nbsp;<br \/>\n<a href=\"https:\/\/blocs.xtec.cat\/tomasmoroei1314\/\">Bloc Educaci\u00f3 Infantil<\/a><br \/>\n<a href=\"https:\/\/blocs.xtec.cat\/tomasmoroci1314\/\">Bloc Cicle Inicial<\/a><br \/>\n<a href=\"https:\/\/blocs.xtec.cat\/tomasmorocm1314\/\">Bloc Cicle Mitj\u00e0<\/a><br \/>\n<a href=\"https:\/\/blocs.xtec.cat\/tomasmorocs1314\/\">Bloc Cicle Superior<\/a><br \/>\n&nbsp;<br \/>\n&nbsp;<br \/>\n&nbsp;<br \/>\nALTRES P\u00c0GINES WEB D&#8217;INTER\u00c8S:<br \/>\n&#8211;Departament d&#8217;Ensenyament: <a href=\"http:\/\/ensenyament.gencat.cat\/ca\/inici\/\">http:\/\/www.edu365.cat\/<\/a><br \/>\n-Fundaci\u00f3 Jaume Bofill: <a href=\"http:\/\/www.fbofill.cat\">http:\/\/www.fbofill.cat<\/a><br \/>\nLa Fundaci\u00f3 Jaume Bofill \u00e9s una instituci\u00f3 catalana independent i socialment compromesa que, des&hellip;  <a href=\"https:\/\/agora.xtec.cat\/ceip-tomas-moro\/lescola\/blocs-del-centre\/\" title=\"Read Blocs del Centre\">Llegeix m\u00e9s\u00bb<\/a><\/p>\n","protected":false},"author":1,"featured_media":0,"parent":22,"menu_order":8,"comment_status":"closed","ping_status":"closed","template":"","meta":{"_bbp_topic_count":0,"_bbp_reply_count":0,"_bbp_total_topic_count":0,"_bbp_total_reply_count":0,"_bbp_voice_count":0,"_bbp_anonymous_reply_count":0,"_bbp_topic_count_hidden":0,"_bbp_reply_count_hidden":0,"_bbp_forum_subforum_count":0,"footnotes":""},"class_list":["post-516","page","type-page","status-publish","hentry"],"post_mailing_queue_ids":[],"_links":{"self":[{"href":"https:\/\/agora.xtec.cat\/ceip-tomas-moro\/wp-json\/wp\/v2\/pages\/516","targetHints":{"allow":["GET"]}}],"collection":[{"href":"https:\/\/agora.xtec.cat\/ceip-tomas-moro\/wp-json\/wp\/v2\/pages"}],"about":[{"href":"https:\/\/agora.xtec.cat\/ceip-tomas-moro\/wp-json\/wp\/v2\/types\/page"}],"author":[{"embeddable":true,"href":"https:\/\/agora.xtec.cat\/ceip-tomas-moro\/wp-json\/wp\/v2\/users\/1"}],"replies":[{"embeddable":true,"href":"https:\/\/agora.xtec.cat\/ceip-tomas-moro\/wp-json\/wp\/v2\/comments?post=516"}],"version-history":[{"count":4,"href":"https:\/\/agora.xtec.cat\/ceip-tomas-moro\/wp-json\/wp\/v2\/pages\/516\/revisions"}],"predecessor-version":[{"id":1047,"href":"https:\/\/agora.xtec.cat\/ceip-tomas-moro\/wp-json\/wp\/v2\/pages\/516\/revisions\/1047"}],"up":[{"embeddable":true,"href":"https:\/\/agora.xtec.cat\/ceip-tomas-moro\/wp-json\/wp\/v2\/pages\/22"}],"wp:attachment":[{"href":"https:\/\/agora.xtec.cat\/ceip-tomas-moro\/wp-json\/wp\/v2\/media?parent=516"}],"curies":[{"name":"wp","href":"https:\/\/api.w.org\/{rel}","templated":true}]}}