{"id":512,"date":"2020-08-31T21:30:22","date_gmt":"2020-08-31T19:30:22","guid":{"rendered":"https:\/\/agora.xtec.cat\/ceip-tomas-moro\/?page_id=512"},"modified":"2024-12-09T14:49:46","modified_gmt":"2024-12-09T13:49:46","slug":"documents-del-centre","status":"publish","type":"page","link":"https:\/\/agora.xtec.cat\/ceip-tomas-moro\/lescola\/documents-del-centre\/","title":{"rendered":"Documents i autoritzacions"},"content":{"rendered":"<p>A continuaci\u00f3 trobareu diferents documents de la nostra Escola:<\/p>\n<p>&nbsp;<\/p>\n<h2>\u00a0Autoritzac<a href=\"https:\/\/agora.xtec.cat\/ceip-tomas-moro\/wp-content\/uploads\/usu2207\/2024\/12\/Carta-de-compromis.pdf\">Carta de comprom\u00eds<\/a>ions:<\/h2>\n<ul style=\"list-style-type: square;\">\n<li style=\"list-style-type: none;\">\n<ul>\n<li style=\"list-style-type: none;\">\n<ul>\n<li style=\"list-style-type: none;\">\n<ul>\n<li style=\"list-style-type: none;\">\n<ul>\n<li style=\"list-style-type: none;\">\n<ul>\n<li style=\"list-style-type: none;\">\n<ul>\n<li style=\"list-style-type: none;\">\n<ul>\n<li style=\"list-style-type: none;\">\n<ul>\n<li style=\"list-style-type: none;\">\n<ul>\n<li style=\"list-style-type: none;\">\n<ul>\n<li style=\"list-style-type: none;\"><\/li>\n<\/ul>\n<\/li>\n<\/ul>\n<\/li>\n<\/ul>\n<\/li>\n<\/ul>\n<\/li>\n<\/ul>\n<\/li>\n<\/ul>\n<\/li>\n<\/ul>\n<\/li>\n<\/ul>\n<\/li>\n<\/ul>\n<\/li>\n<\/ul>\n<\/li>\n<li><a href=\"https:\/\/docs.google.com\/document\/d\/12AK3nA9p8oFZKxL5aeV0RygLpnxdxbwXQJglVCFpXVk\/edit?usp=drive_link\" target=\"_blank\" rel=\"noopener noreferrer\">Carta de comprom\u00eds educatiu\u00a0<\/a><\/li>\n<li><a href=\"https:\/\/drive.google.com\/file\/d\/1CiHY1yaUeTTKPgLKmwNTYa3tT_96Icxb\/view?usp=sharing\" target=\"_blank\" rel=\"noopener noreferrer\">Autoritzaci\u00f3 per marxar sol\/a de l&#8217;escola.<\/a><\/li>\n<li><a href=\"https:\/\/drive.google.com\/file\/d\/1yIivFfG7DdQuBI216RGF-46RxSYxDu6S\/view?usp=sharing\" target=\"_blank\" rel=\"noopener noreferrer\">Autoritzaci\u00f3 per recollir a un alumne\/a. Ed. Infantil<\/a><\/li>\n<li><a href=\"https:\/\/drive.google.com\/file\/d\/1pj13UgLqtOsCReFrFPk495axMp8OinS1\/view?usp=sharing\" target=\"_blank\" rel=\"noopener noreferrer\">Autoritzaci\u00f3 per recollir a un alumne\/a. Ed. Prim\u00e0ria<\/a><\/li>\n<li><a href=\"https:\/\/drive.google.com\/file\/d\/1MNWEEnk7BIfaehli6oq8aZlSZqscpUFS\/view?usp=sharing\" target=\"_blank\" rel=\"noopener noreferrer\">Autoritzacions de sortides escolars. Ed. Infantil<\/a><\/li>\n<li><a href=\"https:\/\/drive.google.com\/file\/d\/1P0e4G4YHhl74Gvkv0INvgUzez8RoTzm2\/view?usp=sharing\" target=\"_blank\" rel=\"noopener noreferrer\">Autoritzacions de sortides escolars. Ed. Prim\u00e0ria<\/a><\/li>\n<li><a href=\"https:\/\/drive.google.com\/file\/d\/1P5-ezIMOYwbpTCf9V7CUaJpwD3aBcdiq\/view?usp=sharing\" target=\"_blank\" rel=\"noopener noreferrer\">Sol\u00b7licitud d&#8217;administraci\u00f3 de medicaments<\/a><\/li>\n<li><a href=\"https:\/\/drive.google.com\/file\/d\/1ojLD-utTxag1z99AP0oSVF4oo6YKnor9\/view?usp=sharing\" target=\"_blank\" rel=\"noopener noreferrer\">Autoritzaci\u00f3 \u00fas d&#8217;imatge, publicaci\u00f3 de dades de car\u00e0cter personal i material que elaboren<\/a><\/li>\n<\/ul>\n<p>&nbsp;<\/p>\n<p>&nbsp;<\/p>\n","protected":false},"excerpt":{"rendered":"<p>A continuaci\u00f3 trobareu diferents documents de la nostra Escola:<br \/>\n&nbsp;<br \/>\n\u00a0Autoritzac<a href=\"https:\/\/agora.xtec.cat\/ceip-tomas-moro\/wp-content\/uploads\/usu2207\/2024\/12\/Carta-de-compromis.pdf\">Carta de comprom\u00eds<\/a>ions:<\/p>\n<ul style=\"list-style-type: square;\">\n<li style=\"list-style-type: none;\">\n<ul>\n<li style=\"list-style-type: none;\">\n<ul>\n<li style=\"list-style-type: none;\">\n<ul>\n<li style=\"list-style-type: none;\">\n<ul>\n<li style=\"list-style-type: none;\">\n<ul>\n<li style=\"list-style-type: none;\">\n<ul>\n<li style=\"list-style-type: none;\">\n<ul>\n<li style=\"list-style-type: none;\">\n<ul>\n<li style=\"list-style-type: none;\">\n<ul>\n<li style=\"list-style-type: none;\">\n<ul>\n<li style=\"list-style-type: none;\"><\/li>\n<\/ul>\n<\/li>\n<\/ul>\n<\/li>\n<\/ul>\n<\/li>\n<\/ul>\n<\/li>\n<\/ul>\n<\/li>\n<\/ul>\n<\/li>\n<\/ul>\n<\/li>\n<\/ul>\n<\/li>\n<\/ul>\n<\/li>\n<\/ul>\n<\/li>\n<li><a href=\"https:\/\/docs.google.com\/document\/d\/12AK3nA9p8oFZKxL5aeV0RygLpnxdxbwXQJglVCFpXVk\/edit?usp=drive_link\" target=\"_blank\" rel=\"noopener noreferrer\">Carta de comprom\u00eds educatiu\u00a0<\/a><\/li>\n<li><a href=\"https:\/\/drive.google.com\/file\/d\/1CiHY1yaUeTTKPgLKmwNTYa3tT_96Icxb\/view?usp=sharing\" target=\"_blank\"&hellip;  <a href=\"https:\/\/agora.xtec.cat\/ceip-tomas-moro\/lescola\/documents-del-centre\/\" title=\"Read Documents i autoritzacions\">Llegeix m\u00e9s\u00bb<\/a><br \/>\n","protected":false},"author":1,"featured_media":0,"parent":22,"menu_order":9,"comment_status":"closed","ping_status":"closed","template":"page-templates\/side-menu.php","meta":{"_bbp_topic_count":0,"_bbp_reply_count":0,"_bbp_total_topic_count":0,"_bbp_total_reply_count":0,"_bbp_voice_count":0,"_bbp_anonymous_reply_count":0,"_bbp_topic_count_hidden":0,"_bbp_reply_count_hidden":0,"_bbp_forum_subforum_count":0,"footnotes":""},"class_list":["post-512","page","type-page","status-publish","hentry"],"post_mailing_queue_ids":[],"_links":{"self":[{"href":"https:\/\/agora.xtec.cat\/ceip-tomas-moro\/wp-json\/wp\/v2\/pages\/512","targetHints":{"allow":["GET"]}}],"collection":[{"href":"https:\/\/agora.xtec.cat\/ceip-tomas-moro\/wp-json\/wp\/v2\/pages"}],"about":[{"href":"https:\/\/agora.xtec.cat\/ceip-tomas-moro\/wp-json\/wp\/v2\/types\/page"}],"author":[{"embeddable":true,"href":"https:\/\/agora.xtec.cat\/ceip-tomas-moro\/wp-json\/wp\/v2\/users\/1"}],"replies":[{"embeddable":true,"href":"https:\/\/agora.xtec.cat\/ceip-tomas-moro\/wp-json\/wp\/v2\/comments?post=512"}],"version-history":[{"count":6,"href":"https:\/\/agora.xtec.cat\/ceip-tomas-moro\/wp-json\/wp\/v2\/pages\/512\/revisions"}],"predecessor-version":[{"id":1403,"href":"https:\/\/agora.xtec.cat\/ceip-tomas-moro\/wp-json\/wp\/v2\/pages\/512\/revisions\/1403"}],"up":[{"embeddable":true,"href":"https:\/\/agora.xtec.cat\/ceip-tomas-moro\/wp-json\/wp\/v2\/pages\/22"}],"wp:attachment":[{"href":"https:\/\/agora.xtec.cat\/ceip-tomas-moro\/wp-json\/wp\/v2\/media?parent=512"}],"curies":[{"name":"wp","href":"https:\/\/api.w.org\/{rel}","templated":true}]}}