{"id":30,"date":"2014-09-18T12:30:23","date_gmt":"2014-09-18T11:30:23","guid":{"rendered":"http:\/\/agora.xtec.cat\/ceip-tomas-moro\/?page_id=30"},"modified":"2025-03-14T17:19:26","modified_gmt":"2025-03-14T16:19:26","slug":"instal%c2%b7lacions","status":"publish","type":"page","link":"https:\/\/agora.xtec.cat\/ceip-tomas-moro\/lescola\/instal%c2%b7lacions\/","title":{"rendered":"Instal\u00b7lacions"},"content":{"rendered":"<div><iframe loading=\"lazy\" src=\"\/\/www.youtube.com\/embed\/Rc0cV4pg--0\" width=\"560\" height=\"314\"><\/iframe><\/div>\n<div><\/div>\n<h3><\/h3>\n<p>&nbsp;<\/p>\n<h3>\u00a0 \u00a0 \u00a0 \u00a0 \u00a0 Una mica d&#8217;hist\u00f2ria:<\/h3>\n<div><\/div>\n<div><\/div>\n<div><span style=\"color: #000000; font-family: arial, sans-serif; font-size: large;\"><img loading=\"lazy\" decoding=\"async\" src=\"https:\/\/sites.google.com\/a\/xtec.cat\/escola-tomas-moro\/_\/rsrc\/1536765283894\/instal-lacions-1\/ESCOLA%201.jpg?height=266&amp;width=400\" width=\"400\" height=\"266\" border=\"0\" \/>\u00a01a imatge<\/span><\/div>\n<p><span style=\"color: #000000; font-family: arial, sans-serif; font-size: large;\"><br \/>\nDes del mes de setembre de 2013, l&#8217;Escola Tom\u00e0s Moro est\u00e0 ubicada en\u00a0<b>un sol edifici<\/b>\u00a0(1a imatge) que es va remodelar per a donar cabuda els nens i les nenes d&#8217;Educaci\u00f3 Infantil que havien estat, fins aleshores, al que ara es coneix com a Centre de Formaci\u00f3 d&#8217;Adults (CFA) Canyelles. Tamb\u00e9 es van fer obres a la cuina, al menjador i als lavabos de la planta baixa.<br \/>\nSi ens veniu a visitar, aquesta llum us donar\u00e0 la benvinguda quan entreu al nostre ampli\u00a0<b>vest\u00edbul<\/b>:<\/span><\/p>\n<p>&nbsp;<\/p>\n<div><span style=\"color: #000000; font-family: arial, sans-serif; font-size: large;\"><img loading=\"lazy\" decoding=\"async\" src=\"https:\/\/sites.google.com\/a\/xtec.cat\/escola-tomas-moro\/_\/rsrc\/1536765283879\/informacions\/ESCOLA%20INTERIOR%205.jpg?height=266&amp;width=400\" width=\"400\" height=\"266\" border=\"0\" \/>\u00a02a imatge<\/span><\/div>\n<p><span style=\"color: #000000; font-family: arial, sans-serif; font-size: large;\"><br \/>\nEn aquesta planta baixa hi tenim: la\u00a0<b>cuina<\/b>, el\u00a0<b>menjador<\/b>,\u00a0<b>lavabos per a nens i nenes<\/b>, un\u00a0<b>despatx compartit per<\/b>\u00a0l&#8217;empresa de menjador (<b>7 i tria<\/b>)\u00a0<b>i<\/b>\u00a0l&#8217;<b>AFA<\/b>\u00a0(Assocaci\u00f3 de Fam\u00edlies d&#8217;Alumnes), un\u00a0<b>petit magatzem de material<\/b>, la\u00a0<b>sala de mestres<\/b>, la\u00a0<b>consergeria\u00a0<\/b>i el\u00a0<b>despatx<\/b>\u00a0on l&#8217;<b>Equip Directiu<\/b>\u00a0treballa.<\/span><\/p>\n<p>A la part exterior de darrere l&#8217;edifici, hi ha els\u00a0<b>vestidors\u00a0<\/b>d&#8217;educaci\u00f3 f\u00edsica i l&#8217;acc\u00e9s a l&#8217;<b>ascensor<\/b>. Tamb\u00e9 disposem d&#8217;una\u00a0<b>sala de psicomotricitat<\/b>\u00a0ben equipada i que est\u00e0 ubicada al soterrani de l&#8217;actual CFA Canyelles. Per a accedir-hi, hem de creuar la pista poliesportiva i el pati de l&#8217;Escola.<\/p>\n<p>Els\u00a0<b>patis de l&#8217;Escola<\/b>\u00a0es troben darrere l&#8217;edifici, en dos nivells diferents. La part baixa \u00e9s una\u00a0<b>pista polivalent<\/b>\u00a0asfaltada i amb porteries de futbol aix\u00ed com cistelles de b\u00e0squet i amb possibilitat de practicar-hi diversos esports de xarxa (voleibol, badminton o tambor\u00ed, principalment). La part alta, sota el CFA Canyelles, \u00e9s una\u00a0<b>sorrera\u00a0<\/b>amb dues parts separades per una tanca de fusta: en un costat, on hi ha el mobiliari, hi juguen els m\u00e9s petits i les m\u00e9s petites de l&#8217;Escola i, a l&#8217;altre costat, on hi ha un gran magatzem amb material (rodes, cubells, pales, etc.) hi juga l&#8217;alumnat de cicle inicial.<\/p>\n<p><b>Educaci\u00f3 Infantil<\/b>\u00a0ocupa les tres aules de la part dreta de la 2a imatge a la primera planta. Al fons d&#8217;aquest mateix costat, tamb\u00e9 hi ha una\u00a0<b>aula menjador per als m\u00e9s menuts i les m\u00e9s menudes de la\u00a0<i>casa<\/i><\/b><i>\u00a0<\/i>i un\u00a0<b>espai per al material de consergeria, neteja i laboratori<\/b>.<\/p>\n<p>Al centre de la imatge, al passad\u00eds que porta cap al costat esquerre de la primera planta hi ha una\u00a0<b>sala polivalent<\/b>\u00a0(la\u00a0<i>sala blanca<\/i>) que comparteixen Educaci\u00f3 Infantil i cicle inicial.<\/p>\n<p>&nbsp;<\/p>\n<div><span style=\"color: #000000; font-family: arial, sans-serif; font-size: large;\"><img loading=\"lazy\" decoding=\"async\" src=\"https:\/\/sites.google.com\/a\/xtec.cat\/escola-tomas-moro\/_\/rsrc\/1536765283894\/instal-lacions-1\/ESCOLA%20INTERIOR.jpg?height=271&amp;width=400\" width=\"400\" height=\"271\" border=\"0\" \/>\u00a03a imatge<\/span><\/div>\n<p><span style=\"color: #000000; font-family: arial, sans-serif; font-size: large;\"><br \/>\n<b>Educaci\u00f3 Prim\u00e0ria<\/b>\u00a0disposa de 8 aules de classe, distribu\u00efdes entre el primer pis i el segon pis. En elles, hi treballen habitualment 1r i 2n (primer pis) aix\u00ed com 3r, 4t, 5\u00e8 i 6\u00e8 (segon pis). Tenim, a m\u00e9s a m\u00e9s, una\u00a0<b>aula de m\u00fasica<\/b>, una\u00a0<b>aula d&#8217;angl\u00e8s<\/b>, una\u00a0<b>aula d&#8217;inform\u00e0tica<\/b>, una\u00a0<b>aula d&#8217;acollida per a l&#8217;alumnat nouvingut<\/b>\u00a0i una gran\u00a0<b>sala polivalent<\/b>\u00a0(al segon pis, al centre de la 3a imatge) que tant ens serveix de biblioteca i d&#8217;espai per a confer\u00e8ncies i xerrades. \u00c9s on tamb\u00e9 hi tenim instal\u00b7lat, fins i tot, un espai permanent amb ordinadors port\u00e0tils. Si s&#8217;escau, tamb\u00e9 fem servir aquesta sala multifuncional per a desdoblaments i sessions de treball en petit grup.<\/span><\/p>\n<p>Totes les aules estan equipades amb\u00a0<b>Pissarres Digitals Interactives (PDI)<\/b>, un\u00a0<b>ordinador d&#8217;aula<\/b>\u00a0i\u00a0<b>wifi<\/b>.<\/p>\n<p>Pel que fa a les zones exteriors, a banda i banda de l&#8217;edifici tenim el privilegiat\u00a0<b>hort de l&#8217;Escola<\/b>\u00a0a un costat i, a l&#8217;altre, una\u00a0<b>zona ajardinada<\/b>\u00a0que anem regant i cuidant entre tots i totes (alumnes, mestres i fam\u00edlies).<\/p>\n<p>&nbsp;<\/p>\n<p>&nbsp;<\/p>\n","protected":false},"excerpt":{"rendered":"<p>&nbsp;<br \/>\n\u00a0 \u00a0 \u00a0 \u00a0 \u00a0 Una mica d&#8217;hist\u00f2ria:<\/p>\n<p>\u00a01a imatge<\/p>\n<p>Des del mes de setembre de 2013, l&#8217;Escola Tom\u00e0s Moro est\u00e0 ubicada en\u00a0un sol edifici\u00a0(1a imatge) que es va remodelar per a donar cabuda els nens i les nenes d&#8217;Educaci\u00f3 Infantil que havien estat, fins aleshores, al&hellip;  <a href=\"https:\/\/agora.xtec.cat\/ceip-tomas-moro\/lescola\/instal%c2%b7lacions\/\" title=\"Read Instal\u00b7lacions\">Llegeix m\u00e9s\u00bb<\/a><\/p>\n","protected":false},"author":1,"featured_media":0,"parent":22,"menu_order":3,"comment_status":"closed","ping_status":"closed","template":"page-templates\/side-menu.php","meta":{"_bbp_topic_count":0,"_bbp_reply_count":0,"_bbp_total_topic_count":0,"_bbp_total_reply_count":0,"_bbp_voice_count":0,"_bbp_anonymous_reply_count":0,"_bbp_topic_count_hidden":0,"_bbp_reply_count_hidden":0,"_bbp_forum_subforum_count":0,"footnotes":""},"class_list":["post-30","page","type-page","status-publish","hentry"],"post_mailing_queue_ids":[],"_links":{"self":[{"href":"https:\/\/agora.xtec.cat\/ceip-tomas-moro\/wp-json\/wp\/v2\/pages\/30","targetHints":{"allow":["GET"]}}],"collection":[{"href":"https:\/\/agora.xtec.cat\/ceip-tomas-moro\/wp-json\/wp\/v2\/pages"}],"about":[{"href":"https:\/\/agora.xtec.cat\/ceip-tomas-moro\/wp-json\/wp\/v2\/types\/page"}],"author":[{"embeddable":true,"href":"https:\/\/agora.xtec.cat\/ceip-tomas-moro\/wp-json\/wp\/v2\/users\/1"}],"replies":[{"embeddable":true,"href":"https:\/\/agora.xtec.cat\/ceip-tomas-moro\/wp-json\/wp\/v2\/comments?post=30"}],"version-history":[{"count":4,"href":"https:\/\/agora.xtec.cat\/ceip-tomas-moro\/wp-json\/wp\/v2\/pages\/30\/revisions"}],"predecessor-version":[{"id":933,"href":"https:\/\/agora.xtec.cat\/ceip-tomas-moro\/wp-json\/wp\/v2\/pages\/30\/revisions\/933"}],"up":[{"embeddable":true,"href":"https:\/\/agora.xtec.cat\/ceip-tomas-moro\/wp-json\/wp\/v2\/pages\/22"}],"wp:attachment":[{"href":"https:\/\/agora.xtec.cat\/ceip-tomas-moro\/wp-json\/wp\/v2\/media?parent=30"}],"curies":[{"name":"wp","href":"https:\/\/api.w.org\/{rel}","templated":true}]}}