{"id":1552,"date":"2025-07-04T12:51:42","date_gmt":"2025-07-04T10:51:42","guid":{"rendered":"https:\/\/agora.xtec.cat\/ceip-tomas-moro\/?page_id=1552"},"modified":"2025-07-04T13:03:46","modified_gmt":"2025-07-04T11:03:46","slug":"pagina-dinici","status":"publish","type":"page","link":"https:\/\/agora.xtec.cat\/ceip-tomas-moro\/","title":{"rendered":"Inici"},"content":{"rendered":"<div class=\"html-div xdj266r x14z9mp xat24cr x1lziwak xexx8yu xyri2b x18d9i69 x1c1uobl\" dir=\"auto\">\n<div class=\"html-div xdj266r x14z9mp xat24cr x1lziwak xexx8yu xyri2b x18d9i69 x1c1uobl\" data-ad-rendering-role=\"story_message\">\n<div id=\"_r_61_\" class=\"x1l90r2v x1iorvi4 x1g0dm76 xpdmqnj\" data-ad-comet-preview=\"message\" data-ad-preview=\"message\">\n<div class=\"x78zum5 xdt5ytf xz62fqu x16ldp7u\">\n<div class=\"xu06os2 x1ok221b\">\n<div class=\"html-div xdj266r x14z9mp xat24cr x1lziwak xexx8yu xyri2b x18d9i69 x1c1uobl\">\n<div class=\"xdj266r x14z9mp xat24cr x1lziwak x1vvkbs x126k92a\">\n<div dir=\"auto\" style=\"text-align: justify;\">Benvolgudes fam\u00edlies,<\/div>\n<\/div>\n<\/div>\n<\/div>\n<\/div>\n<\/div>\n<\/div>\n<\/div>\n<div dir=\"auto\"><\/div>\n<div class=\"html-div xdj266r x14z9mp xat24cr x1lziwak xexx8yu xyri2b x18d9i69 x1c1uobl\" dir=\"auto\">\n<div class=\"html-div xdj266r x14z9mp xat24cr x1lziwak xexx8yu xyri2b x18d9i69 x1c1uobl\" data-ad-rendering-role=\"story_message\">\n<div id=\"_r_61_\" class=\"x1l90r2v x1iorvi4 x1g0dm76 xpdmqnj\" data-ad-comet-preview=\"message\" data-ad-preview=\"message\">\n<div class=\"x78zum5 xdt5ytf xz62fqu x16ldp7u\">\n<div class=\"xu06os2 x1ok221b\">\n<div class=\"html-div xdj266r x14z9mp xat24cr x1lziwak xexx8yu xyri2b x18d9i69 x1c1uobl\">\n<div class=\"xdj266r x14z9mp xat24cr x1lziwak x1vvkbs x126k92a\">\n<div dir=\"auto\" style=\"text-align: justify;\">Com sabeu l&#8217;Escola Tom\u00e0s Moro tanca el curs 24-25 i se&#8217;n va de vacances. Ha estat un curs molt especial, un curs en el que hem sabut que l&#8217;any vinent el centre es convertiria en Institut Escola, all\u00f2 que tants cops les fam\u00edlies hav\u00edeu demanat. Seran unes dies intensos, aquests de juliol i agost, i al setembre l&#8217;Institut Escola Canyelles obrir\u00e0 les portes per acollir Infantil, Prim\u00e0ria i 1r d&#8217;ESO!!<\/div>\n<div dir=\"auto\" style=\"text-align: justify;\">Ara l&#8217;equip directiu treballa sense treva perqu\u00e8 tot estigui a punt.<\/div>\n<div dir=\"auto\" style=\"text-align: justify;\">Sigueu ben feli\u00e7os aquest temps. Gaudiu de la natura, o de l&#8217;oci que ofereix la ciutat; aprofiteu per llargues sobretaules, compartint temps amb amics i fam\u00edlia. Desconnecteu per a reconnectar amb les piles ben carregades. L&#8217;escola us rebr\u00e0 amb la mateixa il\u00b7lusi\u00f3 que sempre i la llavor germinada d&#8217;un nou inici.<\/div>\n<\/div>\n<div class=\"x14z9mp xat24cr x1lziwak x1vvkbs xtlvy1s x126k92a\">\n<div dir=\"auto\" style=\"text-align: justify;\">Mentrestant no ens cansem de contemplar la imatge del cor de l&#8217;Escola Tom\u00e0s Moro, aquell cor que vam construir l&#8217;\u00faltim dia de curs, despr\u00e9s de les danses. I \u00e9s que sigui amb el nom que sigui la comunitat Tom\u00e0s Moro som aix\u00f2, un GRAN COR.<\/div>\n<\/div>\n<\/div>\n<div dir=\"auto\"><\/div>\n<div dir=\"auto\"><a href=\"https:\/\/agora.xtec.cat\/ceip-tomas-moro\/wp-content\/uploads\/usu2207\/2025\/07\/foto-cor-Tomas-Moro-petit.png\"><img loading=\"lazy\" decoding=\"async\" class=\"aligncenter size-medium wp-image-1553\" src=\"https:\/\/agora.xtec.cat\/ceip-tomas-moro\/wp-content\/uploads\/usu2207\/2025\/07\/foto-cor-Tomas-Moro-petit-300x212.png\" alt=\"\" width=\"300\" height=\"212\" srcset=\"https:\/\/agora.xtec.cat\/ceip-tomas-moro\/wp-content\/uploads\/usu2207\/2025\/07\/foto-cor-Tomas-Moro-petit-300x212.png 300w, https:\/\/agora.xtec.cat\/ceip-tomas-moro\/wp-content\/uploads\/usu2207\/2025\/07\/foto-cor-Tomas-Moro-petit-768x544.png 768w, https:\/\/agora.xtec.cat\/ceip-tomas-moro\/wp-content\/uploads\/usu2207\/2025\/07\/foto-cor-Tomas-Moro-petit.png 809w\" sizes=\"auto, (max-width: 300px) 100vw, 300px\" \/><\/a><\/div>\n<div class=\"html-div xdj266r x14z9mp xat24cr x1lziwak xexx8yu xyri2b x18d9i69 x1c1uobl\">\n<div dir=\"auto\"><\/div>\n<\/div>\n<\/div>\n<\/div>\n<\/div>\n<\/div>\n<\/div>\n","protected":false},"excerpt":{"rendered":"<p>Benvolgudes fam\u00edlies,<\/p>\n<p>Com sabeu l&#8217;Escola Tom\u00e0s Moro tanca el curs 24-25 i se&#8217;n va de vacances. Ha estat un curs molt especial, un curs en el que hem sabut que l&#8217;any vinent el centre es convertiria en Institut Escola, all\u00f2 que tants cops les fam\u00edlies hav\u00edeu&hellip;  <a href=\"https:\/\/agora.xtec.cat\/ceip-tomas-moro\/\" title=\"Read Inici\">Llegeix m\u00e9s\u00bb<\/a><\/p>\n","protected":false},"author":1,"featured_media":0,"parent":0,"menu_order":0,"comment_status":"closed","ping_status":"closed","template":"","meta":{"_bbp_topic_count":0,"_bbp_reply_count":0,"_bbp_total_topic_count":0,"_bbp_total_reply_count":0,"_bbp_voice_count":0,"_bbp_anonymous_reply_count":0,"_bbp_topic_count_hidden":0,"_bbp_reply_count_hidden":0,"_bbp_forum_subforum_count":0,"footnotes":""},"class_list":["post-1552","page","type-page","status-publish","hentry"],"post_mailing_queue_ids":[],"_links":{"self":[{"href":"https:\/\/agora.xtec.cat\/ceip-tomas-moro\/wp-json\/wp\/v2\/pages\/1552","targetHints":{"allow":["GET"]}}],"collection":[{"href":"https:\/\/agora.xtec.cat\/ceip-tomas-moro\/wp-json\/wp\/v2\/pages"}],"about":[{"href":"https:\/\/agora.xtec.cat\/ceip-tomas-moro\/wp-json\/wp\/v2\/types\/page"}],"author":[{"embeddable":true,"href":"https:\/\/agora.xtec.cat\/ceip-tomas-moro\/wp-json\/wp\/v2\/users\/1"}],"replies":[{"embeddable":true,"href":"https:\/\/agora.xtec.cat\/ceip-tomas-moro\/wp-json\/wp\/v2\/comments?post=1552"}],"version-history":[{"count":3,"href":"https:\/\/agora.xtec.cat\/ceip-tomas-moro\/wp-json\/wp\/v2\/pages\/1552\/revisions"}],"predecessor-version":[{"id":1558,"href":"https:\/\/agora.xtec.cat\/ceip-tomas-moro\/wp-json\/wp\/v2\/pages\/1552\/revisions\/1558"}],"wp:attachment":[{"href":"https:\/\/agora.xtec.cat\/ceip-tomas-moro\/wp-json\/wp\/v2\/media?parent=1552"}],"curies":[{"name":"wp","href":"https:\/\/api.w.org\/{rel}","templated":true}]}}