{"id":1137,"date":"2023-02-10T15:38:40","date_gmt":"2023-02-10T14:38:40","guid":{"rendered":"https:\/\/agora.xtec.cat\/ceip-tomas-moro\/?page_id=1137"},"modified":"2024-12-13T10:59:58","modified_gmt":"2024-12-13T09:59:58","slug":"sortides-i-colonies","status":"publish","type":"page","link":"https:\/\/agora.xtec.cat\/ceip-tomas-moro\/serveis\/sortides-i-colonies\/","title":{"rendered":"Sortides i col\u00f2nies"},"content":{"rendered":"<p>Fa uns dies cicle inicial va anar a veure un musical \ud83c\udfa4\ud83c\udfb8\ud83c\udfa5\ud83c\udfac<\/p>\n<p>Ens vam quedar bocabadats!! Va ser &#8230; de pel\u2022l\u00edcula!!!!\ud83c\udfac<\/p>\n<p>Si voleu veure m\u00e9s fotos i algun v\u00eddeo ho podeu fer accedint a les carpetes de cada curs dels vostres fills\/filles.<\/p>\n<p>&nbsp;<\/p>\n<p><a href=\"https:\/\/agora.xtec.cat\/ceip-tomas-moro\/wp-content\/uploads\/usu2207\/2024\/12\/Foto-musical.png\"><img loading=\"lazy\" decoding=\"async\" class=\"wp-image-1438 size-full alignleft\" src=\"https:\/\/agora.xtec.cat\/ceip-tomas-moro\/wp-content\/uploads\/usu2207\/2024\/12\/Foto-musical.png\" alt=\"\" width=\"891\" height=\"875\" srcset=\"https:\/\/agora.xtec.cat\/ceip-tomas-moro\/wp-content\/uploads\/usu2207\/2024\/12\/Foto-musical.png 891w, https:\/\/agora.xtec.cat\/ceip-tomas-moro\/wp-content\/uploads\/usu2207\/2024\/12\/Foto-musical-300x295.png 300w, https:\/\/agora.xtec.cat\/ceip-tomas-moro\/wp-content\/uploads\/usu2207\/2024\/12\/Foto-musical-768x754.png 768w\" sizes=\"auto, (max-width: 891px) 100vw, 891px\" \/><\/a><\/p>\n<p>&nbsp;<\/p>\n<p><a href=\"https:\/\/agora.xtec.cat\/ceip-tomas-moro\/wp-content\/uploads\/usu2207\/2024\/03\/spiribol.jpg\"><img loading=\"lazy\" decoding=\"async\" class=\"alignnone size-large wp-image-1335\" src=\"https:\/\/agora.xtec.cat\/ceip-tomas-moro\/wp-content\/uploads\/usu2207\/2024\/03\/spiribol-1024x1024.jpg\" alt=\"\" width=\"1024\" height=\"1024\" srcset=\"https:\/\/agora.xtec.cat\/ceip-tomas-moro\/wp-content\/uploads\/usu2207\/2024\/03\/spiribol-1024x1024.jpg 1024w, https:\/\/agora.xtec.cat\/ceip-tomas-moro\/wp-content\/uploads\/usu2207\/2024\/03\/spiribol-300x300.jpg 300w, https:\/\/agora.xtec.cat\/ceip-tomas-moro\/wp-content\/uploads\/usu2207\/2024\/03\/spiribol-150x150.jpg 150w, https:\/\/agora.xtec.cat\/ceip-tomas-moro\/wp-content\/uploads\/usu2207\/2024\/03\/spiribol-768x768.jpg 768w, https:\/\/agora.xtec.cat\/ceip-tomas-moro\/wp-content\/uploads\/usu2207\/2024\/03\/spiribol.jpg 1080w\" sizes=\"auto, (max-width: 1024px) 100vw, 1024px\" \/><\/a><\/p>\n<p>Hola, fam\u00edlies,<br \/>\nFa uns dies les GIMNASTES i les ATLETES de Cicle Inicial van gaudir d&#8217;una visita a l&#8217;Aqu\u00e0rium de Barcelona observant tot all\u00f2 que hem apr\u00e9s dels peixos a Medi.<br \/>\nQuina varietat de colors tenien!!<br \/>\nQuina por els taurons!!<br \/>\nMireu, mireu les fotos&#8230;.<\/p>\n<p>https:\/\/blocs.xtec.cat\/tomasmoroci1314\/<\/p>\n<p><a href=\"https:\/\/agora.xtec.cat\/ceip-tomas-moro\/wp-content\/uploads\/usu2207\/2024\/03\/Aquarium.jpg\"><img loading=\"lazy\" decoding=\"async\" class=\"alignnone size-large wp-image-1315\" src=\"https:\/\/agora.xtec.cat\/ceip-tomas-moro\/wp-content\/uploads\/usu2207\/2024\/03\/Aquarium-1024x1024.jpg\" alt=\"\" width=\"1024\" height=\"1024\" srcset=\"https:\/\/agora.xtec.cat\/ceip-tomas-moro\/wp-content\/uploads\/usu2207\/2024\/03\/Aquarium-1024x1024.jpg 1024w, https:\/\/agora.xtec.cat\/ceip-tomas-moro\/wp-content\/uploads\/usu2207\/2024\/03\/Aquarium-300x300.jpg 300w, https:\/\/agora.xtec.cat\/ceip-tomas-moro\/wp-content\/uploads\/usu2207\/2024\/03\/Aquarium-150x150.jpg 150w, https:\/\/agora.xtec.cat\/ceip-tomas-moro\/wp-content\/uploads\/usu2207\/2024\/03\/Aquarium-768x768.jpg 768w, https:\/\/agora.xtec.cat\/ceip-tomas-moro\/wp-content\/uploads\/usu2207\/2024\/03\/Aquarium.jpg 1080w\" sizes=\"auto, (max-width: 1024px) 100vw, 1024px\" \/><\/a>Hola, fam\u00edlies. Sab\u00edeu que fa uns dies vam participar tota l&#8217;escola d&#8217;un taller d&#8217;emocions? Formava part de les activitats palanca del projecte PMOE PROA+. Ho va fer tota l\u2019escola, des d\u2019I3 fins a 6\u00e8, durant 3 sessions. Vam aprendre moltes coses i ens vam expressar ballant, fent pl\u00e0stica i meditant. Vam connectar amb les nostres emocions fomentant la cohesi\u00f3 de grup. Un taller incre\u00efble! Ara en som fans del Mindfulness<\/p>\n<p>Si voleu veure les fotos cliqueu el seg\u00fcent enlla\u00e7:<\/p>\n<p>https:\/\/drive.google.com\/&#8230;\/1_AZQFFpdZEjd9BQgJnIvuHIzXgi&#8230;<\/p>\n<p><a href=\"https:\/\/agora.xtec.cat\/ceip-tomas-moro\/wp-content\/uploads\/usu2207\/2024\/03\/taller-emocions.jpg\"><img loading=\"lazy\" decoding=\"async\" class=\"alignnone size-large wp-image-1312\" src=\"https:\/\/agora.xtec.cat\/ceip-tomas-moro\/wp-content\/uploads\/usu2207\/2024\/03\/taller-emocions-1024x1024.jpg\" alt=\"\" width=\"1024\" height=\"1024\" srcset=\"https:\/\/agora.xtec.cat\/ceip-tomas-moro\/wp-content\/uploads\/usu2207\/2024\/03\/taller-emocions-1024x1024.jpg 1024w, https:\/\/agora.xtec.cat\/ceip-tomas-moro\/wp-content\/uploads\/usu2207\/2024\/03\/taller-emocions-300x300.jpg 300w, https:\/\/agora.xtec.cat\/ceip-tomas-moro\/wp-content\/uploads\/usu2207\/2024\/03\/taller-emocions-150x150.jpg 150w, https:\/\/agora.xtec.cat\/ceip-tomas-moro\/wp-content\/uploads\/usu2207\/2024\/03\/taller-emocions-768x768.jpg 768w, https:\/\/agora.xtec.cat\/ceip-tomas-moro\/wp-content\/uploads\/usu2207\/2024\/03\/taller-emocions.jpg 1080w\" sizes=\"auto, (max-width: 1024px) 100vw, 1024px\" \/><\/a>Hola, fam\u00edlies. Sabeu que 6\u00e8 som la classe de Les Futbolistes? Doncs el passat 29 de gener vam anar a jugar una Kings League al Camp Municipal de Narc\u00eds Sala de Sant Andreu. All\u00e0 vam con\u00e8ixer la Nicole, representant de la Queens League i ens va signar aut\u00f2grafs. Va ser fant\u00e0stic!<\/p>\n<p><a href=\"https:\/\/agora.xtec.cat\/ceip-tomas-moro\/wp-content\/uploads\/usu2207\/2024\/02\/Kings-league.png\"><img loading=\"lazy\" decoding=\"async\" class=\"alignnone size-full wp-image-1296\" src=\"https:\/\/agora.xtec.cat\/ceip-tomas-moro\/wp-content\/uploads\/usu2207\/2024\/02\/Kings-league.png\" alt=\"\" width=\"885\" height=\"741\" srcset=\"https:\/\/agora.xtec.cat\/ceip-tomas-moro\/wp-content\/uploads\/usu2207\/2024\/02\/Kings-league.png 885w, https:\/\/agora.xtec.cat\/ceip-tomas-moro\/wp-content\/uploads\/usu2207\/2024\/02\/Kings-league-300x250.png 300w, https:\/\/agora.xtec.cat\/ceip-tomas-moro\/wp-content\/uploads\/usu2207\/2024\/02\/Kings-league-768x643.png 768w\" sizes=\"auto, (max-width: 885px) 100vw, 885px\" \/><\/a><\/p>\n<p>Bon dia fam\u00edlies! Us compartim aquesta foto de l&#8217;obra de teatre en angl\u00e8s Billy Elliot. Va ser representada al vest\u00edbul de l&#8217;escola per la companyia &#8220;Jumping Ducks&#8221; i va comptar amb la participaci\u00f3 dels alumnes de cicle mitj\u00e0 i superior. Tothom s&#8217;ho va passar d&#8217;all\u00f2 m\u00e9s b\u00e9 practicant angl\u00e8s.<\/p>\n<p><a href=\"https:\/\/agora.xtec.cat\/ceip-tomas-moro\/wp-content\/uploads\/usu2207\/2024\/01\/foto-billy-Elliot.png\"><img loading=\"lazy\" decoding=\"async\" class=\"size-full wp-image-1281 aligncenter\" src=\"https:\/\/agora.xtec.cat\/ceip-tomas-moro\/wp-content\/uploads\/usu2207\/2024\/01\/foto-billy-Elliot.png\" alt=\"\" width=\"895\" height=\"758\" srcset=\"https:\/\/agora.xtec.cat\/ceip-tomas-moro\/wp-content\/uploads\/usu2207\/2024\/01\/foto-billy-Elliot.png 895w, https:\/\/agora.xtec.cat\/ceip-tomas-moro\/wp-content\/uploads\/usu2207\/2024\/01\/foto-billy-Elliot-300x254.png 300w, https:\/\/agora.xtec.cat\/ceip-tomas-moro\/wp-content\/uploads\/usu2207\/2024\/01\/foto-billy-Elliot-768x650.png 768w\" sizes=\"auto, (max-width: 895px) 100vw, 895px\" \/><\/a><\/p>\n<div class=\"xdj266r x11i5rnm xat24cr x1mh8g0r x1vvkbs x126k92a\"><\/div>\n<div dir=\"auto\"><\/div>\n<div dir=\"auto\"><\/div>\n<div dir=\"auto\">\n<p>JUGUEM AL TAMBOR\u00cd<\/p>\n<p>El passat 30 de novembre els alumnes de 5\u00e8 vam anar a Montju\u00efc a jugar una trobada de tambor\u00ed entre escoles. No \u00e9s un esport tan conegut com d\u2019altres, tot i que t\u00e9 m\u00e9s de 100 anys, per\u00f2 poc<\/p>\n<p>a poc s\u2019est\u00e0 fent un lloc a Catalunya. Ho vam passar molt b\u00e9 i esperem repetir.<\/p>\n<p>Si voleu veure fotos i v\u00eddeos cliqueu al seg\u00fcent enlla\u00e7:<\/p>\n<\/div>\n<div class=\"x11i5rnm xat24cr x1mh8g0r x1vvkbs xtlvy1s x126k92a\">\n<div dir=\"auto\"><\/div>\n<div dir=\"auto\"><a class=\"x1i10hfl xjbqb8w x6umtig x1b1mbwd xaqea5y xav7gou x9f619 x1ypdohk xt0psk2 xe8uvvx xdj266r x11i5rnm xat24cr x1mh8g0r xexx8yu x4uap5 x18d9i69 xkhd6sd x16tdsg8 x1hl2dhg xggy1nq x1a2a7pz xt0b8zv x1fey0fg\" tabindex=\"0\" role=\"link\" href=\"https:\/\/blocs.xtec.cat\/tomasmorocs1314\/2023\/12\/07\/5e-juguem-al-tambori\/?fbclid=IwAR1CZVVSAa5caUwpcRm7AH7Ofv-nO0dO3WDZhC_fEKksn8V-Bsd-ZNPUszA\" target=\"_blank\" rel=\"nofollow noopener noreferrer\">https:\/\/blocs.xtec.cat\/&#8230;\/2023\/12\/07\/5e-juguem-al-tambori\/<\/a><\/div>\n<\/div>\n<div dir=\"auto\"><\/div>\n<div dir=\"auto\"><\/div>\n<div dir=\"auto\"><\/div>\n<div dir=\"auto\"><\/div>\n<div dir=\"auto\"><\/div>\n<div dir=\"auto\"><\/div>\n<p><a href=\"https:\/\/agora.xtec.cat\/ceip-tomas-moro\/wp-content\/uploads\/usu2207\/2023\/12\/foto-tambori.jpg\"><img loading=\"lazy\" decoding=\"async\" class=\"wp-image-1246 aligncenter\" src=\"https:\/\/agora.xtec.cat\/ceip-tomas-moro\/wp-content\/uploads\/usu2207\/2023\/12\/foto-tambori-1024x1024.jpg\" alt=\"\" width=\"560\" height=\"560\" srcset=\"https:\/\/agora.xtec.cat\/ceip-tomas-moro\/wp-content\/uploads\/usu2207\/2023\/12\/foto-tambori-1024x1024.jpg 1024w, https:\/\/agora.xtec.cat\/ceip-tomas-moro\/wp-content\/uploads\/usu2207\/2023\/12\/foto-tambori-300x300.jpg 300w, https:\/\/agora.xtec.cat\/ceip-tomas-moro\/wp-content\/uploads\/usu2207\/2023\/12\/foto-tambori-150x150.jpg 150w, https:\/\/agora.xtec.cat\/ceip-tomas-moro\/wp-content\/uploads\/usu2207\/2023\/12\/foto-tambori-768x768.jpg 768w, https:\/\/agora.xtec.cat\/ceip-tomas-moro\/wp-content\/uploads\/usu2207\/2023\/12\/foto-tambori.jpg 1080w\" sizes=\"auto, (max-width: 560px) 100vw, 560px\" \/><\/a><\/p>\n<div class=\"xdj266r x11i5rnm xat24cr x1mh8g0r x1vvkbs x126k92a\"><\/div>\n<div class=\"x11i5rnm xat24cr x1mh8g0r x1vvkbs xtlvy1s x126k92a\">\n<div dir=\"auto\">\n<p>Els nens i nenes de cicle inicial vam fer una sortida pel barri. Si no reconeixeu la foto potser les ATLETES i les GIMNASTES us poden ajudar a descobrir on hem estat.<\/p>\n<p>Per a veure m\u00e9s fotos cliqueu al bloc de Cicle Inicial. <a class=\"x1i10hfl xjbqb8w x6umtig x1b1mbwd xaqea5y xav7gou x9f619 x1ypdohk xt0psk2 xe8uvvx xdj266r x11i5rnm xat24cr x1mh8g0r xexx8yu x4uap5 x18d9i69 xkhd6sd x16tdsg8 x1hl2dhg xggy1nq x1a2a7pz xt0b8zv x1fey0fg\" tabindex=\"0\" role=\"link\" href=\"https:\/\/blocs.xtec.cat\/tomasmoroci1314\/?fbclid=IwAR3epzI3mU4rcs10gD2ulg_8jHDccJQJNn1jWhZzMH8qwCsgfbJSKfuwoZU\" target=\"_blank\" rel=\"nofollow noopener noreferrer\">https:\/\/blocs.xtec.cat\/tomasmoroci1314\/<\/a><\/p>\n<\/div>\n<\/div>\n<p>&nbsp;<\/p>\n<p>&nbsp;<\/p>\n<p><a href=\"https:\/\/agora.xtec.cat\/ceip-tomas-moro\/wp-content\/uploads\/usu2207\/2023\/12\/passeig-per-Canyelles.jpg\"><img loading=\"lazy\" decoding=\"async\" class=\" wp-image-1253 aligncenter\" src=\"https:\/\/agora.xtec.cat\/ceip-tomas-moro\/wp-content\/uploads\/usu2207\/2023\/12\/passeig-per-Canyelles.jpg\" alt=\"\" width=\"579\" height=\"579\" srcset=\"https:\/\/agora.xtec.cat\/ceip-tomas-moro\/wp-content\/uploads\/usu2207\/2023\/12\/passeig-per-Canyelles.jpg 526w, https:\/\/agora.xtec.cat\/ceip-tomas-moro\/wp-content\/uploads\/usu2207\/2023\/12\/passeig-per-Canyelles-300x300.jpg 300w, https:\/\/agora.xtec.cat\/ceip-tomas-moro\/wp-content\/uploads\/usu2207\/2023\/12\/passeig-per-Canyelles-150x150.jpg 150w\" sizes=\"auto, (max-width: 579px) 100vw, 579px\" \/><\/a><\/p>\n<p>&nbsp;<\/p>\n<p>El passat 28 d&#8217;abril Cicle Mitj\u00e0 visita el Poliorama per descobrir Queen, ballar molt i practicar l&#8217;angl\u00e8s.<br \/>\nSi voleu veure les fotos punxeu el seg\u00fcent enlla\u00e7:<br \/>\n<a href=\"https:\/\/l.facebook.com\/l.php?u=https%3A%2F%2Fdrive.google.com%2Fdrive%2Ffolders%2F118My5Z6C2WvoyE-md9JaioP-peKvgIZV%3Fusp%3Dshare_link%26fbclid%3DIwAR2xt0p9Z2m8GKHrciBzWSx3kFvNxWRr53teVqWAoxssRkYnOKfYbsblX1A&amp;h=AT2soCAmlSWYcvdX7_Z0Xb1262yB711Ru6Hn32BQ5cGBJD0Yt49mAhxePsO_kkp8mwJFI_BsI1LbahhjFSyD0kWbsGnti_mA_9MEN5L8CpJ8HxjoSxYnVbJ1KBrw8ygh5u5v&amp;__tn__=-UK-R&amp;c[0]=AT3qfl_ch8Ouqfmy82ZfGIWflkLvaiVilJg7Bc1vt75JnTdRmtOi3mNrqfIvhmwFcn-NQc7OSPrSUp5B-lCmyOYiwIdyoLlm11ANex6ftzwVDrCVITzfP9wdtdKemktpCq2VtjTJeox17b_rVNaNlI9XItUMrlIiGSAD3FMsJ-Y5SaBYOE92XpvUtBhy5Qkm8liFWHQSZI-T\" target=\"_blank\" rel=\"noopener\">Fotos Concert Rock<\/a><\/p>\n<p><a href=\"https:\/\/agora.xtec.cat\/ceip-tomas-moro\/wp-content\/uploads\/usu2207\/2023\/05\/Rock-music.jpg\"><img loading=\"lazy\" decoding=\"async\" class=\"size-full wp-image-1191 aligncenter\" src=\"https:\/\/agora.xtec.cat\/ceip-tomas-moro\/wp-content\/uploads\/usu2207\/2023\/05\/Rock-music.jpg\" alt=\"\" width=\"526\" height=\"526\" srcset=\"https:\/\/agora.xtec.cat\/ceip-tomas-moro\/wp-content\/uploads\/usu2207\/2023\/05\/Rock-music.jpg 526w, https:\/\/agora.xtec.cat\/ceip-tomas-moro\/wp-content\/uploads\/usu2207\/2023\/05\/Rock-music-300x300.jpg 300w, https:\/\/agora.xtec.cat\/ceip-tomas-moro\/wp-content\/uploads\/usu2207\/2023\/05\/Rock-music-150x150.jpg 150w\" sizes=\"auto, (max-width: 526px) 100vw, 526px\" \/><\/a><\/p>\n<p>Fa una setmana els infants d&#8217;I5 vam anar a la recerca del Joc Perdut! Vam compartir diferents jocs amb infants d&#8217;altres escoles a la Pla\u00e7a Major de Nou Barris.<br \/>\n\ud83d\ude03 Una trobada que fem cada any, on ens ho passem superb\u00e9!<br \/>\nPer a veure m\u00e9s fotos cliqueu a &#8230;<\/p>\n<p><a href=\"https:\/\/l.facebook.com\/l.php?u=https%3A%2F%2Fblocs.xtec.cat%2Ftomasmoroei1314%2F%3Ffbclid%3DIwAR24uveAa74Zkg2gAcE7cJMeff0iNwPg93omN6JO1mzOCUUksSHWqm-g-7U&amp;h=AT3ALSSjeLezLnqp99EB0ueDBcGyLwAI-7v1fFmH_XPYqjqb-R6V-YbbRLVjmJH21zeW5Ukt3kNgqOZSUpPtQYN3OSm_W-S8dLYI_6LfTs4UxzZCvVe-Q6rsQwSLa-B0MkJa&amp;__tn__=-UK-R&amp;c[0]=AT3vv5yMkdYqpnUhPuJu8WeT-OzdAJ-apP4IKXBGqkQji6swHIB0jZXYj_oeFNHr-kJxD-mnlBOaV7FYIYz7c3DrZXHbuqKwOfCEALq3gg6XpvdXpgo2YOKgwYHSJckDtmD-PMeprx2PBagTr_nZoa4O-5CNv8ANu1c6E3AIv9hrzjtkPxy6PBH6RMqY93yNmftzFI2vkEVb\">Joc perdut 2023<\/a><br \/>\n<a href=\"https:\/\/agora.xtec.cat\/ceip-tomas-moro\/wp-content\/uploads\/usu2207\/2023\/05\/Joc-perdut.jpg\"><img loading=\"lazy\" decoding=\"async\" class=\"alignnone size-full wp-image-1187\" src=\"https:\/\/agora.xtec.cat\/ceip-tomas-moro\/wp-content\/uploads\/usu2207\/2023\/05\/Joc-perdut.jpg\" alt=\"\" width=\"526\" height=\"526\" srcset=\"https:\/\/agora.xtec.cat\/ceip-tomas-moro\/wp-content\/uploads\/usu2207\/2023\/05\/Joc-perdut.jpg 526w, https:\/\/agora.xtec.cat\/ceip-tomas-moro\/wp-content\/uploads\/usu2207\/2023\/05\/Joc-perdut-300x300.jpg 300w, https:\/\/agora.xtec.cat\/ceip-tomas-moro\/wp-content\/uploads\/usu2207\/2023\/05\/Joc-perdut-150x150.jpg 150w\" sizes=\"auto, (max-width: 526px) 100vw, 526px\" \/><\/a><\/p>\n<p>5\u00e8 a BArcino<br \/>\nAhir amb el grup de 5\u00e8, Gaud\u00ed, vam visitar Barcino, la Barcelona romana. Va ser un mat\u00ed carregat d&#8217;experi\u00e8ncies i imatges, un viatge al nostre passat que ens va captivar. Ens van fascinar especialment les columnes del temple d&#8217;August. Un monument situat dins del pati d&#8217;un edifici medieval, prop de la pla\u00e7a Sant Jaume, for\u00e7a desconegut per molts barcelonins que val la pena visitar per a con\u00e8ixer els vestigis del passat. Tan gran i extraordinari que sembla que formem part d&#8217;un decorat de pel\u00b7l\u00edcula. \ud83d\ude0d<br \/>\nPer a veure m\u00e9s fotos cliqueu a&#8230;<br \/>\n<a href=\"https:\/\/drive.google.com\/drive\/folders\/17Sdz_tCmhyn9nZ9aXICHXYxkxE3W577P?usp=share_link\">Fotos drive Barcino<\/a><br \/>\n#barcino #escolatom\u00e0smoro #ciclesuperior<\/p>\n<p><a href=\"https:\/\/agora.xtec.cat\/ceip-tomas-moro\/wp-content\/uploads\/usu2207\/2023\/03\/Barcino-5e.png\"><img loading=\"lazy\" decoding=\"async\" class=\"alignnone size-full wp-image-1151\" src=\"https:\/\/agora.xtec.cat\/ceip-tomas-moro\/wp-content\/uploads\/usu2207\/2023\/03\/Barcino-5e.png\" alt=\"\" width=\"940\" height=\"788\" srcset=\"https:\/\/agora.xtec.cat\/ceip-tomas-moro\/wp-content\/uploads\/usu2207\/2023\/03\/Barcino-5e.png 940w, https:\/\/agora.xtec.cat\/ceip-tomas-moro\/wp-content\/uploads\/usu2207\/2023\/03\/Barcino-5e-300x250.png 300w, https:\/\/agora.xtec.cat\/ceip-tomas-moro\/wp-content\/uploads\/usu2207\/2023\/03\/Barcino-5e-768x644.png 768w\" sizes=\"auto, (max-width: 940px) 100vw, 940px\" \/><\/a><\/p>\n<p>Els ESTELS d\u2019I3 vam anar caminant fins a l\u2019EB EL VENT per jugar una estoneta al seu jard\u00ed i gaudir, amb els petits d\u2019I2, del conte DINS DEL COR, conte propi de l\u2019ADA CUSID\u00d3, que parla sobre l\u2019amistat i la companyia.<\/p>\n<p>\ud83d\ude01 Ens ho vam passar molt b\u00e9, cantant amb la colla d\u2019amics que viuen entre la roba del seu estenedor; el peix, la marieta, l\u2019ocellet i l\u2019abella, uns preciosos titelles.<\/p>\n<p><a href=\"https:\/\/agora.xtec.cat\/ceip-tomas-moro\/wp-content\/uploads\/usu2207\/2023\/02\/EB-El-Vent-.jpg\"><img loading=\"lazy\" decoding=\"async\" class=\"alignnone size-large wp-image-1140\" src=\"https:\/\/agora.xtec.cat\/ceip-tomas-moro\/wp-content\/uploads\/usu2207\/2023\/02\/EB-El-Vent--1024x1024.jpg\" alt=\"\" width=\"1024\" height=\"1024\" srcset=\"https:\/\/agora.xtec.cat\/ceip-tomas-moro\/wp-content\/uploads\/usu2207\/2023\/02\/EB-El-Vent--1024x1024.jpg 1024w, https:\/\/agora.xtec.cat\/ceip-tomas-moro\/wp-content\/uploads\/usu2207\/2023\/02\/EB-El-Vent--300x300.jpg 300w, https:\/\/agora.xtec.cat\/ceip-tomas-moro\/wp-content\/uploads\/usu2207\/2023\/02\/EB-El-Vent--150x150.jpg 150w, https:\/\/agora.xtec.cat\/ceip-tomas-moro\/wp-content\/uploads\/usu2207\/2023\/02\/EB-El-Vent--768x768.jpg 768w, https:\/\/agora.xtec.cat\/ceip-tomas-moro\/wp-content\/uploads\/usu2207\/2023\/02\/EB-El-Vent-.jpg 1080w\" sizes=\"auto, (max-width: 1024px) 100vw, 1024px\" \/><\/a><\/p>\n<p>6\u00e8 LA BARCELONA MEDIEVAL<br \/>\nFa uns dies els alumnes de 6\u00e8 vam visitar el barri g\u00f2tic de Barcelona, podent veure mostres d\u2019arquitectura medieval, sobretot g\u00f2tiques. Hem vist coses tals com: la catedral de Santa Maria del Mar, el call jueu, una pla\u00e7a on es celebraven justes entre cavallers, un palau reial, molts carrers amb els noms dels diferents gremis i fins i tot hem baixat a una cripta. Una visita molt interessant!<br \/>\n<a href=\"https:\/\/agora.xtec.cat\/ceip-tomas-moro\/wp-content\/uploads\/usu2207\/2023\/02\/Bcn-medieval.jpg\"><img loading=\"lazy\" decoding=\"async\" class=\"alignnone size-full wp-image-1129\" src=\"https:\/\/agora.xtec.cat\/ceip-tomas-moro\/wp-content\/uploads\/usu2207\/2023\/02\/Bcn-medieval.jpg\" alt=\"\" width=\"526\" height=\"526\" srcset=\"https:\/\/agora.xtec.cat\/ceip-tomas-moro\/wp-content\/uploads\/usu2207\/2023\/02\/Bcn-medieval.jpg 526w, https:\/\/agora.xtec.cat\/ceip-tomas-moro\/wp-content\/uploads\/usu2207\/2023\/02\/Bcn-medieval-300x300.jpg 300w, https:\/\/agora.xtec.cat\/ceip-tomas-moro\/wp-content\/uploads\/usu2207\/2023\/02\/Bcn-medieval-150x150.jpg 150w\" sizes=\"auto, (max-width: 526px) 100vw, 526px\" \/><\/a><\/p>\n","protected":false},"excerpt":{"rendered":"<p>Fa uns dies cicle inicial va anar a veure un musical \ud83c\udfa4\ud83c\udfb8\ud83c\udfa5\ud83c\udfac<br \/>\nEns vam quedar bocabadats!! Va ser &#8230; de pel\u2022l\u00edcula!!!!\ud83c\udfac<br \/>\nSi voleu veure m\u00e9s fotos i algun v\u00eddeo ho podeu fer accedint a les carpetes de cada curs dels vostres fills\/filles.<br \/>\n&nbsp;<br \/>\n<a href=\"https:\/\/agora.xtec.cat\/ceip-tomas-moro\/wp-content\/uploads\/usu2207\/2024\/12\/Foto-musical.png\"><\/a><br \/>\n&nbsp;<br \/>\n<a href=\"https:\/\/agora.xtec.cat\/ceip-tomas-moro\/wp-content\/uploads\/usu2207\/2024\/03\/spiribol.jpg\"><\/a><br \/>\nHola, fam\u00edlies,<br \/>\nFa uns dies&hellip;  <a href=\"https:\/\/agora.xtec.cat\/ceip-tomas-moro\/serveis\/sortides-i-colonies\/\" title=\"Read Sortides i col\u00f2nies\">Llegeix m\u00e9s\u00bb<\/a><\/p>\n","protected":false},"author":1,"featured_media":0,"parent":66,"menu_order":3,"comment_status":"open","ping_status":"closed","template":"page-templates\/front-page.php","meta":{"_bbp_topic_count":0,"_bbp_reply_count":0,"_bbp_total_topic_count":0,"_bbp_total_reply_count":0,"_bbp_voice_count":0,"_bbp_anonymous_reply_count":0,"_bbp_topic_count_hidden":0,"_bbp_reply_count_hidden":0,"_bbp_forum_subforum_count":0,"footnotes":""},"class_list":["post-1137","page","type-page","status-publish","hentry"],"post_mailing_queue_ids":[],"_links":{"self":[{"href":"https:\/\/agora.xtec.cat\/ceip-tomas-moro\/wp-json\/wp\/v2\/pages\/1137","targetHints":{"allow":["GET"]}}],"collection":[{"href":"https:\/\/agora.xtec.cat\/ceip-tomas-moro\/wp-json\/wp\/v2\/pages"}],"about":[{"href":"https:\/\/agora.xtec.cat\/ceip-tomas-moro\/wp-json\/wp\/v2\/types\/page"}],"author":[{"embeddable":true,"href":"https:\/\/agora.xtec.cat\/ceip-tomas-moro\/wp-json\/wp\/v2\/users\/1"}],"replies":[{"embeddable":true,"href":"https:\/\/agora.xtec.cat\/ceip-tomas-moro\/wp-json\/wp\/v2\/comments?post=1137"}],"version-history":[{"count":6,"href":"https:\/\/agora.xtec.cat\/ceip-tomas-moro\/wp-json\/wp\/v2\/pages\/1137\/revisions"}],"predecessor-version":[{"id":1442,"href":"https:\/\/agora.xtec.cat\/ceip-tomas-moro\/wp-json\/wp\/v2\/pages\/1137\/revisions\/1442"}],"up":[{"embeddable":true,"href":"https:\/\/agora.xtec.cat\/ceip-tomas-moro\/wp-json\/wp\/v2\/pages\/66"}],"wp:attachment":[{"href":"https:\/\/agora.xtec.cat\/ceip-tomas-moro\/wp-json\/wp\/v2\/media?parent=1137"}],"curies":[{"name":"wp","href":"https:\/\/api.w.org\/{rel}","templated":true}]}}