{"id":964,"date":"2019-09-13T12:15:37","date_gmt":"2019-09-13T10:15:37","guid":{"rendered":"http:\/\/agora.xtec.cat\/ceip-timbaler\/?page_id=964"},"modified":"2025-11-21T16:56:31","modified_gmt":"2025-11-21T15:56:31","slug":"secretaria","status":"publish","type":"page","link":"https:\/\/agora.xtec.cat\/ceip-timbaler\/secretaria\/","title":{"rendered":"HORARIS DE DESPATX"},"content":{"rendered":"<h2 style=\"text-align: center;\"><\/h2>\n<h3 style=\"text-align: center;\"><span style=\"text-decoration: underline;\"><strong>D&#8217;ATENCI\u00d3 DE L&#8217;EQUIP DIRECTIU<\/strong><\/span><\/h3>\n<table class=\" aligncenter\" style=\"width: 656px; border-color: #000000;\">\n<tbody>\n<tr>\n<td style=\"width: 163px; border-color: #000000;\">\n<h5><strong>DIRECTORA<\/strong><\/h5>\n<\/td>\n<td style=\"width: 179px; border-color: #000000;\">\n<h5><strong>Mireia Arnau<\/strong><\/h5>\n<\/td>\n<td style=\"width: 304px; border-color: #000000;\" rowspan=\"3\">\n<ul style=\"list-style-type: square;\">\n<li>De 9h a 9\u201930h tots els dies de la setmana.<\/li>\n<li>Dimecres i divendres de 15\u201930 a 16\u201930hores.<\/li>\n<\/ul>\n<p><strong>ES PREGA DEMANAR CITA PR\u00c8VIA<\/strong><\/td>\n<\/tr>\n<tr>\n<td style=\"width: 163px; border-color: #000000;\">\n<h5><strong>CAP D&#8217;ESTUDIS<\/strong><\/h5>\n<\/td>\n<td style=\"width: 179px; border-color: #000000;\">\n<h5><strong>Ana Rodr\u00edguez<\/strong><\/h5>\n<\/td>\n<\/tr>\n<tr>\n<td style=\"width: 163px; border-color: #000000;\">\n<h5><strong>SECRET\u00c0RIA<\/strong><\/h5>\n<\/td>\n<td style=\"width: 179px; border-color: #000000;\">\n<h5><strong>Montse Rodr\u00edguez<\/strong><\/h5>\n<\/td>\n<\/tr>\n<\/tbody>\n<\/table>\n<h3 style=\"text-align: center;\"><strong><span style=\"text-decoration: underline;\">ADMINISTRATIVA DEL CENTRE<\/span><\/strong><\/h3>\n<p style=\"text-align: center;\">De dilluns a divendres de 9h a 14h i de 15h a 17\u201930h.<\/p>\n","protected":false},"excerpt":{"rendered":"<p>D&#8217;ATENCI\u00d3 DE L&#8217;EQUIP DIRECTIU DIRECTORA Mireia Arnau De 9h a 9\u201930h tots els dies de la setmana. Dimecres i divendres de 15\u201930 a 16\u201930hores. ES PREGA DEMANAR CITA PR\u00c8VIA CAP D&#8217;ESTUDIS Ana Rodr\u00edguez SECRET\u00c0RIA Montse Rodr\u00edguez ADMINISTRATIVA DEL CENTRE De dilluns a divendres de 9h a 14h i de 15h a 17\u201930h.<\/p>\n","protected":false},"author":4,"featured_media":0,"parent":0,"menu_order":0,"comment_status":"closed","ping_status":"closed","template":"","meta":{"_bbp_topic_count":0,"_bbp_reply_count":0,"_bbp_total_topic_count":0,"_bbp_total_reply_count":0,"_bbp_voice_count":0,"_bbp_anonymous_reply_count":0,"_bbp_topic_count_hidden":0,"_bbp_reply_count_hidden":0,"_bbp_forum_subforum_count":0,"site-sidebar-layout":"default","site-content-layout":"","ast-site-content-layout":"default","site-content-style":"default","site-sidebar-style":"default","ast-global-header-display":"","ast-banner-title-visibility":"","ast-main-header-display":"","ast-hfb-above-header-display":"","ast-hfb-below-header-display":"","ast-hfb-mobile-header-display":"","site-post-title":"","ast-breadcrumbs-content":"","ast-featured-img":"","footer-sml-layout":"","theme-transparent-header-meta":"","adv-header-id-meta":"","stick-header-meta":"","header-above-stick-meta":"","header-main-stick-meta":"","header-below-stick-meta":"","astra-migrate-meta-layouts":"set","ast-page-background-enabled":"default","ast-page-background-meta":{"desktop":{"background-color":"var(--ast-global-color-4)","background-image":"","background-repeat":"repeat","background-position":"center center","background-size":"auto","background-attachment":"scroll","background-type":"","background-media":"","overlay-type":"","overlay-color":"","overlay-opacity":"","overlay-gradient":""},"tablet":{"background-color":"","background-image":"","background-repeat":"repeat","background-position":"center center","background-size":"auto","background-attachment":"scroll","background-type":"","background-media":"","overlay-type":"","overlay-color":"","overlay-opacity":"","overlay-gradient":""},"mobile":{"background-color":"","background-image":"","background-repeat":"repeat","background-position":"center center","background-size":"auto","background-attachment":"scroll","background-type":"","background-media":"","overlay-type":"","overlay-color":"","overlay-opacity":"","overlay-gradient":""}},"ast-content-background-meta":{"desktop":{"background-color":"var(--ast-global-color-5)","background-image":"","background-repeat":"repeat","background-position":"center center","background-size":"auto","background-attachment":"scroll","background-type":"","background-media":"","overlay-type":"","overlay-color":"","overlay-opacity":"","overlay-gradient":""},"tablet":{"background-color":"var(--ast-global-color-5)","background-image":"","background-repeat":"repeat","background-position":"center center","background-size":"auto","background-attachment":"scroll","background-type":"","background-media":"","overlay-type":"","overlay-color":"","overlay-opacity":"","overlay-gradient":""},"mobile":{"background-color":"var(--ast-global-color-5)","background-image":"","background-repeat":"repeat","background-position":"center center","background-size":"auto","background-attachment":"scroll","background-type":"","background-media":"","overlay-type":"","overlay-color":"","overlay-opacity":"","overlay-gradient":""}},"footnotes":""},"class_list":["post-964","page","type-page","status-publish","hentry"],"post_mailing_queue_ids":[],"_links":{"self":[{"href":"https:\/\/agora.xtec.cat\/ceip-timbaler\/wp-json\/wp\/v2\/pages\/964","targetHints":{"allow":["GET"]}}],"collection":[{"href":"https:\/\/agora.xtec.cat\/ceip-timbaler\/wp-json\/wp\/v2\/pages"}],"about":[{"href":"https:\/\/agora.xtec.cat\/ceip-timbaler\/wp-json\/wp\/v2\/types\/page"}],"author":[{"embeddable":true,"href":"https:\/\/agora.xtec.cat\/ceip-timbaler\/wp-json\/wp\/v2\/users\/4"}],"replies":[{"embeddable":true,"href":"https:\/\/agora.xtec.cat\/ceip-timbaler\/wp-json\/wp\/v2\/comments?post=964"}],"version-history":[{"count":6,"href":"https:\/\/agora.xtec.cat\/ceip-timbaler\/wp-json\/wp\/v2\/pages\/964\/revisions"}],"predecessor-version":[{"id":24159,"href":"https:\/\/agora.xtec.cat\/ceip-timbaler\/wp-json\/wp\/v2\/pages\/964\/revisions\/24159"}],"wp:attachment":[{"href":"https:\/\/agora.xtec.cat\/ceip-timbaler\/wp-json\/wp\/v2\/media?parent=964"}],"curies":[{"name":"wp","href":"https:\/\/api.w.org\/{rel}","templated":true}]}}