{"id":650,"date":"2019-03-18T13:27:38","date_gmt":"2019-03-18T12:27:38","guid":{"rendered":"http:\/\/agora.xtec.cat\/ceip-timbaler\/?page_id=650"},"modified":"2024-12-20T12:55:13","modified_gmt":"2024-12-20T11:55:13","slug":"trets-didentitat","status":"publish","type":"page","link":"https:\/\/agora.xtec.cat\/ceip-timbaler\/lescola\/trets-didentitat\/","title":{"rendered":"Trets d&#8217;identitat"},"content":{"rendered":"<ul>\n<li><span style=\"font-size: medium;\"><b>Centre educatiu p\u00fablic d\u2019Educaci\u00f3 Infantil i Prim\u00e0ria d\u2019una sola l\u00ednia.<\/b><\/span><\/li>\n<li><span style=\"font-size: medium;\">El catal\u00e0 \u00e9s la\u00a0<b>llengua\u00a0vehicular i d&#8217;aprenentatge<\/b>\u00a0de l&#8217;escola.<\/span><\/li>\n<li><span style=\"font-size: medium;\"><b>Escola oberta<\/b>\u00a0a tothom,\u00a0<b>acollidora i compromesa<\/b>\u00a0amb la nostra societat.<\/span><\/li>\n<li><span style=\"font-size: medium;\">Celebrem les festes tradicionals perqu\u00e8 s\u00f3n una\u00a0<b>escola arrelada a la realitat hist\u00f2rica i cultural<\/b>\u00a0del nostre\u00a0pa\u00eds.<\/span><\/li>\n<li><span style=\"font-size: medium;\">Fomentem el\u00a0<b>respecte per la diversitat i la multiculturalitat.<\/b><\/span><\/li>\n<li><span style=\"font-size: medium;\">Una de les nostres prioritats \u00e9s fer realitat l\u2019<strong>escola inclusiva<\/strong>,\u00a0intentant donar resposta a les necessitats de tots els nostres alumnes.<\/span><\/li>\n<li><span style=\"font-size: medium;\">Fomentem la relaci\u00f3 entre tots els alumnes de la nostra escola i tots els membres de la comunitat educativa donant especial import\u00e0ncia al\u00a0<b>treball de valors <\/b><\/span><span style=\"font-size: medium;\">i a les relacions positives d\u2019afecte i col\u00b7laboraci\u00f3.<\/span><\/li>\n<li><span style=\"font-size: medium;\">Treballem la\u00a0<b>cooperaci\u00f3 entre alumnes<\/b>\u00a0grans i petits.<\/span><\/li>\n<li><span style=\"font-size: medium;\">La lectura \u00e9s el nostre eix vertebrador.\u00a0<b>Lectura i escriptura com a base de tots els aprenentatges.<\/b><\/span><\/li>\n<li><span style=\"font-size: medium;\"><span lang=\"EN-US\"><b>Grups redu\u00efts<\/b> per afavorir el treball competencial.<\/span><\/span><\/li>\n<li><span style=\"font-size: medium;\">Introducci\u00f3\u00a0de la\u00a0<b>llengua anglesa des d&#8217;Infantil 3.<\/b><\/span><\/li>\n<li><span style=\"font-size: medium;\">El <strong>treball per projectes<\/strong> ens ajuda a aprendre de manera significativa.<\/span><\/li>\n<li><span style=\"font-size: medium;\">Apostem per l\u2019<b>educaci\u00f3 ambiental<\/b>, el respecte pel nostre entorn i promovem una \u00a0<b>alimentaci\u00f3 saludable<\/b>.<\/span><\/li>\n<\/ul>\n","protected":false},"excerpt":{"rendered":"<p>Centre educatiu p\u00fablic d\u2019Educaci\u00f3 Infantil i Prim\u00e0ria d\u2019una sola l\u00ednia. El catal\u00e0 \u00e9s la\u00a0llengua\u00a0vehicular i d&#8217;aprenentatge\u00a0de l&#8217;escola. Escola oberta\u00a0a tothom,\u00a0acollidora i compromesa\u00a0amb la nostra societat. Celebrem les festes tradicionals perqu\u00e8 s\u00f3n una\u00a0escola arrelada a la realitat hist\u00f2rica i cultural\u00a0del nostre\u00a0pa\u00eds. Fomentem el\u00a0respecte per la diversitat i la multiculturalitat. Una de les nostres prioritats \u00e9s fer [&hellip;]<\/p>\n","protected":false},"author":1,"featured_media":0,"parent":22,"menu_order":60,"comment_status":"closed","ping_status":"closed","template":"page-templates\/side-menu.php","meta":{"_bbp_topic_count":0,"_bbp_reply_count":0,"_bbp_total_topic_count":0,"_bbp_total_reply_count":0,"_bbp_voice_count":0,"_bbp_anonymous_reply_count":0,"_bbp_topic_count_hidden":0,"_bbp_reply_count_hidden":0,"_bbp_forum_subforum_count":0,"site-sidebar-layout":"default","site-content-layout":"","ast-site-content-layout":"","site-content-style":"default","site-sidebar-style":"default","ast-global-header-display":"","ast-banner-title-visibility":"","ast-main-header-display":"","ast-hfb-above-header-display":"","ast-hfb-below-header-display":"","ast-hfb-mobile-header-display":"","site-post-title":"","ast-breadcrumbs-content":"","ast-featured-img":"","footer-sml-layout":"","theme-transparent-header-meta":"","adv-header-id-meta":"","stick-header-meta":"","header-above-stick-meta":"","header-main-stick-meta":"","header-below-stick-meta":"","astra-migrate-meta-layouts":"default","ast-page-background-enabled":"default","ast-page-background-meta":{"desktop":{"background-color":"var(--ast-global-color-4)","background-image":"","background-repeat":"repeat","background-position":"center center","background-size":"auto","background-attachment":"scroll","background-type":"","background-media":"","overlay-type":"","overlay-color":"","overlay-opacity":"","overlay-gradient":""},"tablet":{"background-color":"","background-image":"","background-repeat":"repeat","background-position":"center center","background-size":"auto","background-attachment":"scroll","background-type":"","background-media":"","overlay-type":"","overlay-color":"","overlay-opacity":"","overlay-gradient":""},"mobile":{"background-color":"","background-image":"","background-repeat":"repeat","background-position":"center center","background-size":"auto","background-attachment":"scroll","background-type":"","background-media":"","overlay-type":"","overlay-color":"","overlay-opacity":"","overlay-gradient":""}},"ast-content-background-meta":{"desktop":{"background-color":"var(--ast-global-color-5)","background-image":"","background-repeat":"repeat","background-position":"center center","background-size":"auto","background-attachment":"scroll","background-type":"","background-media":"","overlay-type":"","overlay-color":"","overlay-opacity":"","overlay-gradient":""},"tablet":{"background-color":"var(--ast-global-color-5)","background-image":"","background-repeat":"repeat","background-position":"center center","background-size":"auto","background-attachment":"scroll","background-type":"","background-media":"","overlay-type":"","overlay-color":"","overlay-opacity":"","overlay-gradient":""},"mobile":{"background-color":"var(--ast-global-color-5)","background-image":"","background-repeat":"repeat","background-position":"center center","background-size":"auto","background-attachment":"scroll","background-type":"","background-media":"","overlay-type":"","overlay-color":"","overlay-opacity":"","overlay-gradient":""}},"footnotes":""},"class_list":["post-650","page","type-page","status-publish","hentry"],"post_mailing_queue_ids":[],"_links":{"self":[{"href":"https:\/\/agora.xtec.cat\/ceip-timbaler\/wp-json\/wp\/v2\/pages\/650","targetHints":{"allow":["GET"]}}],"collection":[{"href":"https:\/\/agora.xtec.cat\/ceip-timbaler\/wp-json\/wp\/v2\/pages"}],"about":[{"href":"https:\/\/agora.xtec.cat\/ceip-timbaler\/wp-json\/wp\/v2\/types\/page"}],"author":[{"embeddable":true,"href":"https:\/\/agora.xtec.cat\/ceip-timbaler\/wp-json\/wp\/v2\/users\/1"}],"replies":[{"embeddable":true,"href":"https:\/\/agora.xtec.cat\/ceip-timbaler\/wp-json\/wp\/v2\/comments?post=650"}],"version-history":[{"count":4,"href":"https:\/\/agora.xtec.cat\/ceip-timbaler\/wp-json\/wp\/v2\/pages\/650\/revisions"}],"predecessor-version":[{"id":23913,"href":"https:\/\/agora.xtec.cat\/ceip-timbaler\/wp-json\/wp\/v2\/pages\/650\/revisions\/23913"}],"up":[{"embeddable":true,"href":"https:\/\/agora.xtec.cat\/ceip-timbaler\/wp-json\/wp\/v2\/pages\/22"}],"wp:attachment":[{"href":"https:\/\/agora.xtec.cat\/ceip-timbaler\/wp-json\/wp\/v2\/media?parent=650"}],"curies":[{"name":"wp","href":"https:\/\/api.w.org\/{rel}","templated":true}]}}