{"id":644,"date":"2019-03-18T13:23:00","date_gmt":"2019-03-18T12:23:00","guid":{"rendered":"http:\/\/agora.xtec.cat\/ceip-timbaler\/?page_id=644"},"modified":"2025-09-19T16:25:59","modified_gmt":"2025-09-19T14:25:59","slug":"horari","status":"publish","type":"page","link":"https:\/\/agora.xtec.cat\/ceip-timbaler\/lescola\/horari\/","title":{"rendered":"Horaris del Curs"},"content":{"rendered":"<p style=\"text-align: center;\"><strong>E. Infantil<\/strong><\/p>\n<p style=\"text-align: center;\">Matins: De 9h a 12:25 hores.<\/p>\n<p style=\"text-align: center;\">Tardes: De 15 a 16:25 hores.<\/p>\n<p style=\"text-align: center;\"><strong>E. Prim\u00e0ria <\/strong><\/p>\n<p style=\"text-align: center;\">Matins: De 9h a 12:30 hores.<\/p>\n<p style=\"text-align: center;\">Tardes: De 15h a 16:30 hores.<\/p>\n<p>&nbsp;<\/p>\n<p><span lang=\"CA\">Les fam\u00edlies que hagin de donar algun missatge important a algun\/a mestre\/a ho faran per <em>Dinantia<\/em>, l&#8217;agenda o trucant a l&#8217;escola si \u00e9s molt urgent.<\/span><\/p>\n<p>En les entrades de les 9h i de les 15h les portes del centre es tancaran passats 5 minuts. En les sortides l<span lang=\"CA\">es portes es tancaran a les 12:40h i a les 16:40h. <\/span><\/p>\n<p><b>EN CAS QUE NO VINGUIN A BUSCAR ELS INFANTS:\u00a0<\/b><\/p>\n<p><strong>\u00a0&#8211; AL MIGDIA<\/strong>, L&#8217;INFANT ES PORTAR\u00c0 AL SERVEI DE MENJADOR I LA FAM\u00cdLIA HAUR\u00c0 D&#8217;ABONAR EL PAGAMENT.<\/p>\n<p><b><\/b><b>\u00a0&#8211; A LA TARDA<\/b><span style=\"font-weight: 400;\">, L\u2019INFANT S\u2019ESPERAR\u00c0 A CONSERGERIA.\u00a0 NO HI HA SERVEI D\u2019ACOLLIDA DE TARDA.<\/span><\/p>\n<p>&nbsp;<\/p>\n<p style=\"text-align: center;\"><strong>Atenci\u00f3 d\u2019Equip Directiu<\/strong><\/p>\n<p style=\"text-align: center;\">De 9h a 10h tots els dies de la setmana.<\/p>\n<p style=\"text-align: center;\">Divendres de 15\u201930 a 16\u201930hores.<\/p>\n<p style=\"text-align: center;\"><strong>Administraci\u00f3<\/strong><\/p>\n<p style=\"text-align: center;\"><span style=\"font-weight: 400;\">De dilluns a divendres de 8:30h a 13h i de 14h a 17h.<\/span><\/p>\n<p>&nbsp;<\/p>\n<p style=\"text-align: center;\"><strong><u>ES PREGA DEMANAR HORES CONCERTADES<\/u><\/strong><\/p>\n","protected":false},"excerpt":{"rendered":"<p>E. Infantil Matins: De 9h a 12:25 hores. Tardes: De 15 a 16:25 hores. E. Prim\u00e0ria Matins: De 9h a 12:30 hores. Tardes: De 15h a 16:30 hores. &nbsp; Les fam\u00edlies que hagin de donar algun missatge important a algun\/a mestre\/a ho faran per Dinantia, l&#8217;agenda o trucant a l&#8217;escola si \u00e9s molt urgent. En [&hellip;]<\/p>\n","protected":false},"author":1,"featured_media":0,"parent":22,"menu_order":30,"comment_status":"closed","ping_status":"closed","template":"page-templates\/side-menu.php","meta":{"_bbp_topic_count":0,"_bbp_reply_count":0,"_bbp_total_topic_count":0,"_bbp_total_reply_count":0,"_bbp_voice_count":0,"_bbp_anonymous_reply_count":0,"_bbp_topic_count_hidden":0,"_bbp_reply_count_hidden":0,"_bbp_forum_subforum_count":0,"site-sidebar-layout":"default","site-content-layout":"","ast-site-content-layout":"","site-content-style":"default","site-sidebar-style":"default","ast-global-header-display":"","ast-banner-title-visibility":"","ast-main-header-display":"","ast-hfb-above-header-display":"","ast-hfb-below-header-display":"","ast-hfb-mobile-header-display":"","site-post-title":"","ast-breadcrumbs-content":"","ast-featured-img":"","footer-sml-layout":"","theme-transparent-header-meta":"","adv-header-id-meta":"","stick-header-meta":"","header-above-stick-meta":"","header-main-stick-meta":"","header-below-stick-meta":"","astra-migrate-meta-layouts":"default","ast-page-background-enabled":"default","ast-page-background-meta":{"desktop":{"background-color":"var(--ast-global-color-4)","background-image":"","background-repeat":"repeat","background-position":"center center","background-size":"auto","background-attachment":"scroll","background-type":"","background-media":"","overlay-type":"","overlay-color":"","overlay-opacity":"","overlay-gradient":""},"tablet":{"background-color":"","background-image":"","background-repeat":"repeat","background-position":"center center","background-size":"auto","background-attachment":"scroll","background-type":"","background-media":"","overlay-type":"","overlay-color":"","overlay-opacity":"","overlay-gradient":""},"mobile":{"background-color":"","background-image":"","background-repeat":"repeat","background-position":"center center","background-size":"auto","background-attachment":"scroll","background-type":"","background-media":"","overlay-type":"","overlay-color":"","overlay-opacity":"","overlay-gradient":""}},"ast-content-background-meta":{"desktop":{"background-color":"var(--ast-global-color-5)","background-image":"","background-repeat":"repeat","background-position":"center center","background-size":"auto","background-attachment":"scroll","background-type":"","background-media":"","overlay-type":"","overlay-color":"","overlay-opacity":"","overlay-gradient":""},"tablet":{"background-color":"var(--ast-global-color-5)","background-image":"","background-repeat":"repeat","background-position":"center center","background-size":"auto","background-attachment":"scroll","background-type":"","background-media":"","overlay-type":"","overlay-color":"","overlay-opacity":"","overlay-gradient":""},"mobile":{"background-color":"var(--ast-global-color-5)","background-image":"","background-repeat":"repeat","background-position":"center center","background-size":"auto","background-attachment":"scroll","background-type":"","background-media":"","overlay-type":"","overlay-color":"","overlay-opacity":"","overlay-gradient":""}},"footnotes":""},"class_list":["post-644","page","type-page","status-publish","hentry"],"post_mailing_queue_ids":[],"_links":{"self":[{"href":"https:\/\/agora.xtec.cat\/ceip-timbaler\/wp-json\/wp\/v2\/pages\/644","targetHints":{"allow":["GET"]}}],"collection":[{"href":"https:\/\/agora.xtec.cat\/ceip-timbaler\/wp-json\/wp\/v2\/pages"}],"about":[{"href":"https:\/\/agora.xtec.cat\/ceip-timbaler\/wp-json\/wp\/v2\/types\/page"}],"author":[{"embeddable":true,"href":"https:\/\/agora.xtec.cat\/ceip-timbaler\/wp-json\/wp\/v2\/users\/1"}],"replies":[{"embeddable":true,"href":"https:\/\/agora.xtec.cat\/ceip-timbaler\/wp-json\/wp\/v2\/comments?post=644"}],"version-history":[{"count":7,"href":"https:\/\/agora.xtec.cat\/ceip-timbaler\/wp-json\/wp\/v2\/pages\/644\/revisions"}],"predecessor-version":[{"id":24075,"href":"https:\/\/agora.xtec.cat\/ceip-timbaler\/wp-json\/wp\/v2\/pages\/644\/revisions\/24075"}],"up":[{"embeddable":true,"href":"https:\/\/agora.xtec.cat\/ceip-timbaler\/wp-json\/wp\/v2\/pages\/22"}],"wp:attachment":[{"href":"https:\/\/agora.xtec.cat\/ceip-timbaler\/wp-json\/wp\/v2\/media?parent=644"}],"curies":[{"name":"wp","href":"https:\/\/api.w.org\/{rel}","templated":true}]}}