{"id":625,"date":"2019-03-11T13:37:40","date_gmt":"2019-03-11T12:37:40","guid":{"rendered":"http:\/\/agora.xtec.cat\/ceip-timbaler\/?page_id=625"},"modified":"2025-02-18T12:57:54","modified_gmt":"2025-02-18T11:57:54","slug":"pla-linguistic","status":"publish","type":"page","link":"https:\/\/agora.xtec.cat\/ceip-timbaler\/projecte-educatiu-2\/pla-linguistic\/","title":{"rendered":"Pla Ling\u00fc\u00edstic de Centre"},"content":{"rendered":"<p>El Projecte Ling\u00fc\u00edstic de Centre (PLC) regula l\u2019\u00fas de les lleng\u00fces en els diferents \u00e0mbits del centre i \u00e9s un instrument que ens ajuda a materialitzar un projecte consensuat que ens possibilita una organitzaci\u00f3 i gesti\u00f3, d\u2019acord amb la normativa vigent, de manera aut\u00f2noma.<br \/>\nAquest projecte ens permet:<br \/>\n\u2013 Adaptar-nos a les necessitats concretes del nostre alumnat.<br \/>\n\u2013 Cercar les millors vies per tal de garantir una igualtat\u00a0 d\u2019oportunitats a tot l\u2019alumnat, independentment del seu origen ling\u00fc\u00edstic i social.<br \/>\n\u2013 Tenir sempre present la diversitat cultural i pluriling\u00fce existent a l\u2019escola.<\/p>\n<p>El PLC ha de ser un instrument que permeti pensar en les millors maneres de garantir el dret de tota persona, a poder fer servir les dues lleng\u00fces oficials a Catalunya: Catal\u00e0 i Castell\u00e0, a mantenir les seves lleng\u00fces familiars i a aprendre d\u2019altres lleng\u00fces. En el nostre cas: Llengua catalana com a llengua vehicular i d\u2019aprenentatge, llengua castellana cooficial a Catalunya i llengua anglesa que \u00e9s la llengua estrangera per la qual hem optat.<\/p>\n<p>Aquest PLC forma part del nostre projecte educatiu pluriling\u00fce, en el qual el catal\u00e0 \u00e9s l\u2019eix vertebrador i garanteix que el tractament de les lleng\u00fces donar\u00e0 resposta a la situaci\u00f3 socioling\u00fc\u00edstica de l\u2019alumnat i aix\u00ed mateix que la llengua catalana ser\u00e0 la llengua d\u2019aprenentatge i d\u2019\u00fas vehicular en tots els \u00e0mbits.<\/p>\n<h3 style=\"text-align: center;\"><a href=\"https:\/\/agora.xtec.cat\/ceip-timbaler\/wp-content\/uploads\/usu1734\/2025\/02\/Projecte-Linguistic-Febrer2025enrevisio.pdf\" target=\"_blank\" rel=\"noopener noreferrer\">PLA LING\u00dc\u00cdSTIC DE CENTRE<\/a><\/h3>\n","protected":false},"excerpt":{"rendered":"<p>El Projecte Ling\u00fc\u00edstic de Centre (PLC) regula l\u2019\u00fas de les lleng\u00fces en els diferents \u00e0mbits del centre i \u00e9s un instrument que ens ajuda a materialitzar un projecte consensuat que ens possibilita una organitzaci\u00f3 i gesti\u00f3, d\u2019acord amb la normativa vigent, de manera aut\u00f2noma. Aquest projecte ens permet: \u2013 Adaptar-nos a les necessitats concretes del [&hellip;]<\/p>\n","protected":false},"author":1,"featured_media":0,"parent":613,"menu_order":40,"comment_status":"closed","ping_status":"closed","template":"page-templates\/side-menu.php","meta":{"_bbp_topic_count":0,"_bbp_reply_count":0,"_bbp_total_topic_count":0,"_bbp_total_reply_count":0,"_bbp_voice_count":0,"_bbp_anonymous_reply_count":0,"_bbp_topic_count_hidden":0,"_bbp_reply_count_hidden":0,"_bbp_forum_subforum_count":0,"site-sidebar-layout":"default","site-content-layout":"","ast-site-content-layout":"","site-content-style":"default","site-sidebar-style":"default","ast-global-header-display":"","ast-banner-title-visibility":"","ast-main-header-display":"","ast-hfb-above-header-display":"","ast-hfb-below-header-display":"","ast-hfb-mobile-header-display":"","site-post-title":"","ast-breadcrumbs-content":"","ast-featured-img":"","footer-sml-layout":"","theme-transparent-header-meta":"","adv-header-id-meta":"","stick-header-meta":"","header-above-stick-meta":"","header-main-stick-meta":"","header-below-stick-meta":"","astra-migrate-meta-layouts":"default","ast-page-background-enabled":"default","ast-page-background-meta":{"desktop":{"background-color":"var(--ast-global-color-4)","background-image":"","background-repeat":"repeat","background-position":"center center","background-size":"auto","background-attachment":"scroll","background-type":"","background-media":"","overlay-type":"","overlay-color":"","overlay-opacity":"","overlay-gradient":""},"tablet":{"background-color":"","background-image":"","background-repeat":"repeat","background-position":"center center","background-size":"auto","background-attachment":"scroll","background-type":"","background-media":"","overlay-type":"","overlay-color":"","overlay-opacity":"","overlay-gradient":""},"mobile":{"background-color":"","background-image":"","background-repeat":"repeat","background-position":"center center","background-size":"auto","background-attachment":"scroll","background-type":"","background-media":"","overlay-type":"","overlay-color":"","overlay-opacity":"","overlay-gradient":""}},"ast-content-background-meta":{"desktop":{"background-color":"var(--ast-global-color-5)","background-image":"","background-repeat":"repeat","background-position":"center center","background-size":"auto","background-attachment":"scroll","background-type":"","background-media":"","overlay-type":"","overlay-color":"","overlay-opacity":"","overlay-gradient":""},"tablet":{"background-color":"var(--ast-global-color-5)","background-image":"","background-repeat":"repeat","background-position":"center center","background-size":"auto","background-attachment":"scroll","background-type":"","background-media":"","overlay-type":"","overlay-color":"","overlay-opacity":"","overlay-gradient":""},"mobile":{"background-color":"var(--ast-global-color-5)","background-image":"","background-repeat":"repeat","background-position":"center center","background-size":"auto","background-attachment":"scroll","background-type":"","background-media":"","overlay-type":"","overlay-color":"","overlay-opacity":"","overlay-gradient":""}},"footnotes":""},"class_list":["post-625","page","type-page","status-publish","hentry"],"post_mailing_queue_ids":[],"_links":{"self":[{"href":"https:\/\/agora.xtec.cat\/ceip-timbaler\/wp-json\/wp\/v2\/pages\/625","targetHints":{"allow":["GET"]}}],"collection":[{"href":"https:\/\/agora.xtec.cat\/ceip-timbaler\/wp-json\/wp\/v2\/pages"}],"about":[{"href":"https:\/\/agora.xtec.cat\/ceip-timbaler\/wp-json\/wp\/v2\/types\/page"}],"author":[{"embeddable":true,"href":"https:\/\/agora.xtec.cat\/ceip-timbaler\/wp-json\/wp\/v2\/users\/1"}],"replies":[{"embeddable":true,"href":"https:\/\/agora.xtec.cat\/ceip-timbaler\/wp-json\/wp\/v2\/comments?post=625"}],"version-history":[{"count":5,"href":"https:\/\/agora.xtec.cat\/ceip-timbaler\/wp-json\/wp\/v2\/pages\/625\/revisions"}],"predecessor-version":[{"id":23946,"href":"https:\/\/agora.xtec.cat\/ceip-timbaler\/wp-json\/wp\/v2\/pages\/625\/revisions\/23946"}],"up":[{"embeddable":true,"href":"https:\/\/agora.xtec.cat\/ceip-timbaler\/wp-json\/wp\/v2\/pages\/613"}],"wp:attachment":[{"href":"https:\/\/agora.xtec.cat\/ceip-timbaler\/wp-json\/wp\/v2\/media?parent=625"}],"curies":[{"name":"wp","href":"https:\/\/api.w.org\/{rel}","templated":true}]}}