{"id":533,"date":"2019-01-14T13:33:11","date_gmt":"2019-01-14T12:33:11","guid":{"rendered":"http:\/\/agora.xtec.cat\/ceip-timbaler\/?page_id=533"},"modified":"2022-11-23T13:46:00","modified_gmt":"2022-11-23T12:46:00","slug":"casal","status":"publish","type":"page","link":"https:\/\/agora.xtec.cat\/ceip-timbaler\/serveis-2\/casal\/","title":{"rendered":"Casal de l&#8217;Ajuntament"},"content":{"rendered":"<p><img loading=\"lazy\" decoding=\"async\" class=\"aligncenter size-full wp-image-23171\" src=\"https:\/\/agora.xtec.cat\/ceip-timbaler\/wp-content\/uploads\/usu1734\/2022\/11\/Captura.jpg\" alt=\"\" width=\"707\" height=\"239\" srcset=\"https:\/\/agora.xtec.cat\/ceip-timbaler\/wp-content\/uploads\/usu1734\/2022\/11\/Captura.jpg 707w, https:\/\/agora.xtec.cat\/ceip-timbaler\/wp-content\/uploads\/usu1734\/2022\/11\/Captura-300x101.jpg 300w, https:\/\/agora.xtec.cat\/ceip-timbaler\/wp-content\/uploads\/usu1734\/2022\/11\/Captura-150x51.jpg 150w\" sizes=\"auto, (max-width: 707px) 100vw, 707px\" \/><\/p>\n<p style=\"text-align: center;\">Activitats l\u00fadiques gratu\u00eftes per a infants de 6 a 12 anys.<\/p>\n<p style=\"text-align: center;\">El casal est\u00e0 gestionat per l&#8217;Ajuntament de Barcelona i es realitza a les nostres instal\u00b7lacions.<\/p>\n<p style=\"text-align: center;\">Horari: Dilluns a divendres de 16:30h a 19:00h segons l&#8217;edat dels infants.<\/p>\n<p style=\"text-align: center;\"><a href=\"https:\/\/guia.barcelona.cat\/es\/detall\/casal-infantil-vilapicina-torre-llobeta_99400504365.html\">P\u00e0gina web de l&#8217;ajuntament<\/a><\/p>\n<p style=\"text-align: center;\">Email: <a href=\"mailto:ci.vilapicina@gmail.com\">ci.vilapicina<span class=\"atwho-query\">@gmail.com<\/span><\/a><\/p>\n<p><a href=\"https:\/\/www.instagram.com\/casal_vilapicina\/\"><img loading=\"lazy\" decoding=\"async\" class=\"aligncenter wp-image-23173\" src=\"https:\/\/agora.xtec.cat\/ceip-timbaler\/wp-content\/uploads\/usu1734\/2022\/11\/Instagram.jpg\" alt=\"\" width=\"70\" height=\"70\" srcset=\"https:\/\/agora.xtec.cat\/ceip-timbaler\/wp-content\/uploads\/usu1734\/2022\/11\/Instagram.jpg 736w, https:\/\/agora.xtec.cat\/ceip-timbaler\/wp-content\/uploads\/usu1734\/2022\/11\/Instagram-300x298.jpg 300w, https:\/\/agora.xtec.cat\/ceip-timbaler\/wp-content\/uploads\/usu1734\/2022\/11\/Instagram-150x150.jpg 150w\" sizes=\"auto, (max-width: 70px) 100vw, 70px\" \/><\/a><a href=\"https:\/\/www.facebook.com\/casal.vilapicina\/\"><img loading=\"lazy\" decoding=\"async\" class=\"aligncenter wp-image-23174\" src=\"https:\/\/agora.xtec.cat\/ceip-timbaler\/wp-content\/uploads\/usu1734\/2022\/11\/facebook.png\" alt=\"\" width=\"52\" height=\"52\" srcset=\"https:\/\/agora.xtec.cat\/ceip-timbaler\/wp-content\/uploads\/usu1734\/2022\/11\/facebook.png 325w, https:\/\/agora.xtec.cat\/ceip-timbaler\/wp-content\/uploads\/usu1734\/2022\/11\/facebook-300x300.png 300w, https:\/\/agora.xtec.cat\/ceip-timbaler\/wp-content\/uploads\/usu1734\/2022\/11\/facebook-150x150.png 150w\" sizes=\"auto, (max-width: 52px) 100vw, 52px\" \/><\/a><\/p>\n<p>&nbsp;<\/p>\n<p>&nbsp;<\/p>\n<p>&nbsp;<\/p>\n","protected":false},"excerpt":{"rendered":"<p>Activitats l\u00fadiques gratu\u00eftes per a infants de 6 a 12 anys. El casal est\u00e0 gestionat per l&#8217;Ajuntament de Barcelona i es realitza a les nostres instal\u00b7lacions. Horari: Dilluns a divendres de 16:30h a 19:00h segons l&#8217;edat dels infants. P\u00e0gina web de l&#8217;ajuntament Email: ci.vilapicina@gmail.com &nbsp; &nbsp; &nbsp;<\/p>\n","protected":false},"author":1,"featured_media":0,"parent":596,"menu_order":10,"comment_status":"closed","ping_status":"closed","template":"page-templates\/side-menu.php","meta":{"_bbp_topic_count":0,"_bbp_reply_count":0,"_bbp_total_topic_count":0,"_bbp_total_reply_count":0,"_bbp_voice_count":0,"_bbp_anonymous_reply_count":0,"_bbp_topic_count_hidden":0,"_bbp_reply_count_hidden":0,"_bbp_forum_subforum_count":0,"site-sidebar-layout":"default","site-content-layout":"","ast-site-content-layout":"","site-content-style":"default","site-sidebar-style":"default","ast-global-header-display":"","ast-banner-title-visibility":"","ast-main-header-display":"","ast-hfb-above-header-display":"","ast-hfb-below-header-display":"","ast-hfb-mobile-header-display":"","site-post-title":"","ast-breadcrumbs-content":"","ast-featured-img":"","footer-sml-layout":"","theme-transparent-header-meta":"","adv-header-id-meta":"","stick-header-meta":"","header-above-stick-meta":"","header-main-stick-meta":"","header-below-stick-meta":"","astra-migrate-meta-layouts":"default","ast-page-background-enabled":"default","ast-page-background-meta":{"desktop":{"background-color":"var(--ast-global-color-4)","background-image":"","background-repeat":"repeat","background-position":"center center","background-size":"auto","background-attachment":"scroll","background-type":"","background-media":"","overlay-type":"","overlay-color":"","overlay-opacity":"","overlay-gradient":""},"tablet":{"background-color":"","background-image":"","background-repeat":"repeat","background-position":"center center","background-size":"auto","background-attachment":"scroll","background-type":"","background-media":"","overlay-type":"","overlay-color":"","overlay-opacity":"","overlay-gradient":""},"mobile":{"background-color":"","background-image":"","background-repeat":"repeat","background-position":"center center","background-size":"auto","background-attachment":"scroll","background-type":"","background-media":"","overlay-type":"","overlay-color":"","overlay-opacity":"","overlay-gradient":""}},"ast-content-background-meta":{"desktop":{"background-color":"var(--ast-global-color-5)","background-image":"","background-repeat":"repeat","background-position":"center center","background-size":"auto","background-attachment":"scroll","background-type":"","background-media":"","overlay-type":"","overlay-color":"","overlay-opacity":"","overlay-gradient":""},"tablet":{"background-color":"var(--ast-global-color-5)","background-image":"","background-repeat":"repeat","background-position":"center center","background-size":"auto","background-attachment":"scroll","background-type":"","background-media":"","overlay-type":"","overlay-color":"","overlay-opacity":"","overlay-gradient":""},"mobile":{"background-color":"var(--ast-global-color-5)","background-image":"","background-repeat":"repeat","background-position":"center center","background-size":"auto","background-attachment":"scroll","background-type":"","background-media":"","overlay-type":"","overlay-color":"","overlay-opacity":"","overlay-gradient":""}},"footnotes":""},"class_list":["post-533","page","type-page","status-publish","hentry"],"post_mailing_queue_ids":[],"_links":{"self":[{"href":"https:\/\/agora.xtec.cat\/ceip-timbaler\/wp-json\/wp\/v2\/pages\/533","targetHints":{"allow":["GET"]}}],"collection":[{"href":"https:\/\/agora.xtec.cat\/ceip-timbaler\/wp-json\/wp\/v2\/pages"}],"about":[{"href":"https:\/\/agora.xtec.cat\/ceip-timbaler\/wp-json\/wp\/v2\/types\/page"}],"author":[{"embeddable":true,"href":"https:\/\/agora.xtec.cat\/ceip-timbaler\/wp-json\/wp\/v2\/users\/1"}],"replies":[{"embeddable":true,"href":"https:\/\/agora.xtec.cat\/ceip-timbaler\/wp-json\/wp\/v2\/comments?post=533"}],"version-history":[{"count":4,"href":"https:\/\/agora.xtec.cat\/ceip-timbaler\/wp-json\/wp\/v2\/pages\/533\/revisions"}],"predecessor-version":[{"id":23179,"href":"https:\/\/agora.xtec.cat\/ceip-timbaler\/wp-json\/wp\/v2\/pages\/533\/revisions\/23179"}],"up":[{"embeddable":true,"href":"https:\/\/agora.xtec.cat\/ceip-timbaler\/wp-json\/wp\/v2\/pages\/596"}],"wp:attachment":[{"href":"https:\/\/agora.xtec.cat\/ceip-timbaler\/wp-json\/wp\/v2\/media?parent=533"}],"curies":[{"name":"wp","href":"https:\/\/api.w.org\/{rel}","templated":true}]}}