{"id":24260,"date":"2025-11-28T16:11:01","date_gmt":"2025-11-28T15:11:01","guid":{"rendered":"https:\/\/agora.xtec.cat\/ceip-timbaler\/?page_id=24260"},"modified":"2025-11-28T16:19:50","modified_gmt":"2025-11-28T15:19:50","slug":"aplicacions","status":"publish","type":"page","link":"https:\/\/agora.xtec.cat\/ceip-timbaler\/aplicacions\/","title":{"rendered":"Aplicacions"},"content":{"rendered":"\n<p class=\"has-medium-font-size\"><strong>DINANTIA &#8211; Comunicaci\u00f3 fam\u00edlia\u2013escola i gesti\u00f3 de pagaments<\/strong><\/p>\n\n\n\n<p>Per millorar la comunicaci\u00f3 i agilitzar els processos administratius, fem servir Dinantia com a canal oficial entre la fam\u00edlia i l\u2019escola. Mitjan\u00e7ant aquesta aplicaci\u00f3 enviem informacions, avisos i comunicats de manera r\u00e0pida i segura. A m\u00e9s, Dinantia tamb\u00e9 permet gestionar els pagaments d\u2019activitats i serveis de forma c\u00f2moda i centralitzada, facilitant el dia a dia de les fam\u00edlies.<\/p>\n\n\n\n<figure class=\"wp-block-image aligncenter size-full is-resized\"><a href=\"https:\/\/dinantia.com\/es\/\"><img loading=\"lazy\" decoding=\"async\" width=\"148\" height=\"148\" src=\"https:\/\/agora.xtec.cat\/ceip-timbaler\/wp-content\/uploads\/usu1734\/2025\/11\/image-3.png\" alt=\"\" class=\"wp-image-24262\" style=\"width:198px;height:auto\"\/><\/a><\/figure>\n\n\n\n<p class=\"has-medium-font-size\"><strong>EXAMFY &#8211; Gesti\u00f3 de fotografies i drets d\u2019imatge<\/strong><\/p>\n\n\n\n<p>A l\u2019escola utilitzem l\u2019aplicaci\u00f3 Examfy per gestionar de manera segura i organitzada les fotografies dels infants. Aquesta eina ens permet garantir el compliment dels drets d\u2019imatge, assegurant que totes les imatges es tracten amb la m\u00e0xima cura, protecci\u00f3 i respecte. Examfy facilita que les fam\u00edlies tinguin acc\u00e9s \u00fanicament al contingut autoritzat, tot refor\u00e7ant la privacitat i la seguretat dels nens i nenes.<\/p>\n\n\n\n<figure class=\"wp-block-image aligncenter size-full\"><a href=\"https:\/\/app.getexamfy.com\/\"><img loading=\"lazy\" decoding=\"async\" width=\"184\" height=\"148\" src=\"https:\/\/agora.xtec.cat\/ceip-timbaler\/wp-content\/uploads\/usu1734\/2025\/11\/image-2.png\" alt=\"\" class=\"wp-image-24261\" srcset=\"https:\/\/agora.xtec.cat\/ceip-timbaler\/wp-content\/uploads\/usu1734\/2025\/11\/image-2.png 184w, https:\/\/agora.xtec.cat\/ceip-timbaler\/wp-content\/uploads\/usu1734\/2025\/11\/image-2-150x121.png 150w\" sizes=\"auto, (max-width: 184px) 100vw, 184px\" \/><\/a><\/figure>\n\n\n\n<p class=\"has-medium-font-size\"><strong>SERHS Food Educa \u2013 Informaci\u00f3 i gesti\u00f3 del servei de menjador<\/strong><\/p>\n\n\n\n<p>Amb l&#8217;aplicaci\u00f3 SERHS Food Educa les fam\u00edlies disposeu de tota la informaci\u00f3 relacionada amb el menjador escolar de manera clara i immediata. Mitjan\u00e7ant aquesta eina podeu consultar els men\u00fas, revisar possibles incid\u00e8ncies i estar al dia de totes les comunicacions del servei.<\/p>\n\n\n\n<p>L\u2019aplicaci\u00f3 tamb\u00e9 permet comprar tiquets, verificar l\u2019estat dels rebuts i valorar el servei, facilitant una gesti\u00f3 m\u00e9s c\u00f2moda i propera entre les fam\u00edlies i el menjador.<\/p>\n\n\n\n<figure class=\"wp-block-image aligncenter size-full\"><a href=\"https:\/\/serhsfoodeduca.com\/aplicacio-seguiment-menjador-escolar\/\"><img loading=\"lazy\" decoding=\"async\" width=\"234\" height=\"159\" src=\"https:\/\/agora.xtec.cat\/ceip-timbaler\/wp-content\/uploads\/usu1734\/2025\/11\/image-5.png\" alt=\"\" class=\"wp-image-24267\" srcset=\"https:\/\/agora.xtec.cat\/ceip-timbaler\/wp-content\/uploads\/usu1734\/2025\/11\/image-5.png 234w, https:\/\/agora.xtec.cat\/ceip-timbaler\/wp-content\/uploads\/usu1734\/2025\/11\/image-5-150x102.png 150w\" sizes=\"auto, (max-width: 234px) 100vw, 234px\" \/><\/a><\/figure>\n","protected":false},"excerpt":{"rendered":"<p>DINANTIA &#8211; Comunicaci\u00f3 fam\u00edlia\u2013escola i gesti\u00f3 de pagaments Per millorar la comunicaci\u00f3 i agilitzar els processos administratius, fem servir Dinantia com a canal oficial entre la fam\u00edlia i l\u2019escola. Mitjan\u00e7ant aquesta aplicaci\u00f3 enviem informacions, avisos i comunicats de manera r\u00e0pida i segura. A m\u00e9s, Dinantia tamb\u00e9 permet gestionar els pagaments d\u2019activitats i serveis de forma [&hellip;]<\/p>\n","protected":false},"author":1,"featured_media":0,"parent":0,"menu_order":0,"comment_status":"closed","ping_status":"close","template":"","meta":{"_bbp_topic_count":0,"_bbp_reply_count":0,"_bbp_total_topic_count":0,"_bbp_total_reply_count":0,"_bbp_voice_count":0,"_bbp_anonymous_reply_count":0,"_bbp_topic_count_hidden":0,"_bbp_reply_count_hidden":0,"_bbp_forum_subforum_count":0,"site-sidebar-layout":"default","site-content-layout":"","ast-site-content-layout":"default","site-content-style":"default","site-sidebar-style":"default","ast-global-header-display":"","ast-banner-title-visibility":"","ast-main-header-display":"","ast-hfb-above-header-display":"","ast-hfb-below-header-display":"","ast-hfb-mobile-header-display":"","site-post-title":"","ast-breadcrumbs-content":"","ast-featured-img":"","footer-sml-layout":"","theme-transparent-header-meta":"","adv-header-id-meta":"","stick-header-meta":"","header-above-stick-meta":"","header-main-stick-meta":"","header-below-stick-meta":"","astra-migrate-meta-layouts":"set","ast-page-background-enabled":"default","ast-page-background-meta":{"desktop":{"background-color":"var(--ast-global-color-4)","background-image":"","background-repeat":"repeat","background-position":"center center","background-size":"auto","background-attachment":"scroll","background-type":"","background-media":"","overlay-type":"","overlay-color":"","overlay-opacity":"","overlay-gradient":""},"tablet":{"background-color":"","background-image":"","background-repeat":"repeat","background-position":"center center","background-size":"auto","background-attachment":"scroll","background-type":"","background-media":"","overlay-type":"","overlay-color":"","overlay-opacity":"","overlay-gradient":""},"mobile":{"background-color":"","background-image":"","background-repeat":"repeat","background-position":"center center","background-size":"auto","background-attachment":"scroll","background-type":"","background-media":"","overlay-type":"","overlay-color":"","overlay-opacity":"","overlay-gradient":""}},"ast-content-background-meta":{"desktop":{"background-color":"var(--ast-global-color-5)","background-image":"","background-repeat":"repeat","background-position":"center center","background-size":"auto","background-attachment":"scroll","background-type":"","background-media":"","overlay-type":"","overlay-color":"","overlay-opacity":"","overlay-gradient":""},"tablet":{"background-color":"var(--ast-global-color-5)","background-image":"","background-repeat":"repeat","background-position":"center center","background-size":"auto","background-attachment":"scroll","background-type":"","background-media":"","overlay-type":"","overlay-color":"","overlay-opacity":"","overlay-gradient":""},"mobile":{"background-color":"var(--ast-global-color-5)","background-image":"","background-repeat":"repeat","background-position":"center center","background-size":"auto","background-attachment":"scroll","background-type":"","background-media":"","overlay-type":"","overlay-color":"","overlay-opacity":"","overlay-gradient":""}},"footnotes":""},"class_list":["post-24260","page","type-page","status-publish","hentry"],"post_mailing_queue_ids":[],"_links":{"self":[{"href":"https:\/\/agora.xtec.cat\/ceip-timbaler\/wp-json\/wp\/v2\/pages\/24260","targetHints":{"allow":["GET"]}}],"collection":[{"href":"https:\/\/agora.xtec.cat\/ceip-timbaler\/wp-json\/wp\/v2\/pages"}],"about":[{"href":"https:\/\/agora.xtec.cat\/ceip-timbaler\/wp-json\/wp\/v2\/types\/page"}],"author":[{"embeddable":true,"href":"https:\/\/agora.xtec.cat\/ceip-timbaler\/wp-json\/wp\/v2\/users\/1"}],"replies":[{"embeddable":true,"href":"https:\/\/agora.xtec.cat\/ceip-timbaler\/wp-json\/wp\/v2\/comments?post=24260"}],"version-history":[{"count":2,"href":"https:\/\/agora.xtec.cat\/ceip-timbaler\/wp-json\/wp\/v2\/pages\/24260\/revisions"}],"predecessor-version":[{"id":24268,"href":"https:\/\/agora.xtec.cat\/ceip-timbaler\/wp-json\/wp\/v2\/pages\/24260\/revisions\/24268"}],"wp:attachment":[{"href":"https:\/\/agora.xtec.cat\/ceip-timbaler\/wp-json\/wp\/v2\/media?parent=24260"}],"curies":[{"name":"wp","href":"https:\/\/api.w.org\/{rel}","templated":true}]}}