{"id":19826,"date":"2020-03-23T13:51:33","date_gmt":"2020-03-23T12:51:33","guid":{"rendered":"http:\/\/agora.xtec.cat\/ceip-timbaler\/?page_id=19826"},"modified":"2020-03-25T16:22:36","modified_gmt":"2020-03-25T15:22:36","slug":"cicle-mitja","status":"publish","type":"page","link":"https:\/\/agora.xtec.cat\/ceip-timbaler\/tasques-per-poder-anar-fent-a-casa\/cicle-mitja\/","title":{"rendered":"Cicle Mitj\u00e0"},"content":{"rendered":"<p>Hola nens i nenes de 3r i 4t!!!!<\/p>\n<p>Ja fa uns quants dies que no ens veiem i volem que sapigueu que us trobem molt a faltar.<\/p>\n<p>Sabem que no \u00e9s gens f\u00e0cil estar-se tot el dia a casa, i \u00e9s per aix\u00f2 que els i les mestres us volem fer arribar unes quantes activitats, perqu\u00e8 us\u00a0 entretingueu, alhora que apreneu.<\/p>\n<p>S\u00f3n aquestes:<\/p>\n<ul>\n<li style=\"font-weight: 400;\">Museus virtuals<\/li>\n<li style=\"font-weight: 400;\"><a href=\"http:\/\/xtec.gencat.cat\/ca\/recursos\/museus\/virtuals\/\">http:\/\/xtec.gencat.cat\/ca\/recursos\/museus\/virtuals\/<\/a><\/li>\n<li>Visualitzar pel\u00b7l\u00edcules i altres programes com:<\/li>\n<\/ul>\n<p><a href=\"https:\/\/www.ccma.cat\/tv3\/super3\/infok\/\">InfoK<\/a><\/p>\n<p><a href=\"https:\/\/www.ccma.cat\/tv3\/super3\/manduka\/\">Manduka<\/a><\/p>\n<p><a href=\"https:\/\/www.ccma.cat\/tv3\/super3\/una-ma-de-contes\/\">Una m\u00e0 de contes<\/a><\/p>\n<p><a href=\"https:\/\/www.ccma.cat\/tv3\/quequicom\/\">Qu\u00e8quicom?<\/a><\/p>\n<p><a href=\"https:\/\/www.ccma.cat\/tv3\/super3\/fish-and-chips\/\">Fish &amp; Chips&#8221;<\/a><\/p>\n<p>El Super3 ofereix aquests dies<\/p>\n<p><a href=\"https:\/\/www.ccma.cat\/tv3\/super3\/superpropostes-destar-per-casa\/ballem\/coleccio\/15210\/6034952\/\">Superpropostes d&#8217;estar per casa<\/a><\/p>\n<p>A m\u00e9s, tamb\u00e9 podeu continuar practicant l\u00b4ortografia amb aquests dictats.<\/p>\n<ul>\n<li>Dictats preparats<\/li>\n<\/ul>\n<p><a href=\"https:\/\/www.additio.com\/usuaris\/descarregues_link\/arxius\/1\/51__c_dictats_cicle_Mitja.pdf\">https:\/\/www.additio.com\/usuaris\/descarregues_link\/arxius\/1\/51__c_dictats_cicle_Mitja.pdf<\/a><\/p>\n<p>Pels alumnes de 4t tamb\u00e9 us recomanem uns textos molt semblants als que\u00a0 treballem a la lectura en parella<\/p>\n<ul>\n<li>Textos de comprensi\u00f3 lectora<\/li>\n<\/ul>\n<p><a href=\"http:\/\/www.xtec.cat\/dnee\/jornada\/materials11\/petitstextos\/cicle_mitja.pdf\">http:\/\/www.xtec.cat\/dnee\/jornada\/materials11\/petitstextos\/cicle_mitja.pdf<\/a><\/p>\n<p>Creiem que tamb\u00e9 \u00e9s important que no deixeu de practicar les taules de multiplicar i de quina millor forma es poden aprendre que: CANTANT!!<\/p>\n<ul>\n<li>Les taules de multiplicar en catal\u00e0<\/li>\n<\/ul>\n<p style=\"text-align: center;\"><iframe loading=\"lazy\" src=\"https:\/\/www.youtube.com\/embed\/nNSDdgmWogA?list=PL8GTvvFTAGTejJ3vm65k-qu-g20xhZlr_\" width=\"853\" height=\"480\" frameborder=\"0\"><\/iframe><\/p>\n<p>A m\u00e9s, podeu fer diferents activitats matem\u00e0tiques a:<\/p>\n<ul>\n<li>Materials autocorrectius de Edu365 <a href=\"http:\/\/www.edu365.cat\/primaria\/matematiques\/index.html\">http:\/\/www.edu365.cat\/primaria\/matematiques\/index.html<\/a><\/li>\n<\/ul>\n<p>I d\u2019angl\u00e8s, us recomanem uns quants enlla\u00e7os i v\u00eddeos que us encantaran:<\/p>\n<ul>\n<li><strong>Les aventures d\u2019en Wallace i en Gromit, quin parell!<\/strong><\/li>\n<li>I si un ping\u00fc\u00ed dolent us rob\u00e9s els pantalons?<\/li>\n<\/ul>\n<p style=\"text-align: center;\"><iframe loading=\"lazy\" src=\"https:\/\/www.youtube.com\/embed\/kV7AIG6U1TU\" width=\"634\" height=\"480\" frameborder=\"0\"><\/iframe><\/p>\n<ul>\n<li>I si anessiu a la Lluna amb el vostre gos a fer un picnic?<\/li>\n<\/ul>\n<p style=\"text-align: center;\"><iframe loading=\"lazy\" src=\"https:\/\/www.youtube.com\/embed\/bFRzZegVIhY\" width=\"853\" height=\"480\" frameborder=\"0\"><\/iframe><\/p>\n<ul>\n<li>Diferents enlla\u00e7os a webs on podreu trobar recursos i jocs<\/li>\n<li>La BBC proposa series, jocs, hist\u00f2ries&#8230; <a href=\"https:\/\/global.cbeebies.com\/?cdrid=mT4A9fuDvG\">https:\/\/global.cbeebies.com\/?cdrid=mT4A9fuDvG<\/a><\/li>\n<\/ul>\n<ul>\n<li>El British Council proposa manualitats, can\u00e7ons, jocs\u2026 <a href=\"https:\/\/learnenglishkids.britishcouncil.org\/\">https:\/\/learnenglishkids.britishcouncil.org<\/a><\/li>\n<li>Jocs, imprimibles, activitats\u2026 <a href=\"http:\/\/www.funenglishgames.com\/\">http:\/\/www.funenglishgames.com\/<\/a><\/li>\n<\/ul>\n<p>Mireu, tamb\u00e9 hem pensat que com que aquest trimestre hem comen\u00e7at a fer capses d\u2019aprenentatge a l\u2019escola, podr\u00edeu aprofitar per explicar a les vostres fam\u00edlies tot el qu\u00e8 heu apr\u00e8s.<\/p>\n<p>Perqu\u00e8 ho entenguin b\u00e9, els podeu fer un esquema o un dibuix (com els que vam fer a classe)<\/p>\n<p>I qu\u00e8 us sembla inventar-vos una hist\u00f2ria divertida i fer un c\u00f2mic. Pot ser molt divertit i entretingut. Ja sabeu: fer les vinyetes, escriure les bafarades&#8230;<\/p>\n<p>Tamb\u00e9 podr\u00edeu explicar-vos acudits, que riure \u00e9s molt saludable.<\/p>\n<p>Als tallers art\u00edstics heu apr\u00e8s com dibuixar les emocions: l\u2019alegria, la tristesa, la por, la sorpresa&#8230; Per qu\u00e8 no feu dibuixos ben bonics de les vostres emocions?<\/p>\n<p>I si us feu alguna m\u00e0scara utilitzant diferents materials que tingueu per casa?<\/p>\n<p>Per \u00faltim, tamb\u00e9\u00a0 podeu donar suport a les tasques de la casa:<\/p>\n<ul>\n<li style=\"font-weight: 400;\">Col.laborar en la neteja de la llar<\/li>\n<li style=\"font-weight: 400;\">Ajudar en la preparaci\u00f3 del menjar<\/li>\n<li style=\"font-weight: 400;\">Parar taula i recollir-la<\/li>\n<li style=\"font-weight: 400;\">Plegar i classificar la roba<\/li>\n<\/ul>\n<p>Ja hem apr\u00e8s a classe que:<\/p>\n<p>La casa \u00e9s cosa de tots i totes<\/p>\n<p>Esperem que totes aquestes activitats us serveixin per passar aquests dies de confinament d\u2019una manera m\u00e9s divertida.<\/p>\n<p>Molts \u00e0nims<\/p>\n<p>&nbsp;<\/p>\n<h5><strong>M\u00daSICA<\/strong><\/h5>\n<p><span style=\"font-weight: 400;\">Us animo a escoltar i a aprendre la <\/span><b>can\u00e7\u00f3<\/b><b> \u201cEm quedo a casa\u201d<\/b><span style=\"font-weight: 400;\">, del grup Xiula:<\/span><\/p>\n<p style=\"text-align: center;\"><iframe loading=\"lazy\" src=\"https:\/\/www.youtube.com\/embed\/FDlU71Rfh4g\" width=\"853\" height=\"480\" frameborder=\"0\"><\/iframe><\/p>\n<p><span style=\"font-weight: 400;\">A la p\u00e1gina web del <\/span><b>club super tres<\/b><span style=\"font-weight: 400;\"> hi podeu trobar un apartat de <\/span><b>can\u00e7ons i karaokes<\/b><b>.<\/b><span style=\"font-weight: 400;\"> Us animo a escoltar-les i si us animeu podeu aprendre la can\u00e7\u00f3:\u201cEscriurem\u201d(versi\u00f3 Rat Rank):\u00a0<\/span><\/p>\n<p><a href=\"https:\/\/www.ccma.cat\/tv3\/super3\/musica\/\"><span style=\"font-weight: 400;\">https:\/\/www.ccma.cat\/tv3\/super3\/musica\/<\/span><\/a><\/p>\n<p><a href=\"https:\/\/www.youtube.com\/watch?v=w3WjFxQHSxw&amp;feature=emb_logo\"><span style=\"font-weight: 400;\">Vaig Aprendre<\/span><span style=\"font-weight: 400;\">.<\/span><\/a><b>\u00a0M\u00fasical el Petit Pr\u00edncep.\u00a0<\/b><span style=\"font-weight: 400;\">Descobreix m\u00e9s <\/span><b>can\u00e7ons<\/b><span style=\"font-weight: 400;\"> al\u00a0<\/span><a href=\"https:\/\/www.youtube.com\/playlist?list=OLAK5uy_kJuh-zud5Wl0WdQcx0qqPdjHI0qdJSay4\"><span style=\"font-weight: 400;\">canal de Youtube.<\/span><\/a><span style=\"font-weight: 400;\">\u00a0<\/span><\/p>\n<p><a href=\"https:\/\/www.youtube.com\/watch?list=OLAK5uy_nrb0_qBLisljp8yDYDxnRoS4Cf_ey7EmA&amp;v=BKBkIqoS0BM&amp;feature=emb_logo\"><b>Geronimo Stilton.<\/b><\/a><span style=\"font-weight: 400;\">\u00a0El Musical del Regne de la Fantasia.\u00a0Descobreix m\u00e9s <\/span><b>can\u00e7ons <\/b><span style=\"font-weight: 400;\">al<\/span><a href=\"https:\/\/www.youtube.com\/playlist?list=OLAK5uy_nrb0_qBLisljp8yDYDxnRoS4Cf_ey7EmA\"><span style=\"font-weight: 400;\">\u00a0canal de Youtube.<\/span><\/a><\/p>\n<p><b>L\u00b4Auditori<\/b><span style=\"font-weight: 400;\"> de Barcelona ofereix diferents <\/span><b>concerts <\/b><span style=\"font-weight: 400;\">a la seva web: <\/span><b>Sonets de Joguina, Pica-so i Out of the (Cage):<\/b><\/p>\n<p><a href=\"https:\/\/www.auditori.cat\/ca\/sonets-joguina-video\"><span style=\"font-weight: 400;\">https:\/\/www.auditori.cat\/ca\/sonets-joguina-video<\/span><\/a><\/p>\n<p><a href=\"https:\/\/www.auditori.cat\/ca\/video-pica-so\"><span style=\"font-weight: 400;\">https:\/\/www.auditori.cat\/ca\/video-pica-so<\/span><\/a><\/p>\n<p><a href=\"https:\/\/www.auditori.cat\/ca\/out-of-the-cage-a-casa\"><span style=\"font-weight: 400;\">https:\/\/www.auditori.cat\/ca\/out-of-the-cage-a-casa<\/span><\/a><\/p>\n<p><span style=\"font-weight: 400;\">El<\/span><b> Liceu<\/b><span style=\"font-weight: 400;\"> ofereix<\/span><b>\u00a0espectacles<\/b><span style=\"font-weight: 400;\"> d\u2019El Petit Liceu. Us recomano veure \u201cLa petita flauta m\u00e1gica\u201d i \u201cEl jove barber de Sevilla\u201d:<\/span><\/p>\n<p><a href=\"https:\/\/www.socpetit.cat\/el-petit-liceu-a-casa\/\"><span style=\"font-weight: 400;\">https:\/\/www.socpetit.cat\/el-petit-liceu-a-casa\/<\/span><\/a><\/p>\n<p><span style=\"font-weight: 400;\">En el portal educatiu <\/span><b>edu365.cat<\/b><span style=\"font-weight: 400;\"> del Departament d\u00b4Educaci\u00f3 de la Generalitat de Catalunya hi podeu trobar diferents activitats, per treballar continguts musicals:<\/span><\/p>\n<p><a href=\"http:\/\/www.edu365.cat\/primaria\/musica\/index.html\"><span style=\"font-weight: 400;\">http:\/\/www.edu365.cat\/primaria\/musica\/index.html<\/span><\/a><\/p>\n<p><span style=\"font-weight: 400;\">Descobreix aquest <\/span><b>joc que combina moviment, m\u00fasica i veu <\/b><span style=\"font-weight: 400;\">de diverses maneres. Ofereixen l\u2019oportunitat de descobrir el ritme i de practicar la coordinaci\u00f3<\/span> <span style=\"font-weight: 400;\">de manera l\u00fadica: <\/span><a href=\"https:\/\/www.youtube.com\/watch?v=UkFs5glUMjw\"><b>Boom, Snap, Clap.<\/b><\/a><span style=\"font-weight: 400;\">\u00a0Descobreix m\u00e9s v\u00eddeos musicals en el seu\u00a0<\/span><a href=\"https:\/\/www.youtube.com\/channel\/UCjWVQ08WObJIQ24_3i7A3Gw\"><span style=\"font-weight: 400;\">canal de Youtube.<\/span><\/a><span style=\"font-weight: 400;\">\u00a0<\/span><\/p>\n<p><b>Joc <\/b><span style=\"font-weight: 400;\">educatiu de mem\u00f2ria musical anomenat Simon Says o Simon done tradu\u00eft al castell\u00e0. Cal que memoritzis la melodia que escoltes i que la\u00a0 reprodueixis: <\/span><a href=\"https:\/\/www.cokitos.com\/juego-simon-dice-online-gratis\/play\/\"><b>Simon Dice Online<\/b><\/a><\/p>\n<p><a href=\"https:\/\/aprendomusica.com\/\"><b>Aprendo m\u00fasica con las TIC<\/b><\/a><span style=\"font-weight: 400;\">.<\/span><b>\u00a0<\/b><span style=\"font-weight: 400;\">Una p\u00e0gina web amb un gran recull d\u2019activitats per treballar la m\u00fasica. <\/span><\/p>\n<p><b>L\u00b4Auditori<\/b><span style=\"font-weight: 400;\"> de Barcelona ofereix diferents <\/span><b>concerts <\/b><span style=\"font-weight: 400;\">a la seva web: <\/span><b>Sonets de Joguina, Pica-so i Out of the (Cage)<\/b><\/p>\n<p><a href=\"https:\/\/www.auditori.cat\/ca\/sonets-joguina-video\"><span style=\"font-weight: 400;\">https:\/\/www.auditori.cat\/ca\/sonets-joguina-video<\/span><\/a><\/p>\n<p><a href=\"https:\/\/www.auditori.cat\/ca\/video-pica-so\"><span style=\"font-weight: 400;\">https:\/\/www.auditori.cat\/ca\/video-pica-so<\/span><\/a><\/p>\n<p><a href=\"https:\/\/www.auditori.cat\/ca\/out-of-the-cage-a-casa\"><span style=\"font-weight: 400;\">https:\/\/www.auditori.cat\/ca\/out-of-the-cage-a-casa<\/span><\/a><\/p>\n<p><span style=\"font-weight: 400;\">El<\/span><b> Liceu<\/b><span style=\"font-weight: 400;\"> ofereix<\/span><b>\u00a0espectacles<\/b><span style=\"font-weight: 400;\"> d\u2019El Petit Liceu. Us recomano veure \u201cLa petita flauta m\u00e1gica\u201d, \u201cLa ventafocs\u201d i \u201cPere i el Llop\u201d:<\/span><\/p>\n<p><a href=\"https:\/\/www.socpetit.cat\/el-petit-liceu-a-casa\/\"><span style=\"font-weight: 400;\">https:\/\/www.socpetit.cat\/el-petit-liceu-a-casa\/<\/span><\/a><\/p>\n<p><span style=\"font-weight: 400;\">Podeu preparar una capsa\/rac\u00f3 i\u00a0 anar-hi dipositant diferents materials reciclats que tingueu per casa.\u00a0 Feu servir la vostra <\/span><b>imaginaci\u00f3 i creativitat <\/b><span style=\"font-weight: 400;\">i animeu-se a construir un <\/span><b>instrument musical. <\/b><span style=\"font-weight: 400;\">Aqu\u00ed teniu alguns enlla\u00e7os que us poden ajudar:<\/span><\/p>\n<p style=\"text-align: center;\"><iframe loading=\"lazy\" src=\"https:\/\/www.youtube.com\/embed\/uDxxItlErUI\" width=\"853\" height=\"480\" frameborder=\"0\"><\/iframe><\/p>\n<p style=\"text-align: center;\"><iframe loading=\"lazy\" src=\"https:\/\/www.youtube.com\/embed\/XBOFBKCh0l4\" width=\"640\" height=\"480\" frameborder=\"0\"><\/iframe><\/p>\n<p style=\"text-align: center;\"><iframe loading=\"lazy\" src=\"https:\/\/www.youtube.com\/embed\/8iIsaslPNOw\" width=\"853\" height=\"480\" frameborder=\"0\"><\/iframe><\/p>\n<p>RECORDEU QUE ELS ALUMNES DE 4T HEU D\u00b4ANAR REPASSANT LES DIGITACIONS DE LES NOTES APRESES AMB LA FLAUTA (SI-LA-SOL-DO-FA).<\/p>\n<h5 style=\"text-align: left;\"><strong>PROPOSTES<\/strong><\/h5>\n<p><span style=\"font-weight: 400;\">V\u00eddeos d\u00b4activitats creatives i saludables realitzats per nens i nenes (d\u00b4edats\u00a0 entre 6-9 anys sobretot), entrevistes molt interessants a cient\u00edfics( di\u00e0leg entre l\u00b4entrevistat i els nens que li formulen les preguntes),m\u00fasica amb valors,<\/span><\/p>\n<p><a href=\"https:\/\/www.ccma.cat\/tv3\/super3\/infok\/videos\/\"><span style=\"font-weight: 400;\">https:\/\/www.ccma.cat\/tv3\/super3\/infok\/videos\/<\/span><\/a><\/p>\n<p><span style=\"font-weight: 400;\">Video per fer un dof\u00ed amb papirofl\u00e8xia<\/span><\/p>\n<p style=\"text-align: center;\"><iframe loading=\"lazy\" src=\"https:\/\/www.youtube.com\/embed\/ZHKUOuIKRR8\" width=\"853\" height=\"480\" frameborder=\"0\"><\/iframe><\/p>\n<p><span style=\"font-weight: 400;\">Experiments de f\u00edsica i qu\u00edmica:<\/span><\/p>\n<p><a href=\"http:\/\/www.recercaenaccio.cat\/experimenta\/experiments-casolans-per-a-nens-i-per-a-tothom\/\"><span style=\"font-weight: 400;\">http:\/\/www.recercaenaccio.cat\/experimenta\/experiments-casolans-per-a-nens-i-per-a-tothom\/<\/span><\/a><\/p>\n<p><span style=\"font-weight: 400;\">Web d\u00b4educaci\u00f3 f\u00edsica per a nens amb moltes activitats i tamb\u00e9 hi ha el joc d\u00b4h\u00e0bits saludables.<\/span><\/p>\n<p><a href=\"https:\/\/sites.google.com\/view\/ef-a-casa\/10?authuser=0\"><span style=\"font-weight: 400;\">https:\/\/sites.google.com\/view\/ef-a-casa\/10?authuser=0<\/span><\/a><\/p>\n","protected":false},"excerpt":{"rendered":"<p>Hola nens i nenes de 3r i 4t!!!! Ja fa uns quants dies que no ens veiem i volem que sapigueu que us trobem molt a faltar. Sabem que no \u00e9s gens f\u00e0cil estar-se tot el dia a casa, i \u00e9s per aix\u00f2 que els i les mestres us volem fer arribar unes quantes activitats, [&hellip;]<\/p>\n","protected":false},"author":4,"featured_media":0,"parent":19820,"menu_order":20,"comment_status":"closed","ping_status":"closed","template":"page-templates\/side-menu.php","meta":{"_bbp_topic_count":0,"_bbp_reply_count":0,"_bbp_total_topic_count":0,"_bbp_total_reply_count":0,"_bbp_voice_count":0,"_bbp_anonymous_reply_count":0,"_bbp_topic_count_hidden":0,"_bbp_reply_count_hidden":0,"_bbp_forum_subforum_count":0,"site-sidebar-layout":"default","site-content-layout":"","ast-site-content-layout":"","site-content-style":"default","site-sidebar-style":"default","ast-global-header-display":"","ast-banner-title-visibility":"","ast-main-header-display":"","ast-hfb-above-header-display":"","ast-hfb-below-header-display":"","ast-hfb-mobile-header-display":"","site-post-title":"","ast-breadcrumbs-content":"","ast-featured-img":"","footer-sml-layout":"","theme-transparent-header-meta":"","adv-header-id-meta":"","stick-header-meta":"","header-above-stick-meta":"","header-main-stick-meta":"","header-below-stick-meta":"","astra-migrate-meta-layouts":"default","ast-page-background-enabled":"default","ast-page-background-meta":{"desktop":{"background-color":"var(--ast-global-color-4)","background-image":"","background-repeat":"repeat","background-position":"center center","background-size":"auto","background-attachment":"scroll","background-type":"","background-media":"","overlay-type":"","overlay-color":"","overlay-opacity":"","overlay-gradient":""},"tablet":{"background-color":"","background-image":"","background-repeat":"repeat","background-position":"center center","background-size":"auto","background-attachment":"scroll","background-type":"","background-media":"","overlay-type":"","overlay-color":"","overlay-opacity":"","overlay-gradient":""},"mobile":{"background-color":"","background-image":"","background-repeat":"repeat","background-position":"center center","background-size":"auto","background-attachment":"scroll","background-type":"","background-media":"","overlay-type":"","overlay-color":"","overlay-opacity":"","overlay-gradient":""}},"ast-content-background-meta":{"desktop":{"background-color":"var(--ast-global-color-5)","background-image":"","background-repeat":"repeat","background-position":"center center","background-size":"auto","background-attachment":"scroll","background-type":"","background-media":"","overlay-type":"","overlay-color":"","overlay-opacity":"","overlay-gradient":""},"tablet":{"background-color":"var(--ast-global-color-5)","background-image":"","background-repeat":"repeat","background-position":"center center","background-size":"auto","background-attachment":"scroll","background-type":"","background-media":"","overlay-type":"","overlay-color":"","overlay-opacity":"","overlay-gradient":""},"mobile":{"background-color":"var(--ast-global-color-5)","background-image":"","background-repeat":"repeat","background-position":"center center","background-size":"auto","background-attachment":"scroll","background-type":"","background-media":"","overlay-type":"","overlay-color":"","overlay-opacity":"","overlay-gradient":""}},"footnotes":""},"class_list":["post-19826","page","type-page","status-publish","hentry"],"post_mailing_queue_ids":[],"_links":{"self":[{"href":"https:\/\/agora.xtec.cat\/ceip-timbaler\/wp-json\/wp\/v2\/pages\/19826","targetHints":{"allow":["GET"]}}],"collection":[{"href":"https:\/\/agora.xtec.cat\/ceip-timbaler\/wp-json\/wp\/v2\/pages"}],"about":[{"href":"https:\/\/agora.xtec.cat\/ceip-timbaler\/wp-json\/wp\/v2\/types\/page"}],"author":[{"embeddable":true,"href":"https:\/\/agora.xtec.cat\/ceip-timbaler\/wp-json\/wp\/v2\/users\/4"}],"replies":[{"embeddable":true,"href":"https:\/\/agora.xtec.cat\/ceip-timbaler\/wp-json\/wp\/v2\/comments?post=19826"}],"version-history":[{"count":3,"href":"https:\/\/agora.xtec.cat\/ceip-timbaler\/wp-json\/wp\/v2\/pages\/19826\/revisions"}],"predecessor-version":[{"id":19881,"href":"https:\/\/agora.xtec.cat\/ceip-timbaler\/wp-json\/wp\/v2\/pages\/19826\/revisions\/19881"}],"up":[{"embeddable":true,"href":"https:\/\/agora.xtec.cat\/ceip-timbaler\/wp-json\/wp\/v2\/pages\/19820"}],"wp:attachment":[{"href":"https:\/\/agora.xtec.cat\/ceip-timbaler\/wp-json\/wp\/v2\/media?parent=19826"}],"curies":[{"name":"wp","href":"https:\/\/api.w.org\/{rel}","templated":true}]}}