{"id":1055,"date":"2019-09-30T16:13:25","date_gmt":"2019-09-30T14:13:25","guid":{"rendered":"http:\/\/agora.xtec.cat\/ceip-timbaler\/?page_id=1055"},"modified":"2020-03-26T12:56:47","modified_gmt":"2020-03-26T11:56:47","slug":"scracth","status":"publish","type":"page","link":"https:\/\/agora.xtec.cat\/ceip-timbaler\/scracth\/","title":{"rendered":"Scracth"},"content":{"rendered":"<h2><em><strong>Qu\u00e8 \u00e9s l\u2019Scratch?<\/strong><\/em><\/h2>\n<p>L\u2019<strong>Scratch<\/strong>\u00a0\u00e9s un llenguatge de programaci\u00f3 en blocs,\u00a0i serveix per aprendre a programar a trav\u00e9s del joc i l\u2019experimentaci\u00f3 i introduir aix\u00ed el pensament computacional.<\/p>\n<p>Els usuaris poden experimentar amb els elements que ofereix el programa, com el fons, els efectes de so, di\u00e0legs, objectes i animacions, entre d\u2019altres. A m\u00e9s, tamb\u00e9 es poden inserir personatges i objectes, amb els quals es poden realitzar una s\u00e8rie d\u2019accions mitjan\u00e7ant uns comandaments que simplifiquen la tasca de programaci\u00f3.<\/p>\n<p>Les caracter\u00edstiques principals del programa s\u00f3n les seg\u00fcents:<\/p>\n<ol>\n<li>Programa basat en blocs gr\u00e0fics i una interf\u00edcie molt senzilla i intu\u00eftiva.<\/li>\n<li>Entorn col\u00b7laboratiu virtual que permet compartir els projectes a trav\u00e9s de la web.<\/li>\n<li>Es pot utilitzar des de molts llocs gr\u00e0cies al fet que \u00e9s un programa a la xarxa i disposa d\u2019una versi\u00f3 que es pot instal\u00b7lar.<\/li>\n<li>Programa gratu\u00eft i de software lliure.<\/li>\n<li>Programa introductori de la sintaxi del llenguatge de programaci\u00f3.<\/li>\n<li>Est\u00e0 disponible per a diversos sistemes operatius (<a class=\"mw-redirect\" title=\"GNU\/Linux\" href=\"https:\/\/ca.wikipedia.org\/wiki\/GNU\/Linux\">GNU\/Linux<\/a>,\u00a0<a class=\"mw-redirect\" title=\"Windows\" href=\"https:\/\/ca.wikipedia.org\/wiki\/Windows\">Windows<\/a>,\u00a0<a title=\"MacOS\" href=\"https:\/\/ca.wikipedia.org\/wiki\/MacOS\">Mac OS X<\/a>).<\/li>\n<li>\u00c9s multillenguatge.<\/li>\n<\/ol>\n<p>Actualment ja hi ha m\u00e9s de 9 milions de projectes p\u00fablics.<\/p>\n<p>Molts dels diferents Robots es poden programar a partir d\u2019extensions d<em>\u2018Scratch<\/em>.<\/p>\n<p><a href=\"https:\/\/scratch.mit.edu\/\" target=\"_blank\" rel=\"noopener noreferrer\"><img loading=\"lazy\" decoding=\"async\" class=\"aligncenter wp-image-937\" title=\"Scratch\" src=\"http:\/\/agora.xtec.cat\/escolasantiagorusinol\/wp-content\/uploads\/usu1729\/2017\/11\/scratch.png\" sizes=\"auto, (max-width: 334px) 100vw, 334px\" srcset=\"https:\/\/agora.xtec.cat\/escolasantiagorusinol\/wp-content\/uploads\/usu1729\/2017\/11\/scratch.png 640w, https:\/\/agora.xtec.cat\/escolasantiagorusinol\/wp-content\/uploads\/usu1729\/2017\/11\/scratch-300x225.png 300w, https:\/\/agora.xtec.cat\/escolasantiagorusinol\/wp-content\/uploads\/usu1729\/2017\/11\/scratch-200x150.png 200w\" alt=\"\" width=\"334\" height=\"250\" \/><\/a><\/p>\n<p>Clicant l&#8217;enlla\u00e7 podeu accedir al curs d&#8217;Scratch que ofereix el web de l&#8217;escola:<\/p>\n<h5 style=\"text-align: center;\"><a href=\"https:\/\/agora.xtec.cat\/ceip-timbaler\/curs-dscratch\/\" target=\"_blank\" rel=\"noopener noreferrer\">https:\/\/agora.xtec.cat\/ceip-timbaler\/curs-dscratch\/<\/a><\/h5>\n","protected":false},"excerpt":{"rendered":"<p>Qu\u00e8 \u00e9s l\u2019Scratch? L\u2019Scratch\u00a0\u00e9s un llenguatge de programaci\u00f3 en blocs,\u00a0i serveix per aprendre a programar a trav\u00e9s del joc i l\u2019experimentaci\u00f3 i introduir aix\u00ed el pensament computacional. Els usuaris poden experimentar amb els elements que ofereix el programa, com el fons, els efectes de so, di\u00e0legs, objectes i animacions, entre d\u2019altres. A m\u00e9s, tamb\u00e9 es [&hellip;]<\/p>\n","protected":false},"author":4,"featured_media":0,"parent":0,"menu_order":50,"comment_status":"closed","ping_status":"closed","template":"page-templates\/side-menu.php","meta":{"_bbp_topic_count":0,"_bbp_reply_count":0,"_bbp_total_topic_count":0,"_bbp_total_reply_count":0,"_bbp_voice_count":0,"_bbp_anonymous_reply_count":0,"_bbp_topic_count_hidden":0,"_bbp_reply_count_hidden":0,"_bbp_forum_subforum_count":0,"site-sidebar-layout":"default","site-content-layout":"","ast-site-content-layout":"","site-content-style":"default","site-sidebar-style":"default","ast-global-header-display":"","ast-banner-title-visibility":"","ast-main-header-display":"","ast-hfb-above-header-display":"","ast-hfb-below-header-display":"","ast-hfb-mobile-header-display":"","site-post-title":"","ast-breadcrumbs-content":"","ast-featured-img":"","footer-sml-layout":"","theme-transparent-header-meta":"","adv-header-id-meta":"","stick-header-meta":"","header-above-stick-meta":"","header-main-stick-meta":"","header-below-stick-meta":"","astra-migrate-meta-layouts":"default","ast-page-background-enabled":"default","ast-page-background-meta":{"desktop":{"background-color":"var(--ast-global-color-4)","background-image":"","background-repeat":"repeat","background-position":"center center","background-size":"auto","background-attachment":"scroll","background-type":"","background-media":"","overlay-type":"","overlay-color":"","overlay-opacity":"","overlay-gradient":""},"tablet":{"background-color":"","background-image":"","background-repeat":"repeat","background-position":"center center","background-size":"auto","background-attachment":"scroll","background-type":"","background-media":"","overlay-type":"","overlay-color":"","overlay-opacity":"","overlay-gradient":""},"mobile":{"background-color":"","background-image":"","background-repeat":"repeat","background-position":"center center","background-size":"auto","background-attachment":"scroll","background-type":"","background-media":"","overlay-type":"","overlay-color":"","overlay-opacity":"","overlay-gradient":""}},"ast-content-background-meta":{"desktop":{"background-color":"var(--ast-global-color-5)","background-image":"","background-repeat":"repeat","background-position":"center center","background-size":"auto","background-attachment":"scroll","background-type":"","background-media":"","overlay-type":"","overlay-color":"","overlay-opacity":"","overlay-gradient":""},"tablet":{"background-color":"var(--ast-global-color-5)","background-image":"","background-repeat":"repeat","background-position":"center center","background-size":"auto","background-attachment":"scroll","background-type":"","background-media":"","overlay-type":"","overlay-color":"","overlay-opacity":"","overlay-gradient":""},"mobile":{"background-color":"var(--ast-global-color-5)","background-image":"","background-repeat":"repeat","background-position":"center center","background-size":"auto","background-attachment":"scroll","background-type":"","background-media":"","overlay-type":"","overlay-color":"","overlay-opacity":"","overlay-gradient":""}},"footnotes":""},"class_list":["post-1055","page","type-page","status-publish","hentry"],"post_mailing_queue_ids":[],"_links":{"self":[{"href":"https:\/\/agora.xtec.cat\/ceip-timbaler\/wp-json\/wp\/v2\/pages\/1055","targetHints":{"allow":["GET"]}}],"collection":[{"href":"https:\/\/agora.xtec.cat\/ceip-timbaler\/wp-json\/wp\/v2\/pages"}],"about":[{"href":"https:\/\/agora.xtec.cat\/ceip-timbaler\/wp-json\/wp\/v2\/types\/page"}],"author":[{"embeddable":true,"href":"https:\/\/agora.xtec.cat\/ceip-timbaler\/wp-json\/wp\/v2\/users\/4"}],"replies":[{"embeddable":true,"href":"https:\/\/agora.xtec.cat\/ceip-timbaler\/wp-json\/wp\/v2\/comments?post=1055"}],"version-history":[{"count":3,"href":"https:\/\/agora.xtec.cat\/ceip-timbaler\/wp-json\/wp\/v2\/pages\/1055\/revisions"}],"predecessor-version":[{"id":19885,"href":"https:\/\/agora.xtec.cat\/ceip-timbaler\/wp-json\/wp\/v2\/pages\/1055\/revisions\/19885"}],"wp:attachment":[{"href":"https:\/\/agora.xtec.cat\/ceip-timbaler\/wp-json\/wp\/v2\/media?parent=1055"}],"curies":[{"name":"wp","href":"https:\/\/api.w.org\/{rel}","templated":true}]}}